{"id":929,"date":"2025-01-14T14:10:47","date_gmt":"2025-01-14T13:10:47","guid":{"rendered":"https:\/\/kowalscy.pl\/firma-obecnie\/"},"modified":"2025-02-04T13:21:31","modified_gmt":"2025-02-04T12:21:31","slug":"firma-obecnie","status":"publish","type":"page","link":"https:\/\/kowalscy.pl\/de\/ueber-uns\/firma-obecnie\/","title":{"rendered":"Das Unternehmen hat derzeit"},"content":{"rendered":"<!--themify_builder_content-->\n<div id=\"themify_builder_content-929\" data-postid=\"929\" class=\"themify_builder_content themify_builder_content-929 themify_builder tf_clear\">\n                    <div  data-lazy=\"1\" class=\"module_row themify_builder_row tb_2vj7817 tb_first tf_w\">\n                        <div class=\"row_inner col_align_top tb_col_count_1 tf_box tf_rel\">\n                        <div  data-lazy=\"1\" class=\"module_column tb-column col-full tb_fbyh001 first\">\n                    <!-- Breadcrumbs module -->\n<div  class=\"module module-breadcrumbs tb_ajo8874 \" data-lazy=\"1\">\n\t<nav role=\"navigation\" aria-label=\"Breadcrumbs\" class=\"tbp_breadcrumb_trail\"><ul class=\"tbp_trail_items\" itemscope itemtype=\"http:\/\/schema.org\/BreadcrumbList\"><meta name=\"numberOfItems\" content=\"1\" \/><meta name=\"itemListOrder\" content=\"Ascending\" \/><li itemprop=\"itemListElement\" itemscope itemtype=\"https:\/\/schema.org\/ListItem\" class=\"tbp_trail_item tbp_trail_end\"><a itemprop=\"item\" href=\"https:\/\/kowalscy.pl\/de\/\" rel=\"home\"><span itemprop=\"name\">Strona g\u0142\u00f3wna<\/span><\/a><meta itemprop=\"position\" content=\"1\" \/><\/li><\/ul><\/nav><\/div><!-- \/Breadcrumbs module -->\n<!-- module text -->\n<div  class=\"module module-text tb_fuq8880   \" data-lazy=\"1\">\n        <div  class=\"tb_text_wrap\">\n        <h1>Das Unternehmen hat derzeit<\/h1>    <\/div>\n<\/div>\n<!-- \/module text --><!-- module divider -->\n<div  class=\"module tf_mw module-divider tb_3140180 solid  divider-custom divider-center\" style=\"border-width: 3px;border-color: #5c706e;max-width: 200px;\" data-lazy=\"1\">\n    <\/div>\n<!-- \/module divider -->\n<!-- module text -->\n<div  class=\"module module-text tb_9avh087   \" data-lazy=\"1\">\n        <div  class=\"tb_text_wrap\">\n        <p>In Szymanowo bei Rawicz verf\u00fcgen wir \u00fcber eine moderne, mit fortschrittlicher Technologie ausgestattete Produktionsst\u00e4tte, in der sich mehr als 100 hochqualifizierte Mitarbeiter daf\u00fcr einsetzen, jeden Auftrag zu erf\u00fcllen. Durch kontinuierliche Investitionen in Entwicklung und Qualit\u00e4t erf\u00fcllen unsere Produkte die h\u00f6chsten Marktstandards.<\/p>    <\/div>\n<\/div>\n<!-- \/module text -->        <\/div>\n                        <\/div>\n        <\/div>\n                        <div  data-parallax-bg=\"desktop\" data-lazy=\"1\" class=\"module_row themify_builder_row tb_2adx108 tf_w\">\n            <span class=\"builder_row_cover tf_abs\"><\/span>            <div class=\"row_inner col_align_top tb_col_count_1 tf_box tf_rel\">\n                        <div  data-lazy=\"1\" class=\"module_column tb-column col-full tb_525s011 first\">\n                            <\/div>\n                        <\/div>\n        <\/div>\n                        <div  data-lazy=\"1\" class=\"module_row themify_builder_row tb_g2a1100 tf_w\">\n                        <div class=\"row_inner col_align_top gutter-none tb_col_count_2 tf_box tf_rel\">\n                        <div  data-lazy=\"1\" class=\"module_column tb-column col4-2 tb_tndp738 first\">\n                    <!-- module text -->\n<div  class=\"module module-text tb_ivys000   \" data-lazy=\"1\">\n        <div  class=\"tb_text_wrap\">\n        <h2 style=\"text-align: right;\">Tradition trifft Moderne<\/h2>    <\/div>\n<\/div>\n<!-- \/module text -->        <\/div>\n                    <div  data-lazy=\"1\" class=\"module_column tb-column col4-2 tb_8ila810 last\">\n                    <!-- module text -->\n<div  class=\"module module-text tb_7phm047   \" data-lazy=\"1\">\n        <div  class=\"tb_text_wrap\">\n        <p>Obwohl die Wurzeln unseres Unternehmens fast ein Jahrhundert zur\u00fcckreichen, investieren wir st\u00e4ndig in moderne Technologie und innovative L\u00f6sungen. Unsere Produktionsst\u00e4tte in Szymanow ist mit einem hochmodernen Maschinenpark ausgestattet, mit dem auch die anspruchsvollsten Projekte realisiert werden k\u00f6nnen. Dank fortschrittlicher Technologien und der Automatisierung von Produktionsprozessen k\u00f6nnen wir nicht nur h\u00f6chste Qualit\u00e4t, sondern auch P\u00fcnktlichkeit und Flexibilit\u00e4t bei der Auftragsabwicklung gew\u00e4hrleisten.<\/p>    <\/div>\n<\/div>\n<!-- \/module text -->        <\/div>\n                        <\/div>\n        <\/div>\n                        <div  data-lazy=\"1\" class=\"module_row themify_builder_row tb_eids101 tf_w\">\n                        <div class=\"row_inner col_align_top gutter-none tb_col_count_2 tf_box tf_rel\">\n                        <div  data-lazy=\"1\" class=\"module_column tb-column col4-2 tb_sdhp011 first\">\n                    <!-- module image -->\n<div  class=\"module module-image tb_xgm5871 image-top   tf_mw\" data-lazy=\"1\" data-lax-translate-x=\"(vh*0.8) 0,(vh*0) -180\" data-lax=\"true\">\n        <div class=\"image-wrap tf_rel tf_mw\">\n            <img loading=\"lazy\" decoding=\"async\" src=\"https:\/\/kowalscy.pl\/wp-content\/uploads\/2025\/01\/catalogs-kowalscy.pl_-500x500.webp\" width=\"500\" height=\"500\" class=\"wp-post-image wp-image-928\" title=\"catalogs-kowalscy.pl\" alt=\"catalogs-kowalscy.pl\" srcset=\"https:\/\/kowalscy.pl\/wp-content\/uploads\/2025\/01\/catalogs-kowalscy.pl_-500x500.webp 500w, https:\/\/kowalscy.pl\/wp-content\/uploads\/2025\/01\/catalogs-kowalscy.pl_-300x300.webp 300w, https:\/\/kowalscy.pl\/wp-content\/uploads\/2025\/01\/catalogs-kowalscy.pl_-150x150.webp 150w, https:\/\/kowalscy.pl\/wp-content\/uploads\/2025\/01\/catalogs-kowalscy.pl_-768x768.webp 768w, https:\/\/kowalscy.pl\/wp-content\/uploads\/2025\/01\/catalogs-kowalscy.pl_.webp 1024w\" sizes=\"auto, (max-width: 500px) 100vw, 500px\" \/>    \n        <\/div>\n    <!-- \/image-wrap -->\n    \n        <\/div>\n<!-- \/module image -->        <\/div>\n                    <div  data-lazy=\"1\" class=\"module_column tb-column col4-2 tb_zcyu171 last\">\n                    <!-- module text -->\n<div  class=\"module module-text tb_1028949   \" data-lazy=\"1\">\n        <div  class=\"tb_text_wrap\">\n        <h2>Ein breites Produktportfolio f\u00fcr jeden Kunden<\/h2>    <\/div>\n<\/div>\n<!-- \/module text --><!-- module text -->\n<div  class=\"module module-text tb_kxx9800   \" data-lazy=\"1\">\n        <div  class=\"tb_text_wrap\">\n        <p>Wir wissen, dass jedes Haus und jeder Raum seine eigenen, einzigartigen Bed\u00fcrfnisse hat. Deshalb bieten wir eine breite Palette von Produkten an, die \u00c4sthetik mit Funktionalit\u00e4t verbinden:<\/p>\n<ul>\n<li><strong>Fenster und T\u00fcren in einer Vielzahl von Stilen<\/strong> &#8211; von klassisch bis modern, ma\u00dfgeschneidert.<\/li>\n<li><strong>Umweltfreundliche L\u00f6sungen<\/strong> &#8211; zertifizierte Holzprodukte, die die Nachhaltigkeit unterst\u00fctzen.<\/li>\n<li>Ma\u00dfgeschneiderte <strong>Entw\u00fcrfe<\/strong> &#8211; ma\u00dfgeschneiderte Realisierungen, die den einzigartigen Charakter jeder Einrichtung unterstreichen.<\/li>\n<\/ul>    <\/div>\n<\/div>\n<!-- \/module text -->        <\/div>\n                        <\/div>\n        <\/div>\n                        <div  data-lazy=\"1\" class=\"module_row themify_builder_row tb_h06j002 tf_w\">\n                        <div class=\"row_inner col_align_top tb_col_count_2 tf_box tf_rel\">\n                        <div  data-lazy=\"1\" class=\"module_column tb-column col4-2 tb_6vf6280 first\">\n                    <!-- module text -->\n<div  class=\"module module-text tb_tbhp178   \" data-lazy=\"1\">\n        <div  class=\"tb_text_wrap\">\n        <h2 style=\"text-align: right;\"><br>Netzwerk von vertrauensw\u00fcrdigen Partnern und H\u00e4ndlern<\/h2>    <\/div>\n<\/div>\n<!-- \/module text --><!-- module text -->\n<div  class=\"module module-text tb_wqmg012   \" data-lazy=\"1\">\n        <div  class=\"tb_text_wrap\">\n        <p style=\"text-align: right;\"><strong>Der Erfolg unseres Unternehmens ist auch auf unsere Zusammenarbeit mit den besten Lieferanten und H\u00e4ndlern zur\u00fcckzuf\u00fchren. Wir arbeiten nur mit seri\u00f6sen Partnern zusammen, die Rohstoffe und Komponenten von h\u00f6chster Qualit\u00e4t liefern.<\/strong><\/p>\n<p style=\"text-align: right;\">Dadurch wird sichergestellt, dass unsere Produkte die strengsten Qualit\u00e4tsstandards erf\u00fcllen. Dar\u00fcber hinaus sind unsere L\u00f6sungen bei vertrauensw\u00fcrdigen H\u00e4ndlern in ganz Polen und im Ausland erh\u00e4ltlich, so dass unser Angebot f\u00fcr Kunden in Europa und dar\u00fcber hinaus zug\u00e4nglich ist.<\/p>    <\/div>\n<\/div>\n<!-- \/module text -->        <\/div>\n                    <div  data-lazy=\"1\" class=\"module_column tb-column col4-2 tb_lezk078 last\">\n                    <!-- module image -->\n<div  class=\"module module-image tb_i18n625 image-top   tf_mw\" data-lazy=\"1\" data-lax-translate-x=\"(vh*0.8) 0,(vh*0) 180\" data-lax=\"true\">\n        <div class=\"image-wrap tf_rel tf_mw\">\n            <img loading=\"lazy\" decoding=\"async\" src=\"https:\/\/kowalscy.pl\/wp-content\/uploads\/2025\/01\/uscisk-dloni-kowalscy.pl_-500x500.webp\" width=\"500\" height=\"500\" class=\"wp-post-image wp-image-926\" title=\"uscisk-dloni-kowalscy.pl\" alt=\"uscisk-dloni-kowalscy.pl\" srcset=\"https:\/\/kowalscy.pl\/wp-content\/uploads\/2025\/01\/uscisk-dloni-kowalscy.pl_-500x500.webp 500w, https:\/\/kowalscy.pl\/wp-content\/uploads\/2025\/01\/uscisk-dloni-kowalscy.pl_-300x300.webp 300w, https:\/\/kowalscy.pl\/wp-content\/uploads\/2025\/01\/uscisk-dloni-kowalscy.pl_-150x150.webp 150w, https:\/\/kowalscy.pl\/wp-content\/uploads\/2025\/01\/uscisk-dloni-kowalscy.pl_-768x768.webp 768w, https:\/\/kowalscy.pl\/wp-content\/uploads\/2025\/01\/uscisk-dloni-kowalscy.pl_.webp 1024w\" sizes=\"auto, (max-width: 500px) 100vw, 500px\" \/>    \n        <\/div>\n    <!-- \/image-wrap -->\n    \n        <\/div>\n<!-- \/module image -->        <\/div>\n                        <\/div>\n        <\/div>\n                        <div  data-lazy=\"1\" class=\"module_row themify_builder_row tb_0qvf640 tf_w\">\n                        <div class=\"row_inner col_align_top gutter-none tb_col_count_2 tf_box tf_rel\">\n                        <div  data-lazy=\"1\" class=\"module_column tb-column col4-2 tb_qyli640 first\">\n                    <!-- module image -->\n<div  class=\"module module-image tb_vcvx640 image-top   tf_mw\" data-lazy=\"1\" data-lax-translate-x=\"(vh*0.8) 0,(vh*0) -180\" data-lax=\"true\">\n        <div class=\"image-wrap tf_rel tf_mw\">\n            <img loading=\"lazy\" decoding=\"async\" src=\"https:\/\/kowalscy.pl\/wp-content\/uploads\/2025\/01\/DALL\u00b7E-2025-01-14-13.52.04-Black-and-white-archival-style-photograph-from-the-1940s-focusing-on-close-up-details-of-traditional-woodworking.-The-image-highlights-the-hands-of-a--500x500.webp\" width=\"500\" height=\"500\" class=\"wp-post-image wp-image-911\" title=\"DALL\u00b7E 2025-01-14 13.52.04 - Black-and-white archival-style photograph from the 1940s focusing on close-up details of traditional woodworking. The image highlights the hands of a\" alt=\"DALL\u00b7E 2025-01-14 13.52.04 - Black-and-white archival-style photograph from the 1940s focusing on close-up details of traditional woodworking. The image highlights the hands of a\" srcset=\"https:\/\/kowalscy.pl\/wp-content\/uploads\/2025\/01\/DALL\u00b7E-2025-01-14-13.52.04-Black-and-white-archival-style-photograph-from-the-1940s-focusing-on-close-up-details-of-traditional-woodworking.-The-image-highlights-the-hands-of-a--500x500.webp 500w, https:\/\/kowalscy.pl\/wp-content\/uploads\/2025\/01\/DALL\u00b7E-2025-01-14-13.52.04-Black-and-white-archival-style-photograph-from-the-1940s-focusing-on-close-up-details-of-traditional-woodworking.-The-image-highlights-the-hands-of-a--300x300.webp 300w, https:\/\/kowalscy.pl\/wp-content\/uploads\/2025\/01\/DALL\u00b7E-2025-01-14-13.52.04-Black-and-white-archival-style-photograph-from-the-1940s-focusing-on-close-up-details-of-traditional-woodworking.-The-image-highlights-the-hands-of-a--150x150.webp 150w, https:\/\/kowalscy.pl\/wp-content\/uploads\/2025\/01\/DALL\u00b7E-2025-01-14-13.52.04-Black-and-white-archival-style-photograph-from-the-1940s-focusing-on-close-up-details-of-traditional-woodworking.-The-image-highlights-the-hands-of-a--768x768.webp 768w, https:\/\/kowalscy.pl\/wp-content\/uploads\/2025\/01\/DALL\u00b7E-2025-01-14-13.52.04-Black-and-white-archival-style-photograph-from-the-1940s-focusing-on-close-up-details-of-traditional-woodworking.-The-image-highlights-the-hands-of-a-.webp 1024w\" sizes=\"auto, (max-width: 500px) 100vw, 500px\" \/>    \n        <\/div>\n    <!-- \/image-wrap -->\n    \n        <\/div>\n<!-- \/module image -->        <\/div>\n                    <div  data-lazy=\"1\" class=\"module_column tb-column col4-2 tb_n7pk640 last\">\n                    <!-- module text -->\n<div  class=\"module module-text tb_cm5a640   \" data-lazy=\"1\">\n        <div  class=\"tb_text_wrap\">\n        <h2>Innovation im Dienste des Kunden<\/h2>    <\/div>\n<\/div>\n<!-- \/module text --><!-- module text -->\n<div  class=\"module module-text tb_lw77640   \" data-lazy=\"1\">\n        <div  class=\"tb_text_wrap\">\n        <p><strong>Wir sind st\u00e4ndig auf der Suche nach neuen L\u00f6sungen, um die wachsenden Erwartungen unserer Kunden zu erf\u00fcllen.<\/strong><\/p>\n<p>Wir setzen gr\u00fcne Technologien ein, entwerfen energieeffiziente Fenster und T\u00fcren und verbessern unsere Produktionsprozesse, um die Auswirkungen auf die Umwelt zu minimieren. So k\u00f6nnen wir Produkte anbieten, die nicht nur sch\u00f6n und funktionell, sondern auch umweltfreundlich sind.<\/p>    <\/div>\n<\/div>\n<!-- \/module text -->        <\/div>\n                        <\/div>\n        <\/div>\n        <\/div>\n<!--\/themify_builder_content-->","protected":false},"excerpt":{"rendered":"<p>Das Unternehmen hat derzeit<\/p>\n","protected":false},"author":1,"featured_media":0,"parent":955,"menu_order":0,"comment_status":"closed","ping_status":"closed","template":"","meta":{"_acf_changed":false,"footnotes":""},"class_list":["post-929","page","type-page","status-publish","hentry","has-post-title","has-post-date","has-post-category","has-post-tag","has-post-comment","has-post-author",""],"acf":[],"builder_content":"<h1>Das Unternehmen hat derzeit<\/h1>\n\n<p>In Szymanowo bei Rawicz verf\u00fcgen wir \u00fcber eine moderne, mit fortschrittlicher Technologie ausgestattete Produktionsst\u00e4tte, in der sich mehr als 100 hochqualifizierte Mitarbeiter daf\u00fcr einsetzen, jeden Auftrag zu erf\u00fcllen. Durch kontinuierliche Investitionen in Entwicklung und Qualit\u00e4t erf\u00fcllen unsere Produkte die h\u00f6chsten Marktstandards.<\/p>\n<h2 style=\"text-align: right;\">Tradition trifft Moderne<\/h2>\n<p>Obwohl die Wurzeln unseres Unternehmens fast ein Jahrhundert zur\u00fcckreichen, investieren wir st\u00e4ndig in moderne Technologie und innovative L\u00f6sungen. Unsere Produktionsst\u00e4tte in Szymanow ist mit einem hochmodernen Maschinenpark ausgestattet, mit dem auch die anspruchsvollsten Projekte realisiert werden k\u00f6nnen. Dank fortschrittlicher Technologien und der Automatisierung von Produktionsprozessen k\u00f6nnen wir nicht nur h\u00f6chste Qualit\u00e4t, sondern auch P\u00fcnktlichkeit und Flexibilit\u00e4t bei der Auftragsabwicklung gew\u00e4hrleisten.<\/p>\n<img src=\"https:\/\/kowalscy.pl\/wp-content\/uploads\/2025\/01\/catalogs-kowalscy.pl_-500x500.webp\" width=\"500\" height=\"500\" title=\"catalogs-kowalscy.pl\" alt=\"catalogs-kowalscy.pl\" srcset=\"https:\/\/kowalscy.pl\/wp-content\/uploads\/2025\/01\/catalogs-kowalscy.pl_-500x500.webp 500w, https:\/\/kowalscy.pl\/wp-content\/uploads\/2025\/01\/catalogs-kowalscy.pl_-300x300.webp 300w, https:\/\/kowalscy.pl\/wp-content\/uploads\/2025\/01\/catalogs-kowalscy.pl_-150x150.webp 150w, https:\/\/kowalscy.pl\/wp-content\/uploads\/2025\/01\/catalogs-kowalscy.pl_-768x768.webp 768w, https:\/\/kowalscy.pl\/wp-content\/uploads\/2025\/01\/catalogs-kowalscy.pl_.webp 1024w\" sizes=\"(max-width: 500px) 100vw, 500px\" \/>\n<h2>Ein breites Produktportfolio f\u00fcr jeden Kunden<\/h2>\n<p>Wir wissen, dass jedes Haus und jeder Raum seine eigenen, einzigartigen Bed\u00fcrfnisse hat. Deshalb bieten wir eine breite Palette von Produkten an, die \u00c4sthetik mit Funktionalit\u00e4t verbinden:<\/p> <ul> <li><strong>Fenster und T\u00fcren in einer Vielzahl von Stilen<\/strong> - von klassisch bis modern, ma\u00dfgeschneidert.<\/li> <li><strong>Umweltfreundliche L\u00f6sungen<\/strong> - zertifizierte Holzprodukte, die die Nachhaltigkeit unterst\u00fctzen.<\/li> <li>Ma\u00dfgeschneiderte <strong>Entw\u00fcrfe<\/strong> - ma\u00dfgeschneiderte Realisierungen, die den einzigartigen Charakter jeder Einrichtung unterstreichen.<\/li> <\/ul>\n<h2 style=\"text-align: right;\"><br>Netzwerk von vertrauensw\u00fcrdigen Partnern und H\u00e4ndlern<\/h2>\n<p style=\"text-align: right;\"><strong>Der Erfolg unseres Unternehmens ist auch auf unsere Zusammenarbeit mit den besten Lieferanten und H\u00e4ndlern zur\u00fcckzuf\u00fchren. Wir arbeiten nur mit seri\u00f6sen Partnern zusammen, die Rohstoffe und Komponenten von h\u00f6chster Qualit\u00e4t liefern.<\/strong><\/p> <p style=\"text-align: right;\">Dadurch wird sichergestellt, dass unsere Produkte die strengsten Qualit\u00e4tsstandards erf\u00fcllen. Dar\u00fcber hinaus sind unsere L\u00f6sungen bei vertrauensw\u00fcrdigen H\u00e4ndlern in ganz Polen und im Ausland erh\u00e4ltlich, so dass unser Angebot f\u00fcr Kunden in Europa und dar\u00fcber hinaus zug\u00e4nglich ist.<\/p>\n<img src=\"https:\/\/kowalscy.pl\/wp-content\/uploads\/2025\/01\/uscisk-dloni-kowalscy.pl_-500x500.webp\" width=\"500\" height=\"500\" title=\"uscisk-dloni-kowalscy.pl\" alt=\"uscisk-dloni-kowalscy.pl\" srcset=\"https:\/\/kowalscy.pl\/wp-content\/uploads\/2025\/01\/uscisk-dloni-kowalscy.pl_-500x500.webp 500w, https:\/\/kowalscy.pl\/wp-content\/uploads\/2025\/01\/uscisk-dloni-kowalscy.pl_-300x300.webp 300w, https:\/\/kowalscy.pl\/wp-content\/uploads\/2025\/01\/uscisk-dloni-kowalscy.pl_-150x150.webp 150w, https:\/\/kowalscy.pl\/wp-content\/uploads\/2025\/01\/uscisk-dloni-kowalscy.pl_-768x768.webp 768w, https:\/\/kowalscy.pl\/wp-content\/uploads\/2025\/01\/uscisk-dloni-kowalscy.pl_.webp 1024w\" sizes=\"(max-width: 500px) 100vw, 500px\" \/>\n<img src=\"https:\/\/kowalscy.pl\/wp-content\/uploads\/2025\/01\/DALL\u00b7E-2025-01-14-13.52.04-Black-and-white-archival-style-photograph-from-the-1940s-focusing-on-close-up-details-of-traditional-woodworking.-The-image-highlights-the-hands-of-a--500x500.webp\" width=\"500\" height=\"500\" title=\"DALL\u00b7E 2025-01-14 13.52.04 - Black-and-white archival-style photograph from the 1940s focusing on close-up details of traditional woodworking. The image highlights the hands of a\" alt=\"DALL\u00b7E 2025-01-14 13.52.04 - Black-and-white archival-style photograph from the 1940s focusing on close-up details of traditional woodworking. The image highlights the hands of a\" srcset=\"https:\/\/kowalscy.pl\/wp-content\/uploads\/2025\/01\/DALL\u00b7E-2025-01-14-13.52.04-Black-and-white-archival-style-photograph-from-the-1940s-focusing-on-close-up-details-of-traditional-woodworking.-The-image-highlights-the-hands-of-a--500x500.webp 500w, https:\/\/kowalscy.pl\/wp-content\/uploads\/2025\/01\/DALL\u00b7E-2025-01-14-13.52.04-Black-and-white-archival-style-photograph-from-the-1940s-focusing-on-close-up-details-of-traditional-woodworking.-The-image-highlights-the-hands-of-a--300x300.webp 300w, https:\/\/kowalscy.pl\/wp-content\/uploads\/2025\/01\/DALL\u00b7E-2025-01-14-13.52.04-Black-and-white-archival-style-photograph-from-the-1940s-focusing-on-close-up-details-of-traditional-woodworking.-The-image-highlights-the-hands-of-a--150x150.webp 150w, https:\/\/kowalscy.pl\/wp-content\/uploads\/2025\/01\/DALL\u00b7E-2025-01-14-13.52.04-Black-and-white-archival-style-photograph-from-the-1940s-focusing-on-close-up-details-of-traditional-woodworking.-The-image-highlights-the-hands-of-a--768x768.webp 768w, https:\/\/kowalscy.pl\/wp-content\/uploads\/2025\/01\/DALL\u00b7E-2025-01-14-13.52.04-Black-and-white-archival-style-photograph-from-the-1940s-focusing-on-close-up-details-of-traditional-woodworking.-The-image-highlights-the-hands-of-a-.webp 1024w\" sizes=\"(max-width: 500px) 100vw, 500px\" \/>\n<h2>Innovation im Dienste des Kunden<\/h2>\n<p><strong>Wir sind st\u00e4ndig auf der Suche nach neuen L\u00f6sungen, um die wachsenden Erwartungen unserer Kunden zu erf\u00fcllen.<\/strong><\/p> <p>Wir setzen gr\u00fcne Technologien ein, entwerfen energieeffiziente Fenster und T\u00fcren und verbessern unsere Produktionsprozesse, um die Auswirkungen auf die Umwelt zu minimieren. So k\u00f6nnen wir Produkte anbieten, die nicht nur sch\u00f6n und funktionell, sondern auch umweltfreundlich sind.<\/p>","_links":{"self":[{"href":"https:\/\/kowalscy.pl\/de\/wp-json\/wp\/v2\/pages\/929","targetHints":{"allow":["GET"]}}],"collection":[{"href":"https:\/\/kowalscy.pl\/de\/wp-json\/wp\/v2\/pages"}],"about":[{"href":"https:\/\/kowalscy.pl\/de\/wp-json\/wp\/v2\/types\/page"}],"author":[{"embeddable":true,"href":"https:\/\/kowalscy.pl\/de\/wp-json\/wp\/v2\/users\/1"}],"replies":[{"embeddable":true,"href":"https:\/\/kowalscy.pl\/de\/wp-json\/wp\/v2\/comments?post=929"}],"version-history":[{"count":11,"href":"https:\/\/kowalscy.pl\/de\/wp-json\/wp\/v2\/pages\/929\/revisions"}],"predecessor-version":[{"id":1350,"href":"https:\/\/kowalscy.pl\/de\/wp-json\/wp\/v2\/pages\/929\/revisions\/1350"}],"up":[{"embeddable":true,"href":"https:\/\/kowalscy.pl\/de\/wp-json\/wp\/v2\/pages\/955"}],"wp:attachment":[{"href":"https:\/\/kowalscy.pl\/de\/wp-json\/wp\/v2\/media?parent=929"}],"curies":[{"name":"wp","href":"https:\/\/api.w.org\/{rel}","templated":true}]}}