{"id":952,"date":"2025-01-14T14:39:30","date_gmt":"2025-01-14T13:39:30","guid":{"rendered":"https:\/\/kowalscy.pl\/my-na-swiecie\/"},"modified":"2025-02-04T13:22:14","modified_gmt":"2025-02-04T12:22:14","slug":"my-na-swiecie","status":"publish","type":"page","link":"https:\/\/kowalscy.pl\/de\/ueber-uns\/my-na-swiecie\/","title":{"rendered":"Wir in der Welt"},"content":{"rendered":"<!--themify_builder_content-->\n<div id=\"themify_builder_content-952\" data-postid=\"952\" class=\"themify_builder_content themify_builder_content-952 themify_builder tf_clear\">\n                    <div  data-lazy=\"1\" class=\"module_row themify_builder_row tb_muqb120 tb_first tf_w\">\n                        <div class=\"row_inner col_align_top tb_col_count_1 tf_box tf_rel\">\n                        <div  data-lazy=\"1\" class=\"module_column tb-column col-full tb_x0np300 first\">\n                    <!-- Breadcrumbs module -->\n<div  class=\"module module-breadcrumbs tb_co0p090 \" data-lazy=\"1\">\n\t<nav role=\"navigation\" aria-label=\"Breadcrumbs\" class=\"tbp_breadcrumb_trail\"><ul class=\"tbp_trail_items\" itemscope itemtype=\"http:\/\/schema.org\/BreadcrumbList\"><meta name=\"numberOfItems\" content=\"1\" \/><meta name=\"itemListOrder\" content=\"Ascending\" \/><li itemprop=\"itemListElement\" itemscope itemtype=\"https:\/\/schema.org\/ListItem\" class=\"tbp_trail_item tbp_trail_end\"><a itemprop=\"item\" href=\"https:\/\/kowalscy.pl\/de\/\" rel=\"home\"><span itemprop=\"name\">Strona g\u0142\u00f3wna<\/span><\/a><meta itemprop=\"position\" content=\"1\" \/><\/li><\/ul><\/nav><\/div><!-- \/Breadcrumbs module -->\n<!-- module text -->\n<div  class=\"module module-text tb_l60b649   \" data-lazy=\"1\">\n        <div  class=\"tb_text_wrap\">\n        <h1>Wir in der Welt<\/h1>    <\/div>\n<\/div>\n<!-- \/module text --><!-- module divider -->\n<div  class=\"module tf_mw module-divider tb_0uir700 solid  divider-custom divider-center\" style=\"border-width: 3px;border-color: #5c706e;max-width: 200px;\" data-lazy=\"1\">\n    <\/div>\n<!-- \/module divider -->\n<!-- module text -->\n<div  class=\"module module-text tb_f2ez005   \" data-lazy=\"1\">\n        <div  class=\"tb_text_wrap\">\n        <p>Dank der langj\u00e4hrigen Erfahrung und der hervorragenden Qualit\u00e4t unserer Produkte hat Kowalski Brothers das Vertrauen der Kunden nicht nur in Polen, sondern auch international gewonnen. Unser Unternehmen ist stolz darauf, Projekte f\u00fcr Partner aus der ganzen Welt zu realisieren und dabei L\u00f6sungen anzubieten, die sowohl \u00e4sthetisch als auch technisch den h\u00f6chsten Anspr\u00fcchen gen\u00fcgen. <\/p>    <\/div>\n<\/div>\n<!-- \/module text -->        <\/div>\n                        <\/div>\n        <\/div>\n                        <div  data-parallax-bg=\"desktop\" data-lazy=\"1\" class=\"module_row themify_builder_row tb_ccsd004 tf_w\">\n            <span class=\"builder_row_cover tf_abs\"><\/span>            <div class=\"row_inner col_align_top tb_col_count_1 tf_box tf_rel\">\n                        <div  data-lazy=\"1\" class=\"module_column tb-column col-full tb_n5uy962 first\">\n                            <\/div>\n                        <\/div>\n        <\/div>\n                        <div  data-lazy=\"1\" class=\"module_row themify_builder_row tb_fpky806 tf_w\">\n                        <div class=\"row_inner col_align_top gutter-none tb_col_count_2 tf_box tf_rel\">\n                        <div  data-lazy=\"1\" class=\"module_column tb-column col4-2 tb_fqs6690 first\">\n                    <!-- module text -->\n<div  class=\"module module-text tb_htmd969   \" data-lazy=\"1\">\n        <div  class=\"tb_text_wrap\">\n        <h2 style=\"text-align: right;\">Realisierungen in Europa<\/h2>    <\/div>\n<\/div>\n<!-- \/module text -->        <\/div>\n                    <div  data-lazy=\"1\" class=\"module_column tb-column col4-2 tb_8mqw999 last\">\n                    <!-- module text -->\n<div  class=\"module module-text tb_iu5e230   \" data-lazy=\"1\">\n        <div  class=\"tb_text_wrap\">\n        <p><strong>Unsere Produkte sind in prestigetr\u00e4chtigen Projekten in ganz Europa zu finden.<\/strong><\/p>\n<p>Wir arbeiten mit Kunden aus L\u00e4ndern wie Deutschland, Frankreich, Gro\u00dfbritannien und Norwegen zusammen und haben Projekte sowohl f\u00fcr Luxuswohnungen als auch f\u00fcr gro\u00dfe Gesch\u00e4ftsgeb\u00e4ude abgeschlossen. Ob es sich nun um moderne B\u00fcrogeb\u00e4ude, stilvolle Villen oder historische Geb\u00e4ude handelt, die restauriert werden, unsere Produkte erf\u00fcllen immer die h\u00f6chsten Standards. <\/p>    <\/div>\n<\/div>\n<!-- \/module text -->        <\/div>\n                        <\/div>\n        <\/div>\n                        <div  data-lazy=\"1\" class=\"module_row themify_builder_row tb_ptfi200 tf_w\">\n                        <div class=\"row_inner col_align_top gutter-none tb_col_count_2 tf_box tf_rel\">\n                        <div  data-lazy=\"1\" class=\"module_column tb-column col4-2 tb_y193620 first\">\n                    <!-- module image -->\n<div  class=\"module module-image tb_e6c2116 image-top   tf_mw\" data-lazy=\"1\" data-lax-translate-x=\"(vh*0.8) 0,(vh*0) -180\" data-lax=\"true\">\n        <div class=\"image-wrap tf_rel tf_mw\">\n            <img loading=\"lazy\" decoding=\"async\" src=\"https:\/\/kowalscy.pl\/wp-content\/uploads\/2025\/01\/catalogs-kowalscy.pl_-500x500.webp\" width=\"500\" height=\"500\" class=\"wp-post-image wp-image-928\" title=\"catalogs-kowalscy.pl\" alt=\"catalogs-kowalscy.pl\" srcset=\"https:\/\/kowalscy.pl\/wp-content\/uploads\/2025\/01\/catalogs-kowalscy.pl_-500x500.webp 500w, https:\/\/kowalscy.pl\/wp-content\/uploads\/2025\/01\/catalogs-kowalscy.pl_-300x300.webp 300w, https:\/\/kowalscy.pl\/wp-content\/uploads\/2025\/01\/catalogs-kowalscy.pl_-150x150.webp 150w, https:\/\/kowalscy.pl\/wp-content\/uploads\/2025\/01\/catalogs-kowalscy.pl_-768x768.webp 768w, https:\/\/kowalscy.pl\/wp-content\/uploads\/2025\/01\/catalogs-kowalscy.pl_.webp 1024w\" sizes=\"auto, (max-width: 500px) 100vw, 500px\" \/>    \n        <\/div>\n    <!-- \/image-wrap -->\n    \n        <\/div>\n<!-- \/module image -->        <\/div>\n                    <div  data-lazy=\"1\" class=\"module_column tb-column col4-2 tb_tjle680 last\">\n                    <!-- module text -->\n<div  class=\"module module-text tb_b980502   \" data-lazy=\"1\">\n        <div  class=\"tb_text_wrap\">\n        <h2>Wirtschaftliche Zusammenarbeit<\/h2>    <\/div>\n<\/div>\n<!-- \/module text --><!-- module text -->\n<div  class=\"module module-text tb_111s000   \" data-lazy=\"1\">\n        <div  class=\"tb_text_wrap\">\n        <p><strong>F\u00fchrende Unternehmen der Bauindustrie, Architekten, Bautr\u00e4ger und Hersteller, f\u00fcr die wir Produkte in einem B2B-Modell liefern, vertrauen uns.  <\/strong><\/p>\n<p>Unser flexibler Ansatz erm\u00f6glicht es uns, unsere Angebote auf die Bed\u00fcrfnisse gro\u00dfer Investitionsprojekte zuzuschneiden und dabei P\u00fcnktlichkeit und Zuverl\u00e4ssigkeit zu garantieren.<br>Wir bieten engagierte Designunterst\u00fctzung vom Konzept bis zur Installation und sind damit in jeder Phase des Projekts ein zuverl\u00e4ssiger Partner f\u00fcr das Unternehmen.<\/p>    <\/div>\n<\/div>\n<!-- \/module text -->        <\/div>\n                        <\/div>\n        <\/div>\n                        <div  data-lazy=\"1\" class=\"module_row themify_builder_row tb_5an6265 tf_w\">\n                        <div class=\"row_inner col_align_top tb_col_count_2 tf_box tf_rel\">\n                        <div  data-lazy=\"1\" class=\"module_column tb-column col4-2 tb_21zt563 first\">\n                    <!-- module text -->\n<div  class=\"module module-text tb_wuut666   \" data-lazy=\"1\">\n        <div  class=\"tb_text_wrap\">\n        <h2 style=\"text-align: right;\"><br>Globale Reichweite, lokaler Ansatz<\/h2>    <\/div>\n<\/div>\n<!-- \/module text --><!-- module text -->\n<div  class=\"module module-text tb_4wc5002   \" data-lazy=\"1\">\n        <div  class=\"tb_text_wrap\">\n        <p style=\"text-align: right;\"><strong>Obwohl unsere Marke international ist, haben wir immer die lokalen Bed\u00fcrfnisse unserer Partner im Blick<\/strong>.<\/p>\n<p style=\"text-align: right;\">Wir arbeiten mit H\u00e4ndlern und Vertretern in vielen M\u00e4rkten zusammen. Dadurch k\u00f6nnen wir die Besonderheiten einer Region besser verstehen und perfekt auf ihre Anforderungen zugeschnittene L\u00f6sungen liefern.<\/p>    <\/div>\n<\/div>\n<!-- \/module text -->        <\/div>\n                    <div  data-lazy=\"1\" class=\"module_column tb-column col4-2 tb_qtep005 last\">\n                    <!-- module image -->\n<div  class=\"module module-image tb_zc1j225 image-top   tf_mw\" data-lazy=\"1\" data-lax-translate-x=\"(vh*0.8) 0,(vh*0) 180\" data-lax=\"true\">\n        <div class=\"image-wrap tf_rel tf_mw\">\n            <img loading=\"lazy\" decoding=\"async\" src=\"https:\/\/kowalscy.pl\/wp-content\/uploads\/2025\/01\/uscisk-dloni-kowalscy.pl_-500x500.webp\" width=\"500\" height=\"500\" class=\"wp-post-image wp-image-926\" title=\"uscisk-dloni-kowalscy.pl\" alt=\"uscisk-dloni-kowalscy.pl\" srcset=\"https:\/\/kowalscy.pl\/wp-content\/uploads\/2025\/01\/uscisk-dloni-kowalscy.pl_-500x500.webp 500w, https:\/\/kowalscy.pl\/wp-content\/uploads\/2025\/01\/uscisk-dloni-kowalscy.pl_-300x300.webp 300w, https:\/\/kowalscy.pl\/wp-content\/uploads\/2025\/01\/uscisk-dloni-kowalscy.pl_-150x150.webp 150w, https:\/\/kowalscy.pl\/wp-content\/uploads\/2025\/01\/uscisk-dloni-kowalscy.pl_-768x768.webp 768w, https:\/\/kowalscy.pl\/wp-content\/uploads\/2025\/01\/uscisk-dloni-kowalscy.pl_.webp 1024w\" sizes=\"auto, (max-width: 500px) 100vw, 500px\" \/>    \n        <\/div>\n    <!-- \/image-wrap -->\n    \n        <\/div>\n<!-- \/module image -->        <\/div>\n                        <\/div>\n        <\/div>\n                        <div  data-lazy=\"1\" class=\"module_row themify_builder_row tb_i2mo006 tf_w\">\n                        <div class=\"row_inner col_align_top gutter-none tb_col_count_2 tf_box tf_rel\">\n                        <div  data-lazy=\"1\" class=\"module_column tb-column col4-2 tb_tmwy062 first\">\n                    <!-- module image -->\n<div  class=\"module module-image tb_jw63580 image-top   tf_mw\" data-lazy=\"1\" data-lax-translate-x=\"(vh*0.8) 0,(vh*0) -180\" data-lax=\"true\">\n        <div class=\"image-wrap tf_rel tf_mw\">\n            <img loading=\"lazy\" decoding=\"async\" src=\"https:\/\/kowalscy.pl\/wp-content\/uploads\/2025\/01\/DALL\u00b7E-2025-01-14-13.52.04-Black-and-white-archival-style-photograph-from-the-1940s-focusing-on-close-up-details-of-traditional-woodworking.-The-image-highlights-the-hands-of-a--500x500.webp\" width=\"500\" height=\"500\" class=\"wp-post-image wp-image-911\" title=\"DALL\u00b7E 2025-01-14 13.52.04 - Black-and-white archival-style photograph from the 1940s focusing on close-up details of traditional woodworking. The image highlights the hands of a\" alt=\"DALL\u00b7E 2025-01-14 13.52.04 - Black-and-white archival-style photograph from the 1940s focusing on close-up details of traditional woodworking. The image highlights the hands of a\" srcset=\"https:\/\/kowalscy.pl\/wp-content\/uploads\/2025\/01\/DALL\u00b7E-2025-01-14-13.52.04-Black-and-white-archival-style-photograph-from-the-1940s-focusing-on-close-up-details-of-traditional-woodworking.-The-image-highlights-the-hands-of-a--500x500.webp 500w, https:\/\/kowalscy.pl\/wp-content\/uploads\/2025\/01\/DALL\u00b7E-2025-01-14-13.52.04-Black-and-white-archival-style-photograph-from-the-1940s-focusing-on-close-up-details-of-traditional-woodworking.-The-image-highlights-the-hands-of-a--300x300.webp 300w, https:\/\/kowalscy.pl\/wp-content\/uploads\/2025\/01\/DALL\u00b7E-2025-01-14-13.52.04-Black-and-white-archival-style-photograph-from-the-1940s-focusing-on-close-up-details-of-traditional-woodworking.-The-image-highlights-the-hands-of-a--150x150.webp 150w, https:\/\/kowalscy.pl\/wp-content\/uploads\/2025\/01\/DALL\u00b7E-2025-01-14-13.52.04-Black-and-white-archival-style-photograph-from-the-1940s-focusing-on-close-up-details-of-traditional-woodworking.-The-image-highlights-the-hands-of-a--768x768.webp 768w, https:\/\/kowalscy.pl\/wp-content\/uploads\/2025\/01\/DALL\u00b7E-2025-01-14-13.52.04-Black-and-white-archival-style-photograph-from-the-1940s-focusing-on-close-up-details-of-traditional-woodworking.-The-image-highlights-the-hands-of-a-.webp 1024w\" sizes=\"auto, (max-width: 500px) 100vw, 500px\" \/>    \n        <\/div>\n    <!-- \/image-wrap -->\n    \n        <\/div>\n<!-- \/module image -->        <\/div>\n                    <div  data-lazy=\"1\" class=\"module_column tb-column col4-2 tb_1eoz206 last\">\n                    <!-- module text -->\n<div  class=\"module module-text tb_4z9f666   \" data-lazy=\"1\">\n        <div  class=\"tb_text_wrap\">\n        <h2>Innovation im Dienste des Kunden<\/h2>    <\/div>\n<\/div>\n<!-- \/module text --><!-- module text -->\n<div  class=\"module module-text tb_2lyc929   \" data-lazy=\"1\">\n        <div  class=\"tb_text_wrap\">\n        <p><strong>Wir sind st\u00e4ndig auf der Suche nach neuen L\u00f6sungen, um die wachsenden Erwartungen unserer Kunden zu erf\u00fcllen.<\/strong><\/p>\n<p>Wir setzen gr\u00fcne Technologien ein, entwerfen energieeffiziente Fenster und T\u00fcren und verbessern unsere Produktionsprozesse, um die Auswirkungen auf die Umwelt zu minimieren. So k\u00f6nnen wir Produkte anbieten, die nicht nur sch\u00f6n und funktionell, sondern auch umweltfreundlich sind.<\/p>    <\/div>\n<\/div>\n<!-- \/module text -->        <\/div>\n                        <\/div>\n        <\/div>\n        <\/div>\n<!--\/themify_builder_content-->","protected":false},"excerpt":{"rendered":"<p>Wir in der Welt<\/p>\n","protected":false},"author":1,"featured_media":0,"parent":955,"menu_order":0,"comment_status":"closed","ping_status":"closed","template":"","meta":{"_acf_changed":false,"footnotes":""},"class_list":["post-952","page","type-page","status-publish","hentry","has-post-title","has-post-date","has-post-category","has-post-tag","has-post-comment","has-post-author",""],"acf":[],"builder_content":"<h1>Wir in der Welt<\/h1>\n\n<p>Dank der langj\u00e4hrigen Erfahrung und der hervorragenden Qualit\u00e4t unserer Produkte hat Kowalski Brothers das Vertrauen der Kunden nicht nur in Polen, sondern auch international gewonnen. Unser Unternehmen ist stolz darauf, Projekte f\u00fcr Partner aus der ganzen Welt zu realisieren und dabei L\u00f6sungen anzubieten, die sowohl \u00e4sthetisch als auch technisch den h\u00f6chsten Anspr\u00fcchen gen\u00fcgen. <\/p>\n<h2 style=\"text-align: right;\">Realisierungen in Europa<\/h2>\n<p><strong>Unsere Produkte sind in prestigetr\u00e4chtigen Projekten in ganz Europa zu finden.<\/strong><\/p> <p>Wir arbeiten mit Kunden aus L\u00e4ndern wie Deutschland, Frankreich, Gro\u00dfbritannien und Norwegen zusammen und haben Projekte sowohl f\u00fcr Luxuswohnungen als auch f\u00fcr gro\u00dfe Gesch\u00e4ftsgeb\u00e4ude abgeschlossen. Ob es sich nun um moderne B\u00fcrogeb\u00e4ude, stilvolle Villen oder historische Geb\u00e4ude handelt, die restauriert werden, unsere Produkte erf\u00fcllen immer die h\u00f6chsten Standards. <\/p>\n<img src=\"https:\/\/kowalscy.pl\/wp-content\/uploads\/2025\/01\/catalogs-kowalscy.pl_-500x500.webp\" width=\"500\" height=\"500\" title=\"catalogs-kowalscy.pl\" alt=\"catalogs-kowalscy.pl\" srcset=\"https:\/\/kowalscy.pl\/wp-content\/uploads\/2025\/01\/catalogs-kowalscy.pl_-500x500.webp 500w, https:\/\/kowalscy.pl\/wp-content\/uploads\/2025\/01\/catalogs-kowalscy.pl_-300x300.webp 300w, https:\/\/kowalscy.pl\/wp-content\/uploads\/2025\/01\/catalogs-kowalscy.pl_-150x150.webp 150w, https:\/\/kowalscy.pl\/wp-content\/uploads\/2025\/01\/catalogs-kowalscy.pl_-768x768.webp 768w, https:\/\/kowalscy.pl\/wp-content\/uploads\/2025\/01\/catalogs-kowalscy.pl_.webp 1024w\" sizes=\"(max-width: 500px) 100vw, 500px\" \/>\n<h2>Wirtschaftliche Zusammenarbeit<\/h2>\n<p><strong>F\u00fchrende Unternehmen der Bauindustrie, Architekten, Bautr\u00e4ger und Hersteller, f\u00fcr die wir Produkte in einem B2B-Modell liefern, vertrauen uns. <\/strong><\/p> <p>Unser flexibler Ansatz erm\u00f6glicht es uns, unsere Angebote auf die Bed\u00fcrfnisse gro\u00dfer Investitionsprojekte zuzuschneiden und dabei P\u00fcnktlichkeit und Zuverl\u00e4ssigkeit zu garantieren.<br>Wir bieten engagierte Designunterst\u00fctzung vom Konzept bis zur Installation und sind damit in jeder Phase des Projekts ein zuverl\u00e4ssiger Partner f\u00fcr das Unternehmen.<\/p>\n<h2 style=\"text-align: right;\"><br>Globale Reichweite, lokaler Ansatz<\/h2>\n<p style=\"text-align: right;\"><strong>Obwohl unsere Marke international ist, haben wir immer die lokalen Bed\u00fcrfnisse unserer Partner im Blick<\/strong>.<\/p> <p style=\"text-align: right;\">Wir arbeiten mit H\u00e4ndlern und Vertretern in vielen M\u00e4rkten zusammen. Dadurch k\u00f6nnen wir die Besonderheiten einer Region besser verstehen und perfekt auf ihre Anforderungen zugeschnittene L\u00f6sungen liefern.<\/p>\n<img src=\"https:\/\/kowalscy.pl\/wp-content\/uploads\/2025\/01\/uscisk-dloni-kowalscy.pl_-500x500.webp\" width=\"500\" height=\"500\" title=\"uscisk-dloni-kowalscy.pl\" alt=\"uscisk-dloni-kowalscy.pl\" srcset=\"https:\/\/kowalscy.pl\/wp-content\/uploads\/2025\/01\/uscisk-dloni-kowalscy.pl_-500x500.webp 500w, https:\/\/kowalscy.pl\/wp-content\/uploads\/2025\/01\/uscisk-dloni-kowalscy.pl_-300x300.webp 300w, https:\/\/kowalscy.pl\/wp-content\/uploads\/2025\/01\/uscisk-dloni-kowalscy.pl_-150x150.webp 150w, https:\/\/kowalscy.pl\/wp-content\/uploads\/2025\/01\/uscisk-dloni-kowalscy.pl_-768x768.webp 768w, https:\/\/kowalscy.pl\/wp-content\/uploads\/2025\/01\/uscisk-dloni-kowalscy.pl_.webp 1024w\" sizes=\"(max-width: 500px) 100vw, 500px\" \/>\n<img src=\"https:\/\/kowalscy.pl\/wp-content\/uploads\/2025\/01\/DALL\u00b7E-2025-01-14-13.52.04-Black-and-white-archival-style-photograph-from-the-1940s-focusing-on-close-up-details-of-traditional-woodworking.-The-image-highlights-the-hands-of-a--500x500.webp\" width=\"500\" height=\"500\" title=\"DALL\u00b7E 2025-01-14 13.52.04 - Black-and-white archival-style photograph from the 1940s focusing on close-up details of traditional woodworking. The image highlights the hands of a\" alt=\"DALL\u00b7E 2025-01-14 13.52.04 - Black-and-white archival-style photograph from the 1940s focusing on close-up details of traditional woodworking. The image highlights the hands of a\" srcset=\"https:\/\/kowalscy.pl\/wp-content\/uploads\/2025\/01\/DALL\u00b7E-2025-01-14-13.52.04-Black-and-white-archival-style-photograph-from-the-1940s-focusing-on-close-up-details-of-traditional-woodworking.-The-image-highlights-the-hands-of-a--500x500.webp 500w, https:\/\/kowalscy.pl\/wp-content\/uploads\/2025\/01\/DALL\u00b7E-2025-01-14-13.52.04-Black-and-white-archival-style-photograph-from-the-1940s-focusing-on-close-up-details-of-traditional-woodworking.-The-image-highlights-the-hands-of-a--300x300.webp 300w, https:\/\/kowalscy.pl\/wp-content\/uploads\/2025\/01\/DALL\u00b7E-2025-01-14-13.52.04-Black-and-white-archival-style-photograph-from-the-1940s-focusing-on-close-up-details-of-traditional-woodworking.-The-image-highlights-the-hands-of-a--150x150.webp 150w, https:\/\/kowalscy.pl\/wp-content\/uploads\/2025\/01\/DALL\u00b7E-2025-01-14-13.52.04-Black-and-white-archival-style-photograph-from-the-1940s-focusing-on-close-up-details-of-traditional-woodworking.-The-image-highlights-the-hands-of-a--768x768.webp 768w, https:\/\/kowalscy.pl\/wp-content\/uploads\/2025\/01\/DALL\u00b7E-2025-01-14-13.52.04-Black-and-white-archival-style-photograph-from-the-1940s-focusing-on-close-up-details-of-traditional-woodworking.-The-image-highlights-the-hands-of-a-.webp 1024w\" sizes=\"(max-width: 500px) 100vw, 500px\" \/>\n<h2>Innovation im Dienste des Kunden<\/h2>\n<p><strong>Wir sind st\u00e4ndig auf der Suche nach neuen L\u00f6sungen, um die wachsenden Erwartungen unserer Kunden zu erf\u00fcllen.<\/strong><\/p> <p>Wir setzen gr\u00fcne Technologien ein, entwerfen energieeffiziente Fenster und T\u00fcren und verbessern unsere Produktionsprozesse, um die Auswirkungen auf die Umwelt zu minimieren. So k\u00f6nnen wir Produkte anbieten, die nicht nur sch\u00f6n und funktionell, sondern auch umweltfreundlich sind.<\/p>","_links":{"self":[{"href":"https:\/\/kowalscy.pl\/de\/wp-json\/wp\/v2\/pages\/952","targetHints":{"allow":["GET"]}}],"collection":[{"href":"https:\/\/kowalscy.pl\/de\/wp-json\/wp\/v2\/pages"}],"about":[{"href":"https:\/\/kowalscy.pl\/de\/wp-json\/wp\/v2\/types\/page"}],"author":[{"embeddable":true,"href":"https:\/\/kowalscy.pl\/de\/wp-json\/wp\/v2\/users\/1"}],"replies":[{"embeddable":true,"href":"https:\/\/kowalscy.pl\/de\/wp-json\/wp\/v2\/comments?post=952"}],"version-history":[{"count":4,"href":"https:\/\/kowalscy.pl\/de\/wp-json\/wp\/v2\/pages\/952\/revisions"}],"predecessor-version":[{"id":1358,"href":"https:\/\/kowalscy.pl\/de\/wp-json\/wp\/v2\/pages\/952\/revisions\/1358"}],"up":[{"embeddable":true,"href":"https:\/\/kowalscy.pl\/de\/wp-json\/wp\/v2\/pages\/955"}],"wp:attachment":[{"href":"https:\/\/kowalscy.pl\/de\/wp-json\/wp\/v2\/media?parent=952"}],"curies":[{"name":"wp","href":"https:\/\/api.w.org\/{rel}","templated":true}]}}