{"id":965,"date":"2025-01-13T14:25:28","date_gmt":"2025-01-13T13:25:28","guid":{"rendered":"https:\/\/kowalscy.pl\/aktualnosci\/"},"modified":"2025-02-04T09:55:48","modified_gmt":"2025-02-04T08:55:48","slug":"aktualnosci","status":"publish","type":"page","link":"https:\/\/kowalscy.pl\/de\/aktualnosci\/","title":{"rendered":"Neuigkeiten"},"content":{"rendered":"<!--themify_builder_content-->\n<div id=\"themify_builder_content-965\" data-postid=\"965\" class=\"themify_builder_content themify_builder_content-965 themify_builder tf_clear\">\n                    <div  data-lazy=\"1\" class=\"module_row themify_builder_row tb_9w8s864 tb_first tf_w\">\n                        <div class=\"row_inner col_align_top tb_col_count_1 tf_box tf_rel\">\n                        <div  data-lazy=\"1\" class=\"module_column tb-column col-full tb_lpkm865 first\">\n                    <!-- Breadcrumbs module -->\n<div  class=\"module module-breadcrumbs tb_perx865 \" data-lazy=\"1\">\n\t<nav role=\"navigation\" aria-label=\"Breadcrumbs\" class=\"tbp_breadcrumb_trail\"><ul class=\"tbp_trail_items\" itemscope itemtype=\"http:\/\/schema.org\/BreadcrumbList\"><meta name=\"numberOfItems\" content=\"1\" \/><meta name=\"itemListOrder\" content=\"Ascending\" \/><li itemprop=\"itemListElement\" itemscope itemtype=\"https:\/\/schema.org\/ListItem\" class=\"tbp_trail_item tbp_trail_end\"><a itemprop=\"item\" href=\"https:\/\/kowalscy.pl\/de\/\" rel=\"home\"><span itemprop=\"name\">Strona g\u0142\u00f3wna<\/span><\/a><meta itemprop=\"position\" content=\"1\" \/><\/li><\/ul><\/nav><\/div><!-- \/Breadcrumbs module -->\n<!-- module text -->\n<div  class=\"module module-text tb_3cna865   \" data-lazy=\"1\">\n        <div  class=\"tb_text_wrap\">\n        <h1>Neuigkeiten<\/h1>    <\/div>\n<\/div>\n<!-- \/module text --><!-- module divider -->\n<div  class=\"module tf_mw module-divider tb_c5f6865 solid  divider-custom divider-center\" style=\"border-width: 3px;border-color: #5c706e;max-width: 200px;\" data-lazy=\"1\">\n    <\/div>\n<!-- \/module divider -->\n<!-- module text -->\n<div  class=\"module module-text tb_wvcl865   \" data-lazy=\"1\">\n        <div  class=\"tb_text_wrap\">\n        <p>Wir laden Sie ein, unsere Neuigkeiten zu verfolgen, wo Sie Informationen \u00fcber Neuheiten in unserem Angebot, Produkteinf\u00fchrungen und Aktionen finden. <br>Bleiben Sie auf dem Laufenden mit den neuesten Trends und L\u00f6sungen, die wir einf\u00fchren, um den Erwartungen unserer Kunden gerecht zu werden.<\/p>    <\/div>\n<\/div>\n<!-- \/module text -->        <div  data-lazy=\"1\" class=\"module_subrow themify_builder_sub_row tf_w col_align_top tb_col_count_1 tb_wbxz865\">\n                <div  data-lazy=\"1\" class=\"module_column sub_column col-full tb_592u865 first\">\n                    <!-- advanced-posts module -->\n<div  class=\"module module-advanced-posts tb_yl69840   themify_builder_content-yl69840\" data-lazy=\"1\">\n\t\n\t\t\n\t\t<div  class=\"builder-posts-wrap loops-wrapper grid3 classic tf_clear tf_clearfix\" data-lazy=\"1\">\n\n\t\t\t\n\t\t\t\n\t\t\t\t\n\t\t\t\t\n\t\t\t\t<article id=\"post-998\" class=\"post tf_clearfix post-998 type-post status-publish format-standard has-post-thumbnail hentry category-unkategorisiert has-post-title has-post-date has-post-category has-post-tag has-post-comment has-post-author \">\n\t\t\t\t\t    <div class=\"tbp_advanced_archive_wrap\">\n\t                <div  data-lazy=\"1\" class=\"module_row themify_builder_row tb_iar6871 tf_w\">\n                        <div class=\"row_inner col_align_top tb_col_count_1 tf_box tf_rel\">\n                        <div  data-lazy=\"1\" class=\"module_column tb-column tb_d0h3871 first\">\n                    <!-- Featured Image module -->\n<div  class=\"module module-image module-featured-image tb_92ue871  \" data-lazy=\"1\">\n    <div class=\"image-wrap tf_rel\">\n\t\t\t\t\t\t\t\t\t\t\t<a  href=\"https:\/\/kowalscy.pl\/de\/2024\/11\/22\/wpis-4\/\"> \n\t\t\t\t\t\n\t\t\t\t\t\t\t\t\t\t\t\t\t\t\t\t<img loading=\"lazy\" decoding=\"async\" width=\"2560\" height=\"1659\" src=\"https:\/\/kowalscy.pl\/wp-content\/uploads\/2024\/11\/wpis-1.webp\" class=\"wp-post-image wp-image-785\" title=\"wpis-1\" alt=\"Jakie akcesoria do okien warto wybra\u0107?\" srcset=\"https:\/\/kowalscy.pl\/wp-content\/uploads\/2024\/11\/wpis-1.webp 2560w, https:\/\/kowalscy.pl\/wp-content\/uploads\/2024\/11\/wpis-1-300x194.webp 300w, https:\/\/kowalscy.pl\/wp-content\/uploads\/2024\/11\/wpis-1-1024x664.webp 1024w, https:\/\/kowalscy.pl\/wp-content\/uploads\/2024\/11\/wpis-1-768x498.webp 768w, https:\/\/kowalscy.pl\/wp-content\/uploads\/2024\/11\/wpis-1-1536x995.webp 1536w, https:\/\/kowalscy.pl\/wp-content\/uploads\/2024\/11\/wpis-1-2048x1327.webp 2048w, https:\/\/kowalscy.pl\/wp-content\/uploads\/2024\/11\/wpis-1-1024x664-1160x751.webp 1160w\" sizes=\"auto, (max-width: 2560px) 100vw, 2560px\" \/>\t\t\t\t\t\n\t\t\t\t\t\t\t\t\t\t<\/a>\n\t\t\t\t\t\t\t\t\t\t\t\t<\/div>\n\t\t<!-- \/image-wrap -->\n\t\t\t<\/div>\n<!-- \/Featured Image module -->\n<!-- Post Title module -->\n<div  class=\"module module-post-title tb_jc7g871 \" data-lazy=\"1\">\n\t<h2 class=\"tbp_title\">\n\t<a  href=\"https:\/\/kowalscy.pl\/de\/2024\/11\/22\/wpis-4\/\">\n\t\tJakie akcesoria do okien warto wybra\u0107?\t\t<\/a>\n<\/h2><\/div>\n<!-- \/Post Title module -->\n<!-- Post Meta module -->\n<div  class=\"module module-post-meta tb_48so871 \" data-lazy=\"1\">\n\t\t<div class=\"entry-meta tbp_post_meta\">\n\t\t<span class=\"tbp_post_meta_item tbp_post_meta_date\"><time content=\"2024-11-22T11:06:25+01:00\" class=\"entry-date updated\" datetime=\"2024-11-22T11:06:25+01:00\">\n\t<span class=\"tbp_post_year\">2024<\/span>-<span class=\"tbp_post_month\">11<\/span>-<span class=\"tbp_post_day\">22<\/span>\t\t\t<meta content=\"2024-11-22T11:06:25+01:00\">\n\t<\/time>\n<\/span><!-- .tbp_post_meta_item -->\t<\/div><!-- .tbp_post_meta -->\n\n<\/div>\n<!-- \/Post Meta module -->\n<!-- Post Content module -->\n<div  class=\"module module-post-content tb_rmod871 \" data-lazy=\"1\">\n\t    <div class=\"tb_text_wrap\">\n\t\tAkcesoria okienne to niezb\u0119dny element, kt\u00f3ry podnosi funkcjonalno\u015b\u0107 i estetyk\u0119 okien. W naszej ofercie znajdziesz m.in. okiennice, parapety, witra\u017ce i klamki, kt\u00f3re doskonale uzupe\u0142niaj\u0105 nasze produkty. Warto r\u00f3wnie\u017c zadba\u0107 o odpowiedni\u0105 konserwacj\u0119 okien, korzystaj\u0105c z profesjonalnych \u015brodk\u00f3w dost\u0119pnych w naszym asortymencie. Zobacz, jak odpowiednio dobrane akcesoria mog\u0105 zwi\u0119kszy\u0107 komfort u\u017cytkowania okien i nada\u0107 im wyj\u0105tkowego [&hellip;]    <\/div>\n\t<\/div>\n<!-- \/Post Content module -->        <\/div>\n                        <\/div>\n        <\/div>\n            <\/div>\n\t\t\t\t<\/article>\n\n\t\t\t\t\n\t\t\t\t\n\t\t\t\t\t\t\n\t\t<\/div><!-- .builder-posts-wrap -->\n\n\t\t\t\n<\/div><!-- \/advanced-posts module -->\n        <\/div>\n                    <\/div>\n                <\/div>\n                        <\/div>\n        <\/div>\n        <\/div>\n<!--\/themify_builder_content-->","protected":false},"excerpt":{"rendered":"<p>Neuigkeiten<\/p>\n","protected":false},"author":1,"featured_media":0,"parent":0,"menu_order":0,"comment_status":"closed","ping_status":"closed","template":"","meta":{"_acf_changed":false,"footnotes":""},"class_list":["post-965","page","type-page","status-publish","hentry","has-post-title","has-post-date","has-post-category","has-post-tag","has-post-comment","has-post-author",""],"acf":[],"builder_content":"<h1>Neuigkeiten<\/h1>\n\n<p>Wir laden Sie ein, unsere Neuigkeiten zu verfolgen, wo Sie Informationen \u00fcber Neuheiten in unserem Angebot, Produkteinf\u00fchrungen und Aktionen finden. <br>Bleiben Sie auf dem Laufenden mit den neuesten Trends und L\u00f6sungen, die wir einf\u00fchren, um den Erwartungen unserer Kunden gerecht zu werden.<\/p>","_links":{"self":[{"href":"https:\/\/kowalscy.pl\/de\/wp-json\/wp\/v2\/pages\/965","targetHints":{"allow":["GET"]}}],"collection":[{"href":"https:\/\/kowalscy.pl\/de\/wp-json\/wp\/v2\/pages"}],"about":[{"href":"https:\/\/kowalscy.pl\/de\/wp-json\/wp\/v2\/types\/page"}],"author":[{"embeddable":true,"href":"https:\/\/kowalscy.pl\/de\/wp-json\/wp\/v2\/users\/1"}],"replies":[{"embeddable":true,"href":"https:\/\/kowalscy.pl\/de\/wp-json\/wp\/v2\/comments?post=965"}],"version-history":[{"count":6,"href":"https:\/\/kowalscy.pl\/de\/wp-json\/wp\/v2\/pages\/965\/revisions"}],"predecessor-version":[{"id":1258,"href":"https:\/\/kowalscy.pl\/de\/wp-json\/wp\/v2\/pages\/965\/revisions\/1258"}],"wp:attachment":[{"href":"https:\/\/kowalscy.pl\/de\/wp-json\/wp\/v2\/media?parent=965"}],"curies":[{"name":"wp","href":"https:\/\/api.w.org\/{rel}","templated":true}]}}