{"id":972,"date":"2025-01-13T13:44:04","date_gmt":"2025-01-13T12:44:04","guid":{"rendered":"https:\/\/kowalscy.pl\/okna-skrzynkowe\/"},"modified":"2025-01-17T11:23:01","modified_gmt":"2025-01-17T10:23:01","slug":"okna-skrzynkowe","status":"publish","type":"page","link":"https:\/\/kowalscy.pl\/de\/produkty\/okna\/okna-skrzynkowe\/","title":{"rendered":"Kastenfenster"},"content":{"rendered":"<!--themify_builder_content-->\n<div id=\"themify_builder_content-972\" data-postid=\"972\" class=\"themify_builder_content themify_builder_content-972 themify_builder tf_clear\">\n                    <div  data-lazy=\"1\" class=\"module_row themify_builder_row tb_46fv617 tb_first tf_w\">\n                        <div class=\"row_inner col_align_top tb_col_count_1 tf_box tf_rel\">\n                        <div  data-lazy=\"1\" class=\"module_column tb-column col-full tb_bbdv617 first\">\n                    <!-- Breadcrumbs module -->\n<div  class=\"module module-breadcrumbs tb_mpvk617 \" data-lazy=\"1\">\n\t<nav role=\"navigation\" aria-label=\"Breadcrumbs\" class=\"tbp_breadcrumb_trail\"><ul class=\"tbp_trail_items\" itemscope itemtype=\"http:\/\/schema.org\/BreadcrumbList\"><meta name=\"numberOfItems\" content=\"1\" \/><meta name=\"itemListOrder\" content=\"Ascending\" \/><li itemprop=\"itemListElement\" itemscope itemtype=\"https:\/\/schema.org\/ListItem\" class=\"tbp_trail_item tbp_trail_end\"><a itemprop=\"item\" href=\"https:\/\/kowalscy.pl\/de\/\" rel=\"home\"><span itemprop=\"name\">Strona g\u0142\u00f3wna<\/span><\/a><meta itemprop=\"position\" content=\"1\" \/><\/li><\/ul><\/nav><\/div><!-- \/Breadcrumbs module -->\n<!-- module text -->\n<div  class=\"module module-text tb_e1d1618   \" data-lazy=\"1\">\n        <div  class=\"tb_text_wrap\">\n        <h1>Kastenfenster<\/h1>\n<h3>Bew\u00e4hrte Konstruktion<\/h3>    <\/div>\n<\/div>\n<!-- \/module text --><!-- module divider -->\n<div  class=\"module tf_mw module-divider tb_e3mw618 solid  divider-custom divider-center\" style=\"border-width: 3px;border-color: #5c706e;max-width: 200px;\" data-lazy=\"1\">\n    <\/div>\n<!-- \/module divider -->\n<!-- module text -->\n<div  class=\"module module-text tb_ocl8618   \" data-lazy=\"1\">\n        <div  class=\"tb_text_wrap\">\n        <section class=\"wrapper style4 container text-center\">\n<div class=\"content\">\n<section class=\"product-intro\">\n<div>\n<p>Kastenfenster sind seit Langem bekannt. Sie wurden im 19. Jahrhundert und bis zur Mitte des 20. Jahrhunderts weit verbreitet eingebaut. Die heutigen Technologien erm\u00f6glichen eine sehr gute W\u00e4rme- und Schalld\u00e4mmung. Dieser Fenstertyp eignet sich hervorragend f\u00fcr Geb\u00e4ude, die unter Denkmalschutz stehen.    <\/p>\n<\/div>\n<\/section>\n<\/div>\n<\/section>\n<section class=\"wrapper style4 container text-center\">\n<div class=\"content\">\n<section><img decoding=\"async\" src=\"https:\/\/kowalscy.pl\/wp-content\/uploads\/2014\/10\/skrzynkowe-przekroje.png\" alt=\"\">\n<h2>Querschnitte von Kastenfenstern<\/h2>\n<p>A \u2013 Isolierglas auf der Au\u00dfenseite des Fensters<\/p>\n<p>B \u2013 Isolierglas auf der Innenseite des Fensters<\/p>\n<p>C \u2013 Zwei Floatglasscheiben<\/p>\n<\/section>\n<\/div>\n<\/section>\n<section class=\"wrapper style5 container text-center\">\n<div class=\"content\">\n<h2>detale<\/h2>\n<section class=\"line-gallery\"><a href=\"https:\/\/kowalscy.pl\/wp-content\/uploads\/2014\/10\/IMG_3401.jpg\" data-lightbox=\"product-section-gallery-gallery\" data-title=\"1.\"><img decoding=\"async\" src=\"https:\/\/kowalscy.pl\/wp-content\/uploads\/2014\/10\/IMG_3401-300x225.jpg\" alt=\"1.\"><\/a> <a href=\"https:\/\/kowalscy.pl\/wp-content\/uploads\/2014\/10\/IMG_3397-768x1024.jpg\" data-lightbox=\"product-section-gallery-gallery\" data-title=\"2.\"><img decoding=\"async\" src=\"https:\/\/kowalscy.pl\/wp-content\/uploads\/2014\/10\/IMG_3397-225x300.jpg\" alt=\"2.\"><\/a> <a href=\"https:\/\/kowalscy.pl\/wp-content\/uploads\/2014\/10\/IMG_3403.jpg\" data-lightbox=\"product-section-gallery-gallery\" data-title=\"3.\"><img decoding=\"async\" src=\"https:\/\/kowalscy.pl\/wp-content\/uploads\/2014\/10\/IMG_3403-300x225.jpg\" alt=\"3.\"><\/a> <a href=\"https:\/\/kowalscy.pl\/wp-content\/uploads\/2014\/10\/IMG_3396.jpg\" data-lightbox=\"product-section-gallery-gallery\" data-title=\"4.\"><img decoding=\"async\" src=\"https:\/\/kowalscy.pl\/wp-content\/uploads\/2014\/10\/IMG_3396-300x225.jpg\" alt=\"4.\"><\/a><\/section>\n<\/div>\n<\/section>    <\/div>\n<\/div>\n<!-- \/module text -->        <\/div>\n                        <\/div>\n        <\/div>\n        <\/div>\n<!--\/themify_builder_content-->","protected":false},"excerpt":{"rendered":"<p>Kastenfenster Bew\u00e4hrte Konstruktion<\/p>\n","protected":false},"author":1,"featured_media":0,"parent":994,"menu_order":0,"comment_status":"closed","ping_status":"closed","template":"","meta":{"_acf_changed":false,"footnotes":""},"class_list":["post-972","page","type-page","status-publish","hentry","has-post-title","has-post-date","has-post-category","has-post-tag","has-post-comment","has-post-author",""],"acf":[],"builder_content":"<h1>Kastenfenster<\/h1> <h3>Bew\u00e4hrte Konstruktion<\/h3>\n\n<section>\n<section>\n<p>Kastenfenster sind seit Langem bekannt. Sie wurden im 19. Jahrhundert und bis zur Mitte des 20. Jahrhunderts weit verbreitet eingebaut. Die heutigen Technologien erm\u00f6glichen eine sehr gute W\u00e4rme- und Schalld\u00e4mmung. Dieser Fenstertyp eignet sich hervorragend f\u00fcr Geb\u00e4ude, die unter Denkmalschutz stehen. <\/p>\n<\/section>\n<\/section> <section>\n<section><img decoding=\"async\" src=\"https:\/\/kowalscy.pl\/wp-content\/uploads\/2014\/10\/skrzynkowe-przekroje.png\" alt=\"\"> <h2>Querschnitte von Kastenfenstern<\/h2> <p>A \u2013 Isolierglas auf der Au\u00dfenseite des Fensters<\/p> <p>B \u2013 Isolierglas auf der Innenseite des Fensters<\/p> <p>C \u2013 Zwei Floatglasscheiben<\/p> <\/section>\n<\/section> <section>\n<h2>detale<\/h2> <section><a href=\"https:\/\/kowalscy.pl\/wp-content\/uploads\/2014\/10\/IMG_3401.jpg\" data-lightbox=\"product-section-gallery-gallery\" data-title=\"1.\"><img decoding=\"async\" src=\"https:\/\/kowalscy.pl\/wp-content\/uploads\/2014\/10\/IMG_3401-300x225.jpg\" alt=\"1.\"><\/a> <a href=\"https:\/\/kowalscy.pl\/wp-content\/uploads\/2014\/10\/IMG_3397-768x1024.jpg\" data-lightbox=\"product-section-gallery-gallery\" data-title=\"2.\"><img decoding=\"async\" src=\"https:\/\/kowalscy.pl\/wp-content\/uploads\/2014\/10\/IMG_3397-225x300.jpg\" alt=\"2.\"><\/a> <a href=\"https:\/\/kowalscy.pl\/wp-content\/uploads\/2014\/10\/IMG_3403.jpg\" data-lightbox=\"product-section-gallery-gallery\" data-title=\"3.\"><img decoding=\"async\" src=\"https:\/\/kowalscy.pl\/wp-content\/uploads\/2014\/10\/IMG_3403-300x225.jpg\" alt=\"3.\"><\/a> <a href=\"https:\/\/kowalscy.pl\/wp-content\/uploads\/2014\/10\/IMG_3396.jpg\" data-lightbox=\"product-section-gallery-gallery\" data-title=\"4.\"><img decoding=\"async\" src=\"https:\/\/kowalscy.pl\/wp-content\/uploads\/2014\/10\/IMG_3396-300x225.jpg\" alt=\"4.\"><\/a><\/section>\n<\/section>","_links":{"self":[{"href":"https:\/\/kowalscy.pl\/de\/wp-json\/wp\/v2\/pages\/972","targetHints":{"allow":["GET"]}}],"collection":[{"href":"https:\/\/kowalscy.pl\/de\/wp-json\/wp\/v2\/pages"}],"about":[{"href":"https:\/\/kowalscy.pl\/de\/wp-json\/wp\/v2\/types\/page"}],"author":[{"embeddable":true,"href":"https:\/\/kowalscy.pl\/de\/wp-json\/wp\/v2\/users\/1"}],"replies":[{"embeddable":true,"href":"https:\/\/kowalscy.pl\/de\/wp-json\/wp\/v2\/comments?post=972"}],"version-history":[{"count":4,"href":"https:\/\/kowalscy.pl\/de\/wp-json\/wp\/v2\/pages\/972\/revisions"}],"predecessor-version":[{"id":978,"href":"https:\/\/kowalscy.pl\/de\/wp-json\/wp\/v2\/pages\/972\/revisions\/978"}],"up":[{"embeddable":true,"href":"https:\/\/kowalscy.pl\/de\/wp-json\/wp\/v2\/pages\/994"}],"wp:attachment":[{"href":"https:\/\/kowalscy.pl\/de\/wp-json\/wp\/v2\/media?parent=972"}],"curies":[{"name":"wp","href":"https:\/\/api.w.org\/{rel}","templated":true}]}}