{"id":979,"date":"2025-01-10T14:57:43","date_gmt":"2025-01-10T13:57:43","guid":{"rendered":"https:\/\/kowalscy.pl\/konserwacja\/"},"modified":"2025-01-10T14:57:43","modified_gmt":"2025-01-10T13:57:43","slug":"konserwacja","status":"publish","type":"page","link":"https:\/\/kowalscy.pl\/de\/produkty\/akcesoria\/konserwacja\/","title":{"rendered":"Konserwacja"},"content":{"rendered":"<!--themify_builder_content-->\n<div id=\"themify_builder_content-979\" data-postid=\"979\" class=\"themify_builder_content themify_builder_content-979 themify_builder tf_clear\">\n                    <div  data-lazy=\"1\" class=\"module_row themify_builder_row tb_i6xr604 tb_first tf_w\">\n                        <div class=\"row_inner col_align_top tb_col_count_1 tf_box tf_rel\">\n                        <div  data-lazy=\"1\" class=\"module_column tb-column col-full tb_56y0604 first\">\n                    <!-- Breadcrumbs module -->\n<div  class=\"module module-breadcrumbs tb_j6k2604 \" data-lazy=\"1\">\n\t<nav role=\"navigation\" aria-label=\"Breadcrumbs\" class=\"tbp_breadcrumb_trail\"><ul class=\"tbp_trail_items\" itemscope itemtype=\"http:\/\/schema.org\/BreadcrumbList\"><meta name=\"numberOfItems\" content=\"1\" \/><meta name=\"itemListOrder\" content=\"Ascending\" \/><li itemprop=\"itemListElement\" itemscope itemtype=\"https:\/\/schema.org\/ListItem\" class=\"tbp_trail_item tbp_trail_end\"><a itemprop=\"item\" href=\"https:\/\/kowalscy.pl\/de\/\" rel=\"home\"><span itemprop=\"name\">Strona g\u0142\u00f3wna<\/span><\/a><meta itemprop=\"position\" content=\"1\" \/><\/li><\/ul><\/nav><\/div><!-- \/Breadcrumbs module -->\n<!-- module text -->\n<div  class=\"module module-text tb_dz4d604   \" data-lazy=\"1\">\n        <div  class=\"tb_text_wrap\">\n        <h1>Konserwacja<\/h1>    <\/div>\n<\/div>\n<!-- \/module text --><!-- module divider -->\n<div  class=\"module tf_mw module-divider tb_nzqg604 solid  divider-custom divider-center\" style=\"border-width: 3px;border-color: #5c706e;max-width: 200px;\" data-lazy=\"1\">\n    <\/div>\n<!-- \/module divider -->\n<!-- module text -->\n<div  class=\"module module-text tb_f8lq604   \" data-lazy=\"1\">\n        <div  class=\"tb_text_wrap\">\n        <p><strong>Renowacja okien drewnianych<\/strong>\u00a0musi by\u0107 powtarzana w odpowiednim dla ka\u017cdego okna cyklu, w\u00f3wczas mo\u017cemy by\u0107 pewni, \u017ce korzysta\u0107 z nich b\u0119d\u0105 pokolenia.<\/p>    <\/div>\n<\/div>\n<!-- \/module text --><!-- module image -->\n<div  class=\"module module-image tb_zucc968 image-top   tf_mw\" data-lazy=\"1\">\n        <div class=\"image-wrap tf_rel tf_mw\">\n            <img loading=\"lazy\" decoding=\"async\" width=\"551\" height=\"430\" src=\"https:\/\/kowalscy.pl\/wp-content\/uploads\/2025\/01\/konserwacja-intro.png\" class=\"wp-post-image wp-image-910\" title=\"konserwacja-intro\" alt=\"konserwacja-intro\" srcset=\"https:\/\/kowalscy.pl\/wp-content\/uploads\/2025\/01\/konserwacja-intro.png 551w, https:\/\/kowalscy.pl\/wp-content\/uploads\/2025\/01\/konserwacja-intro-300x234.png 300w\" sizes=\"auto, (max-width: 551px) 100vw, 551px\" \/>    \n        <\/div>\n    <!-- \/image-wrap -->\n    \n        <\/div>\n<!-- \/module image -->        <\/div>\n                        <\/div>\n        <\/div>\n        <\/div>\n<!--\/themify_builder_content-->","protected":false},"excerpt":{"rendered":"<p>Konserwacja Renowacja okien drewnianych\u00a0musi by\u0107 powtarzana w odpowiednim dla ka\u017cdego okna cyklu, w\u00f3wczas mo\u017cemy by\u0107 pewni, \u017ce korzysta\u0107 z nich b\u0119d\u0105 pokolenia.<\/p>\n","protected":false},"author":1,"featured_media":0,"parent":984,"menu_order":0,"comment_status":"closed","ping_status":"closed","template":"","meta":{"_acf_changed":false,"footnotes":""},"class_list":["post-979","page","type-page","status-publish","hentry","has-post-title","has-post-date","has-post-category","has-post-tag","has-post-comment","has-post-author",""],"acf":[],"builder_content":"<h1>Konserwacja<\/h1>\n\n<p><strong>Renowacja okien drewnianych<\/strong>\u00a0musi by\u0107 powtarzana w odpowiednim dla ka\u017cdego okna cyklu, w\u00f3wczas mo\u017cemy by\u0107 pewni, \u017ce korzysta\u0107 z nich b\u0119d\u0105 pokolenia.<\/p>\n<img src=\"https:\/\/kowalscy.pl\/wp-content\/uploads\/2025\/01\/konserwacja-intro.png\" title=\"konserwacja-intro\" alt=\"konserwacja-intro\" srcset=\"https:\/\/kowalscy.pl\/wp-content\/uploads\/2025\/01\/konserwacja-intro.png 551w, https:\/\/kowalscy.pl\/wp-content\/uploads\/2025\/01\/konserwacja-intro-300x234.png 300w\" sizes=\"(max-width: 551px) 100vw, 551px\" \/>","_links":{"self":[{"href":"https:\/\/kowalscy.pl\/de\/wp-json\/wp\/v2\/pages\/979","targetHints":{"allow":["GET"]}}],"collection":[{"href":"https:\/\/kowalscy.pl\/de\/wp-json\/wp\/v2\/pages"}],"about":[{"href":"https:\/\/kowalscy.pl\/de\/wp-json\/wp\/v2\/types\/page"}],"author":[{"embeddable":true,"href":"https:\/\/kowalscy.pl\/de\/wp-json\/wp\/v2\/users\/1"}],"replies":[{"embeddable":true,"href":"https:\/\/kowalscy.pl\/de\/wp-json\/wp\/v2\/comments?post=979"}],"version-history":[{"count":0,"href":"https:\/\/kowalscy.pl\/de\/wp-json\/wp\/v2\/pages\/979\/revisions"}],"up":[{"embeddable":true,"href":"https:\/\/kowalscy.pl\/de\/wp-json\/wp\/v2\/pages\/984"}],"wp:attachment":[{"href":"https:\/\/kowalscy.pl\/de\/wp-json\/wp\/v2\/media?parent=979"}],"curies":[{"name":"wp","href":"https:\/\/api.w.org\/{rel}","templated":true}]}}