{"id":980,"date":"2025-01-10T14:57:20","date_gmt":"2025-01-10T13:57:20","guid":{"rendered":"https:\/\/kowalscy.pl\/klamki\/"},"modified":"2025-01-10T14:57:20","modified_gmt":"2025-01-10T13:57:20","slug":"klamki","status":"publish","type":"page","link":"https:\/\/kowalscy.pl\/de\/produkty\/akcesoria\/klamki\/","title":{"rendered":"Klamki"},"content":{"rendered":"<!--themify_builder_content-->\n<div id=\"themify_builder_content-980\" data-postid=\"980\" class=\"themify_builder_content themify_builder_content-980 themify_builder tf_clear\">\n                    <div  data-lazy=\"1\" class=\"module_row themify_builder_row tb_m5i1740 tb_first tf_w\">\n                        <div class=\"row_inner col_align_top tb_col_count_1 tf_box tf_rel\">\n                        <div  data-lazy=\"1\" class=\"module_column tb-column col-full tb_5qo0741 first\">\n                    <!-- Breadcrumbs module -->\n<div  class=\"module module-breadcrumbs tb_ljxx741 \" data-lazy=\"1\">\n\t<nav role=\"navigation\" aria-label=\"Breadcrumbs\" class=\"tbp_breadcrumb_trail\"><ul class=\"tbp_trail_items\" itemscope itemtype=\"http:\/\/schema.org\/BreadcrumbList\"><meta name=\"numberOfItems\" content=\"1\" \/><meta name=\"itemListOrder\" content=\"Ascending\" \/><li itemprop=\"itemListElement\" itemscope itemtype=\"https:\/\/schema.org\/ListItem\" class=\"tbp_trail_item tbp_trail_end\"><a itemprop=\"item\" href=\"https:\/\/kowalscy.pl\/de\/\" rel=\"home\"><span itemprop=\"name\">Strona g\u0142\u00f3wna<\/span><\/a><meta itemprop=\"position\" content=\"1\" \/><\/li><\/ul><\/nav><\/div><!-- \/Breadcrumbs module -->\n<!-- module text -->\n<div  class=\"module module-text tb_7ivh741   \" data-lazy=\"1\">\n        <div  class=\"tb_text_wrap\">\n        <h1>Klamki<\/h1>    <\/div>\n<\/div>\n<!-- \/module text --><!-- module divider -->\n<div  class=\"module tf_mw module-divider tb_89tb741 solid  divider-custom divider-center\" style=\"border-width: 3px;border-color: #5c706e;max-width: 200px;\" data-lazy=\"1\">\n    <\/div>\n<!-- \/module divider -->\n<!-- module text -->\n<div  class=\"module module-text tb_jg4j741   \" data-lazy=\"1\">\n        <div  class=\"tb_text_wrap\">\n        <p>Drzwi, czy okna nie b\u0119d\u0105 mia\u0142y \u017cadnej warto\u015bci bez klamki. Czasem prostej spe\u0142niaj\u0105cej tylko swoj\u0105 funkcj\u0119 u\u017cytkow\u0105, ale cz\u0119sto maj\u0105cej wa\u017cn\u0105 rol\u0119 dekoracyjn\u0105. Ergonomia, trwa\u0142o\u015b\u0107, estetyka to istota oferowanych przez nas klamek renomowanych firm. Posiadamy kilkaset wzor\u00f3w od tradycyjnych po najnowocze\u015bniejsze, wszystkie wykonane z najwy\u017cszej jako\u015bci materia\u0142\u00f3w.<\/p>    <\/div>\n<\/div>\n<!-- \/module text --><!-- module image -->\n<div  class=\"module module-image tb_c9o9737 image-top   tf_mw\" data-lazy=\"1\">\n        <div class=\"image-wrap tf_rel tf_mw\">\n            <img loading=\"lazy\" decoding=\"async\" width=\"800\" height=\"375\" src=\"https:\/\/kowalscy.pl\/wp-content\/uploads\/2025\/01\/klamki.jpg\" class=\"wp-post-image wp-image-892\" title=\"klamki\" alt=\"klamki\" srcset=\"https:\/\/kowalscy.pl\/wp-content\/uploads\/2025\/01\/klamki.jpg 800w, https:\/\/kowalscy.pl\/wp-content\/uploads\/2025\/01\/klamki-300x141.jpg 300w, https:\/\/kowalscy.pl\/wp-content\/uploads\/2025\/01\/klamki-768x360.jpg 768w\" sizes=\"auto, (max-width: 800px) 100vw, 800px\" \/>    \n        <\/div>\n    <!-- \/image-wrap -->\n    \n        <\/div>\n<!-- \/module image -->        <\/div>\n                        <\/div>\n        <\/div>\n        <\/div>\n<!--\/themify_builder_content-->","protected":false},"excerpt":{"rendered":"<p>Klamki Drzwi, czy okna nie b\u0119d\u0105 mia\u0142y \u017cadnej warto\u015bci bez klamki. Czasem prostej spe\u0142niaj\u0105cej tylko swoj\u0105 funkcj\u0119 u\u017cytkow\u0105, ale cz\u0119sto maj\u0105cej wa\u017cn\u0105 rol\u0119 dekoracyjn\u0105. Ergonomia, trwa\u0142o\u015b\u0107, estetyka to istota oferowanych przez nas klamek renomowanych firm. Posiadamy kilkaset wzor\u00f3w od tradycyjnych po najnowocze\u015bniejsze, wszystkie wykonane z najwy\u017cszej jako\u015bci materia\u0142\u00f3w.<\/p>\n","protected":false},"author":1,"featured_media":0,"parent":984,"menu_order":0,"comment_status":"closed","ping_status":"closed","template":"","meta":{"_acf_changed":false,"footnotes":""},"class_list":["post-980","page","type-page","status-publish","hentry","has-post-title","has-post-date","has-post-category","has-post-tag","has-post-comment","has-post-author",""],"acf":[],"builder_content":"<h1>Klamki<\/h1>\n\n<p>Drzwi, czy okna nie b\u0119d\u0105 mia\u0142y \u017cadnej warto\u015bci bez klamki. Czasem prostej spe\u0142niaj\u0105cej tylko swoj\u0105 funkcj\u0119 u\u017cytkow\u0105, ale cz\u0119sto maj\u0105cej wa\u017cn\u0105 rol\u0119 dekoracyjn\u0105. Ergonomia, trwa\u0142o\u015b\u0107, estetyka to istota oferowanych przez nas klamek renomowanych firm. Posiadamy kilkaset wzor\u00f3w od tradycyjnych po najnowocze\u015bniejsze, wszystkie wykonane z najwy\u017cszej jako\u015bci materia\u0142\u00f3w.<\/p>\n<img src=\"https:\/\/kowalscy.pl\/wp-content\/uploads\/2025\/01\/klamki.jpg\" title=\"klamki\" alt=\"klamki\" srcset=\"https:\/\/kowalscy.pl\/wp-content\/uploads\/2025\/01\/klamki.jpg 800w, https:\/\/kowalscy.pl\/wp-content\/uploads\/2025\/01\/klamki-300x141.jpg 300w, https:\/\/kowalscy.pl\/wp-content\/uploads\/2025\/01\/klamki-768x360.jpg 768w\" sizes=\"(max-width: 800px) 100vw, 800px\" \/>","_links":{"self":[{"href":"https:\/\/kowalscy.pl\/de\/wp-json\/wp\/v2\/pages\/980","targetHints":{"allow":["GET"]}}],"collection":[{"href":"https:\/\/kowalscy.pl\/de\/wp-json\/wp\/v2\/pages"}],"about":[{"href":"https:\/\/kowalscy.pl\/de\/wp-json\/wp\/v2\/types\/page"}],"author":[{"embeddable":true,"href":"https:\/\/kowalscy.pl\/de\/wp-json\/wp\/v2\/users\/1"}],"replies":[{"embeddable":true,"href":"https:\/\/kowalscy.pl\/de\/wp-json\/wp\/v2\/comments?post=980"}],"version-history":[{"count":0,"href":"https:\/\/kowalscy.pl\/de\/wp-json\/wp\/v2\/pages\/980\/revisions"}],"up":[{"embeddable":true,"href":"https:\/\/kowalscy.pl\/de\/wp-json\/wp\/v2\/pages\/984"}],"wp:attachment":[{"href":"https:\/\/kowalscy.pl\/de\/wp-json\/wp\/v2\/media?parent=980"}],"curies":[{"name":"wp","href":"https:\/\/api.w.org\/{rel}","templated":true}]}}