{"id":981,"date":"2025-01-10T14:57:02","date_gmt":"2025-01-10T13:57:02","guid":{"rendered":"https:\/\/kowalscy.pl\/witraze\/"},"modified":"2025-01-10T14:57:02","modified_gmt":"2025-01-10T13:57:02","slug":"witraze","status":"publish","type":"page","link":"https:\/\/kowalscy.pl\/de\/produkty\/akcesoria\/witraze\/","title":{"rendered":"Witra\u017ce"},"content":{"rendered":"<!--themify_builder_content-->\n<div id=\"themify_builder_content-981\" data-postid=\"981\" class=\"themify_builder_content themify_builder_content-981 themify_builder tf_clear\">\n                    <div  data-lazy=\"1\" class=\"module_row themify_builder_row tb_8tsn155 tb_first tf_w\">\n                        <div class=\"row_inner col_align_top tb_col_count_1 tf_box tf_rel\">\n                        <div  data-lazy=\"1\" class=\"module_column tb-column col-full tb_kbaf155 first\">\n                    <!-- Breadcrumbs module -->\n<div  class=\"module module-breadcrumbs tb_um2a156 \" data-lazy=\"1\">\n\t<nav role=\"navigation\" aria-label=\"Breadcrumbs\" class=\"tbp_breadcrumb_trail\"><ul class=\"tbp_trail_items\" itemscope itemtype=\"http:\/\/schema.org\/BreadcrumbList\"><meta name=\"numberOfItems\" content=\"1\" \/><meta name=\"itemListOrder\" content=\"Ascending\" \/><li itemprop=\"itemListElement\" itemscope itemtype=\"https:\/\/schema.org\/ListItem\" class=\"tbp_trail_item tbp_trail_end\"><a itemprop=\"item\" href=\"https:\/\/kowalscy.pl\/de\/\" rel=\"home\"><span itemprop=\"name\">Strona g\u0142\u00f3wna<\/span><\/a><meta itemprop=\"position\" content=\"1\" \/><\/li><\/ul><\/nav><\/div><!-- \/Breadcrumbs module -->\n<!-- module text -->\n<div  class=\"module module-text tb_abx6156   \" data-lazy=\"1\">\n        <div  class=\"tb_text_wrap\">\n        <h1>Witra\u017ce<\/h1>    <\/div>\n<\/div>\n<!-- \/module text --><!-- module divider -->\n<div  class=\"module tf_mw module-divider tb_is6f156 solid  divider-custom divider-center\" style=\"border-width: 3px;border-color: #5c706e;max-width: 200px;\" data-lazy=\"1\">\n    <\/div>\n<!-- \/module divider -->\n<!-- module text -->\n<div  class=\"module module-text tb_x2jr156   \" data-lazy=\"1\">\n        <div  class=\"tb_text_wrap\">\n        <section class=\"wrapper style4 container text-center\">\n<div class=\"content\">\n<section class=\"product-intro\"><img decoding=\"async\" src=\"https:\/\/kowalscy.pl\/wp-content\/uploads\/2014\/11\/akcesoria-witraze.jpg\" alt=\"\">\n<div>\n<p>Witra\u017c jest cz\u0119sto stosowanym dodatkiem do produkcji naszych drzwi zewn\u0119trznych, wewn\u0119trznych i okien. Detal ale nie bez znaczenia. Jest elementem ozdobnym i \u017ar\u00f3d\u0142em \u015bwiat\u0142a a przez odpowiednio dobrane szk\u0142o (kolor i faktura) pozwala uzyska\u0107 niepowtarzalne efekty.<\/p>\n<\/div>\n<\/section>\n<\/div>\n<\/section>\n<section class=\"wrapper style5 container text-center\">\n<div class=\"content\">\n<h2>Przyk\u0142adowe realizacje<\/h2>\n<section class=\"line-gallery\"><a href=\"https:\/\/kowalscy.pl\/wp-content\/uploads\/2014\/11\/WD-P1010045p-okna-1012x1024.jpg\" data-lightbox=\"product-section-gallery-gallery\" data-title=\"2.\"><img decoding=\"async\" src=\"https:\/\/kowalscy.pl\/wp-content\/uploads\/2014\/11\/WD-P1010045p-okna-296x300.jpg\" alt=\"2.\"><\/a>\u00a0<a href=\"https:\/\/kowalscy.pl\/wp-content\/uploads\/2014\/11\/WD-P1010046p-okna-974x1024.jpg\" data-lightbox=\"product-section-gallery-gallery\" data-title=\"3.\"><img decoding=\"async\" src=\"https:\/\/kowalscy.pl\/wp-content\/uploads\/2014\/11\/WD-P1010046p-okna-285x300.jpg\" alt=\"3.\"><\/a>\u00a0<a href=\"https:\/\/kowalscy.pl\/wp-content\/uploads\/2014\/11\/OZ_1-612x1024.jpg\" data-lightbox=\"product-section-gallery-gallery\" data-title=\"4.\"><img decoding=\"async\" src=\"https:\/\/kowalscy.pl\/wp-content\/uploads\/2014\/11\/OZ_1-179x300.jpg\" alt=\"4.\"><\/a>\u00a0<a href=\"https:\/\/kowalscy.pl\/wp-content\/uploads\/2014\/11\/P1010251-580x1024.jpg\" data-lightbox=\"product-section-gallery-gallery\" data-title=\"5.\"><img decoding=\"async\" src=\"https:\/\/kowalscy.pl\/wp-content\/uploads\/2014\/11\/P1010251-169x300.jpg\" alt=\"5.\"><\/a>\u00a0<a href=\"https:\/\/kowalscy.pl\/wp-content\/uploads\/2014\/11\/535.jpg\" data-lightbox=\"product-section-gallery-gallery\" data-title=\"6.\"><img decoding=\"async\" src=\"https:\/\/kowalscy.pl\/wp-content\/uploads\/2014\/11\/535-283x300.jpg\" alt=\"6.\"><\/a>\u00a0<a href=\"https:\/\/kowalscy.pl\/wp-content\/uploads\/2014\/10\/ZW201-910x1024.jpg\" data-lightbox=\"product-section-gallery-gallery\" data-title=\"7.\"><img decoding=\"async\" src=\"https:\/\/kowalscy.pl\/wp-content\/uploads\/2014\/10\/ZW201-266x300.jpg\" alt=\"7.\"><\/a>\u00a0<a href=\"https:\/\/kowalscy.pl\/wp-content\/uploads\/2014\/10\/ZW99-891x1024.jpg\" data-lightbox=\"product-section-gallery-gallery\" data-title=\"8.\"><img decoding=\"async\" src=\"https:\/\/kowalscy.pl\/wp-content\/uploads\/2014\/10\/ZW99-261x300.jpg\" alt=\"8.\"><\/a>\u00a0<a href=\"https:\/\/kowalscy.pl\/wp-content\/uploads\/2014\/10\/ZW104-689x1024.jpg\" data-lightbox=\"product-section-gallery-gallery\" data-title=\"9.\"><img decoding=\"async\" src=\"https:\/\/kowalscy.pl\/wp-content\/uploads\/2014\/10\/ZW104-201x300.jpg\" alt=\"9.\"><\/a><\/section>\n<\/div>\n<\/section>    <\/div>\n<\/div>\n<!-- \/module text -->        <\/div>\n                        <\/div>\n        <\/div>\n        <\/div>\n<!--\/themify_builder_content-->","protected":false},"excerpt":{"rendered":"<p>Witra\u017ce Witra\u017c jest cz\u0119sto stosowanym dodatkiem do produkcji naszych drzwi zewn\u0119trznych, wewn\u0119trznych i okien. Detal ale nie bez znaczenia. Jest elementem ozdobnym i \u017ar\u00f3d\u0142em \u015bwiat\u0142a a przez odpowiednio dobrane szk\u0142o (kolor i faktura) pozwala uzyska\u0107 niepowtarzalne efekty. Przyk\u0142adowe realizacje \u00a0\u00a0\u00a0\u00a0\u00a0\u00a0\u00a0<\/p>\n","protected":false},"author":1,"featured_media":0,"parent":984,"menu_order":0,"comment_status":"closed","ping_status":"closed","template":"","meta":{"_acf_changed":false,"footnotes":""},"class_list":["post-981","page","type-page","status-publish","hentry","has-post-title","has-post-date","has-post-category","has-post-tag","has-post-comment","has-post-author",""],"acf":[],"builder_content":"<h1>Witra\u017ce<\/h1>\n\n<section>\n<section><img decoding=\"async\" src=\"https:\/\/kowalscy.pl\/wp-content\/uploads\/2014\/11\/akcesoria-witraze.jpg\" alt=\"\">\n<p>Witra\u017c jest cz\u0119sto stosowanym dodatkiem do produkcji naszych drzwi zewn\u0119trznych, wewn\u0119trznych i okien. Detal ale nie bez znaczenia. Jest elementem ozdobnym i \u017ar\u00f3d\u0142em \u015bwiat\u0142a a przez odpowiednio dobrane szk\u0142o (kolor i faktura) pozwala uzyska\u0107 niepowtarzalne efekty.<\/p>\n<\/section>\n<\/section> <section>\n<h2>Przyk\u0142adowe realizacje<\/h2> <section><a href=\"https:\/\/kowalscy.pl\/wp-content\/uploads\/2014\/11\/WD-P1010045p-okna-1012x1024.jpg\" data-lightbox=\"product-section-gallery-gallery\" data-title=\"2.\"><img decoding=\"async\" src=\"https:\/\/kowalscy.pl\/wp-content\/uploads\/2014\/11\/WD-P1010045p-okna-296x300.jpg\" alt=\"2.\"><\/a>\u00a0<a href=\"https:\/\/kowalscy.pl\/wp-content\/uploads\/2014\/11\/WD-P1010046p-okna-974x1024.jpg\" data-lightbox=\"product-section-gallery-gallery\" data-title=\"3.\"><img decoding=\"async\" src=\"https:\/\/kowalscy.pl\/wp-content\/uploads\/2014\/11\/WD-P1010046p-okna-285x300.jpg\" alt=\"3.\"><\/a>\u00a0<a href=\"https:\/\/kowalscy.pl\/wp-content\/uploads\/2014\/11\/OZ_1-612x1024.jpg\" data-lightbox=\"product-section-gallery-gallery\" data-title=\"4.\"><img decoding=\"async\" src=\"https:\/\/kowalscy.pl\/wp-content\/uploads\/2014\/11\/OZ_1-179x300.jpg\" alt=\"4.\"><\/a>\u00a0<a href=\"https:\/\/kowalscy.pl\/wp-content\/uploads\/2014\/11\/P1010251-580x1024.jpg\" data-lightbox=\"product-section-gallery-gallery\" data-title=\"5.\"><img decoding=\"async\" src=\"https:\/\/kowalscy.pl\/wp-content\/uploads\/2014\/11\/P1010251-169x300.jpg\" alt=\"5.\"><\/a>\u00a0<a href=\"https:\/\/kowalscy.pl\/wp-content\/uploads\/2014\/11\/535.jpg\" data-lightbox=\"product-section-gallery-gallery\" data-title=\"6.\"><img decoding=\"async\" src=\"https:\/\/kowalscy.pl\/wp-content\/uploads\/2014\/11\/535-283x300.jpg\" alt=\"6.\"><\/a>\u00a0<a href=\"https:\/\/kowalscy.pl\/wp-content\/uploads\/2014\/10\/ZW201-910x1024.jpg\" data-lightbox=\"product-section-gallery-gallery\" data-title=\"7.\"><img decoding=\"async\" src=\"https:\/\/kowalscy.pl\/wp-content\/uploads\/2014\/10\/ZW201-266x300.jpg\" alt=\"7.\"><\/a>\u00a0<a href=\"https:\/\/kowalscy.pl\/wp-content\/uploads\/2014\/10\/ZW99-891x1024.jpg\" data-lightbox=\"product-section-gallery-gallery\" data-title=\"8.\"><img decoding=\"async\" src=\"https:\/\/kowalscy.pl\/wp-content\/uploads\/2014\/10\/ZW99-261x300.jpg\" alt=\"8.\"><\/a>\u00a0<a href=\"https:\/\/kowalscy.pl\/wp-content\/uploads\/2014\/10\/ZW104-689x1024.jpg\" data-lightbox=\"product-section-gallery-gallery\" data-title=\"9.\"><img decoding=\"async\" src=\"https:\/\/kowalscy.pl\/wp-content\/uploads\/2014\/10\/ZW104-201x300.jpg\" alt=\"9.\"><\/a><\/section>\n<\/section>","_links":{"self":[{"href":"https:\/\/kowalscy.pl\/de\/wp-json\/wp\/v2\/pages\/981","targetHints":{"allow":["GET"]}}],"collection":[{"href":"https:\/\/kowalscy.pl\/de\/wp-json\/wp\/v2\/pages"}],"about":[{"href":"https:\/\/kowalscy.pl\/de\/wp-json\/wp\/v2\/types\/page"}],"author":[{"embeddable":true,"href":"https:\/\/kowalscy.pl\/de\/wp-json\/wp\/v2\/users\/1"}],"replies":[{"embeddable":true,"href":"https:\/\/kowalscy.pl\/de\/wp-json\/wp\/v2\/comments?post=981"}],"version-history":[{"count":0,"href":"https:\/\/kowalscy.pl\/de\/wp-json\/wp\/v2\/pages\/981\/revisions"}],"up":[{"embeddable":true,"href":"https:\/\/kowalscy.pl\/de\/wp-json\/wp\/v2\/pages\/984"}],"wp:attachment":[{"href":"https:\/\/kowalscy.pl\/de\/wp-json\/wp\/v2\/media?parent=981"}],"curies":[{"name":"wp","href":"https:\/\/api.w.org\/{rel}","templated":true}]}}