{"id":984,"date":"2025-01-10T14:56:11","date_gmt":"2025-01-10T13:56:11","guid":{"rendered":"https:\/\/kowalscy.pl\/akcesoria\/"},"modified":"2025-01-10T14:56:11","modified_gmt":"2025-01-10T13:56:11","slug":"akcesoria","status":"publish","type":"page","link":"https:\/\/kowalscy.pl\/de\/produkty\/akcesoria\/","title":{"rendered":"Akcesoria"},"content":{"rendered":"<!--themify_builder_content-->\n<div id=\"themify_builder_content-984\" data-postid=\"984\" class=\"themify_builder_content themify_builder_content-984 themify_builder tf_clear\">\n                    <div  data-lazy=\"1\" class=\"module_row themify_builder_row tb_sxmp576 tb_first tf_w\">\n                        <div class=\"row_inner col_align_top tb_col_count_1 tf_box tf_rel\">\n                        <div  data-lazy=\"1\" class=\"module_column tb-column col-full tb_ed40576 first\">\n                    <!-- Breadcrumbs module -->\n<div  class=\"module module-breadcrumbs tb_z7p9576 \" data-lazy=\"1\">\n\t<nav role=\"navigation\" aria-label=\"Breadcrumbs\" class=\"tbp_breadcrumb_trail\"><ul class=\"tbp_trail_items\" itemscope itemtype=\"http:\/\/schema.org\/BreadcrumbList\"><meta name=\"numberOfItems\" content=\"1\" \/><meta name=\"itemListOrder\" content=\"Ascending\" \/><li itemprop=\"itemListElement\" itemscope itemtype=\"https:\/\/schema.org\/ListItem\" class=\"tbp_trail_item tbp_trail_end\"><a itemprop=\"item\" href=\"https:\/\/kowalscy.pl\/de\/\" rel=\"home\"><span itemprop=\"name\">Strona g\u0142\u00f3wna<\/span><\/a><meta itemprop=\"position\" content=\"1\" \/><\/li><\/ul><\/nav><\/div><!-- \/Breadcrumbs module -->\n<!-- module text -->\n<div  class=\"module module-text tb_2xb2576   \" data-lazy=\"1\">\n        <div  class=\"tb_text_wrap\">\n        <h1>Akcesoria<\/h1>\n<h2><small>Oryginalne dodatki do naszych produkt\u00f3w<\/small><\/h2>    <\/div>\n<\/div>\n<!-- \/module text --><!-- module divider -->\n<div  class=\"module tf_mw module-divider tb_8ms7576 solid  divider-custom divider-center\" style=\"border-width: 3px;border-color: #5c706e;max-width: 200px;\" data-lazy=\"1\">\n    <\/div>\n<!-- \/module divider -->\n<!-- module text -->\n<div  class=\"module module-text tb_g0i4576   \" data-lazy=\"1\">\n        <div  class=\"tb_text_wrap\">\n        <p>Oferujemy szeroki wyb\u00f3r produkt\u00f3w, w tym okna, drzwi, witryny, schody oraz akcesoria, kt\u00f3re \u0142\u0105cz\u0105 estetyk\u0119, funkcjonalno\u015b\u0107 i trwa\u0142o\u015b\u0107. Nasza oferta obejmuje zar\u00f3wno standardowe rozwi\u0105zania, jak i indywidualne projekty, dostosowane do r\u00f3\u017cnych typ\u00f3w budynk\u00f3w, w tym zabytkowych. Znajdziesz u nas produkty najwy\u017cszej jako\u015bci, idealne do ka\u017cdego wn\u0119trza i elewacji.<\/p>    <\/div>\n<\/div>\n<!-- \/module text -->        <div  data-lazy=\"1\" class=\"module_subrow themify_builder_sub_row tf_w col_align_top tb_col_count_3 tb_bal1577\">\n                <div  data-lazy=\"1\" class=\"module_column sub_column col3-1 tb_h4yo577 first\">\n                    <!-- module image -->\n<div  class=\"module module-image tb_519i577 image-center   auto_fullwidth tf_mw\" data-lazy=\"1\">\n        <div class=\"image-wrap tf_rel tf_mw\">\n            <img loading=\"lazy\" decoding=\"async\" src=\"https:\/\/kowalscy.pl\/wp-content\/uploads\/2025\/01\/okiennice-intro-358x258.png\" width=\"358\" height=\"258\" class=\"wp-post-image wp-image-907\" title=\"okiennice-intro\" alt=\"okiennice-intro\">    \n        <\/div>\n    <!-- \/image-wrap -->\n    \n        <\/div>\n<!-- \/module image --><!-- module text -->\n<div  class=\"module module-text tb_xavo577    tb_gs345da\" data-lazy=\"1\">\n        <div  class=\"tb_text_wrap\">\n        <h3>Okiennice<\/h3>\n<p>Okiennice jako dodatkowy element zewn\u0119trzny pe\u0142ni\u0105 rol\u0119 estetyczn\u0105, a tak\u017ce zapewniaj\u0105 pe\u0142n\u0105 prywatno\u015b\u0107 w domu. S\u0105 u\u017cyteczne i eleganckie, dzi\u0119ki czemu nadaj\u0105 si\u0119 nie tylko do mieszka\u0144 o tradycyjnej architekturze, ale r\u00f3wnie\u017c do budynk\u00f3w nowoczesnych, w kt\u00f3rych o\u017cywiaj\u0105 elewacj\u0119. Dzi\u0119ki odpowiednio dobranym okiennicom dom nabiera uroku.\u00a0<br><br><\/p>\n<h4><a href=\"https:\/\/kowalscy.pl\/produkty\/akcesoria\/okiennice\/\">Sprawd\u017a produkty \u2192<\/a><\/h4>    <\/div>\n<\/div>\n<!-- \/module text -->        <\/div>\n                    <div  data-lazy=\"1\" class=\"module_column sub_column col3-1 tb_u594577\">\n                    <!-- module image -->\n<div  class=\"module module-image tb_9qxo577 image-center   tf_mw\" data-lazy=\"1\">\n        <div class=\"image-wrap tf_rel tf_mw\">\n            <img loading=\"lazy\" decoding=\"async\" src=\"https:\/\/kowalscy.pl\/wp-content\/uploads\/2025\/01\/parapety-intro1-358x258.png\" width=\"358\" height=\"258\" class=\"wp-post-image wp-image-908\" title=\"parapety-intro1\" alt=\"parapety-intro1\">    \n        <\/div>\n    <!-- \/image-wrap -->\n    \n        <\/div>\n<!-- \/module image --><!-- module text -->\n<div  class=\"module module-text tb_4l2h577    tb_gs345da\" data-lazy=\"1\">\n        <div  class=\"tb_text_wrap\">\n        <h3><strong>Parapety<\/strong><\/h3>\n<p>Nasze parapety wewn\u0119trzne opr\u00f3cz spe\u0142niania funkcji u\u017cytkowych stanowi\u0105 pi\u0119kny element wystroju wn\u0119trza. Kolorystyka mo\u017ce by\u0107 identyczna z barw\u0105 okien lub mo\u017ce nawi\u0105zywa\u0107 do innych element\u00f3w wystroju wn\u0119trza.<\/p>\n<h4><a href=\"https:\/\/kowalscy.pl\/produkty\/akcesoria\/parapety\/\">Sprawd\u017a produkty \u2192<\/a><\/h4>    <\/div>\n<\/div>\n<!-- \/module text -->        <\/div>\n                    <div  data-lazy=\"1\" class=\"module_column sub_column col3-1 tb_82x0577 last\">\n                    <!-- module image -->\n<div  class=\"module module-image tb_q78x577 image-center   tf_mw\" data-lazy=\"1\">\n        <div class=\"image-wrap tf_rel tf_mw\">\n            <img loading=\"lazy\" decoding=\"async\" src=\"https:\/\/kowalscy.pl\/wp-content\/uploads\/2025\/01\/akcesoria-witraze-358x258.jpg\" width=\"358\" height=\"258\" class=\"wp-post-image wp-image-909\" title=\"akcesoria-witraze\" alt=\"akcesoria-witraze\">    \n        <\/div>\n    <!-- \/image-wrap -->\n    \n        <\/div>\n<!-- \/module image --><!-- module text -->\n<div  class=\"module module-text tb_5g8s577    tb_gs345da\" data-lazy=\"1\">\n        <div  class=\"tb_text_wrap\">\n        <h3><strong>Witra\u017ce<\/strong><\/h3>\n<p>Witra\u017c jest cz\u0119sto stosowanym dodatkiem do produkcji naszych drzwi zewn\u0119trznych, wewn\u0119trznych i okien. Detal ale nie bez znaczenia. Jest elementem ozdobnym i \u017ar\u00f3d\u0142em \u015bwiat\u0142a a przez odpowiednio dobrane szk\u0142o (kolor i faktura) pozwala uzyska\u0107 niepowtarzalne efekty.<\/p>\n<h4><a href=\"https:\/\/kowalscy.pl\/produkty\/akcesoria\/witraze\/\">Sprawd\u017a produkty \u2192<\/a><\/h4>    <\/div>\n<\/div>\n<!-- \/module text -->        <\/div>\n                    <\/div>\n                <div  data-lazy=\"1\" class=\"module_subrow themify_builder_sub_row tf_w col_align_top tb_col_count_2 tb_5bgy577\">\n                <div  data-lazy=\"1\" class=\"module_column sub_column col4-2 tb_jen2577 first\">\n                    <!-- module image -->\n<div  class=\"module module-image tb_s9p1578 image-center   tf_mw\" data-lazy=\"1\">\n        <div class=\"image-wrap tf_rel tf_mw\">\n            <img loading=\"lazy\" decoding=\"async\" src=\"https:\/\/kowalscy.pl\/wp-content\/uploads\/2025\/01\/konserwacja-intro-358x258.png\" width=\"358\" height=\"258\" class=\"wp-post-image wp-image-910\" title=\"konserwacja-intro\" alt=\"konserwacja-intro\">    \n        <\/div>\n    <!-- \/image-wrap -->\n    \n        <\/div>\n<!-- \/module image --><!-- module text -->\n<div  class=\"module module-text tb_ifee578    tb_gs345da\" data-lazy=\"1\">\n        <div  class=\"tb_text_wrap\">\n        <h3>Konserwacja<\/h3>\n<p><strong>Renowacja okien drewnianych<\/strong>\u00a0musi by\u0107 powtarzana w odpowiednim dla ka\u017cdego okna cyklu, w\u00f3wczas mo\u017cemy by\u0107 pewni, \u017ce korzysta\u0107 z nich b\u0119d\u0105 pokolenia.<\/p>\n<h4><a href=\"https:\/\/kowalscy.pl\/produkty\/akcesoria\/konserwacja\/\">Sprawd\u017a produkty \u2192<\/a><\/h4>    <\/div>\n<\/div>\n<!-- \/module text -->        <\/div>\n                    <div  data-lazy=\"1\" class=\"module_column sub_column col4-2 tb_eog2578 last\">\n                    <!-- module image -->\n<div  class=\"module module-image tb_x9vg578 image-center   tf_mw\" data-lazy=\"1\">\n        <div class=\"image-wrap tf_rel tf_mw\">\n            <img loading=\"lazy\" decoding=\"async\" src=\"https:\/\/kowalscy.pl\/wp-content\/uploads\/2025\/01\/klamki-358x258.jpg\" width=\"358\" height=\"258\" class=\"wp-post-image wp-image-892\" title=\"klamki\" alt=\"klamki\">    \n        <\/div>\n    <!-- \/image-wrap -->\n    \n        <\/div>\n<!-- \/module image --><!-- module text -->\n<div  class=\"module module-text tb_3kcn578    tb_gs345da\" data-lazy=\"1\">\n        <div  class=\"tb_text_wrap\">\n        <h3>Klamki<\/h3>\n<p>Drzwi, czy okna nie b\u0119d\u0105 mia\u0142y \u017cadnej warto\u015bci bez klamki. Czasem prostej spe\u0142niaj\u0105cej tylko swoj\u0105 funkcj\u0119 u\u017cytkow\u0105, ale cz\u0119sto maj\u0105cej wa\u017cn\u0105 rol\u0119 dekoracyjn\u0105. Ergonomia, trwa\u0142o\u015b\u0107, estetyka to istota oferowanych przez nas klamek renomowanych firm. Posiadamy kilkaset wzor\u00f3w od tradycyjnych po najnowocze\u015bniejsze, wszystkie wykonane z najwy\u017cszej jako\u015bci materia\u0142\u00f3w.<br><br><\/p>\n<h4><a href=\"https:\/\/kowalscy.pl\/produkty\/akcesoria\/klamki\/\">Sprawd\u017a produkty \u2192<\/a><\/h4>    <\/div>\n<\/div>\n<!-- \/module text -->        <\/div>\n                    <\/div>\n                <\/div>\n                        <\/div>\n        <\/div>\n        <\/div>\n<!--\/themify_builder_content-->","protected":false},"excerpt":{"rendered":"<p>Akcesoria Oryginalne dodatki do naszych produkt\u00f3w Oferujemy szeroki wyb\u00f3r produkt\u00f3w, w tym okna, drzwi, witryny, schody oraz akcesoria, kt\u00f3re \u0142\u0105cz\u0105 estetyk\u0119, funkcjonalno\u015b\u0107 i trwa\u0142o\u015b\u0107. Nasza oferta obejmuje zar\u00f3wno standardowe rozwi\u0105zania, jak i indywidualne projekty, dostosowane do r\u00f3\u017cnych typ\u00f3w budynk\u00f3w, w tym zabytkowych. Znajdziesz u nas produkty najwy\u017cszej jako\u015bci, idealne do ka\u017cdego wn\u0119trza i elewacji. Okiennice [&hellip;]<\/p>\n","protected":false},"author":1,"featured_media":0,"parent":995,"menu_order":0,"comment_status":"closed","ping_status":"closed","template":"","meta":{"_acf_changed":false,"footnotes":""},"class_list":["post-984","page","type-page","status-publish","hentry","has-post-title","has-post-date","has-post-category","has-post-tag","has-post-comment","has-post-author",""],"acf":[],"builder_content":"<h1>Akcesoria<\/h1> <h2><small>Oryginalne dodatki do naszych produkt\u00f3w<\/small><\/h2>\n\n<p>Oferujemy szeroki wyb\u00f3r produkt\u00f3w, w tym okna, drzwi, witryny, schody oraz akcesoria, kt\u00f3re \u0142\u0105cz\u0105 estetyk\u0119, funkcjonalno\u015b\u0107 i trwa\u0142o\u015b\u0107. Nasza oferta obejmuje zar\u00f3wno standardowe rozwi\u0105zania, jak i indywidualne projekty, dostosowane do r\u00f3\u017cnych typ\u00f3w budynk\u00f3w, w tym zabytkowych. Znajdziesz u nas produkty najwy\u017cszej jako\u015bci, idealne do ka\u017cdego wn\u0119trza i elewacji.<\/p>\n<img src=\"https:\/\/kowalscy.pl\/wp-content\/uploads\/2025\/01\/okiennice-intro-358x258.png\" width=\"358\" height=\"258\" title=\"okiennice-intro\" alt=\"okiennice-intro\">\n<h3>Okiennice<\/h3> <p>Okiennice jako dodatkowy element zewn\u0119trzny pe\u0142ni\u0105 rol\u0119 estetyczn\u0105, a tak\u017ce zapewniaj\u0105 pe\u0142n\u0105 prywatno\u015b\u0107 w domu. S\u0105 u\u017cyteczne i eleganckie, dzi\u0119ki czemu nadaj\u0105 si\u0119 nie tylko do mieszka\u0144 o tradycyjnej architekturze, ale r\u00f3wnie\u017c do budynk\u00f3w nowoczesnych, w kt\u00f3rych o\u017cywiaj\u0105 elewacj\u0119. Dzi\u0119ki odpowiednio dobranym okiennicom dom nabiera uroku.\u00a0<br><br><\/p> <h4><a href=\"https:\/\/kowalscy.pl\/produkty\/akcesoria\/okiennice\/\">Sprawd\u017a produkty \u2192<\/a><\/h4>\n<img src=\"https:\/\/kowalscy.pl\/wp-content\/uploads\/2025\/01\/parapety-intro1-358x258.png\" width=\"358\" height=\"258\" title=\"parapety-intro1\" alt=\"parapety-intro1\">\n<h3><strong>Parapety<\/strong><\/h3> <p>Nasze parapety wewn\u0119trzne opr\u00f3cz spe\u0142niania funkcji u\u017cytkowych stanowi\u0105 pi\u0119kny element wystroju wn\u0119trza. Kolorystyka mo\u017ce by\u0107 identyczna z barw\u0105 okien lub mo\u017ce nawi\u0105zywa\u0107 do innych element\u00f3w wystroju wn\u0119trza.<\/p> <h4><a href=\"https:\/\/kowalscy.pl\/produkty\/akcesoria\/parapety\/\">Sprawd\u017a produkty \u2192<\/a><\/h4>\n<img src=\"https:\/\/kowalscy.pl\/wp-content\/uploads\/2025\/01\/akcesoria-witraze-358x258.jpg\" width=\"358\" height=\"258\" title=\"akcesoria-witraze\" alt=\"akcesoria-witraze\">\n<h3><strong>Witra\u017ce<\/strong><\/h3> <p>Witra\u017c jest cz\u0119sto stosowanym dodatkiem do produkcji naszych drzwi zewn\u0119trznych, wewn\u0119trznych i okien. Detal ale nie bez znaczenia. Jest elementem ozdobnym i \u017ar\u00f3d\u0142em \u015bwiat\u0142a a przez odpowiednio dobrane szk\u0142o (kolor i faktura) pozwala uzyska\u0107 niepowtarzalne efekty.<\/p> <h4><a href=\"https:\/\/kowalscy.pl\/produkty\/akcesoria\/witraze\/\">Sprawd\u017a produkty \u2192<\/a><\/h4>\n<img src=\"https:\/\/kowalscy.pl\/wp-content\/uploads\/2025\/01\/konserwacja-intro-358x258.png\" width=\"358\" height=\"258\" title=\"konserwacja-intro\" alt=\"konserwacja-intro\">\n<h3>Konserwacja<\/h3> <p><strong>Renowacja okien drewnianych<\/strong>\u00a0musi by\u0107 powtarzana w odpowiednim dla ka\u017cdego okna cyklu, w\u00f3wczas mo\u017cemy by\u0107 pewni, \u017ce korzysta\u0107 z nich b\u0119d\u0105 pokolenia.<\/p> <h4><a href=\"https:\/\/kowalscy.pl\/produkty\/akcesoria\/konserwacja\/\">Sprawd\u017a produkty \u2192<\/a><\/h4>\n<img src=\"https:\/\/kowalscy.pl\/wp-content\/uploads\/2025\/01\/klamki-358x258.jpg\" width=\"358\" height=\"258\" title=\"klamki\" alt=\"klamki\">\n<h3>Klamki<\/h3> <p>Drzwi, czy okna nie b\u0119d\u0105 mia\u0142y \u017cadnej warto\u015bci bez klamki. Czasem prostej spe\u0142niaj\u0105cej tylko swoj\u0105 funkcj\u0119 u\u017cytkow\u0105, ale cz\u0119sto maj\u0105cej wa\u017cn\u0105 rol\u0119 dekoracyjn\u0105. Ergonomia, trwa\u0142o\u015b\u0107, estetyka to istota oferowanych przez nas klamek renomowanych firm. Posiadamy kilkaset wzor\u00f3w od tradycyjnych po najnowocze\u015bniejsze, wszystkie wykonane z najwy\u017cszej jako\u015bci materia\u0142\u00f3w.<br><br><\/p> <h4><a href=\"https:\/\/kowalscy.pl\/produkty\/akcesoria\/klamki\/\">Sprawd\u017a produkty \u2192<\/a><\/h4>","_links":{"self":[{"href":"https:\/\/kowalscy.pl\/de\/wp-json\/wp\/v2\/pages\/984","targetHints":{"allow":["GET"]}}],"collection":[{"href":"https:\/\/kowalscy.pl\/de\/wp-json\/wp\/v2\/pages"}],"about":[{"href":"https:\/\/kowalscy.pl\/de\/wp-json\/wp\/v2\/types\/page"}],"author":[{"embeddable":true,"href":"https:\/\/kowalscy.pl\/de\/wp-json\/wp\/v2\/users\/1"}],"replies":[{"embeddable":true,"href":"https:\/\/kowalscy.pl\/de\/wp-json\/wp\/v2\/comments?post=984"}],"version-history":[{"count":0,"href":"https:\/\/kowalscy.pl\/de\/wp-json\/wp\/v2\/pages\/984\/revisions"}],"up":[{"embeddable":true,"href":"https:\/\/kowalscy.pl\/de\/wp-json\/wp\/v2\/pages\/995"}],"wp:attachment":[{"href":"https:\/\/kowalscy.pl\/de\/wp-json\/wp\/v2\/media?parent=984"}],"curies":[{"name":"wp","href":"https:\/\/api.w.org\/{rel}","templated":true}]}}