{"id":987,"date":"2025-01-10T14:53:52","date_gmt":"2025-01-10T13:53:52","guid":{"rendered":"https:\/\/kowalscy.pl\/drewniano-aluminiowe\/"},"modified":"2025-02-05T10:18:10","modified_gmt":"2025-02-05T09:18:10","slug":"drewniano-aluminiowe","status":"publish","type":"page","link":"https:\/\/kowalscy.pl\/de\/produkty\/okna\/drewniano-aluminiowe\/","title":{"rendered":"Holz-Aluminium"},"content":{"rendered":"<!--themify_builder_content-->\n<div id=\"themify_builder_content-987\" data-postid=\"987\" class=\"themify_builder_content themify_builder_content-987 themify_builder tf_clear\">\n                    <div  data-lazy=\"1\" class=\"module_row themify_builder_row tb_qts7615 tb_first tf_w\">\n                        <div class=\"row_inner col_align_top tb_col_count_1 tf_box tf_rel\">\n                        <div  data-lazy=\"1\" class=\"module_column tb-column col-full tb_81nx615 first\">\n                    <!-- Breadcrumbs module -->\n<div  class=\"module module-breadcrumbs tb_4jxk615 \" data-lazy=\"1\">\n\t<nav role=\"navigation\" aria-label=\"Breadcrumbs\" class=\"tbp_breadcrumb_trail\"><ul class=\"tbp_trail_items\" itemscope itemtype=\"http:\/\/schema.org\/BreadcrumbList\"><meta name=\"numberOfItems\" content=\"1\" \/><meta name=\"itemListOrder\" content=\"Ascending\" \/><li itemprop=\"itemListElement\" itemscope itemtype=\"https:\/\/schema.org\/ListItem\" class=\"tbp_trail_item tbp_trail_end\"><a itemprop=\"item\" href=\"https:\/\/kowalscy.pl\/de\/\" rel=\"home\"><span itemprop=\"name\">Strona g\u0142\u00f3wna<\/span><\/a><meta itemprop=\"position\" content=\"1\" \/><\/li><\/ul><\/nav><\/div><!-- \/Breadcrumbs module -->\n<!-- module text -->\n<div  class=\"module module-text tb_bdlq616   \" data-lazy=\"1\">\n        <div  class=\"tb_text_wrap\">\n        <h1>Holz-Aluminium<\/h1>    <\/div>\n<\/div>\n<!-- \/module text --><!-- module divider -->\n<div  class=\"module tf_mw module-divider tb_2896616 solid  divider-custom divider-center\" style=\"border-width: 3px;border-color: #5c706e;max-width: 200px;\" data-lazy=\"1\">\n    <\/div>\n<!-- \/module divider -->\n<!-- module text -->\n<div  class=\"module module-text tb_334b616   \" data-lazy=\"1\">\n        <div  class=\"tb_text_wrap\">\n        <section class=\"wrapper style4 container text-center\">\n<div class=\"content\">\n<section class=\"product-intro\"><img decoding=\"async\" src=\"https:\/\/kowalscy.pl\/wp-content\/uploads\/2014\/10\/okna-drew-alu.png\" alt=\"\">\n<div>\n<p>Holz-Aluminium-Tischlerei vereint perfekt alle Vorteile von Holz mit einem hervorragenden Schutz des Fensters vor Witterungseinfl\u00fcssen. Die Aluminiumverkleidung auf der Au\u00dfenseite, erh\u00e4ltlich in einer vollst\u00e4ndigen Farbpalette der RAL-Lackierungen, verleiht der Tischlerei ein modernes Aussehen. Die Kombination von Holz und Aluminium erm\u00f6glicht die Herstellung von Tischlereien in jeder beliebigen Form.  <\/p>\n<p> <\/p>\n<\/div>\n<\/section>\n<\/div>\n<\/section>\n<section class=\"wrapper style4 container text-center\">\n<div class=\"content\">\n<section><img decoding=\"async\" src=\"https:\/\/kowalscy.pl\/wp-content\/uploads\/2014\/10\/przekroje-okien-alu.png\" alt=\"\">\n<h2>Holz-Aluminium-Fenster &#8211; Beispielhafte Querschnitte<br><\/h2>\n<p> <\/p>\n<p>A &#8211; IV 88, Alu Gemini Quadrat, Verglasung U=0,5<\/p>\n<p>B &#8211; IV 88, Alu Linear, Verglasung U=0,5<\/p>\n<p>C &#8211; IV 68, Alu Integral, Verglasung U=0,5<\/p>\n<p>D &#8211; IV 68, Alu Quadrat FB, Verglasung U=0,5<\/p>\n<p>E &#8211; IV 68, Alu Classic Super Thermo, Verglasung U=0,5<br><\/p>\n<p> <\/p>\n<p> <\/p>\n<\/section>\n<\/div>\n<\/section>\n<section class=\"wrapper style5 container text-center\">\n<div class=\"content\">\n<h2>Beispielhafte L\u00f6sungen<br><\/h2>\n<section class=\"line-gallery\"><a href=\"https:\/\/kowalscy.pl\/wp-content\/uploads\/2014\/10\/ODA03_lewastrona_js_DSC_5277-1024x924.jpg\" data-lightbox=\"product-section-gallery-gallery\" data-title=\"1. Okno dwuskrzyd\u0142owe strona wewn\u0119trzna\"><img decoding=\"async\" src=\"https:\/\/kowalscy.pl\/wp-content\/uploads\/2014\/10\/ODA03_lewastrona_js_DSC_5277-300x270.jpg\" alt=\"1. Doppelfl\u00fcgelfenster - Innenseite\"><\/a> <a href=\"https:\/\/kowalscy.pl\/wp-content\/uploads\/2014\/10\/ODA03_prawastrona_js_DSC_5279-1024x927.jpg\" data-lightbox=\"product-section-gallery-gallery\" data-title=\"2. Okno dwuskrzyd\u0142owe strona zewn\u0119trzna\"><img decoding=\"async\" src=\"https:\/\/kowalscy.pl\/wp-content\/uploads\/2014\/10\/ODA03_prawastrona_js_DSC_5279-300x271.jpg\" alt=\"2. Doppelfl\u00fcgelfenster - Au\u00dfenseite\"><\/a> <a href=\"https:\/\/kowalscy.pl\/wp-content\/uploads\/2014\/10\/ODA03_szczegol_js_DSC_5279-1024x929.jpg\" data-lightbox=\"product-section-gallery-gallery\" data-title=\"3. Okno dwuskrzyd\u0142owe zawias g\u00f3rny\"><img decoding=\"async\" src=\"https:\/\/kowalscy.pl\/wp-content\/uploads\/2014\/10\/ODA03_szczegol_js_DSC_5279-300x272.jpg\" alt=\"3. Doppelfl\u00fcgelfenster - Oben angeschlagen\"><\/a> <a href=\"https:\/\/kowalscy.pl\/wp-content\/uploads\/2014\/10\/ODA03_szczegol_js_DSC_5283-1024x1008.jpg\" data-lightbox=\"product-section-gallery-gallery\" data-title=\"4.Okno dwuskrzyd\u0142owe zawias dolny\"><img decoding=\"async\" src=\"https:\/\/kowalscy.pl\/wp-content\/uploads\/2014\/10\/ODA03_szczegol_js_DSC_5283-300x295.jpg\" alt=\"4. Doppelfl\u00fcgelfenster - Unten angeschlagen\"><\/a> <a href=\"https:\/\/kowalscy.pl\/wp-content\/uploads\/2014\/10\/ODA05_c_DSC_5322-935x1024.jpg\" data-lightbox=\"product-section-gallery-gallery\" data-title=\"5. Okno HS strona wewn\u0119trzna\"><img decoding=\"async\" src=\"https:\/\/kowalscy.pl\/wp-content\/uploads\/2014\/10\/ODA05_c_DSC_5322-274x300.jpg\" alt=\"5. HS-Fenster - Innenseite\"><\/a> <a href=\"https:\/\/kowalscy.pl\/wp-content\/uploads\/2014\/10\/ODA05_a_DSC_5328_1-939x1024.jpg\" data-lightbox=\"product-section-gallery-gallery\" data-title=\"6. Okno HS strona zewn\u0119trzna\"><img decoding=\"async\" src=\"https:\/\/kowalscy.pl\/wp-content\/uploads\/2014\/10\/ODA05_a_DSC_5328_1-275x300.jpg\" alt=\"6. HS-Fenster - Au\u00dfenseite<br>&#8222;><\/a> <a href=\"https:\/\/kowalscy.pl\/wp-content\/uploads\/2014\/10\/ODA05_szczegol_1_DSC_5327-1024x685.jpg\" data-lightbox=\"product-section-gallery-gallery\" data-title=\"7. Okno HS d\u00f3\u0142 wewn\u0119trzny\"><img decoding=\"async\" src=\"https:\/\/kowalscy.pl\/wp-content\/uploads\/2014\/10\/ODA05_szczegol_1_DSC_5327-300x200.jpg\" alt=\"7. HS-Fenster - Unterseite innen<br>&#8222;><\/a> <a href=\"https:\/\/kowalscy.pl\/wp-content\/uploads\/2014\/10\/ODA05_szczegol_DSC_5332-1024x836.jpg\" data-lightbox=\"product-section-gallery-gallery\" data-title=\"8. Okno HS d\u00f3\u0142 zewn\u0119trzny\"><img decoding=\"async\" src=\"https:\/\/kowalscy.pl\/wp-content\/uploads\/2014\/10\/ODA05_szczegol_DSC_5332-300x245.jpg\" alt=\"8. HS-Fenster - Unterseite au\u00dfen<br>&#8222;><\/a> <a href=\"https:\/\/kowalscy.pl\/wp-content\/uploads\/2014\/10\/ODA05_szczegol_DSC_5339-891x1024.jpg\" data-lightbox=\"product-section-gallery-gallery\" data-title=\"9. Okno HS g\u00f3ra zewn\u0119trzna\"><img decoding=\"async\" src=\"https:\/\/kowalscy.pl\/wp-content\/uploads\/2014\/10\/ODA05_szczegol_DSC_5339-261x300.jpg\" alt=\"9. HS-Fenster - Oberseite au\u00dfen\"><\/a><\/section>\n<\/div>\n<\/section>    <\/div>\n<\/div>\n<!-- \/module text -->        <\/div>\n                        <\/div>\n        <\/div>\n        <\/div>\n<!--\/themify_builder_content-->","protected":false},"excerpt":{"rendered":"<p>Holz-Aluminium Holz-Aluminium-Tischlerei vereint perfekt alle Vorteile von Holz mit einem hervorragenden Schutz des Fensters vor Witterungseinfl\u00fcssen. Die Aluminiumverkleidung auf der Au\u00dfenseite, erh\u00e4ltlich in einer vollst\u00e4ndigen Farbpalette der RAL-Lackierungen, verleiht der Tischlerei ein modernes Aussehen. Die Kombination von Holz und Aluminium erm\u00f6glicht die Herstellung von Tischlereien in jeder beliebigen Form. Holz-Aluminium-Fenster &#8211; Beispielhafte Querschnitte A &#8211; [&hellip;]<\/p>\n","protected":false},"author":1,"featured_media":0,"parent":994,"menu_order":0,"comment_status":"closed","ping_status":"closed","template":"","meta":{"_acf_changed":false,"footnotes":""},"class_list":["post-987","page","type-page","status-publish","hentry","has-post-title","has-post-date","has-post-category","has-post-tag","has-post-comment","has-post-author",""],"acf":[],"builder_content":"<h1>Holz-Aluminium<\/h1>\n\n<section>\n<section><img decoding=\"async\" src=\"https:\/\/kowalscy.pl\/wp-content\/uploads\/2014\/10\/okna-drew-alu.png\" alt=\"\">\n<p>Holz-Aluminium-Tischlerei vereint perfekt alle Vorteile von Holz mit einem hervorragenden Schutz des Fensters vor Witterungseinfl\u00fcssen. Die Aluminiumverkleidung auf der Au\u00dfenseite, erh\u00e4ltlich in einer vollst\u00e4ndigen Farbpalette der RAL-Lackierungen, verleiht der Tischlerei ein modernes Aussehen. Die Kombination von Holz und Aluminium erm\u00f6glicht die Herstellung von Tischlereien in jeder beliebigen Form. <\/p> <p> <\/p>\n<\/section>\n<\/section> <section>\n<section><img decoding=\"async\" src=\"https:\/\/kowalscy.pl\/wp-content\/uploads\/2014\/10\/przekroje-okien-alu.png\" alt=\"\"> <h2>Holz-Aluminium-Fenster - Beispielhafte Querschnitte<br><\/h2> <p> <\/p> <p>A - IV 88, Alu Gemini Quadrat, Verglasung U=0,5<\/p> <p>B - IV 88, Alu Linear, Verglasung U=0,5<\/p> <p>C - IV 68, Alu Integral, Verglasung U=0,5<\/p> <p>D - IV 68, Alu Quadrat FB, Verglasung U=0,5<\/p> <p>E - IV 68, Alu Classic Super Thermo, Verglasung U=0,5<br><\/p> <p> <\/p> <p> <\/p> <\/section>\n<\/section> <section>\n<h2>Beispielhafte L\u00f6sungen<br><\/h2> <section><a href=\"https:\/\/kowalscy.pl\/wp-content\/uploads\/2014\/10\/ODA03_lewastrona_js_DSC_5277-1024x924.jpg\" data-lightbox=\"product-section-gallery-gallery\" data-title=\"1. Okno dwuskrzyd\u0142owe strona wewn\u0119trzna\"><img decoding=\"async\" src=\"https:\/\/kowalscy.pl\/wp-content\/uploads\/2014\/10\/ODA03_lewastrona_js_DSC_5277-300x270.jpg\" alt=\"1. Doppelfl\u00fcgelfenster - Innenseite\"><\/a> <a href=\"https:\/\/kowalscy.pl\/wp-content\/uploads\/2014\/10\/ODA03_prawastrona_js_DSC_5279-1024x927.jpg\" data-lightbox=\"product-section-gallery-gallery\" data-title=\"2. Okno dwuskrzyd\u0142owe strona zewn\u0119trzna\"><img decoding=\"async\" src=\"https:\/\/kowalscy.pl\/wp-content\/uploads\/2014\/10\/ODA03_prawastrona_js_DSC_5279-300x271.jpg\" alt=\"2. Doppelfl\u00fcgelfenster - Au\u00dfenseite\"><\/a> <a href=\"https:\/\/kowalscy.pl\/wp-content\/uploads\/2014\/10\/ODA03_szczegol_js_DSC_5279-1024x929.jpg\" data-lightbox=\"product-section-gallery-gallery\" data-title=\"3. Okno dwuskrzyd\u0142owe zawias g\u00f3rny\"><img decoding=\"async\" src=\"https:\/\/kowalscy.pl\/wp-content\/uploads\/2014\/10\/ODA03_szczegol_js_DSC_5279-300x272.jpg\" alt=\"3. Doppelfl\u00fcgelfenster - Oben angeschlagen\"><\/a> <a href=\"https:\/\/kowalscy.pl\/wp-content\/uploads\/2014\/10\/ODA03_szczegol_js_DSC_5283-1024x1008.jpg\" data-lightbox=\"product-section-gallery-gallery\" data-title=\"4.Okno dwuskrzyd\u0142owe zawias dolny\"><img decoding=\"async\" src=\"https:\/\/kowalscy.pl\/wp-content\/uploads\/2014\/10\/ODA03_szczegol_js_DSC_5283-300x295.jpg\" alt=\"4. Doppelfl\u00fcgelfenster - Unten angeschlagen\"><\/a> <a href=\"https:\/\/kowalscy.pl\/wp-content\/uploads\/2014\/10\/ODA05_c_DSC_5322-935x1024.jpg\" data-lightbox=\"product-section-gallery-gallery\" data-title=\"5. Okno HS strona wewn\u0119trzna\"><img decoding=\"async\" src=\"https:\/\/kowalscy.pl\/wp-content\/uploads\/2014\/10\/ODA05_c_DSC_5322-274x300.jpg\" alt=\"5. HS-Fenster - Innenseite\"><\/a> <a href=\"https:\/\/kowalscy.pl\/wp-content\/uploads\/2014\/10\/ODA05_a_DSC_5328_1-939x1024.jpg\" data-lightbox=\"product-section-gallery-gallery\" data-title=\"6. Okno HS strona zewn\u0119trzna\"><img decoding=\"async\" src=\"https:\/\/kowalscy.pl\/wp-content\/uploads\/2014\/10\/ODA05_a_DSC_5328_1-275x300.jpg\" alt=\"6. HS-Fenster - Au\u00dfenseite<br>\"><\/a> <a href=\"https:\/\/kowalscy.pl\/wp-content\/uploads\/2014\/10\/ODA05_szczegol_1_DSC_5327-1024x685.jpg\" data-lightbox=\"product-section-gallery-gallery\" data-title=\"7. Okno HS d\u00f3\u0142 wewn\u0119trzny\"><img decoding=\"async\" src=\"https:\/\/kowalscy.pl\/wp-content\/uploads\/2014\/10\/ODA05_szczegol_1_DSC_5327-300x200.jpg\" alt=\"7. HS-Fenster - Unterseite innen<br>\"><\/a> <a href=\"https:\/\/kowalscy.pl\/wp-content\/uploads\/2014\/10\/ODA05_szczegol_DSC_5332-1024x836.jpg\" data-lightbox=\"product-section-gallery-gallery\" data-title=\"8. Okno HS d\u00f3\u0142 zewn\u0119trzny\"><img decoding=\"async\" src=\"https:\/\/kowalscy.pl\/wp-content\/uploads\/2014\/10\/ODA05_szczegol_DSC_5332-300x245.jpg\" alt=\"8. HS-Fenster - Unterseite au\u00dfen<br>\"><\/a> <a href=\"https:\/\/kowalscy.pl\/wp-content\/uploads\/2014\/10\/ODA05_szczegol_DSC_5339-891x1024.jpg\" data-lightbox=\"product-section-gallery-gallery\" data-title=\"9. Okno HS g\u00f3ra zewn\u0119trzna\"><img decoding=\"async\" src=\"https:\/\/kowalscy.pl\/wp-content\/uploads\/2014\/10\/ODA05_szczegol_DSC_5339-261x300.jpg\" alt=\"9. HS-Fenster - Oberseite au\u00dfen\"><\/a><\/section>\n<\/section>","_links":{"self":[{"href":"https:\/\/kowalscy.pl\/de\/wp-json\/wp\/v2\/pages\/987","targetHints":{"allow":["GET"]}}],"collection":[{"href":"https:\/\/kowalscy.pl\/de\/wp-json\/wp\/v2\/pages"}],"about":[{"href":"https:\/\/kowalscy.pl\/de\/wp-json\/wp\/v2\/types\/page"}],"author":[{"embeddable":true,"href":"https:\/\/kowalscy.pl\/de\/wp-json\/wp\/v2\/users\/1"}],"replies":[{"embeddable":true,"href":"https:\/\/kowalscy.pl\/de\/wp-json\/wp\/v2\/comments?post=987"}],"version-history":[{"count":5,"href":"https:\/\/kowalscy.pl\/de\/wp-json\/wp\/v2\/pages\/987\/revisions"}],"predecessor-version":[{"id":1496,"href":"https:\/\/kowalscy.pl\/de\/wp-json\/wp\/v2\/pages\/987\/revisions\/1496"}],"up":[{"embeddable":true,"href":"https:\/\/kowalscy.pl\/de\/wp-json\/wp\/v2\/pages\/994"}],"wp:attachment":[{"href":"https:\/\/kowalscy.pl\/de\/wp-json\/wp\/v2\/media?parent=987"}],"curies":[{"name":"wp","href":"https:\/\/api.w.org\/{rel}","templated":true}]}}