{"id":988,"date":"2025-01-10T14:53:30","date_gmt":"2025-01-10T13:53:30","guid":{"rendered":"https:\/\/kowalscy.pl\/okna-pasywne\/"},"modified":"2025-02-04T15:06:25","modified_gmt":"2025-02-04T14:06:25","slug":"okna-pasywne","status":"publish","type":"page","link":"https:\/\/kowalscy.pl\/de\/produkty\/okna\/okna-pasywne\/","title":{"rendered":"Passiv-Fenstern"},"content":{"rendered":"<!--themify_builder_content-->\n<div id=\"themify_builder_content-988\" data-postid=\"988\" class=\"themify_builder_content themify_builder_content-988 themify_builder tf_clear\">\n                    <div  data-lazy=\"1\" class=\"module_row themify_builder_row tb_gxak908 tb_first tf_w\">\n                        <div class=\"row_inner col_align_top tb_col_count_1 tf_box tf_rel\">\n                        <div  data-lazy=\"1\" class=\"module_column tb-column col-full tb_0lvs909 first\">\n                    <!-- Breadcrumbs module -->\n<div  class=\"module module-breadcrumbs tb_8kon909 \" data-lazy=\"1\">\n\t<nav role=\"navigation\" aria-label=\"Breadcrumbs\" class=\"tbp_breadcrumb_trail\"><ul class=\"tbp_trail_items\" itemscope itemtype=\"http:\/\/schema.org\/BreadcrumbList\"><meta name=\"numberOfItems\" content=\"1\" \/><meta name=\"itemListOrder\" content=\"Ascending\" \/><li itemprop=\"itemListElement\" itemscope itemtype=\"https:\/\/schema.org\/ListItem\" class=\"tbp_trail_item tbp_trail_end\"><a itemprop=\"item\" href=\"https:\/\/kowalscy.pl\/de\/\" rel=\"home\"><span itemprop=\"name\">Strona g\u0142\u00f3wna<\/span><\/a><meta itemprop=\"position\" content=\"1\" \/><\/li><\/ul><\/nav><\/div><!-- \/Breadcrumbs module -->\n<!-- module text -->\n<div  class=\"module module-text tb_b9gt910   \" data-lazy=\"1\">\n        <div  class=\"tb_text_wrap\">\n        <h1>Passiv-Fenstern<\/h1>    <\/div>\n<\/div>\n<!-- \/module text --><!-- module divider -->\n<div  class=\"module tf_mw module-divider tb_syjm910 solid  divider-custom divider-center\" style=\"border-width: 3px;border-color: #5c706e;max-width: 200px;\" data-lazy=\"1\">\n    <\/div>\n<!-- \/module divider -->\n<!-- module text -->\n<div  class=\"module module-text tb_5hna911   \" data-lazy=\"1\">\n        <div  class=\"tb_text_wrap\">\n        <section class=\"wrapper style4 container text-center\">\n<div class=\"content\">\n<section class=\"product-intro\">\n<section class=\"wrapper style4 container text-center\">\n<div class=\"content\">\n<section class=\"product-intro\"><img decoding=\"async\" src=\"https:\/\/kowalscy.pl\/wp-content\/uploads\/2014\/10\/pasywne.png\" alt=\"\">\n<div>\n<p>Das steigende \u00f6kologische Bewusstsein hat unser Unternehmen dazu veranlasst, die Produktion von <strong>energieeffizienten und Passiv-Fenstern zu starten<\/strong>. Die Erh\u00f6hung der Rahmen- und Fl\u00fcgelst\u00e4rke, die Verwendung von Zweikammer-Verglasung (drei Scheiben, darunter zwei ThermoFloat-Scheiben mit Argongas) sowie doppelte Dichtungen haben die W\u00e4rme- und Schalld\u00e4mmung erheblich verbessert. Dadurch wird der Einsatz von gro\u00dfen Glasfl\u00e4chen erm\u00f6glicht, was der Architektur eine neue Dimension verleiht.  <\/p>\n<\/div>\n<\/section>\n<\/div>\n<\/section>\n<section class=\"wrapper style4 container text-center\">\n<div class=\"content\">\n<section><img decoding=\"async\" src=\"https:\/\/kowalscy.pl\/wp-content\/uploads\/2014\/10\/przekroje-okien-pasywne.png\" alt=\"\">\n<h2>Passivfenster &#8211; Querschnitte<\/h2>\n<p> <\/p>\n<p>A \u2013 IV 78 Softline R6, Verglasung U=0.7<\/p>\n<p>B \u2013 IV 88 Softline R6, Verglasung U=0.6<\/p>\n<p>C \u2013 IV 92 R3, Verglasung U=0.5<br> <br><\/p>\n<\/section>\n<\/div>\n<\/section>\n<\/section>\n<\/div>\n<\/section>    <\/div>\n<\/div>\n<!-- \/module text -->        <\/div>\n                        <\/div>\n        <\/div>\n        <\/div>\n<!--\/themify_builder_content-->","protected":false},"excerpt":{"rendered":"<p>Passiv-Fenstern Das steigende \u00f6kologische Bewusstsein hat unser Unternehmen dazu veranlasst, die Produktion von energieeffizienten und Passiv-Fenstern zu starten. Die Erh\u00f6hung der Rahmen- und Fl\u00fcgelst\u00e4rke, die Verwendung von Zweikammer-Verglasung (drei Scheiben, darunter zwei ThermoFloat-Scheiben mit Argongas) sowie doppelte Dichtungen haben die W\u00e4rme- und Schalld\u00e4mmung erheblich verbessert. Dadurch wird der Einsatz von gro\u00dfen Glasfl\u00e4chen erm\u00f6glicht, was der [&hellip;]<\/p>\n","protected":false},"author":1,"featured_media":0,"parent":994,"menu_order":0,"comment_status":"closed","ping_status":"closed","template":"","meta":{"_acf_changed":false,"footnotes":""},"class_list":["post-988","page","type-page","status-publish","hentry","has-post-title","has-post-date","has-post-category","has-post-tag","has-post-comment","has-post-author",""],"acf":[],"builder_content":"<h1>Passiv-Fenstern<\/h1>\n\n<section>\n<section> <section>\n<section><img decoding=\"async\" src=\"https:\/\/kowalscy.pl\/wp-content\/uploads\/2014\/10\/pasywne.png\" alt=\"\">\n<p>Das steigende \u00f6kologische Bewusstsein hat unser Unternehmen dazu veranlasst, die Produktion von <strong>energieeffizienten und Passiv-Fenstern zu starten<\/strong>. Die Erh\u00f6hung der Rahmen- und Fl\u00fcgelst\u00e4rke, die Verwendung von Zweikammer-Verglasung (drei Scheiben, darunter zwei ThermoFloat-Scheiben mit Argongas) sowie doppelte Dichtungen haben die W\u00e4rme- und Schalld\u00e4mmung erheblich verbessert. Dadurch wird der Einsatz von gro\u00dfen Glasfl\u00e4chen erm\u00f6glicht, was der Architektur eine neue Dimension verleiht. <\/p>\n<\/section>\n<\/section> <section>\n<section><img decoding=\"async\" src=\"https:\/\/kowalscy.pl\/wp-content\/uploads\/2014\/10\/przekroje-okien-pasywne.png\" alt=\"\"> <h2>Passivfenster - Querschnitte<\/h2> <p> <\/p> <p>A \u2013 IV 78 Softline R6, Verglasung U=0.7<\/p> <p>B \u2013 IV 88 Softline R6, Verglasung U=0.6<\/p> <p>C \u2013 IV 92 R3, Verglasung U=0.5<br> <br><\/p> <\/section>\n<\/section> <\/section>\n<\/section>","_links":{"self":[{"href":"https:\/\/kowalscy.pl\/de\/wp-json\/wp\/v2\/pages\/988","targetHints":{"allow":["GET"]}}],"collection":[{"href":"https:\/\/kowalscy.pl\/de\/wp-json\/wp\/v2\/pages"}],"about":[{"href":"https:\/\/kowalscy.pl\/de\/wp-json\/wp\/v2\/types\/page"}],"author":[{"embeddable":true,"href":"https:\/\/kowalscy.pl\/de\/wp-json\/wp\/v2\/users\/1"}],"replies":[{"embeddable":true,"href":"https:\/\/kowalscy.pl\/de\/wp-json\/wp\/v2\/comments?post=988"}],"version-history":[{"count":6,"href":"https:\/\/kowalscy.pl\/de\/wp-json\/wp\/v2\/pages\/988\/revisions"}],"predecessor-version":[{"id":1449,"href":"https:\/\/kowalscy.pl\/de\/wp-json\/wp\/v2\/pages\/988\/revisions\/1449"}],"up":[{"embeddable":true,"href":"https:\/\/kowalscy.pl\/de\/wp-json\/wp\/v2\/pages\/994"}],"wp:attachment":[{"href":"https:\/\/kowalscy.pl\/de\/wp-json\/wp\/v2\/media?parent=988"}],"curies":[{"name":"wp","href":"https:\/\/api.w.org\/{rel}","templated":true}]}}