{"id":990,"date":"2025-01-10T14:52:49","date_gmt":"2025-01-10T13:52:49","guid":{"rendered":"https:\/\/kowalscy.pl\/okna-standardowe\/"},"modified":"2025-02-05T10:07:04","modified_gmt":"2025-02-05T09:07:04","slug":"okna-standardowe","status":"publish","type":"page","link":"https:\/\/kowalscy.pl\/de\/produkty\/okna\/okna-standardowe\/","title":{"rendered":"Standardfenster"},"content":{"rendered":"<!--themify_builder_content-->\n<div id=\"themify_builder_content-990\" data-postid=\"990\" class=\"themify_builder_content themify_builder_content-990 themify_builder tf_clear\">\n                    <div  data-lazy=\"1\" class=\"module_row themify_builder_row tb_fs5v766 tb_first tf_w\">\n                        <div class=\"row_inner col_align_top tb_col_count_1 tf_box tf_rel\">\n                        <div  data-lazy=\"1\" class=\"module_column tb-column col-full tb_25rp766 first\">\n                    <!-- Breadcrumbs module -->\n<div  class=\"module module-breadcrumbs tb_iiwb766 \" data-lazy=\"1\">\n\t<nav role=\"navigation\" aria-label=\"Breadcrumbs\" class=\"tbp_breadcrumb_trail\"><ul class=\"tbp_trail_items\" itemscope itemtype=\"http:\/\/schema.org\/BreadcrumbList\"><meta name=\"numberOfItems\" content=\"1\" \/><meta name=\"itemListOrder\" content=\"Ascending\" \/><li itemprop=\"itemListElement\" itemscope itemtype=\"https:\/\/schema.org\/ListItem\" class=\"tbp_trail_item tbp_trail_end\"><a itemprop=\"item\" href=\"https:\/\/kowalscy.pl\/de\/\" rel=\"home\"><span itemprop=\"name\">Strona g\u0142\u00f3wna<\/span><\/a><meta itemprop=\"position\" content=\"1\" \/><\/li><\/ul><\/nav><\/div><!-- \/Breadcrumbs module -->\n<!-- module text -->\n<div  class=\"module module-text tb_2223766   \" data-lazy=\"1\">\n        <div  class=\"tb_text_wrap\">\n        <h1>Standardfenster<\/h1>    <\/div>\n<\/div>\n<!-- \/module text --><!-- module divider -->\n<div  class=\"module tf_mw module-divider tb_2hgn766 solid  divider-custom divider-center\" style=\"border-width: 3px;border-color: #5c706e;max-width: 200px;\" data-lazy=\"1\">\n    <\/div>\n<!-- \/module divider -->\n<!-- module text -->\n<div  class=\"module module-text tb_d7y7766   \" data-lazy=\"1\">\n        <div  class=\"tb_text_wrap\">\n        <section class=\"wrapper style4 container text-center\">\n<div class=\"content\">\n<section class=\"product-intro\"><img decoding=\"async\" src=\"https:\/\/kowalscy.pl\/wp-content\/uploads\/2014\/10\/standardowe-intro1.png\" alt=\"\">\n<div>\n<p><strong>Fenster und Balkont\u00fcren<\/strong> werden nach den neuesten europ\u00e4ischen Normen hergestellt. Hochwertiges Schichtholz erm\u00f6glicht die Verbindung gro\u00dfer Fl\u00e4chen und das Schaffen interessanter, origineller Formen. Fenster und Balkont\u00fcren werden nach den neuesten europ\u00e4ischen Normen gefertigt. Hochwertiges Schichtholz erm\u00f6glicht die Verbindung gro\u00dfer Fl\u00e4chen und die Gestaltung interessanter, origineller Formen.<br>Was zeichnet unsere Fenster aus? Jedes Detail wird von Hand geschliffen, und eine perfekt aufgetragene Lackschicht in einem warmen Farbton betont die Holzstruktur, wodurch unsere Fenster au\u00dfergew\u00f6hnlich sch\u00f6n und edel wirken. Das perfekt glatte Glas l\u00e4sst den Blick aus dem Fenster wie ein Gem\u00e4lde in einem eleganten Rahmen erscheinen. Das richtige Glas in Kombination mit Roto-Beschl\u00e4gen sorgt daf\u00fcr, dass das Haus nicht nur warm und leise, sondern auch sicher ist.   <\/p>\n<\/div>\n<\/section>\n<\/div>\n<\/section>\n<section class=\"wrapper style4 container text-center\">\n<div class=\"content\">\n<section><img decoding=\"async\" src=\"https:\/\/kowalscy.pl\/wp-content\/uploads\/2014\/10\/standardowe-ksztalty.png\" alt=\"\">\n<h2>Gro\u00df, klein, rund, oval, gebogen&#8230;<\/h2>\n<p> <\/p>\n<p>Eine ausgefallene Fensterform ist f\u00fcr uns kein Problem!<\/p>\n<\/section>\n<\/div>\n<\/section>    <\/div>\n<\/div>\n<!-- \/module text -->        <\/div>\n                        <\/div>\n        <\/div>\n        <\/div>\n<!--\/themify_builder_content-->","protected":false},"excerpt":{"rendered":"<p>Standardfenster Fenster und Balkont\u00fcren werden nach den neuesten europ\u00e4ischen Normen hergestellt. Hochwertiges Schichtholz erm\u00f6glicht die Verbindung gro\u00dfer Fl\u00e4chen und das Schaffen interessanter, origineller Formen. Fenster und Balkont\u00fcren werden nach den neuesten europ\u00e4ischen Normen gefertigt. Hochwertiges Schichtholz erm\u00f6glicht die Verbindung gro\u00dfer Fl\u00e4chen und die Gestaltung interessanter, origineller Formen.Was zeichnet unsere Fenster aus? Jedes Detail wird von [&hellip;]<\/p>\n","protected":false},"author":1,"featured_media":0,"parent":994,"menu_order":0,"comment_status":"closed","ping_status":"closed","template":"","meta":{"_acf_changed":false,"footnotes":""},"class_list":["post-990","page","type-page","status-publish","hentry","has-post-title","has-post-date","has-post-category","has-post-tag","has-post-comment","has-post-author",""],"acf":[],"builder_content":"<h1>Standardfenster<\/h1>\n\n<section>\n<section><img decoding=\"async\" src=\"https:\/\/kowalscy.pl\/wp-content\/uploads\/2014\/10\/standardowe-intro1.png\" alt=\"\">\n<p><strong>Fenster und Balkont\u00fcren<\/strong> werden nach den neuesten europ\u00e4ischen Normen hergestellt. Hochwertiges Schichtholz erm\u00f6glicht die Verbindung gro\u00dfer Fl\u00e4chen und das Schaffen interessanter, origineller Formen. Fenster und Balkont\u00fcren werden nach den neuesten europ\u00e4ischen Normen gefertigt. Hochwertiges Schichtholz erm\u00f6glicht die Verbindung gro\u00dfer Fl\u00e4chen und die Gestaltung interessanter, origineller Formen.<br>Was zeichnet unsere Fenster aus? Jedes Detail wird von Hand geschliffen, und eine perfekt aufgetragene Lackschicht in einem warmen Farbton betont die Holzstruktur, wodurch unsere Fenster au\u00dfergew\u00f6hnlich sch\u00f6n und edel wirken. Das perfekt glatte Glas l\u00e4sst den Blick aus dem Fenster wie ein Gem\u00e4lde in einem eleganten Rahmen erscheinen. Das richtige Glas in Kombination mit Roto-Beschl\u00e4gen sorgt daf\u00fcr, dass das Haus nicht nur warm und leise, sondern auch sicher ist. <\/p>\n<\/section>\n<\/section> <section>\n<section><img decoding=\"async\" src=\"https:\/\/kowalscy.pl\/wp-content\/uploads\/2014\/10\/standardowe-ksztalty.png\" alt=\"\"> <h2>Gro\u00df, klein, rund, oval, gebogen...<\/h2> <p> <\/p> <p>Eine ausgefallene Fensterform ist f\u00fcr uns kein Problem!<\/p> <\/section>\n<\/section>","_links":{"self":[{"href":"https:\/\/kowalscy.pl\/de\/wp-json\/wp\/v2\/pages\/990","targetHints":{"allow":["GET"]}}],"collection":[{"href":"https:\/\/kowalscy.pl\/de\/wp-json\/wp\/v2\/pages"}],"about":[{"href":"https:\/\/kowalscy.pl\/de\/wp-json\/wp\/v2\/types\/page"}],"author":[{"embeddable":true,"href":"https:\/\/kowalscy.pl\/de\/wp-json\/wp\/v2\/users\/1"}],"replies":[{"embeddable":true,"href":"https:\/\/kowalscy.pl\/de\/wp-json\/wp\/v2\/comments?post=990"}],"version-history":[{"count":4,"href":"https:\/\/kowalscy.pl\/de\/wp-json\/wp\/v2\/pages\/990\/revisions"}],"predecessor-version":[{"id":1473,"href":"https:\/\/kowalscy.pl\/de\/wp-json\/wp\/v2\/pages\/990\/revisions\/1473"}],"up":[{"embeddable":true,"href":"https:\/\/kowalscy.pl\/de\/wp-json\/wp\/v2\/pages\/994"}],"wp:attachment":[{"href":"https:\/\/kowalscy.pl\/de\/wp-json\/wp\/v2\/media?parent=990"}],"curies":[{"name":"wp","href":"https:\/\/api.w.org\/{rel}","templated":true}]}}