{"id":991,"date":"2025-01-10T14:42:43","date_gmt":"2025-01-10T13:42:43","guid":{"rendered":"https:\/\/kowalscy.pl\/drzwi-zewnetrzne\/"},"modified":"2025-03-13T13:39:01","modified_gmt":"2025-03-13T12:39:01","slug":"drzwi-zewnetrzne","status":"publish","type":"page","link":"https:\/\/kowalscy.pl\/de\/produkty\/drzwi-zewnetrzne\/","title":{"rendered":"Drzwi zewn\u0119trzne"},"content":{"rendered":"<!--themify_builder_content-->\n<div id=\"themify_builder_content-991\" data-postid=\"991\" class=\"themify_builder_content themify_builder_content-991 themify_builder tf_clear\">\n                    <div  data-lazy=\"1\" class=\"module_row themify_builder_row tb_w016677 tb_first tf_w\">\n                        <div class=\"row_inner col_align_top tb_col_count_1 tf_box tf_rel\">\n                        <div  data-lazy=\"1\" class=\"module_column tb-column col-full tb_113c677 first\">\n                    <!-- Breadcrumbs module -->\n<div  class=\"module module-breadcrumbs tb_c8pu677 \" data-lazy=\"1\">\n\t<nav role=\"navigation\" aria-label=\"Breadcrumbs\" class=\"tbp_breadcrumb_trail\"><ul class=\"tbp_trail_items\" itemscope itemtype=\"http:\/\/schema.org\/BreadcrumbList\"><meta name=\"numberOfItems\" content=\"1\" \/><meta name=\"itemListOrder\" content=\"Ascending\" \/><li itemprop=\"itemListElement\" itemscope itemtype=\"https:\/\/schema.org\/ListItem\" class=\"tbp_trail_item tbp_trail_end\"><a itemprop=\"item\" href=\"https:\/\/kowalscy.pl\/de\/\" rel=\"home\"><span itemprop=\"name\">Strona g\u0142\u00f3wna<\/span><\/a><meta itemprop=\"position\" content=\"1\" \/><\/li><\/ul><\/nav><\/div><!-- \/Breadcrumbs module -->\n<!-- module text -->\n<div  class=\"module module-text tb_gl2c677   \" data-lazy=\"1\">\n        <div  class=\"tb_text_wrap\">\n        <h1>Drzwi zewn\u0119trzne<\/h1>\n<h2><small>Bezpiecze\u0144stwo w stylowej formie<\/small><\/h2>\n<p><a href=\"https:\/\/kowalscy.pl\/katalog-drzwi-zewnetrznych\/\">Katalog Drzwi zewn\u0119trznych &gt;&gt;<\/a><\/p>    <\/div>\n<\/div>\n<!-- \/module text --><!-- module divider -->\n<div  class=\"module tf_mw module-divider tb_2u41677 solid  divider-custom divider-center\" style=\"border-width: 3px;border-color: #5c706e;max-width: 200px;\" data-lazy=\"1\">\n    <\/div>\n<!-- \/module divider -->\n<!-- module text -->\n<div  class=\"module module-text tb_rycc677   \" data-lazy=\"1\">\n        <div  class=\"tb_text_wrap\">\n        <section class=\"wrapper style4 container text-center\">\n<div class=\"content\">\n<section class=\"product-intro\"><img decoding=\"async\" src=\"https:\/\/kowalscy.pl\/wp-content\/uploads\/2014\/10\/drzwi-zw-intro.png\" alt=\"\">\n<div>\n<p>\u00a0<\/p>\n<p>Drewniane\u00a0<strong>drzwi wej\u015bciowe<\/strong>\u00a0produkowane przez nasz\u0105 firm\u0119 to prawdziwa wizyt\u00f3wka ka\u017cdego domu. Najwy\u017csza jako\u015b\u0107, dba\u0142o\u015b\u0107 o szczeg\u00f3\u0142y, mo\u017cliwo\u015b\u0107 produkcji praktycznie dowolnych wzor\u00f3w to tylko niekt\u00f3re z zalet, kt\u00f3rymi charakteryzuj\u0105 si\u0119 produkowane przez nas drzwi zewn\u0119trzne. Konstrukcj\u0119 skrzyd\u0142a stanowi rama wykonana z drewna klejonego meranti 450+ lub drewna d\u0119bowego, a wype\u0142nieniem jest ocieplany kaseton lub szk\u0142o zabezpieczone standardowo z zewn\u0105trz szyb\u0105 antyw\u0142amaniow\u0105 klasy P4. Rama skrzyd\u0142a o przekroju 130 mm x 68 mm, 130 mm x 78 mm lub 130mm x 88mm \u00a0zapewnia solidno\u015b\u0107 i stabilno\u015b\u0107. Rama o\u015bcie\u017cnicy opracowana jest na bazie profilu okiennego\u00a0<strong>IV 68, IV 78 oraz<\/strong>\u00a0<strong>IV88<\/strong>. cos<\/p>\n<\/div>\n<\/section>\n<\/div>\n<\/section>\n<section class=\"wrapper style4 container text-center\">\n<div class=\"content\">\n<section><img decoding=\"async\" src=\"https:\/\/kowalscy.pl\/wp-content\/uploads\/2014\/10\/drzwi-orzech-21.png\" alt=\"\">\n<h2>\u00a0<\/h2>\n<h2>DIABE\u0141 TKWI W SZCZEG\u00d3\u0141ACH<\/h2>\n<p>My wiemy co czyni produkt wyj\u0105tkowo pi\u0119knym, dlatego ka\u017cdy z naszych wyrob\u00f3w w procesie produkcji poddawany jest\u00a0<strong>r\u0119cznej obr\u00f3bce<\/strong>, aby jeszcze lepiej wydoby\u0107 szczeg\u00f3\u0142y detali.<br>Dzi\u0119ki temu otrzymujesz produkt luksusowy i dopracowany w ka\u017cdym calu.<\/p>\n<\/section>\n<\/div>\n<\/section>\n<section class=\"wrapper style4 container text-center\">\n<div class=\"content\">\n<section><img decoding=\"async\" src=\"https:\/\/kowalscy.pl\/wp-content\/uploads\/2014\/10\/zw-przekroj.png\" alt=\"\">\n<h2>\u00a0<\/h2>\n<h2>Przekr\u00f3j<\/h2>\n<\/section>\n<\/div>\n<\/section>    <\/div>\n<\/div>\n<!-- \/module text -->        <\/div>\n                        <\/div>\n        <\/div>\n        <\/div>\n<!--\/themify_builder_content-->","protected":false},"excerpt":{"rendered":"<p>Drzwi zewn\u0119trzne Bezpiecze\u0144stwo w stylowej formie Katalog Drzwi zewn\u0119trznych &gt;&gt; \u00a0 Drewniane\u00a0drzwi wej\u015bciowe\u00a0produkowane przez nasz\u0105 firm\u0119 to prawdziwa wizyt\u00f3wka ka\u017cdego domu. Najwy\u017csza jako\u015b\u0107, dba\u0142o\u015b\u0107 o szczeg\u00f3\u0142y, mo\u017cliwo\u015b\u0107 produkcji praktycznie dowolnych wzor\u00f3w to tylko niekt\u00f3re z zalet, kt\u00f3rymi charakteryzuj\u0105 si\u0119 produkowane przez nas drzwi zewn\u0119trzne. Konstrukcj\u0119 skrzyd\u0142a stanowi rama wykonana z drewna klejonego meranti 450+ lub [&hellip;]<\/p>\n","protected":false},"author":1,"featured_media":0,"parent":995,"menu_order":0,"comment_status":"closed","ping_status":"closed","template":"","meta":{"_acf_changed":false,"footnotes":""},"class_list":["post-991","page","type-page","status-publish","hentry","has-post-title","has-post-date","has-post-category","has-post-tag","has-post-comment","has-post-author",""],"acf":[],"builder_content":"<h1>Drzwi zewn\u0119trzne<\/h1> <h2><small>Bezpiecze\u0144stwo w stylowej formie<\/small><\/h2> <p><a href=\"https:\/\/kowalscy.pl\/katalog-drzwi-zewnetrznych\/\">Katalog Drzwi zewn\u0119trznych &gt;&gt;<\/a><\/p>\n\n<section>\n<section><img decoding=\"async\" src=\"https:\/\/kowalscy.pl\/wp-content\/uploads\/2014\/10\/drzwi-zw-intro.png\" alt=\"\">\n<p>\u00a0<\/p> <p>Drewniane\u00a0<strong>drzwi wej\u015bciowe<\/strong>\u00a0produkowane przez nasz\u0105 firm\u0119 to prawdziwa wizyt\u00f3wka ka\u017cdego domu. Najwy\u017csza jako\u015b\u0107, dba\u0142o\u015b\u0107 o szczeg\u00f3\u0142y, mo\u017cliwo\u015b\u0107 produkcji praktycznie dowolnych wzor\u00f3w to tylko niekt\u00f3re z zalet, kt\u00f3rymi charakteryzuj\u0105 si\u0119 produkowane przez nas drzwi zewn\u0119trzne. Konstrukcj\u0119 skrzyd\u0142a stanowi rama wykonana z drewna klejonego meranti 450+ lub drewna d\u0119bowego, a wype\u0142nieniem jest ocieplany kaseton lub szk\u0142o zabezpieczone standardowo z zewn\u0105trz szyb\u0105 antyw\u0142amaniow\u0105 klasy P4. Rama skrzyd\u0142a o przekroju 130 mm x 68 mm, 130 mm x 78 mm lub 130mm x 88mm \u00a0zapewnia solidno\u015b\u0107 i stabilno\u015b\u0107. Rama o\u015bcie\u017cnicy opracowana jest na bazie profilu okiennego\u00a0<strong>IV 68, IV 78 oraz<\/strong>\u00a0<strong>IV88<\/strong>. cos<\/p>\n<\/section>\n<\/section> <section>\n<section><img decoding=\"async\" src=\"https:\/\/kowalscy.pl\/wp-content\/uploads\/2014\/10\/drzwi-orzech-21.png\" alt=\"\"> <h2>\u00a0<\/h2> <h2>DIABE\u0141 TKWI W SZCZEG\u00d3\u0141ACH<\/h2> <p>My wiemy co czyni produkt wyj\u0105tkowo pi\u0119knym, dlatego ka\u017cdy z naszych wyrob\u00f3w w procesie produkcji poddawany jest\u00a0<strong>r\u0119cznej obr\u00f3bce<\/strong>, aby jeszcze lepiej wydoby\u0107 szczeg\u00f3\u0142y detali.<br>Dzi\u0119ki temu otrzymujesz produkt luksusowy i dopracowany w ka\u017cdym calu.<\/p> <\/section>\n<\/section> <section>\n<section><img decoding=\"async\" src=\"https:\/\/kowalscy.pl\/wp-content\/uploads\/2014\/10\/zw-przekroj.png\" alt=\"\"> <h2>\u00a0<\/h2> <h2>Przekr\u00f3j<\/h2> <\/section>\n<\/section>","_links":{"self":[{"href":"https:\/\/kowalscy.pl\/de\/wp-json\/wp\/v2\/pages\/991","targetHints":{"allow":["GET"]}}],"collection":[{"href":"https:\/\/kowalscy.pl\/de\/wp-json\/wp\/v2\/pages"}],"about":[{"href":"https:\/\/kowalscy.pl\/de\/wp-json\/wp\/v2\/types\/page"}],"author":[{"embeddable":true,"href":"https:\/\/kowalscy.pl\/de\/wp-json\/wp\/v2\/users\/1"}],"replies":[{"embeddable":true,"href":"https:\/\/kowalscy.pl\/de\/wp-json\/wp\/v2\/comments?post=991"}],"version-history":[{"count":2,"href":"https:\/\/kowalscy.pl\/de\/wp-json\/wp\/v2\/pages\/991\/revisions"}],"predecessor-version":[{"id":2565,"href":"https:\/\/kowalscy.pl\/de\/wp-json\/wp\/v2\/pages\/991\/revisions\/2565"}],"up":[{"embeddable":true,"href":"https:\/\/kowalscy.pl\/de\/wp-json\/wp\/v2\/pages\/995"}],"wp:attachment":[{"href":"https:\/\/kowalscy.pl\/de\/wp-json\/wp\/v2\/media?parent=991"}],"curies":[{"name":"wp","href":"https:\/\/api.w.org\/{rel}","templated":true}]}}