{"id":994,"date":"2025-01-10T13:36:14","date_gmt":"2025-01-10T12:36:14","guid":{"rendered":"https:\/\/kowalscy.pl\/okna\/"},"modified":"2025-01-10T13:36:14","modified_gmt":"2025-01-10T12:36:14","slug":"okna","status":"publish","type":"page","link":"https:\/\/kowalscy.pl\/de\/produkty\/okna\/","title":{"rendered":"Okna"},"content":{"rendered":"<!--themify_builder_content-->\n<div id=\"themify_builder_content-994\" data-postid=\"994\" class=\"themify_builder_content themify_builder_content-994 themify_builder tf_clear\">\n                    <div  data-lazy=\"1\" class=\"module_row themify_builder_row tb_x5cb851 tb_first tf_w\">\n                        <div class=\"row_inner col_align_top tb_col_count_1 tf_box tf_rel\">\n                        <div  data-lazy=\"1\" class=\"module_column tb-column col-full tb_bvxd852 first\">\n                    <!-- Breadcrumbs module -->\n<div  class=\"module module-breadcrumbs tb_ndjn852 \" data-lazy=\"1\">\n\t<nav role=\"navigation\" aria-label=\"Breadcrumbs\" class=\"tbp_breadcrumb_trail\"><ul class=\"tbp_trail_items\" itemscope itemtype=\"http:\/\/schema.org\/BreadcrumbList\"><meta name=\"numberOfItems\" content=\"1\" \/><meta name=\"itemListOrder\" content=\"Ascending\" \/><li itemprop=\"itemListElement\" itemscope itemtype=\"https:\/\/schema.org\/ListItem\" class=\"tbp_trail_item tbp_trail_end\"><a itemprop=\"item\" href=\"https:\/\/kowalscy.pl\/de\/\" rel=\"home\"><span itemprop=\"name\">Strona g\u0142\u00f3wna<\/span><\/a><meta itemprop=\"position\" content=\"1\" \/><\/li><\/ul><\/nav><\/div><!-- \/Breadcrumbs module -->\n<!-- module text -->\n<div  class=\"module module-text tb_ciov852   \" data-lazy=\"1\">\n        <div  class=\"tb_text_wrap\">\n        <h1>Okna<\/h1>    <\/div>\n<\/div>\n<!-- \/module text --><!-- module divider -->\n<div  class=\"module tf_mw module-divider tb_4x51852 solid  divider-custom divider-center\" style=\"border-width: 3px;border-color: #5c706e;max-width: 200px;\" data-lazy=\"1\">\n    <\/div>\n<!-- \/module divider -->\n<!-- module text -->\n<div  class=\"module module-text tb_a7h9852   \" data-lazy=\"1\">\n        <div  class=\"tb_text_wrap\">\n        <p>Nasze wieloletnie do\u015bwiadczenie w technologiach produkcji okien pozwalaj\u0105 na stwierdzenie, \u017ce doskona\u0142e maszyny jakimi dysponujemy staj\u0105 si\u0119 r\u00f3wnie bezradne jak hebel, gdy zabraknie wiedzy i intuicji mistrza.<\/p>\n<p><strong>Okna i drzwi balkonowe<\/strong>\u00a0s\u0105 produkowane dla budownictwa mieszkaniowego i obiekt\u00f3w u\u017cyteczno\u015bci publicznej z drewna klejonego. Mog\u0105 by\u0142 wykonane w systemach okien typowych, pasywnych lub skrzynkowych (spe\u0142niaj\u0105cych najnowsze normy europejskie) w ka\u017cdym wymiarze mo\u017cliwym technicznie do wykonania. Wyr\u00f3\u017cnikiem okien zabytkowych jest ich historyczny charakter, na kt\u00f3ry sk\u0142adaj\u0105 si\u0119 listwy przymykowe, listwy na \u015blemi\u0119, g\u0142owice, stopy, szprosy. R\u0119czne wykonywanie element\u00f3w ozdobnych pozwala na zachowanie wygl\u0105du wiernego orygina\u0142owi. Podstawowym materia\u0142em wykorzystywanym do produkcji jest drewno meranti 450+. Gatunek ten ze wzgl\u0119du na parametry i walory u\u017cytkowe (stabilno\u015b\u0107 wymiar\u00f3w, ma\u0142a kurczliwo\u015b\u0107) znakomicie sprawdzi\u0142 si\u0119 w u\u017cytkowaniu i jest obecnie uznawany za najlepszy do produkcji okien. Produkujemy r\u00f3wnie\u017c okna z drewna d\u0119bowego, modrzewiowego, sosnowego oraz sipo.<\/p>\n<p>W naszej ofercie znajd\u0105 Pa\u0144stwo: standardowe okna drewniane, okna zabytkowe, okna pasywne, okna skrzynkowe, okna drewniano-aluminiowe, okna przesuwne HS oraz okna nietypowe. Zapraszamy do zapoznania si\u0119 z nasz\u0105 ofert\u0105.<\/p>    <\/div>\n<\/div>\n<!-- \/module text -->        <div  data-lazy=\"1\" class=\"module_subrow themify_builder_sub_row tf_w col_align_top tb_col_count_3 tb_q64a852\">\n                <div  data-lazy=\"1\" class=\"module_column sub_column col3-1 tb_pvpc852 first\">\n                    <!-- module image -->\n<div  class=\"module module-image tb_w7o6852 image-center   auto_fullwidth tf_mw\" data-lazy=\"1\">\n        <div class=\"image-wrap tf_rel tf_mw\">\n            <img loading=\"lazy\" decoding=\"async\" src=\"https:\/\/kowalscy.pl\/wp-content\/uploads\/2025\/01\/standardowe-intro1-358x258.png\" width=\"358\" height=\"258\" class=\"wp-post-image wp-image-894\" title=\"standardowe-intro1\" alt=\"standardowe-intro1\">    \n        <\/div>\n    <!-- \/image-wrap -->\n    \n        <\/div>\n<!-- \/module image --><!-- module text -->\n<div  class=\"module module-text tb_wweq852    tb_gs345da\" data-lazy=\"1\">\n        <div  class=\"tb_text_wrap\">\n        <h3>Okna standardowe<\/h3>\n<p>Okna i drzwi balkonowe wykonywane s\u0105 zgodnie z najnowszymi normami europejskimi. Wysokiej jako\u015bci drewno klejone pozwala na \u0142\u0105czenie du\u017cych powierzchni i tworzenie ciekawych, oryginalnych kszta\u0142t\u00f3w.<br><br><\/p>\n<h4><a href=\"https:\/\/kowalscy.pl\/produkty\/okna\/okna-standardowe\/\">Sprawd\u017a produkty \u2192<\/a><\/h4>    <\/div>\n<\/div>\n<!-- \/module text -->        <\/div>\n                    <div  data-lazy=\"1\" class=\"module_column sub_column col3-1 tb_ej3b852\">\n                    <!-- module image -->\n<div  class=\"module module-image tb_nbck852 image-center   tf_mw\" data-lazy=\"1\">\n        <div class=\"image-wrap tf_rel tf_mw\">\n            <img loading=\"lazy\" decoding=\"async\" src=\"https:\/\/kowalscy.pl\/wp-content\/uploads\/2025\/01\/zabytkowe-intro-358x258.png\" width=\"358\" height=\"258\" class=\"wp-post-image wp-image-895\" title=\"zabytkowe-intro\" alt=\"zabytkowe-intro\">    \n        <\/div>\n    <!-- \/image-wrap -->\n    \n        <\/div>\n<!-- \/module image --><!-- module text -->\n<div  class=\"module module-text tb_mbxb852    tb_gs345da\" data-lazy=\"1\">\n        <div  class=\"tb_text_wrap\">\n        <h3>Okna zabytkowe<\/h3>\n<p>Okna i drzwi balkonowe wykonywane s\u0105 zgodnie z najnowszymi normami europejskimi. Wysokiej jako\u015bci drewno klejone pozwala na \u0142\u0105czenie du\u017cych powierzchni i tworzenie ciekawych, oryginalnych kszta\u0142t\u00f3w.<br><br><\/p>\n<h4><a href=\"https:\/\/kowalscy.pl\/produkty\/okna\/okna-zabytkowe\/\">Sprawd\u017a produkty \u2192<\/a><\/h4>    <\/div>\n<\/div>\n<!-- \/module text -->        <\/div>\n                    <div  data-lazy=\"1\" class=\"module_column sub_column col3-1 tb_hg3t852 last\">\n                    <!-- module image -->\n<div  class=\"module module-image tb_mgr9852 image-center   auto_fullwidth tf_mw\" data-lazy=\"1\">\n        <div class=\"image-wrap tf_rel tf_mw\">\n            <img loading=\"lazy\" decoding=\"async\" src=\"https:\/\/kowalscy.pl\/wp-content\/uploads\/2025\/01\/pasywne-358x258.png\" width=\"358\" height=\"258\" class=\"wp-post-image wp-image-896\" title=\"pasywne\" alt=\"pasywne\">    \n        <\/div>\n    <!-- \/image-wrap -->\n    \n        <\/div>\n<!-- \/module image --><!-- module text -->\n<div  class=\"module module-text tb_54w6852    tb_gs345da\" data-lazy=\"1\">\n        <div  class=\"tb_text_wrap\">\n        <h3>Okna pasywne<\/h3>\n<p>Okna i drzwi balkonowe wykonywane s\u0105 zgodnie z najnowszymi normami europejskimi. Wysokiej jako\u015bci drewno klejone pozwala na \u0142\u0105czenie du\u017cych powierzchni i tworzenie ciekawych, oryginalnych kszta\u0142t\u00f3w.<br><br><\/p>\n<h4><a href=\"https:\/\/kowalscy.pl\/produkty\/okna\/okna-pasywne\/\">Sprawd\u017a produkty \u2192<\/a><\/h4>    <\/div>\n<\/div>\n<!-- \/module text -->        <\/div>\n                    <\/div>\n                <div  data-lazy=\"1\" class=\"module_subrow themify_builder_sub_row tf_w col_align_top tb_col_count_3 tb_dxt6527\">\n                <div  data-lazy=\"1\" class=\"module_column sub_column col3-1 tb_hgz5527 first\">\n                    <!-- module image -->\n<div  class=\"module module-image tb_rklk527 image-center   auto_fullwidth tf_mw\" data-lazy=\"1\">\n        <div class=\"image-wrap tf_rel tf_mw\">\n            <img loading=\"lazy\" decoding=\"async\" src=\"https:\/\/kowalscy.pl\/wp-content\/uploads\/2025\/01\/okna-drew-alu-358x258.png\" width=\"358\" height=\"258\" class=\"wp-post-image wp-image-898\" title=\"okna-drew-alu\" alt=\"okna-drew-alu\">    \n        <\/div>\n    <!-- \/image-wrap -->\n    \n        <\/div>\n<!-- \/module image --><!-- module text -->\n<div  class=\"module module-text tb_ug9y527    tb_gs345da\" data-lazy=\"1\">\n        <div  class=\"tb_text_wrap\">\n        <h3>Okna drewniano-aluminiowe<\/h3>\n<p>Okna i drzwi balkonowe wykonywane s\u0105 zgodnie z najnowszymi normami europejskimi. Wysokiej jako\u015bci drewno klejone pozwala na \u0142\u0105czenie du\u017cych powierzchni i tworzenie ciekawych, oryginalnych kszta\u0142t\u00f3w.<\/p>\n<h4><a href=\"https:\/\/kowalscy.pl\/produkty\/okna\/drewniano-aluminiowe\/\">Sprawd\u017a produkty \u2192<\/a><\/h4>    <\/div>\n<\/div>\n<!-- \/module text -->        <\/div>\n                    <div  data-lazy=\"1\" class=\"module_column sub_column col3-1 tb_1voj527\">\n                    <!-- module image -->\n<div  class=\"module module-image tb_t7fn527 image-center   tf_mw\" data-lazy=\"1\">\n        <div class=\"image-wrap tf_rel tf_mw\">\n            <img loading=\"lazy\" decoding=\"async\" src=\"https:\/\/kowalscy.pl\/wp-content\/uploads\/2025\/01\/hs-intro-358x258.png\" width=\"358\" height=\"258\" class=\"wp-post-image wp-image-899\" title=\"hs-intro\" alt=\"hs-intro\">    \n        <\/div>\n    <!-- \/image-wrap -->\n    \n        <\/div>\n<!-- \/module image --><!-- module text -->\n<div  class=\"module module-text tb_frux527    tb_gs345da\" data-lazy=\"1\">\n        <div  class=\"tb_text_wrap\">\n        <h3>Okna przesuwne hs<\/h3>\n<p>Okna i drzwi balkonowe wykonywane s\u0105 zgodnie z najnowszymi normami europejskimi. Wysokiej jako\u015bci drewno klejone pozwala na \u0142\u0105czenie du\u017cych powierzchni i tworzenie ciekawych, oryginalnych kszta\u0142t\u00f3w.<\/p>\n<h4><a href=\"https:\/\/kowalscy.pl\/produkty\/okna\/przesuwne-hs\/\">Sprawd\u017a produkty \u2192<\/a><\/h4>    <\/div>\n<\/div>\n<!-- \/module text -->        <\/div>\n                    <div  data-lazy=\"1\" class=\"module_column sub_column col3-1 tb_lhlh527 last\">\n                    <!-- module image -->\n<div  class=\"module module-image tb_lm74527 image-center   tf_mw\" data-lazy=\"1\">\n        <div class=\"image-wrap tf_rel tf_mw\">\n            <img loading=\"lazy\" decoding=\"async\" src=\"https:\/\/kowalscy.pl\/wp-content\/uploads\/2025\/01\/okna-skrzynkowe-intro-150x258.jpg\" width=\"150\" height=\"258\" class=\"wp-post-image wp-image-897\" title=\"okna-skrzynkowe-intro\" alt=\"okna-skrzynkowe-intro\">    \n        <\/div>\n    <!-- \/image-wrap -->\n    \n        <\/div>\n<!-- \/module image --><!-- module text -->\n<div  class=\"module module-text tb_e77r527    tb_gs345da\" data-lazy=\"1\">\n        <div  class=\"tb_text_wrap\">\n        <h3>Okna skrzynkowe<\/h3>\n<p>Okna i drzwi balkonowe wykonywane s\u0105 zgodnie z najnowszymi normami europejskimi. Wysokiej jako\u015bci drewno klejone pozwala na \u0142\u0105czenie du\u017cych powierzchni i tworzenie ciekawych, oryginalnych kszta\u0142t\u00f3w.<\/p>\n<h4>Sprawd\u017a produkty \u2192<\/h4>    <\/div>\n<\/div>\n<!-- \/module text -->        <\/div>\n                    <\/div>\n                <div  data-lazy=\"1\" class=\"module_subrow themify_builder_sub_row tf_w col_align_top tb_col_count_3 tb_tmwr853\">\n                <div  data-lazy=\"1\" class=\"module_column sub_column col3-1 tb_ymdp853 first\">\n                            <\/div>\n                    <div  data-lazy=\"1\" class=\"module_column sub_column col3-1 tb_scnj853\">\n                    <!-- module image -->\n<div  class=\"module module-image tb_ftc4853 image-center   tf_mw\" data-lazy=\"1\">\n        <div class=\"image-wrap tf_rel tf_mw\">\n            <img loading=\"lazy\" decoding=\"async\" src=\"https:\/\/kowalscy.pl\/wp-content\/uploads\/2025\/01\/IMG_3718w-2-358x258.png\" width=\"358\" height=\"258\" class=\"wp-post-image wp-image-900\" title=\"IMG_3718w-2\" alt=\"IMG_3718w-2\">    \n        <\/div>\n    <!-- \/image-wrap -->\n    \n        <\/div>\n<!-- \/module image --><!-- module text -->\n<div  class=\"module module-text tb_mln8853    tb_gs345da\" data-lazy=\"1\">\n        <div  class=\"tb_text_wrap\">\n        <h3>okna nietypowe<\/h3>\n<p>Wychodz\u0105c naprzeciw oczekiwaniom naszych klient\u00f3w poszerzyli\u015bmy nasz\u0105 ofert\u0119 o produkcj\u0119 witryn sklepowych, ogrod\u00f3w zimowych oraz schod\u00f3w drewnianych.<br><br><\/p>\n<h4><a href=\"https:\/\/kowalscy.pl\/produkty\/okna\/okna-nietypowe\/\">Sprawd\u017a produkty \u2192<\/a><\/h4>    <\/div>\n<\/div>\n<!-- \/module text -->        <\/div>\n                    <div  data-lazy=\"1\" class=\"module_column sub_column col3-1 tb_j0er938 last\">\n                            <\/div>\n                    <\/div>\n                <\/div>\n                        <\/div>\n        <\/div>\n        <\/div>\n<!--\/themify_builder_content-->","protected":false},"excerpt":{"rendered":"<p>Okna Nasze wieloletnie do\u015bwiadczenie w technologiach produkcji okien pozwalaj\u0105 na stwierdzenie, \u017ce doskona\u0142e maszyny jakimi dysponujemy staj\u0105 si\u0119 r\u00f3wnie bezradne jak hebel, gdy zabraknie wiedzy i intuicji mistrza. Okna i drzwi balkonowe\u00a0s\u0105 produkowane dla budownictwa mieszkaniowego i obiekt\u00f3w u\u017cyteczno\u015bci publicznej z drewna klejonego. Mog\u0105 by\u0142 wykonane w systemach okien typowych, pasywnych lub skrzynkowych (spe\u0142niaj\u0105cych najnowsze [&hellip;]<\/p>\n","protected":false},"author":1,"featured_media":0,"parent":995,"menu_order":0,"comment_status":"closed","ping_status":"closed","template":"","meta":{"_acf_changed":false,"footnotes":""},"class_list":["post-994","page","type-page","status-publish","hentry","has-post-title","has-post-date","has-post-category","has-post-tag","has-post-comment","has-post-author",""],"acf":[],"builder_content":"<h1>Okna<\/h1>\n\n<p>Nasze wieloletnie do\u015bwiadczenie w technologiach produkcji okien pozwalaj\u0105 na stwierdzenie, \u017ce doskona\u0142e maszyny jakimi dysponujemy staj\u0105 si\u0119 r\u00f3wnie bezradne jak hebel, gdy zabraknie wiedzy i intuicji mistrza.<\/p> <p><strong>Okna i drzwi balkonowe<\/strong>\u00a0s\u0105 produkowane dla budownictwa mieszkaniowego i obiekt\u00f3w u\u017cyteczno\u015bci publicznej z drewna klejonego. Mog\u0105 by\u0142 wykonane w systemach okien typowych, pasywnych lub skrzynkowych (spe\u0142niaj\u0105cych najnowsze normy europejskie) w ka\u017cdym wymiarze mo\u017cliwym technicznie do wykonania. Wyr\u00f3\u017cnikiem okien zabytkowych jest ich historyczny charakter, na kt\u00f3ry sk\u0142adaj\u0105 si\u0119 listwy przymykowe, listwy na \u015blemi\u0119, g\u0142owice, stopy, szprosy. R\u0119czne wykonywanie element\u00f3w ozdobnych pozwala na zachowanie wygl\u0105du wiernego orygina\u0142owi. Podstawowym materia\u0142em wykorzystywanym do produkcji jest drewno meranti 450+. Gatunek ten ze wzgl\u0119du na parametry i walory u\u017cytkowe (stabilno\u015b\u0107 wymiar\u00f3w, ma\u0142a kurczliwo\u015b\u0107) znakomicie sprawdzi\u0142 si\u0119 w u\u017cytkowaniu i jest obecnie uznawany za najlepszy do produkcji okien. Produkujemy r\u00f3wnie\u017c okna z drewna d\u0119bowego, modrzewiowego, sosnowego oraz sipo.<\/p> <p>W naszej ofercie znajd\u0105 Pa\u0144stwo: standardowe okna drewniane, okna zabytkowe, okna pasywne, okna skrzynkowe, okna drewniano-aluminiowe, okna przesuwne HS oraz okna nietypowe. Zapraszamy do zapoznania si\u0119 z nasz\u0105 ofert\u0105.<\/p>\n<img src=\"https:\/\/kowalscy.pl\/wp-content\/uploads\/2025\/01\/standardowe-intro1-358x258.png\" width=\"358\" height=\"258\" title=\"standardowe-intro1\" alt=\"standardowe-intro1\">\n<h3>Okna standardowe<\/h3> <p>Okna i drzwi balkonowe wykonywane s\u0105 zgodnie z najnowszymi normami europejskimi. Wysokiej jako\u015bci drewno klejone pozwala na \u0142\u0105czenie du\u017cych powierzchni i tworzenie ciekawych, oryginalnych kszta\u0142t\u00f3w.<br><br><\/p> <h4><a href=\"https:\/\/kowalscy.pl\/produkty\/okna\/okna-standardowe\/\">Sprawd\u017a produkty \u2192<\/a><\/h4>\n<img src=\"https:\/\/kowalscy.pl\/wp-content\/uploads\/2025\/01\/zabytkowe-intro-358x258.png\" width=\"358\" height=\"258\" title=\"zabytkowe-intro\" alt=\"zabytkowe-intro\">\n<h3>Okna zabytkowe<\/h3> <p>Okna i drzwi balkonowe wykonywane s\u0105 zgodnie z najnowszymi normami europejskimi. Wysokiej jako\u015bci drewno klejone pozwala na \u0142\u0105czenie du\u017cych powierzchni i tworzenie ciekawych, oryginalnych kszta\u0142t\u00f3w.<br><br><\/p> <h4><a href=\"https:\/\/kowalscy.pl\/produkty\/okna\/okna-zabytkowe\/\">Sprawd\u017a produkty \u2192<\/a><\/h4>\n<img src=\"https:\/\/kowalscy.pl\/wp-content\/uploads\/2025\/01\/pasywne-358x258.png\" width=\"358\" height=\"258\" title=\"pasywne\" alt=\"pasywne\">\n<h3>Okna pasywne<\/h3> <p>Okna i drzwi balkonowe wykonywane s\u0105 zgodnie z najnowszymi normami europejskimi. Wysokiej jako\u015bci drewno klejone pozwala na \u0142\u0105czenie du\u017cych powierzchni i tworzenie ciekawych, oryginalnych kszta\u0142t\u00f3w.<br><br><\/p> <h4><a href=\"https:\/\/kowalscy.pl\/produkty\/okna\/okna-pasywne\/\">Sprawd\u017a produkty \u2192<\/a><\/h4>\n<img src=\"https:\/\/kowalscy.pl\/wp-content\/uploads\/2025\/01\/okna-drew-alu-358x258.png\" width=\"358\" height=\"258\" title=\"okna-drew-alu\" alt=\"okna-drew-alu\">\n<h3>Okna drewniano-aluminiowe<\/h3> <p>Okna i drzwi balkonowe wykonywane s\u0105 zgodnie z najnowszymi normami europejskimi. Wysokiej jako\u015bci drewno klejone pozwala na \u0142\u0105czenie du\u017cych powierzchni i tworzenie ciekawych, oryginalnych kszta\u0142t\u00f3w.<\/p> <h4><a href=\"https:\/\/kowalscy.pl\/produkty\/okna\/drewniano-aluminiowe\/\">Sprawd\u017a produkty \u2192<\/a><\/h4>\n<img src=\"https:\/\/kowalscy.pl\/wp-content\/uploads\/2025\/01\/hs-intro-358x258.png\" width=\"358\" height=\"258\" title=\"hs-intro\" alt=\"hs-intro\">\n<h3>Okna przesuwne hs<\/h3> <p>Okna i drzwi balkonowe wykonywane s\u0105 zgodnie z najnowszymi normami europejskimi. Wysokiej jako\u015bci drewno klejone pozwala na \u0142\u0105czenie du\u017cych powierzchni i tworzenie ciekawych, oryginalnych kszta\u0142t\u00f3w.<\/p> <h4><a href=\"https:\/\/kowalscy.pl\/produkty\/okna\/przesuwne-hs\/\">Sprawd\u017a produkty \u2192<\/a><\/h4>\n<img src=\"https:\/\/kowalscy.pl\/wp-content\/uploads\/2025\/01\/okna-skrzynkowe-intro-150x258.jpg\" width=\"150\" height=\"258\" title=\"okna-skrzynkowe-intro\" alt=\"okna-skrzynkowe-intro\">\n<h3>Okna skrzynkowe<\/h3> <p>Okna i drzwi balkonowe wykonywane s\u0105 zgodnie z najnowszymi normami europejskimi. Wysokiej jako\u015bci drewno klejone pozwala na \u0142\u0105czenie du\u017cych powierzchni i tworzenie ciekawych, oryginalnych kszta\u0142t\u00f3w.<\/p> <h4>Sprawd\u017a produkty \u2192<\/h4>\n<img src=\"https:\/\/kowalscy.pl\/wp-content\/uploads\/2025\/01\/IMG_3718w-2-358x258.png\" width=\"358\" height=\"258\" title=\"IMG_3718w-2\" alt=\"IMG_3718w-2\">\n<h3>okna nietypowe<\/h3> <p>Wychodz\u0105c naprzeciw oczekiwaniom naszych klient\u00f3w poszerzyli\u015bmy nasz\u0105 ofert\u0119 o produkcj\u0119 witryn sklepowych, ogrod\u00f3w zimowych oraz schod\u00f3w drewnianych.<br><br><\/p> <h4><a href=\"https:\/\/kowalscy.pl\/produkty\/okna\/okna-nietypowe\/\">Sprawd\u017a produkty \u2192<\/a><\/h4>","_links":{"self":[{"href":"https:\/\/kowalscy.pl\/de\/wp-json\/wp\/v2\/pages\/994","targetHints":{"allow":["GET"]}}],"collection":[{"href":"https:\/\/kowalscy.pl\/de\/wp-json\/wp\/v2\/pages"}],"about":[{"href":"https:\/\/kowalscy.pl\/de\/wp-json\/wp\/v2\/types\/page"}],"author":[{"embeddable":true,"href":"https:\/\/kowalscy.pl\/de\/wp-json\/wp\/v2\/users\/1"}],"replies":[{"embeddable":true,"href":"https:\/\/kowalscy.pl\/de\/wp-json\/wp\/v2\/comments?post=994"}],"version-history":[{"count":0,"href":"https:\/\/kowalscy.pl\/de\/wp-json\/wp\/v2\/pages\/994\/revisions"}],"up":[{"embeddable":true,"href":"https:\/\/kowalscy.pl\/de\/wp-json\/wp\/v2\/pages\/995"}],"wp:attachment":[{"href":"https:\/\/kowalscy.pl\/de\/wp-json\/wp\/v2\/media?parent=994"}],"curies":[{"name":"wp","href":"https:\/\/api.w.org\/{rel}","templated":true}]}}