{"id":995,"date":"2025-01-10T13:09:10","date_gmt":"2025-01-10T12:09:10","guid":{"rendered":"https:\/\/kowalscy.pl\/produkty\/"},"modified":"2025-05-21T14:11:20","modified_gmt":"2025-05-21T12:11:20","slug":"produkty","status":"publish","type":"page","link":"https:\/\/kowalscy.pl\/de\/produkty\/","title":{"rendered":"Produkte"},"content":{"rendered":"<!--themify_builder_content-->\n<div id=\"themify_builder_content-995\" data-postid=\"995\" class=\"themify_builder_content themify_builder_content-995 themify_builder tf_clear\">\n                    <div  data-lazy=\"1\" class=\"module_row themify_builder_row tb_89mx421 tb_first tf_w\">\n                        <div class=\"row_inner col_align_top tb_col_count_1 tf_box tf_rel\">\n                        <div  data-lazy=\"1\" class=\"module_column tb-column col-full tb_3ppb427 first\">\n                    <!-- Breadcrumbs module -->\n<div  class=\"module module-breadcrumbs tb_5f6m821 \" data-lazy=\"1\">\n\t<nav role=\"navigation\" aria-label=\"Breadcrumbs\" class=\"tbp_breadcrumb_trail\"><ul class=\"tbp_trail_items\" itemscope itemtype=\"http:\/\/schema.org\/BreadcrumbList\"><meta name=\"numberOfItems\" content=\"1\" \/><meta name=\"itemListOrder\" content=\"Ascending\" \/><li itemprop=\"itemListElement\" itemscope itemtype=\"https:\/\/schema.org\/ListItem\" class=\"tbp_trail_item tbp_trail_end\"><a itemprop=\"item\" href=\"https:\/\/kowalscy.pl\/de\/\" rel=\"home\"><span itemprop=\"name\">Strona g\u0142\u00f3wna<\/span><\/a><meta itemprop=\"position\" content=\"1\" \/><\/li><\/ul><\/nav><\/div><!-- \/Breadcrumbs module -->\n<!-- module text -->\n<div  class=\"module module-text tb_k62b427   \" data-lazy=\"1\">\n        <div  class=\"tb_text_wrap\">\n        <h1>Produkte<\/h1>    <\/div>\n<\/div>\n<!-- \/module text --><!-- module divider -->\n<div  class=\"module tf_mw module-divider tb_gi35336 solid  divider-custom divider-center\" style=\"border-width: 3px;border-color: #5c706e;max-width: 200px;\" data-lazy=\"1\">\n    <\/div>\n<!-- \/module divider -->\n<!-- module text -->\n<div  class=\"module module-text tb_1wbu867   \" data-lazy=\"1\">\n        <div  class=\"tb_text_wrap\">\n        <p>Wir bieten eine breite Auswahl an Produkten, darunter Fenster, T\u00fcren, Schaufenster, Treppen und Zubeh\u00f6r, die \u00c4sthetik, Funktionalit\u00e4t und Langlebigkeit vereinen. Unser Angebot umfasst sowohl Standardl\u00f6sungen als auch individuelle Projekte, die an verschiedene Geb\u00e4udetypen, einschlie\u00dflich denkmalgesch\u00fctzter Objekte, angepasst sind. Bei uns finden Sie Produkte von h\u00f6chster Qualit\u00e4t, perfekt f\u00fcr jedes Interieur und jede Fassade.<\/p>    <\/div>\n<\/div>\n<!-- \/module text -->        <div  data-lazy=\"1\" class=\"module_subrow themify_builder_sub_row tf_w col_align_top tb_col_count_3 tb_33n2428\">\n                <div  data-lazy=\"1\" class=\"module_column sub_column col3-1 tb_2nzs428 first\">\n                    <!-- module image -->\n<div  class=\"module module-image tb_04nm429 image-center   auto_fullwidth tf_mw\" data-lazy=\"1\">\n        <div class=\"image-wrap tf_rel tf_mw\">\n            <img loading=\"lazy\" decoding=\"async\" src=\"https:\/\/kowalscy.pl\/wp-content\/uploads\/2025\/01\/okna-intro-358x258.png\" width=\"358\" height=\"258\" class=\"wp-post-image wp-image-889\" title=\"okna-intro\" alt=\"okna-intro\">    \n        <\/div>\n    <!-- \/image-wrap -->\n    \n        <\/div>\n<!-- \/module image --><!-- module text -->\n<div  class=\"module module-text tb_7pfm429    tb_gs345da\" data-lazy=\"1\">\n        <div  class=\"tb_text_wrap\">\n        <h3>Fenster<\/h3>\n<p>Fenster und Balkont\u00fcren werden nach den neuesten europ\u00e4ischen Normen hergestellt. Hochwertiges Schichtholz erm\u00f6glicht die Verbindung gro\u00dfer Fl\u00e4chen und das Schaffen interessanter, origineller Formen.<br><br><\/p>\n<h4><a href=\"https:\/\/kowalscy.pl\/de\/produkty\/okna\/\">Produkte ansehen \u2192<\/a><\/h4>    <\/div>\n<\/div>\n<!-- \/module text -->        <\/div>\n                    <div  data-lazy=\"1\" class=\"module_column sub_column col3-1 tb_9shm429\">\n                    <!-- module image -->\n<div  class=\"module module-image tb_x8gr429 image-center   tf_mw\" data-lazy=\"1\">\n        <div class=\"image-wrap tf_rel tf_mw\">\n            <img loading=\"lazy\" decoding=\"async\" src=\"https:\/\/kowalscy.pl\/wp-content\/uploads\/2025\/01\/drzwi-we-intro-2-358x258.png\" width=\"358\" height=\"258\" class=\"wp-post-image wp-image-890\" title=\"drzwi-we-intro-2\" alt=\"drzwi-we-intro-2\">    \n        <\/div>\n    <!-- \/image-wrap -->\n    \n        <\/div>\n<!-- \/module image --><!-- module text -->\n<div  class=\"module module-text tb_zx71429    tb_gs345da\" data-lazy=\"1\">\n        <div  class=\"tb_text_wrap\">\n        <h3><strong>Innent\u00fcren<\/strong><\/h3>\n<p>Jede T\u00fcr, unabh\u00e4ngig von ihrer Funktion, beeinflusst das Erscheinungsbild des Innenraums. Daher ist es wichtig, dass sie einen Stil haben, der mit der Inneneinrichtung harmoniert. Wir bem\u00fchen uns, dass jedes unserer Produkte ein einzigartiges Element ist, das den Stil des gesamten Geb\u00e4udes unterstreicht.<\/p>\n<h4><a href=\"https:\/\/kowalscy.pl\/de\/produkty\/drzwi-wewnetrzne\/\">Produkte ansehen \u2192<\/a><\/h4>    <\/div>\n<\/div>\n<!-- \/module text -->        <\/div>\n                    <div  data-lazy=\"1\" class=\"module_column sub_column col3-1 tb_8k6e430 last\">\n                    <!-- module image -->\n<div  class=\"module module-image tb_3wdk430 image-center   tf_mw\" data-lazy=\"1\">\n        <div class=\"image-wrap tf_rel tf_mw\">\n            <img loading=\"lazy\" decoding=\"async\" src=\"https:\/\/kowalscy.pl\/wp-content\/uploads\/2025\/01\/drzwi-zw-intro-358x258.png\" width=\"358\" height=\"258\" class=\"wp-post-image wp-image-891\" title=\"drzwi-zw-intro\" alt=\"drzwi-zw-intro\">    \n        <\/div>\n    <!-- \/image-wrap -->\n    \n        <\/div>\n<!-- \/module image --><!-- module text -->\n<div  class=\"module module-text tb_d1vh430    tb_gs345da\" data-lazy=\"1\">\n        <div  class=\"tb_text_wrap\">\n        <h3><strong>Au\u00dfent\u00fcren<\/strong><\/h3>\n<p>Drewniane <strong>drzwi wej\u015bciowe<\/strong> to prawdziwa wizyt\u00f3wka ka\u017cdego domu. H\u00f6chste Qualit\u00e4t, Liebe zum Detail und die M\u00f6glichkeit, nahezu jedes Design zu produzieren, sind nur einige der Vorteile. Die Fl\u00fcgelkonstruktion besteht aus einem Rahmen aus verleimtem Meranti-Holz oder Eichenholz.<\/p>\n<h4><a href=\"https:\/\/kowalscy.pl\/de\/produkty\/drzwi-zewnetrzne\/\">Produkte ansehen \u2192<\/a><\/h4>    <\/div>\n<\/div>\n<!-- \/module text -->        <\/div>\n                    <\/div>\n                <div  data-lazy=\"1\" class=\"module_subrow themify_builder_sub_row tf_w col_align_top tb_col_count_2 tb_txbu88\">\n                <div  data-lazy=\"1\" class=\"module_column sub_column col4-2 tb_hq2r88 first\">\n                    <!-- module image -->\n<div  class=\"module module-image tb_j21o88 image-center   tf_mw\" data-lazy=\"1\">\n        <div class=\"image-wrap tf_rel tf_mw\">\n            <img loading=\"lazy\" decoding=\"async\" src=\"https:\/\/kowalscy.pl\/wp-content\/uploads\/2025\/01\/pozostale-intro-358x258.png\" width=\"358\" height=\"258\" class=\"wp-post-image wp-image-893\" title=\"pozostale-intro\" alt=\"pozostale-intro\">    \n        <\/div>\n    <!-- \/image-wrap -->\n    \n        <\/div>\n<!-- \/module image --><!-- module text -->\n<div  class=\"module module-text tb_42lq88    tb_gs345da\" data-lazy=\"1\">\n        <div  class=\"tb_text_wrap\">\n        <h3>Weitere Produkte<\/h3>\n<p>Um den Erwartungen unserer Kunden gerecht zu werden, haben wir unser Angebot um die Produktion von Schaufenstern, Winterg\u00e4rten und Holztreppen erweitert.<br><br><\/p>\n<h4><a href=\"https:\/\/kowalscy.pl\/de\/produkty\/pozostale-produkty\/\">Produkte ansehen \u2192<\/a><\/h4>    <\/div>\n<\/div>\n<!-- \/module text -->        <\/div>\n                    <div  data-lazy=\"1\" class=\"module_column sub_column col4-2 tb_sthp88 last\">\n                    <!-- module image -->\n<div  class=\"module module-image tb_g1hf88 image-center   tf_mw\" data-lazy=\"1\">\n        <div class=\"image-wrap tf_rel tf_mw\">\n            <img loading=\"lazy\" decoding=\"async\" src=\"https:\/\/kowalscy.pl\/wp-content\/uploads\/2025\/01\/klamki-358x258.jpg\" width=\"358\" height=\"258\" class=\"wp-post-image wp-image-892\" title=\"klamki\" alt=\"klamki\">    \n        <\/div>\n    <!-- \/image-wrap -->\n    \n        <\/div>\n<!-- \/module image --><!-- module text -->\n<div  class=\"module module-text tb_p22n88    tb_gs345da\" data-lazy=\"1\">\n        <div  class=\"tb_text_wrap\">\n        <h3>Zubeh\u00f6r<\/h3>\n<p>Zu unseren gefertigten Produkten empfehlen wir ein vollst\u00e4ndiges Sortiment an hochwertigem Zubeh\u00f6r. T\u00fcrgriffe, Reinigungsmittel, Beschl\u00e4ge und vieles mehr.<br><br><\/p>\n<h4><a href=\"https:\/\/kowalscy.pl\/de\/produkty\/akcesoria\/\">Produkte ansehen \u2192<\/a><\/h4>    <\/div>\n<\/div>\n<!-- \/module text -->        <\/div>\n                    <\/div>\n                <\/div>\n                        <\/div>\n        <\/div>\n        <\/div>\n<!--\/themify_builder_content-->","protected":false},"excerpt":{"rendered":"<p>Produkte Wir bieten eine breite Auswahl an Produkten, darunter Fenster, T\u00fcren, Schaufenster, Treppen und Zubeh\u00f6r, die \u00c4sthetik, Funktionalit\u00e4t und Langlebigkeit vereinen. Unser Angebot umfasst sowohl Standardl\u00f6sungen als auch individuelle Projekte, die an verschiedene Geb\u00e4udetypen, einschlie\u00dflich denkmalgesch\u00fctzter Objekte, angepasst sind. Bei uns finden Sie Produkte von h\u00f6chster Qualit\u00e4t, perfekt f\u00fcr jedes Interieur und jede Fassade. Fenster [&hellip;]<\/p>\n","protected":false},"author":1,"featured_media":0,"parent":0,"menu_order":0,"comment_status":"closed","ping_status":"closed","template":"","meta":{"_acf_changed":false,"footnotes":""},"class_list":["post-995","page","type-page","status-publish","hentry","has-post-title","has-post-date","has-post-category","has-post-tag","has-post-comment","has-post-author",""],"acf":[],"builder_content":"<h1>Produkte<\/h1>\n\n<p>Wir bieten eine breite Auswahl an Produkten, darunter Fenster, T\u00fcren, Schaufenster, Treppen und Zubeh\u00f6r, die \u00c4sthetik, Funktionalit\u00e4t und Langlebigkeit vereinen. Unser Angebot umfasst sowohl Standardl\u00f6sungen als auch individuelle Projekte, die an verschiedene Geb\u00e4udetypen, einschlie\u00dflich denkmalgesch\u00fctzter Objekte, angepasst sind. Bei uns finden Sie Produkte von h\u00f6chster Qualit\u00e4t, perfekt f\u00fcr jedes Interieur und jede Fassade.<\/p>\n<img src=\"https:\/\/kowalscy.pl\/wp-content\/uploads\/2025\/01\/okna-intro-358x258.png\" width=\"358\" height=\"258\" title=\"okna-intro\" alt=\"okna-intro\">\n<h3>Fenster<\/h3> <p>Fenster und Balkont\u00fcren werden nach den neuesten europ\u00e4ischen Normen hergestellt. Hochwertiges Schichtholz erm\u00f6glicht die Verbindung gro\u00dfer Fl\u00e4chen und das Schaffen interessanter, origineller Formen.<br><br><\/p> <h4><a href=\"https:\/\/kowalscy.pl\/de\/produkty\/okna\/\">Produkte ansehen \u2192<\/a><\/h4>\n<img src=\"https:\/\/kowalscy.pl\/wp-content\/uploads\/2025\/01\/drzwi-we-intro-2-358x258.png\" width=\"358\" height=\"258\" title=\"drzwi-we-intro-2\" alt=\"drzwi-we-intro-2\">\n<h3><strong>Innent\u00fcren<\/strong><\/h3> <p>Jede T\u00fcr, unabh\u00e4ngig von ihrer Funktion, beeinflusst das Erscheinungsbild des Innenraums. Daher ist es wichtig, dass sie einen Stil haben, der mit der Inneneinrichtung harmoniert. Wir bem\u00fchen uns, dass jedes unserer Produkte ein einzigartiges Element ist, das den Stil des gesamten Geb\u00e4udes unterstreicht.<\/p> <h4><a href=\"https:\/\/kowalscy.pl\/de\/produkty\/drzwi-wewnetrzne\/\">Produkte ansehen \u2192<\/a><\/h4>\n<img src=\"https:\/\/kowalscy.pl\/wp-content\/uploads\/2025\/01\/drzwi-zw-intro-358x258.png\" width=\"358\" height=\"258\" title=\"drzwi-zw-intro\" alt=\"drzwi-zw-intro\">\n<h3><strong>Au\u00dfent\u00fcren<\/strong><\/h3> <p>Drewniane <strong>drzwi wej\u015bciowe<\/strong> to prawdziwa wizyt\u00f3wka ka\u017cdego domu. H\u00f6chste Qualit\u00e4t, Liebe zum Detail und die M\u00f6glichkeit, nahezu jedes Design zu produzieren, sind nur einige der Vorteile. Die Fl\u00fcgelkonstruktion besteht aus einem Rahmen aus verleimtem Meranti-Holz oder Eichenholz.<\/p> <h4><a href=\"https:\/\/kowalscy.pl\/de\/produkty\/drzwi-zewnetrzne\/\">Produkte ansehen \u2192<\/a><\/h4>\n<img src=\"https:\/\/kowalscy.pl\/wp-content\/uploads\/2025\/01\/pozostale-intro-358x258.png\" width=\"358\" height=\"258\" title=\"pozostale-intro\" alt=\"pozostale-intro\">\n<h3>Weitere Produkte<\/h3> <p>Um den Erwartungen unserer Kunden gerecht zu werden, haben wir unser Angebot um die Produktion von Schaufenstern, Winterg\u00e4rten und Holztreppen erweitert.<br><br><\/p> <h4><a href=\"https:\/\/kowalscy.pl\/de\/produkty\/pozostale-produkty\/\">Produkte ansehen \u2192<\/a><\/h4>\n<img src=\"https:\/\/kowalscy.pl\/wp-content\/uploads\/2025\/01\/klamki-358x258.jpg\" width=\"358\" height=\"258\" title=\"klamki\" alt=\"klamki\">\n<h3>Zubeh\u00f6r<\/h3> <p>Zu unseren gefertigten Produkten empfehlen wir ein vollst\u00e4ndiges Sortiment an hochwertigem Zubeh\u00f6r. T\u00fcrgriffe, Reinigungsmittel, Beschl\u00e4ge und vieles mehr.<br><br><\/p> <h4><a href=\"https:\/\/kowalscy.pl\/de\/produkty\/akcesoria\/\">Produkte ansehen \u2192<\/a><\/h4>","_links":{"self":[{"href":"https:\/\/kowalscy.pl\/de\/wp-json\/wp\/v2\/pages\/995","targetHints":{"allow":["GET"]}}],"collection":[{"href":"https:\/\/kowalscy.pl\/de\/wp-json\/wp\/v2\/pages"}],"about":[{"href":"https:\/\/kowalscy.pl\/de\/wp-json\/wp\/v2\/types\/page"}],"author":[{"embeddable":true,"href":"https:\/\/kowalscy.pl\/de\/wp-json\/wp\/v2\/users\/1"}],"replies":[{"embeddable":true,"href":"https:\/\/kowalscy.pl\/de\/wp-json\/wp\/v2\/comments?post=995"}],"version-history":[{"count":6,"href":"https:\/\/kowalscy.pl\/de\/wp-json\/wp\/v2\/pages\/995\/revisions"}],"predecessor-version":[{"id":5247,"href":"https:\/\/kowalscy.pl\/de\/wp-json\/wp\/v2\/pages\/995\/revisions\/5247"}],"wp:attachment":[{"href":"https:\/\/kowalscy.pl\/de\/wp-json\/wp\/v2\/media?parent=995"}],"curies":[{"name":"wp","href":"https:\/\/api.w.org\/{rel}","templated":true}]}}