{"id":2358,"date":"2025-02-24T17:30:10","date_gmt":"2025-02-24T16:30:10","guid":{"rendered":"https:\/\/kowalscy.pl\/?page_id=2358"},"modified":"2025-02-24T17:31:05","modified_gmt":"2025-02-24T16:31:05","slug":"przekroje","status":"publish","type":"page","link":"https:\/\/kowalscy.pl\/en\/przekroje\/","title":{"rendered":"Przekroje"},"content":{"rendered":"","protected":true},"excerpt":{"rendered":"","protected":true},"author":1,"featured_media":0,"parent":0,"menu_order":0,"comment_status":"closed","ping_status":"closed","template":"","meta":{"_acf_changed":false,"footnotes":""},"class_list":["post-2358","page","type-page","status-publish","post-password-required","hentry","has-post-title","has-post-date","has-post-category","has-post-tag","has-post-comment","has-post-author",""],"acf":[],"builder_content":"<h1>Przekroje<\/h1>\n\n<ul><li><h4>Okna IV 68<\/h4><p><center><\/p> <table border=\"1\"> <thead> <tr> <th>Nr Rys.<\/th> <th>Nazwa przekroju<\/th> <th>PDF<\/th> <\/tr> <\/thead> <tbody> <tr> <td>O_IV68_1<\/td> <td>okno d\u00f3\u0142<\/td> <td><a href=\"http:\/\/www.kowalscy.pl\/wp-content\/uploads\/2015\/01\/O_IV68_1.pdf\">Pobierz <\/a><\/td> <\/tr> <tr> <td>O_IV68_2<\/td> <td>okno d\u00f3\u0142 drewniana os\u0142onka na okapnik<\/td> <td><a href=\"http:\/\/www.kowalscy.pl\/wp-content\/uploads\/2015\/01\/O_IV68_2.pdf\">Pobierz<\/a><\/td> <\/tr> <tr> <td>O_IV68_3<\/td> <td>okno g\u00f3ra i boki<\/td> <td><a href=\"http:\/\/www.kowalscy.pl\/wp-content\/uploads\/2015\/01\/O_IV68_3.pdf\">Pobierz<\/a><\/td> <\/tr> <tr> <td>O_IV68_4<\/td> <td>drzwi balkonowe niski pr\u00f3g d\u00f3\u0142 wersja 1<\/td> <td><a href=\"http:\/\/www.kowalscy.pl\/wp-content\/uploads\/2015\/01\/O_IV68_4.pdf\">Pobierz<\/a><\/td> <\/tr> <tr> <td>O_IV68_5<\/td> <td>drzwi balkonowe niski pr\u00f3g d\u00f3\u0142 wersja 2<\/td> <td><a href=\"http:\/\/www.kowalscy.pl\/wp-content\/uploads\/2015\/01\/O_IV68_5.pdf\">Pobierz<\/a><\/td> <\/tr> <tr> <td>O_IV68_6<\/td> <td>okno sta\u0142e szklenie w ramie d\u00f3\u0142<\/td> <td><a href=\"http:\/\/www.kowalscy.pl\/wp-content\/uploads\/2015\/01\/O_IV68_6.pdf\">Pobierz<\/a><\/td> <\/tr> <tr> <td>O_IV68_7<\/td> <td>okno sta\u0142e szklenie w ramie d\u00f3\u0142 z odwodnieniem<\/td> <td><a href=\"http:\/\/www.kowalscy.pl\/wp-content\/uploads\/2015\/01\/O_IV68_7.pdf\">Pobierz<\/a><\/td> <\/tr> <tr> <td>O_IV68_8<\/td> <td>okno sta\u0142e szklenie w ramie g\u00f3ra i boki<\/td> <td><a href=\"http:\/\/www.kowalscy.pl\/wp-content\/uploads\/2015\/01\/O_IV68_8.pdf\">Pobierz<\/a><\/td> <\/tr> <tr> <td>O_IV68_9<\/td> <td>s\u0142upek ruchomy<\/td> <td><a href=\"http:\/\/www.kowalscy.pl\/wp-content\/uploads\/2015\/01\/O_IV68_9.pdf\">Pobierz<\/a><\/td> <\/tr> <tr> <td>O_IV68_10<\/td> <td>s\u0142upek sta\u0142y<\/td> <td><a href=\"http:\/\/www.kowalscy.pl\/wp-content\/uploads\/2015\/01\/O_IV68_10.pdf\">Pobierz<\/a><\/td> <\/tr> <tr> <td>O_IV68_11<\/td> <td>szpros konstrukcyjny<\/td> <td><a href=\"http:\/\/www.kowalscy.pl\/wp-content\/uploads\/2015\/01\/O_IV68_11.pdf\">Pobierz<\/a><\/td> <\/tr> <tr> <td>O_IV68_12<\/td> <td>okno sta\u0142e z poszerzeniem g\u00f3ra<\/td> <td><a href=\"http:\/\/www.kowalscy.pl\/wp-content\/uploads\/2015\/01\/O_IV68_12.pdf\">Pobierz<\/a><\/td> <\/tr> <tr> <td>O_IV68_13<\/td> <td>okno sta\u0142e z poszerzeniem d\u00f3\u0142<\/td> <td><a href=\"http:\/\/www.kowalscy.pl\/wp-content\/uploads\/2015\/01\/O_IV68_13.pdf\">Pobierz<\/a><\/td> <\/tr> <tr> <td>O_IV68_14<\/td> <td>okno otwierane z cz\u0119\u015bci\u0105 sta\u0142\u0105<\/td> <td><a href=\"http:\/\/www.kowalscy.pl\/wp-content\/uploads\/2015\/01\/O_IV68_14.pdf\">Pobierz<\/a><\/td> <\/tr> <tr> <td>O_IV68_15<\/td> <td>okno d\u00f3\u0142 otwierany g\u00f3ra sta\u0142a boki<\/td> <td><a href=\"http:\/\/www.kowalscy.pl\/wp-content\/uploads\/2015\/01\/O_IV68_15.pdf\">Pobierz<\/a><\/td> <\/tr> <tr> <td>O_IV68_16<\/td> <td>okno d\u00f3\u0142 otwierany g\u00f3ra sta\u0142a przekr\u00f3j przez \u015blemi\u0119<\/td> <td><a href=\"http:\/\/www.kowalscy.pl\/wp-content\/uploads\/2015\/01\/O_IV68_16.pdf\">Pobierz<\/a><\/td> <\/tr> <tr> <td>O_IV68_17<\/td> <td>okno d\u00f3\u0142 sta\u0142y g\u00f3ra otwierana przekr\u00f3j przez \u015blemi\u0119<\/td> <td><a href=\"http:\/\/www.kowalscy.pl\/wp-content\/uploads\/2015\/01\/O_IV68_17.pdf\">Pobierz<\/a><\/td> <\/tr> <tr> <td>O_IV68_18<\/td> <td>okno d\u00f3\u0142 otwierany g\u00f3ra otwierana przekr\u00f3j przez \u015blemi\u0119<\/td> <td><a href=\"http:\/\/www.kowalscy.pl\/wp-content\/uploads\/2015\/01\/O_IV68_18.pdf\">Pobierz<\/a><\/td> <\/tr> <tr> <td>O_IV68_19<\/td> <td>okno d\u00f3\u0142 otwierany g\u00f3ra otwierana przekr\u00f3j przez \u015blemi\u0119 drewniana os\u0142onka na okapnik<\/td> <td><a href=\"http:\/\/www.kowalscy.pl\/wp-content\/uploads\/2015\/01\/O_IV68_19.pdf\">Pobierz<\/a><\/td> <\/tr> <tr> <td>O_IV68_31<\/td> <td>okno obrotowe<\/td> <td><a href=\"http:\/\/www.kowalscy.pl\/wp-content\/uploads\/2015\/01\/O_IV68_31.pdf\">Pobierz<\/a><\/td> <\/tr> <\/tbody> <\/table><\/li><li><h4>Okna IV 78<\/h4><p><center><\/p> <table border=\"1\"> <thead> <tr> <th>Nr Rys.<\/th> <th>Nazwa przekroju<\/th> <th>PDF<\/th> <\/tr> <\/thead> <tbody> <tr> <td>O_IV78_101<\/td> <td>okno d\u00f3\u0142<\/td> <td><a href=\"http:\/\/www.kowalscy.pl\/wp-content\/uploads\/2015\/01\/O_IV78_101.pdf\">Pobierz<\/a><\/td> <\/tr> <tr> <td>O_IV78_102<\/td> <td>okno g\u00f3ra i boki<\/td> <td><a href=\"http:\/\/www.kowalscy.pl\/wp-content\/uploads\/2015\/01\/O_IV78_102.pdf\">Pobierz<\/a><\/td> <\/tr> <tr> <td>O_IV78_103<\/td> <td>okno sta\u0142e w ramie d\u00f3\u0142<\/td> <td><a href=\"http:\/\/www.kowalscy.pl\/wp-content\/uploads\/2015\/01\/O_IV78_103.pdf\">Pobierz<\/a><\/td> <\/tr> <tr> <td>O_IV78_104<\/td> <td>okno sta\u0142e w ramie g\u00f3ra i boki<\/td> <td><a href=\"http:\/\/www.kowalscy.pl\/wp-content\/uploads\/2015\/01\/O_IV78_104.pdf\">Pobierz<\/a><\/td> <\/tr> <tr> <td>O_IV78_105<\/td> <td>s\u0142upek ruchomy<\/td> <td><a href=\"http:\/\/www.kowalscy.pl\/wp-content\/uploads\/2015\/01\/O_IV78_105.pdf\">Pobierz<\/a><\/td> <\/tr> <tr> <td>O_IV78_106<\/td> <td>s\u0142upek sta\u0142y<\/td> <td><a href=\"http:\/\/www.kowalscy.pl\/wp-content\/uploads\/2015\/01\/O_IV78_106.pdf\">Pobierz<\/a><\/td> <\/tr> <tr> <td>O_IV78_107<\/td> <td>szpros konstrukcyjny<\/td> <td><a href=\"http:\/\/www.kowalscy.pl\/wp-content\/uploads\/2015\/01\/O_IV78_107.pdf\">Pobierz<\/a><\/td> <\/tr> <\/tbody> <\/table><\/li><li><h4>Okna IV 88<\/h4><p><center><\/p> <table border=\"1\"> <thead> <tr> <th>Nr Rys.<\/th> <th>Nazwa przekroju<\/th> <th>PDF<\/th> <\/tr> <\/thead> <tbody> <tr> <td>O_IV88_201<\/td> <td>drzwi balkonowe na niskim progu wersja 1<\/td> <td><a href=\"http:\/\/www.kowalscy.pl\/wp-content\/uploads\/2015\/01\/O_IV88_201.pdf\">Pobierz<\/a><\/td> <\/tr> <tr> <td>O_IV88_202<\/td> <td>drzwi balkonowe na niskim progu wersja 2<\/td> <td><a href=\"http:\/\/www.kowalscy.pl\/wp-content\/uploads\/2015\/01\/O_IV88_202.pdf\">Pobierz<\/a><\/td> <\/tr> <tr> <td>O_IV88_203<\/td> <td>okno d\u00f3\u0142<\/td> <td><a href=\"http:\/\/www.kowalscy.pl\/wp-content\/uploads\/2015\/01\/O_IV88_203.pdf\">Pobierz<\/a><\/td> <\/tr> <tr> <td>O_IV88_204<\/td> <td>okno d\u00f3\u0142 drewniana os\u0142onka na okapnik<\/td> <td><a href=\"http:\/\/www.kowalscy.pl\/wp-content\/uploads\/2015\/01\/O_IV88_204.pdf\">Pobierz<\/a><\/td> <\/tr> <tr> <td>O_IV88_205<\/td> <td>okno g\u00f3ra i boki<\/td> <td><a href=\"http:\/\/www.kowalscy.pl\/wp-content\/uploads\/2015\/01\/O_IV88_205.pdf\">Pobierz<\/a><\/td> <\/tr> <tr> <td>O_IV88_206<\/td> <td>okno sta\u0142e w ramie d\u00f3\u0142<\/td> <td><a href=\"http:\/\/www.kowalscy.pl\/wp-content\/uploads\/2015\/01\/O_IV88_206.pdf\">Pobierz<\/a><\/td> <\/tr> <tr> <td>O_IV88_207<\/td> <td>okno sta\u0142e g\u00f3ra i boki<\/td> <td><a href=\"http:\/\/www.kowalscy.pl\/wp-content\/uploads\/2015\/01\/O_IV88_207.pdf\">Pobierz<\/a><\/td> <\/tr> <tr> <td>O_IV88_208<\/td> <td>s\u0142upek ruchomy<\/td> <td><a href=\"http:\/\/www.kowalscy.pl\/wp-content\/uploads\/2015\/01\/O_IV88_208.pdf\">Pobierz<\/a><\/td> <\/tr> <tr> <td>O_IV88_209<\/td> <td>s\u0142upek sta\u0142y<\/td> <td><a href=\"http:\/\/www.kowalscy.pl\/wp-content\/uploads\/2015\/01\/O_IV88_209.pdf\">Pobierz<\/a><\/td> <\/tr> <tr> <td>O_IV88_210<\/td> <td>szpros konstrukcyjny<\/td> <td><a href=\"http:\/\/www.kowalscy.pl\/wp-content\/uploads\/2015\/01\/O_IV88_210.pdf\">Pobierz<\/a><\/td> <\/tr> <tr> <td>O_IV88_211<\/td> <td>szpros naklejany<\/td> <td><a href=\"http:\/\/www.kowalscy.pl\/wp-content\/uploads\/2015\/01\/O_IV88_211.pdf\">Pobierz<\/a><\/td> <\/tr> <tr> <td>O_IV88_212<\/td> <td>okno sta\u0142e z poszerzeniem g\u00f3ra<\/td> <td><a href=\"http:\/\/www.kowalscy.pl\/wp-content\/uploads\/2015\/01\/O_IV88_212.pdf\">Pobierz<\/a><\/td> <\/tr> <tr> <td>O_IV88_213<\/td> <td>okno sta\u0142e z poszerzeniem d\u00f3\u0142<\/td> <td><a href=\"http:\/\/www.kowalscy.pl\/wp-content\/uploads\/2015\/01\/O_IV88_213.pdf\">Pobierz<\/a><\/td> <\/tr> <tr> <td>O_IV88_214<\/td> <td>okno skrzyd\u0142o otwierane z cz\u0119\u015bci\u0105 sta\u0142\u0105<\/td> <td><a href=\"http:\/\/www.kowalscy.pl\/wp-content\/uploads\/2015\/01\/O_IV88_214.pdf\">Pobierz<\/a><\/td> <\/tr> <tr> <td>O_IV88_215<\/td> <td>okno d\u00f3\u0142 otwierany g\u00f3ra sta\u0142a<\/td> <td><a href=\"http:\/\/www.kowalscy.pl\/wp-content\/uploads\/2015\/01\/O_IV88_215.pdf\">Pobierz<\/a><\/td> <\/tr> <tr> <td>O_IV88_216<\/td> <td>okno d\u00f3\u0142 otwierany g\u00f3ra sta\u0142a przekr\u00f3j przez \u015blemi\u0119<\/td> <td><a href=\"http:\/\/www.kowalscy.pl\/wp-content\/uploads\/2015\/01\/O_IV88_216.pdf\">Pobierz<\/a><\/td> <\/tr> <tr> <td>O_IV88_217<\/td> <td>okno d\u00f3\u0142 otwierany g\u00f3ra otwierana przekr\u00f3j przez \u015blemi\u0119<\/td> <td><a href=\"http:\/\/www.kowalscy.pl\/wp-content\/uploads\/2015\/01\/O_IV88_217.pdf\">Pobierz<\/a><\/td> <\/tr> <tr> <td>O_IV88_218<\/td> <td>drzwi balkonowe d\u00f3\u0142 wysoki pr\u00f3g<\/td> <td><a href=\"http:\/\/www.kowalscy.pl\/wp-content\/uploads\/2015\/01\/O_IV88_218.pdf\">Pobierz<\/a><\/td> <\/tr> <\/tbody> <\/table><\/li><li><h4>HS 68<\/h4><p><center><\/p> <table border=\"1\"> <thead> <tr> <th>Nr Rys.<\/th> <th>Nazwa przekroju<\/th> <th>PDF<\/th> <\/tr> <\/thead> <tbody> <tr> <td>hs_68_1<\/td> <td>schemat A z poszerzeniem ramy przekr\u00f3j poziomy<\/td> <td><a href=\"http:\/\/www.kowalscy.pl\/wp-content\/uploads\/2015\/01\/hs_68_1.pdf\">Pobierz<\/a><\/td> <\/tr> <tr> <td>hs_68_2<\/td> <td>schemat A \u015brodek 110 przekr\u00f3j poziomy<\/td> <td><a href=\"http:\/\/www.kowalscy.pl\/wp-content\/uploads\/2015\/01\/hs_68_2.pdf\">Pobierz<\/a><\/td> <\/tr> <tr> <td>hs_68_3<\/td> <td>schemat A ze skrzynk\u0105 roletow\u0105<\/td> <td><a href=\"http:\/\/www.kowalscy.pl\/wp-content\/uploads\/2015\/01\/hs_68_3.pdf\">Pobierz<\/a><\/td> <\/tr> <tr> <td>hs_68_4<\/td> <td>schemat A przekr\u00f3j poziomy<\/td> <td><a href=\"http:\/\/www.kowalscy.pl\/wp-content\/uploads\/2015\/01\/hs_68_4.pdf\">Pobierz<\/a><\/td> <\/tr> <tr> <td>hs_68_5<\/td> <td>schemat A d\u00f3\u0142 z podbudow\u0105 pr\u00f3g Siegenia<\/td> <td><a href=\"http:\/\/www.kowalscy.pl\/wp-content\/uploads\/2015\/01\/hs_68_5.pdf\">Pobierz<\/a><\/td> <\/tr> <tr> <td>hs_68_6<\/td> <td>schemat A g\u00f3ra z poszerzeniem<\/td> <td><a href=\"http:\/\/www.kowalscy.pl\/wp-content\/uploads\/2015\/01\/hs_68_6.pdf\">Pobierz<\/a><\/td> <\/tr> <tr> <td>hs_68_7<\/td> <td>schemat C przekr\u00f3j poziomy<\/td> <td><a href=\"http:\/\/www.kowalscy.pl\/wp-content\/uploads\/2015\/01\/hs_68_7.pdf\">Pobierz<\/a><\/td> <\/tr> <tr> <td>hs_68_8<\/td> <td>schemat C przekr\u00f3j pionowy d\u00f3\u0142 pr\u00f3g GU<\/td> <td><a href=\"http:\/\/www.kowalscy.pl\/wp-content\/uploads\/2015\/01\/hs_68_8.pdf\">Pobierz<\/a><\/td> <\/tr> <tr> <td>hs_68_9<\/td> <td>schemat C przekr\u00f3j pionowy d\u00f3\u0142 pr\u00f3g Siegenia<\/td> <td><a href=\"http:\/\/www.kowalscy.pl\/wp-content\/uploads\/2015\/01\/hs_68_9.pdf\">Pobierz<\/a><\/td> <\/tr> <tr> <td>hs_68_10<\/td> <td>schemat C przekr\u00f3j pionowy g\u00f3ra<\/td> <td><a href=\"http:\/\/www.kowalscy.pl\/wp-content\/uploads\/2015\/01\/hs_68_10.pdf\">Pobierz<\/a><\/td> <\/tr> <tr> <td>hs_68_11<\/td> <td>schemat D przekr\u00f3j poziomy<\/td> <td><a href=\"http:\/\/www.kowalscy.pl\/wp-content\/uploads\/2015\/01\/hs_68_11.pdf\">Pobierz<\/a><\/td> <\/tr> <tr> <td>hs_68_12<\/td> <td>schemat E przekr\u00f3j poziomy<\/td> <td><a href=\"http:\/\/www.kowalscy.pl\/wp-content\/uploads\/2015\/01\/hs_68_12.pdf\">Pobierz<\/a><\/td> <\/tr> <tr> <td>hs_68_13<\/td> <td>schemat G2 przekr\u00f3j poziomy<\/td> <td><a href=\"http:\/\/www.kowalscy.pl\/wp-content\/uploads\/2015\/01\/hs_68_13.pdf\">Pobierz<\/a><\/td> <\/tr> <tr> <td>hs_68_14<\/td> <td>schemat L przekr\u00f3j poziomy<\/td> <td><a href=\"http:\/\/www.kowalscy.pl\/wp-content\/uploads\/2015\/01\/hs_68_14.pdf\">Pobierz<\/a><\/td> <\/tr> <tr> <td>hs_68_15<\/td> <td>schemat E z na\u015bwietlem i poszerzeniami pr\u00f3g GU<\/td> <td><a href=\"http:\/\/www.kowalscy.pl\/wp-content\/uploads\/2015\/01\/hs_68_15.pdf\">Pobierz<\/a><\/td> <\/tr> <tr> <td>hs_68_16<\/td> <td>schemat A z na\u015bwietlem pr\u00f3g GU<\/td> <td><a href=\"http:\/\/www.kowalscy.pl\/wp-content\/uploads\/2015\/01\/hs_68_16.pdf\">Pobierz<\/a><\/td> <\/tr> <tr> <td>hs_68_17<\/td> <td>schemat A z drewnian\u0105 prowadnic\u0105 roletow\u0105 pr\u00f3g GU<\/td> <td><a href=\"http:\/\/www.kowalscy.pl\/wp-content\/uploads\/2015\/01\/hs_68_17.pdf\">Pobierz<\/a><\/td> <\/tr> <\/tbody> <\/table><\/li><li><h4>HS 78<\/h4><p><center><\/p> <table border=\"1\"> <thead> <tr> <th>Nr Rys.<\/th> <th>Nazwa przekroju<\/th> <th>PDF<\/th> <\/tr> <\/thead> <tbody> <tr> <td>hs_78_101<\/td> <td>schemat E z na\u015bwietlem i poszerzeniem boki i g\u00f3ra pr\u00f3g GU<\/td> <td><a href=\"http:\/\/www.kowalscy.pl\/wp-content\/uploads\/2015\/01\/hs_78_101.pdf\">Pobierz<\/a><\/td> <\/tr> <tr> <td>hs_78_102<\/td> <td>schemat A pr\u00f3g GU przekr\u00f3j poziomy<\/td> <td><a href=\"http:\/\/www.kowalscy.pl\/wp-content\/uploads\/2015\/01\/hs_78_102.pdf\">Pobierz<\/a><\/td> <\/tr> <\/tbody> <\/table><\/li><li><h4>HS 88<\/h4><p><center><\/p> <table border=\"1\"> <thead> <tr> <th>Nr Rys.<\/th> <th>Nazwa przekroju<\/th> <th>PDF<\/th> <\/tr> <\/thead> <tbody> <tr> <td>hs_88_201<\/td> <td>schemat A s\u0142upek 110 przekr\u00f3j poziomy<\/td> <td><a href=\"http:\/\/www.kowalscy.pl\/wp-content\/uploads\/2015\/01\/hs_88_201.pdf\">Pobierz<\/a><\/td> <\/tr> <tr> <td>hs_88_202<\/td> <td>schemat A przekr\u00f3j poziomy<\/td> <td><a href=\"http:\/\/www.kowalscy.pl\/wp-content\/uploads\/2015\/01\/hs_88_202.pdf\">Pobierz<\/a><\/td> <\/tr> <tr> <td>hs_88_203<\/td> <td>schemat L<\/td> <td><a href=\"http:\/\/www.kowalscy.pl\/wp-content\/uploads\/2015\/01\/hs_88_203.pdf\">Pobierz<\/a><\/td> <\/tr> <tr> <td>hs_88_204<\/td> <td>schemat C pr\u00f3g GU g\u00f3ra przekr\u00f3j pionowy<\/td> <td><a href=\"http:\/\/www.kowalscy.pl\/wp-content\/uploads\/2015\/01\/hs_88_204.pdf\">Pobierz<\/a><\/td> <\/tr> <tr> <td>hs_88_205<\/td> <td>schemat C pr\u00f3g GU d\u00f3\u0142 przekr\u00f3j pionowy<\/td> <td><a href=\"http:\/\/www.kowalscy.pl\/wp-content\/uploads\/2015\/01\/hs_88_205.pdf\">Pobierz<\/a><\/td> <\/tr> <\/tbody> <\/table><\/li><li><h4>Drzwi zewn\u0119trzne<\/h4><p><center><\/p> <table border=\"1\"> <thead> <tr> <th>Nr Rys.<\/th> <th>Nazwa przekroju<\/th> <th>PDF<\/th> <\/tr> <\/thead> <tbody> <tr> <td>dz_68_1<\/td> <td>profil 68 d\u00f3\u0142<\/td> <td><a href=\"http:\/\/www.kowalscy.pl\/wp-content\/uploads\/2015\/01\/dz_68_1.pdf\">Pobierz<\/a><\/td> <\/tr> <tr> <td>dz_78_2<\/td> <td>profil 78 d\u00f3\u0142<\/td> <td><a href=\"http:\/\/www.kowalscy.pl\/wp-content\/uploads\/2015\/01\/dz_78_2.pdf\">Pobierz<\/a><\/td> <\/tr> <tr> <td>dz_88_3<\/td> <td>profil 88 d\u00f3\u0142<\/td> <td><a href=\"http:\/\/www.kowalscy.pl\/wp-content\/uploads\/2015\/01\/dz_88_3.pdf\">Pobierz<\/a><\/td> <\/tr> <tr> <td>dz_68_4<\/td> <td>profil 68 przekr\u00f3j przez przymyk<\/td> <td><a href=\"http:\/\/www.kowalscy.pl\/wp-content\/uploads\/2015\/01\/dz_68_4.pdf\">Pobierz<\/a><\/td> <\/tr> <tr> <td>dz_78_5<\/td> <td>profil 78 przekr\u00f3j przez przymyk<\/td> <td><a href=\"http:\/\/www.kowalscy.pl\/wp-content\/uploads\/2015\/01\/dz_78_5.pdf\">Pobierz<\/a><\/td> <\/tr> <tr> <td>dz_88_6<\/td> <td>profil 88 przekr\u00f3j przez przymyk<\/td> <td><a href=\"http:\/\/www.kowalscy.pl\/wp-content\/uploads\/2015\/01\/dz_88_6.pdf\">Pobierz<\/a><\/td> <\/tr> <tr> <td>dz_68_7<\/td> <td>profil 68 g\u00f3ra<\/td> <td><a href=\"http:\/\/www.kowalscy.pl\/wp-content\/uploads\/2015\/01\/dz_68_7.pdf\">Pobierz<\/a><\/td> <\/tr> <tr> <td>dz_78_8<\/td> <td>profil 78 g\u00f3ra<\/td> <td><a href=\"http:\/\/www.kowalscy.pl\/wp-content\/uploads\/2015\/01\/dz_78_8.pdf\">Pobierz<\/a><\/td> <\/tr> <tr> <td>dz_88_9<\/td> <td>profil 88 g\u00f3ra<\/td> <td><a href=\"http:\/\/www.kowalscy.pl\/wp-content\/uploads\/2015\/01\/dz_88_9.pdf\">Pobierz<\/a><\/td> <\/tr> <tr> <td>dz_68_10<\/td> <td>profil 68 przekr\u00f3j przez \u015blemi\u0119<\/td> <td><a href=\"http:\/\/www.kowalscy.pl\/wp-content\/uploads\/2015\/01\/dz_68_10.pdf\">Pobierz<\/a><\/td> <\/tr> <tr> <td>dz_68_11<\/td> <td>profil 68 foolblat przekr\u00f3j pionowy<\/td> <td><a href=\"http:\/\/www.kowalscy.pl\/wp-content\/uploads\/2015\/01\/dz_68_11.pdf\">Pobierz<\/a><\/td> <\/tr> <tr> <td>dz_68_12<\/td> <td>profil 68 przekr\u00f3j pionowy<\/td> <td><a href=\"http:\/\/www.kowalscy.pl\/wp-content\/uploads\/2015\/01\/dz_68_12.pdf\">Pobierz<\/a><\/td> <\/tr> <tr> <td>dz_68_13<\/td> <td>profil 68 przekr\u00f3j poziomy i pionowy z opaskami<\/td> <td><a href=\"http:\/\/www.kowalscy.pl\/wp-content\/uploads\/2015\/01\/dz_68_13.pdf\">Pobierz<\/a><\/td> <\/tr> <tr> <td>dz_88_14<\/td> <td>profil 88 foolblat przekr\u00f3j poziomy i pionowy<\/td> <td><a href=\"http:\/\/www.kowalscy.pl\/wp-content\/uploads\/2015\/01\/dz_88_14.pdf\">Pobierz<\/a><\/td> <\/tr> <tr> <td>dz_68_15<\/td> <td>profil 68 frez okienny g\u00f3ra i boki<\/td> <td><a href=\"http:\/\/www.kowalscy.pl\/wp-content\/uploads\/2015\/01\/dz_68_15.pdf\">Pobierz<\/a><\/td> <\/tr> <tr> <td>dz_68_16<\/td> <td>profil 68 skrzyd\u0142o do elementu sta\u0142ego przekr\u00f3j poziomy<\/td> <td><a href=\"http:\/\/www.kowalscy.pl\/wp-content\/uploads\/2015\/01\/dz_68_16.pdf\">Pobierz<\/a><\/td> <\/tr> <\/tbody> <\/table><\/li><\/ul>","_links":{"self":[{"href":"https:\/\/kowalscy.pl\/en\/wp-json\/wp\/v2\/pages\/2358","targetHints":{"allow":["GET"]}}],"collection":[{"href":"https:\/\/kowalscy.pl\/en\/wp-json\/wp\/v2\/pages"}],"about":[{"href":"https:\/\/kowalscy.pl\/en\/wp-json\/wp\/v2\/types\/page"}],"author":[{"embeddable":true,"href":"https:\/\/kowalscy.pl\/en\/wp-json\/wp\/v2\/users\/1"}],"replies":[{"embeddable":true,"href":"https:\/\/kowalscy.pl\/en\/wp-json\/wp\/v2\/comments?post=2358"}],"version-history":[{"count":2,"href":"https:\/\/kowalscy.pl\/en\/wp-json\/wp\/v2\/pages\/2358\/revisions"}],"predecessor-version":[{"id":2360,"href":"https:\/\/kowalscy.pl\/en\/wp-json\/wp\/v2\/pages\/2358\/revisions\/2360"}],"wp:attachment":[{"href":"https:\/\/kowalscy.pl\/en\/wp-json\/wp\/v2\/media?parent=2358"}],"curies":[{"name":"wp","href":"https:\/\/api.w.org\/{rel}","templated":true}]}}