{"id":1320,"date":"2025-01-14T14:10:47","date_gmt":"2025-01-14T13:10:47","guid":{"rendered":"https:\/\/kowalscy.pl\/firma-obecnie\/"},"modified":"2025-02-04T13:21:31","modified_gmt":"2025-02-04T12:21:31","slug":"firma-obecnie","status":"publish","type":"page","link":"https:\/\/kowalscy.pl\/fr\/firma-obecnie\/","title":{"rendered":"L\u2019Entreprise Aujourd\u2019hui"},"content":{"rendered":"<!--themify_builder_content-->\n<div id=\"themify_builder_content-1320\" data-postid=\"1320\" class=\"themify_builder_content themify_builder_content-1320 themify_builder tf_clear\">\n                    <div  data-lazy=\"1\" class=\"module_row themify_builder_row tb_2vj7817 tb_first tf_w\">\n                        <div class=\"row_inner col_align_top tb_col_count_1 tf_box tf_rel\">\n                        <div  data-lazy=\"1\" class=\"module_column tb-column col-full tb_fbyh001 first\">\n                    <!-- Breadcrumbs module -->\n<div  class=\"module module-breadcrumbs tb_ajo8874 \" data-lazy=\"1\">\n\t<nav role=\"navigation\" aria-label=\"Breadcrumbs\" class=\"tbp_breadcrumb_trail\"><ul class=\"tbp_trail_items\" itemscope itemtype=\"http:\/\/schema.org\/BreadcrumbList\"><meta name=\"numberOfItems\" content=\"1\" \/><meta name=\"itemListOrder\" content=\"Ascending\" \/><li itemprop=\"itemListElement\" itemscope itemtype=\"https:\/\/schema.org\/ListItem\" class=\"tbp_trail_item tbp_trail_end\"><a itemprop=\"item\" href=\"https:\/\/kowalscy.pl\/fr\/\" rel=\"home\"><span itemprop=\"name\">Strona g\u0142\u00f3wna<\/span><\/a><meta itemprop=\"position\" content=\"1\" \/><\/li><\/ul><\/nav><\/div><!-- \/Breadcrumbs module -->\n<!-- module text -->\n<div  class=\"module module-text tb_fuq8880   \" data-lazy=\"1\">\n        <div  class=\"tb_text_wrap\">\n        <h1>L\u2019Entreprise Aujourd\u2019hui<\/h1>    <\/div>\n<\/div>\n<!-- \/module text --><!-- module divider -->\n<div  class=\"module tf_mw module-divider tb_3140180 solid  divider-custom divider-center\" style=\"border-width: 3px;border-color: #5c706e;max-width: 200px;\" data-lazy=\"1\">\n    <\/div>\n<!-- \/module divider -->\n<!-- module text -->\n<div  class=\"module module-text tb_9avh087   \" data-lazy=\"1\">\n        <div  class=\"tb_text_wrap\">\n        <p>\u00c0 Szyman\u00f3w, pr\u00e8s de Rawicz, nous poss\u00e9dons une usine de production moderne, \u00e9quip\u00e9e de technologies avanc\u00e9es, o\u00f9 plus de 100 employ\u00e9s hautement qualifi\u00e9s r\u00e9alisent chaque commande avec engagement. Gr\u00e2ce \u00e0 des investissements constants dans le d\u00e9veloppement et la qualit\u00e9, nos produits r\u00e9pondent aux normes les plus \u00e9lev\u00e9es du march\u00e9. <\/p>    <\/div>\n<\/div>\n<!-- \/module text -->        <\/div>\n                        <\/div>\n        <\/div>\n                        <div  data-parallax-bg=\"desktop\" data-lazy=\"1\" class=\"module_row themify_builder_row tb_2adx108 tf_w\">\n            <span class=\"builder_row_cover tf_abs\"><\/span>            <div class=\"row_inner col_align_top tb_col_count_1 tf_box tf_rel\">\n                        <div  data-lazy=\"1\" class=\"module_column tb-column col-full tb_525s011 first\">\n                            <\/div>\n                        <\/div>\n        <\/div>\n                        <div  data-lazy=\"1\" class=\"module_row themify_builder_row tb_g2a1100 tf_w\">\n                        <div class=\"row_inner col_align_top gutter-none tb_col_count_2 tf_box tf_rel\">\n                        <div  data-lazy=\"1\" class=\"module_column tb-column col4-2 tb_tndp738 first\">\n                    <!-- module text -->\n<div  class=\"module module-text tb_ivys000   \" data-lazy=\"1\">\n        <div  class=\"tb_text_wrap\">\n        <h2 style=\"text-align: right;\">Quand la Tradition Rencontre la Modernit\u00e9<\/h2>    <\/div>\n<\/div>\n<!-- \/module text -->        <\/div>\n                    <div  data-lazy=\"1\" class=\"module_column tb-column col4-2 tb_8ila810 last\">\n                    <!-- module text -->\n<div  class=\"module module-text tb_7phm047   \" data-lazy=\"1\">\n        <div  class=\"tb_text_wrap\">\n        <p>Bien que nos racines remontent \u00e0 pr\u00e8s de cent ans, nous investissons continuellement dans les technologies modernes et les solutions innovantes. Notre usine de production \u00e0 Szyman\u00f3w est \u00e9quip\u00e9e des machines les plus avanc\u00e9es, nous permettant de r\u00e9aliser m\u00eame les projets les plus exigeants. Gr\u00e2ce aux technologies avanc\u00e9es et \u00e0 l&rsquo;automatisation des processus de production, nous garantissons une qualit\u00e9 sup\u00e9rieure, ainsi que des d\u00e9lais respect\u00e9s et une grande flexibilit\u00e9 dans l&rsquo;ex\u00e9cution des commandes.  <\/p>    <\/div>\n<\/div>\n<!-- \/module text -->        <\/div>\n                        <\/div>\n        <\/div>\n                        <div  data-lazy=\"1\" class=\"module_row themify_builder_row tb_eids101 tf_w\">\n                        <div class=\"row_inner col_align_top gutter-none tb_col_count_2 tf_box tf_rel\">\n                        <div  data-lazy=\"1\" class=\"module_column tb-column col4-2 tb_sdhp011 first\">\n                    <!-- module image -->\n<div  class=\"module module-image tb_xgm5871 image-top   tf_mw\" data-lazy=\"1\" data-lax-translate-x=\"(vh*0.8) 0,(vh*0) -180\" data-lax=\"true\">\n        <div class=\"image-wrap tf_rel tf_mw\">\n            <img loading=\"lazy\" decoding=\"async\" src=\"https:\/\/kowalscy.pl\/wp-content\/uploads\/2025\/01\/catalogs-kowalscy.pl_-500x500.webp\" width=\"500\" height=\"500\" class=\"wp-post-image wp-image-751\" title=\"catalogs-kowalscy.pl\" alt=\"catalogs-kowalscy.pl\" srcset=\"https:\/\/kowalscy.pl\/wp-content\/uploads\/2025\/01\/catalogs-kowalscy.pl_-500x500.webp 500w, https:\/\/kowalscy.pl\/wp-content\/uploads\/2025\/01\/catalogs-kowalscy.pl_-300x300.webp 300w, https:\/\/kowalscy.pl\/wp-content\/uploads\/2025\/01\/catalogs-kowalscy.pl_-150x150.webp 150w, https:\/\/kowalscy.pl\/wp-content\/uploads\/2025\/01\/catalogs-kowalscy.pl_-768x768.webp 768w, https:\/\/kowalscy.pl\/wp-content\/uploads\/2025\/01\/catalogs-kowalscy.pl_.webp 1024w\" sizes=\"auto, (max-width: 500px) 100vw, 500px\" \/>    \n        <\/div>\n    <!-- \/image-wrap -->\n    \n        <\/div>\n<!-- \/module image -->        <\/div>\n                    <div  data-lazy=\"1\" class=\"module_column tb-column col4-2 tb_zcyu171 last\">\n                    <!-- module text -->\n<div  class=\"module module-text tb_1028949   \" data-lazy=\"1\">\n        <div  class=\"tb_text_wrap\">\n        <h2>Un Large Portefeuille de Produits pour Chaque Client<\/h2>    <\/div>\n<\/div>\n<!-- \/module text --><!-- module text -->\n<div  class=\"module module-text tb_kxx9800   \" data-lazy=\"1\">\n        <div  class=\"tb_text_wrap\">\n        <p>Nous comprenons que chaque maison et chaque espace ont leurs besoins uniques. C&rsquo;est pourquoi nous proposons une large gamme de produits, alliant esth\u00e9tique et fonctionnalit\u00e9 : <\/p>\n<ul>\n<li><strong>Fen\u00eatres et portes dans diff\u00e9rents styles<\/strong> \u2013 du classique au moderne, adapt\u00e9es aux besoins individuels.<\/li>\n<li><strong>Solutions \u00e9cologiques<\/strong> \u2013 produits fabriqu\u00e9s \u00e0 partir de bois certifi\u00e9, soutenant le d\u00e9veloppement durable.<\/li>\n<li><strong>Projets sur mesure<\/strong> \u2013 solutions personnalis\u00e9es mettant en valeur le caract\u00e8re unique de chaque int\u00e9rieur.<\/li>\n<\/ul>    <\/div>\n<\/div>\n<!-- \/module text -->        <\/div>\n                        <\/div>\n        <\/div>\n                        <div  data-lazy=\"1\" class=\"module_row themify_builder_row tb_h06j002 tf_w\">\n                        <div class=\"row_inner col_align_top tb_col_count_2 tf_box tf_rel\">\n                        <div  data-lazy=\"1\" class=\"module_column tb-column col4-2 tb_6vf6280 first\">\n                    <!-- module text -->\n<div  class=\"module module-text tb_tbhp178   \" data-lazy=\"1\">\n        <div  class=\"tb_text_wrap\">\n        <h2 style=\"text-align: right;\">Un R\u00e9seau de Partenaires et de Distributeurs de Confiance<\/h2>    <\/div>\n<\/div>\n<!-- \/module text --><!-- module text -->\n<div  class=\"module module-text tb_wqmg012   \" data-lazy=\"1\">\n        <div  class=\"tb_text_wrap\">\n        <p style=\"text-align: right;\"><strong>Le succ\u00e8s de notre entreprise repose \u00e9galement sur la collaboration avec les meilleurs fournisseurs et distributeurs. Nous travaillons exclusivement avec des partenaires de renom, fournissant des mati\u00e8res premi\u00e8res et composants de la plus haute qualit\u00e9. <\/strong><\/p>\n<p style=\"text-align: right;\">Ainsi, nos produits r\u00e9pondent aux normes de qualit\u00e9 les plus strictes. De plus, nos solutions sont disponibles chez des distributeurs de confiance en Pologne et \u00e0 l\u2019\u00e9tranger, rendant notre offre accessible aux clients en Europe et au-del\u00e0. <\/p>    <\/div>\n<\/div>\n<!-- \/module text -->        <\/div>\n                    <div  data-lazy=\"1\" class=\"module_column tb-column col4-2 tb_lezk078 last\">\n                    <!-- module image -->\n<div  class=\"module module-image tb_i18n625 image-top   tf_mw\" data-lazy=\"1\" data-lax-translate-x=\"(vh*0.8) 0,(vh*0) 180\" data-lax=\"true\">\n        <div class=\"image-wrap tf_rel tf_mw\">\n            <img loading=\"lazy\" decoding=\"async\" src=\"https:\/\/kowalscy.pl\/wp-content\/uploads\/2025\/01\/uscisk-dloni-kowalscy.pl_-500x500.webp\" width=\"500\" height=\"500\" class=\"wp-post-image wp-image-749\" title=\"uscisk-dloni-kowalscy.pl\" alt=\"uscisk-dloni-kowalscy.pl\" srcset=\"https:\/\/kowalscy.pl\/wp-content\/uploads\/2025\/01\/uscisk-dloni-kowalscy.pl_-500x500.webp 500w, https:\/\/kowalscy.pl\/wp-content\/uploads\/2025\/01\/uscisk-dloni-kowalscy.pl_-300x300.webp 300w, https:\/\/kowalscy.pl\/wp-content\/uploads\/2025\/01\/uscisk-dloni-kowalscy.pl_-150x150.webp 150w, https:\/\/kowalscy.pl\/wp-content\/uploads\/2025\/01\/uscisk-dloni-kowalscy.pl_-768x768.webp 768w, https:\/\/kowalscy.pl\/wp-content\/uploads\/2025\/01\/uscisk-dloni-kowalscy.pl_.webp 1024w\" sizes=\"auto, (max-width: 500px) 100vw, 500px\" \/>    \n        <\/div>\n    <!-- \/image-wrap -->\n    \n        <\/div>\n<!-- \/module image -->        <\/div>\n                        <\/div>\n        <\/div>\n                        <div  data-lazy=\"1\" class=\"module_row themify_builder_row tb_0qvf640 tf_w\">\n                        <div class=\"row_inner col_align_top gutter-none tb_col_count_2 tf_box tf_rel\">\n                        <div  data-lazy=\"1\" class=\"module_column tb-column col4-2 tb_qyli640 first\">\n                    <!-- module image -->\n<div  class=\"module module-image tb_vcvx640 image-top   tf_mw\" data-lazy=\"1\" data-lax-translate-x=\"(vh*0.8) 0,(vh*0) -180\" data-lax=\"true\">\n        <div class=\"image-wrap tf_rel tf_mw\">\n            <img loading=\"lazy\" decoding=\"async\" src=\"https:\/\/kowalscy.pl\/wp-content\/uploads\/2025\/01\/DALL\u00b7E-2025-01-14-13.52.04-Black-and-white-archival-style-photograph-from-the-1940s-focusing-on-close-up-details-of-traditional-woodworking.-The-image-highlights-the-hands-of-a--500x500.webp\" width=\"500\" height=\"500\" class=\"wp-post-image wp-image-702\" title=\"DALL\u00b7E 2025-01-14 13.52.04 - Black-and-white archival-style photograph from the 1940s focusing on close-up details of traditional woodworking. The image highlights the hands of a\" alt=\"DALL\u00b7E 2025-01-14 13.52.04 - Black-and-white archival-style photograph from the 1940s focusing on close-up details of traditional woodworking. The image highlights the hands of a\" srcset=\"https:\/\/kowalscy.pl\/wp-content\/uploads\/2025\/01\/DALL\u00b7E-2025-01-14-13.52.04-Black-and-white-archival-style-photograph-from-the-1940s-focusing-on-close-up-details-of-traditional-woodworking.-The-image-highlights-the-hands-of-a--500x500.webp 500w, https:\/\/kowalscy.pl\/wp-content\/uploads\/2025\/01\/DALL\u00b7E-2025-01-14-13.52.04-Black-and-white-archival-style-photograph-from-the-1940s-focusing-on-close-up-details-of-traditional-woodworking.-The-image-highlights-the-hands-of-a--300x300.webp 300w, https:\/\/kowalscy.pl\/wp-content\/uploads\/2025\/01\/DALL\u00b7E-2025-01-14-13.52.04-Black-and-white-archival-style-photograph-from-the-1940s-focusing-on-close-up-details-of-traditional-woodworking.-The-image-highlights-the-hands-of-a--150x150.webp 150w, https:\/\/kowalscy.pl\/wp-content\/uploads\/2025\/01\/DALL\u00b7E-2025-01-14-13.52.04-Black-and-white-archival-style-photograph-from-the-1940s-focusing-on-close-up-details-of-traditional-woodworking.-The-image-highlights-the-hands-of-a--768x768.webp 768w, https:\/\/kowalscy.pl\/wp-content\/uploads\/2025\/01\/DALL\u00b7E-2025-01-14-13.52.04-Black-and-white-archival-style-photograph-from-the-1940s-focusing-on-close-up-details-of-traditional-woodworking.-The-image-highlights-the-hands-of-a-.webp 1024w\" sizes=\"auto, (max-width: 500px) 100vw, 500px\" \/>    \n        <\/div>\n    <!-- \/image-wrap -->\n    \n        <\/div>\n<!-- \/module image -->        <\/div>\n                    <div  data-lazy=\"1\" class=\"module_column tb-column col4-2 tb_n7pk640 last\">\n                    <!-- module text -->\n<div  class=\"module module-text tb_cm5a640   \" data-lazy=\"1\">\n        <div  class=\"tb_text_wrap\">\n        <h2>Innovation au Service du Client<\/h2>    <\/div>\n<\/div>\n<!-- \/module text --><!-- module text -->\n<div  class=\"module module-text tb_lw77640   \" data-lazy=\"1\">\n        <div  class=\"tb_text_wrap\">\n        <p><strong>Nous recherchons en permanence de nouvelles solutions pour r\u00e9pondre aux attentes croissantes de nos clients.<\/strong><\/p>\n<p>Nous mettons en \u0153uvre des technologies \u00e9cologiques, concevons des fen\u00eatres et portes \u00e9co\u00e9nerg\u00e9tiques, et am\u00e9liorons nos processus de production afin de minimiser notre impact environnemental. Cela nous permet d&rsquo;offrir des produits non seulement esth\u00e9tiques et fonctionnels, mais aussi respectueux de l&rsquo;environnement. <\/p>    <\/div>\n<\/div>\n<!-- \/module text -->        <\/div>\n                        <\/div>\n        <\/div>\n        <\/div>\n<!--\/themify_builder_content-->","protected":false},"excerpt":{"rendered":"<p>L\u2019Entreprise Aujourd\u2019hui<\/p>\n","protected":false},"author":1,"featured_media":0,"parent":0,"menu_order":0,"comment_status":"closed","ping_status":"closed","template":"","meta":{"_acf_changed":false,"footnotes":""},"class_list":["post-1320","page","type-page","status-publish","hentry","has-post-title","has-post-date","has-post-category","has-post-tag","has-post-comment","has-post-author",""],"acf":[],"builder_content":"<h1>L\u2019Entreprise Aujourd\u2019hui<\/h1>\n\n<p>\u00c0 Szyman\u00f3w, pr\u00e8s de Rawicz, nous poss\u00e9dons une usine de production moderne, \u00e9quip\u00e9e de technologies avanc\u00e9es, o\u00f9 plus de 100 employ\u00e9s hautement qualifi\u00e9s r\u00e9alisent chaque commande avec engagement. Gr\u00e2ce \u00e0 des investissements constants dans le d\u00e9veloppement et la qualit\u00e9, nos produits r\u00e9pondent aux normes les plus \u00e9lev\u00e9es du march\u00e9. <\/p>\n<h2 style=\"text-align: right;\">Quand la Tradition Rencontre la Modernit\u00e9<\/h2>\n<p>Bien que nos racines remontent \u00e0 pr\u00e8s de cent ans, nous investissons continuellement dans les technologies modernes et les solutions innovantes. Notre usine de production \u00e0 Szyman\u00f3w est \u00e9quip\u00e9e des machines les plus avanc\u00e9es, nous permettant de r\u00e9aliser m\u00eame les projets les plus exigeants. Gr\u00e2ce aux technologies avanc\u00e9es et \u00e0 l'automatisation des processus de production, nous garantissons une qualit\u00e9 sup\u00e9rieure, ainsi que des d\u00e9lais respect\u00e9s et une grande flexibilit\u00e9 dans l'ex\u00e9cution des commandes. <\/p>\n<img src=\"https:\/\/kowalscy.pl\/wp-content\/uploads\/2025\/01\/catalogs-kowalscy.pl_-500x500.webp\" width=\"500\" height=\"500\" title=\"catalogs-kowalscy.pl\" alt=\"catalogs-kowalscy.pl\" srcset=\"https:\/\/kowalscy.pl\/wp-content\/uploads\/2025\/01\/catalogs-kowalscy.pl_-500x500.webp 500w, https:\/\/kowalscy.pl\/wp-content\/uploads\/2025\/01\/catalogs-kowalscy.pl_-300x300.webp 300w, https:\/\/kowalscy.pl\/wp-content\/uploads\/2025\/01\/catalogs-kowalscy.pl_-150x150.webp 150w, https:\/\/kowalscy.pl\/wp-content\/uploads\/2025\/01\/catalogs-kowalscy.pl_-768x768.webp 768w, https:\/\/kowalscy.pl\/wp-content\/uploads\/2025\/01\/catalogs-kowalscy.pl_.webp 1024w\" sizes=\"(max-width: 500px) 100vw, 500px\" \/>\n<h2>Un Large Portefeuille de Produits pour Chaque Client<\/h2>\n<p>Nous comprenons que chaque maison et chaque espace ont leurs besoins uniques. C'est pourquoi nous proposons une large gamme de produits, alliant esth\u00e9tique et fonctionnalit\u00e9 : <\/p> <ul> <li><strong>Fen\u00eatres et portes dans diff\u00e9rents styles<\/strong> \u2013 du classique au moderne, adapt\u00e9es aux besoins individuels.<\/li> <li><strong>Solutions \u00e9cologiques<\/strong> \u2013 produits fabriqu\u00e9s \u00e0 partir de bois certifi\u00e9, soutenant le d\u00e9veloppement durable.<\/li> <li><strong>Projets sur mesure<\/strong> \u2013 solutions personnalis\u00e9es mettant en valeur le caract\u00e8re unique de chaque int\u00e9rieur.<\/li> <\/ul>\n<h2 style=\"text-align: right;\">Un R\u00e9seau de Partenaires et de Distributeurs de Confiance<\/h2>\n<p style=\"text-align: right;\"><strong>Le succ\u00e8s de notre entreprise repose \u00e9galement sur la collaboration avec les meilleurs fournisseurs et distributeurs. Nous travaillons exclusivement avec des partenaires de renom, fournissant des mati\u00e8res premi\u00e8res et composants de la plus haute qualit\u00e9. <\/strong><\/p> <p style=\"text-align: right;\">Ainsi, nos produits r\u00e9pondent aux normes de qualit\u00e9 les plus strictes. De plus, nos solutions sont disponibles chez des distributeurs de confiance en Pologne et \u00e0 l\u2019\u00e9tranger, rendant notre offre accessible aux clients en Europe et au-del\u00e0. <\/p>\n<img src=\"https:\/\/kowalscy.pl\/wp-content\/uploads\/2025\/01\/uscisk-dloni-kowalscy.pl_-500x500.webp\" width=\"500\" height=\"500\" title=\"uscisk-dloni-kowalscy.pl\" alt=\"uscisk-dloni-kowalscy.pl\" srcset=\"https:\/\/kowalscy.pl\/wp-content\/uploads\/2025\/01\/uscisk-dloni-kowalscy.pl_-500x500.webp 500w, https:\/\/kowalscy.pl\/wp-content\/uploads\/2025\/01\/uscisk-dloni-kowalscy.pl_-300x300.webp 300w, https:\/\/kowalscy.pl\/wp-content\/uploads\/2025\/01\/uscisk-dloni-kowalscy.pl_-150x150.webp 150w, https:\/\/kowalscy.pl\/wp-content\/uploads\/2025\/01\/uscisk-dloni-kowalscy.pl_-768x768.webp 768w, https:\/\/kowalscy.pl\/wp-content\/uploads\/2025\/01\/uscisk-dloni-kowalscy.pl_.webp 1024w\" sizes=\"(max-width: 500px) 100vw, 500px\" \/>\n<img src=\"https:\/\/kowalscy.pl\/wp-content\/uploads\/2025\/01\/DALL\u00b7E-2025-01-14-13.52.04-Black-and-white-archival-style-photograph-from-the-1940s-focusing-on-close-up-details-of-traditional-woodworking.-The-image-highlights-the-hands-of-a--500x500.webp\" width=\"500\" height=\"500\" title=\"DALL\u00b7E 2025-01-14 13.52.04 - Black-and-white archival-style photograph from the 1940s focusing on close-up details of traditional woodworking. The image highlights the hands of a\" alt=\"DALL\u00b7E 2025-01-14 13.52.04 - Black-and-white archival-style photograph from the 1940s focusing on close-up details of traditional woodworking. The image highlights the hands of a\" srcset=\"https:\/\/kowalscy.pl\/wp-content\/uploads\/2025\/01\/DALL\u00b7E-2025-01-14-13.52.04-Black-and-white-archival-style-photograph-from-the-1940s-focusing-on-close-up-details-of-traditional-woodworking.-The-image-highlights-the-hands-of-a--500x500.webp 500w, https:\/\/kowalscy.pl\/wp-content\/uploads\/2025\/01\/DALL\u00b7E-2025-01-14-13.52.04-Black-and-white-archival-style-photograph-from-the-1940s-focusing-on-close-up-details-of-traditional-woodworking.-The-image-highlights-the-hands-of-a--300x300.webp 300w, https:\/\/kowalscy.pl\/wp-content\/uploads\/2025\/01\/DALL\u00b7E-2025-01-14-13.52.04-Black-and-white-archival-style-photograph-from-the-1940s-focusing-on-close-up-details-of-traditional-woodworking.-The-image-highlights-the-hands-of-a--150x150.webp 150w, https:\/\/kowalscy.pl\/wp-content\/uploads\/2025\/01\/DALL\u00b7E-2025-01-14-13.52.04-Black-and-white-archival-style-photograph-from-the-1940s-focusing-on-close-up-details-of-traditional-woodworking.-The-image-highlights-the-hands-of-a--768x768.webp 768w, https:\/\/kowalscy.pl\/wp-content\/uploads\/2025\/01\/DALL\u00b7E-2025-01-14-13.52.04-Black-and-white-archival-style-photograph-from-the-1940s-focusing-on-close-up-details-of-traditional-woodworking.-The-image-highlights-the-hands-of-a-.webp 1024w\" sizes=\"(max-width: 500px) 100vw, 500px\" \/>\n<h2>Innovation au Service du Client<\/h2>\n<p><strong>Nous recherchons en permanence de nouvelles solutions pour r\u00e9pondre aux attentes croissantes de nos clients.<\/strong><\/p> <p>Nous mettons en \u0153uvre des technologies \u00e9cologiques, concevons des fen\u00eatres et portes \u00e9co\u00e9nerg\u00e9tiques, et am\u00e9liorons nos processus de production afin de minimiser notre impact environnemental. Cela nous permet d'offrir des produits non seulement esth\u00e9tiques et fonctionnels, mais aussi respectueux de l'environnement. <\/p>","_links":{"self":[{"href":"https:\/\/kowalscy.pl\/fr\/wp-json\/wp\/v2\/pages\/1320","targetHints":{"allow":["GET"]}}],"collection":[{"href":"https:\/\/kowalscy.pl\/fr\/wp-json\/wp\/v2\/pages"}],"about":[{"href":"https:\/\/kowalscy.pl\/fr\/wp-json\/wp\/v2\/types\/page"}],"author":[{"embeddable":true,"href":"https:\/\/kowalscy.pl\/fr\/wp-json\/wp\/v2\/users\/1"}],"replies":[{"embeddable":true,"href":"https:\/\/kowalscy.pl\/fr\/wp-json\/wp\/v2\/comments?post=1320"}],"version-history":[{"count":7,"href":"https:\/\/kowalscy.pl\/fr\/wp-json\/wp\/v2\/pages\/1320\/revisions"}],"predecessor-version":[{"id":1352,"href":"https:\/\/kowalscy.pl\/fr\/wp-json\/wp\/v2\/pages\/1320\/revisions\/1352"}],"wp:attachment":[{"href":"https:\/\/kowalscy.pl\/fr\/wp-json\/wp\/v2\/media?parent=1320"}],"curies":[{"name":"wp","href":"https:\/\/api.w.org\/{rel}","templated":true}]}}