{"id":1355,"date":"2025-01-14T14:39:30","date_gmt":"2025-01-14T13:39:30","guid":{"rendered":"https:\/\/kowalscy.pl\/my-na-swiecie\/"},"modified":"2025-02-04T13:31:14","modified_gmt":"2025-02-04T12:31:14","slug":"my-na-swiecie","status":"publish","type":"page","link":"https:\/\/kowalscy.pl\/fr\/my-na-swiecie\/","title":{"rendered":"Nous dans le Monde"},"content":{"rendered":"<!--themify_builder_content-->\n<div id=\"themify_builder_content-1355\" data-postid=\"1355\" class=\"themify_builder_content themify_builder_content-1355 themify_builder tf_clear\">\n                    <div  data-lazy=\"1\" class=\"module_row themify_builder_row tb_muqb120 tb_first tf_w\">\n                        <div class=\"row_inner col_align_top tb_col_count_1 tf_box tf_rel\">\n                        <div  data-lazy=\"1\" class=\"module_column tb-column col-full tb_x0np300 first\">\n                    <!-- Breadcrumbs module -->\n<div  class=\"module module-breadcrumbs tb_co0p090 \" data-lazy=\"1\">\n\t<nav role=\"navigation\" aria-label=\"Breadcrumbs\" class=\"tbp_breadcrumb_trail\"><ul class=\"tbp_trail_items\" itemscope itemtype=\"http:\/\/schema.org\/BreadcrumbList\"><meta name=\"numberOfItems\" content=\"1\" \/><meta name=\"itemListOrder\" content=\"Ascending\" \/><li itemprop=\"itemListElement\" itemscope itemtype=\"https:\/\/schema.org\/ListItem\" class=\"tbp_trail_item tbp_trail_end\"><a itemprop=\"item\" href=\"https:\/\/kowalscy.pl\/fr\/\" rel=\"home\"><span itemprop=\"name\">Strona g\u0142\u00f3wna<\/span><\/a><meta itemprop=\"position\" content=\"1\" \/><\/li><\/ul><\/nav><\/div><!-- \/Breadcrumbs module -->\n<!-- module text -->\n<div  class=\"module module-text tb_l60b649   \" data-lazy=\"1\">\n        <div  class=\"tb_text_wrap\">\n        <h1>Nous dans le Monde<\/h1>    <\/div>\n<\/div>\n<!-- \/module text --><!-- module divider -->\n<div  class=\"module tf_mw module-divider tb_0uir700 solid  divider-custom divider-center\" style=\"border-width: 3px;border-color: #5c706e;max-width: 200px;\" data-lazy=\"1\">\n    <\/div>\n<!-- \/module divider -->\n<!-- module text -->\n<div  class=\"module module-text tb_f2ez005   \" data-lazy=\"1\">\n        <div  class=\"tb_text_wrap\">\n        <p>Gr\u00e2ce \u00e0 des ann\u00e9es d&rsquo;exp\u00e9rience et \u00e0 l\u2019excellente qualit\u00e9 de nos produits, Bracia Kowalscy a su gagner la confiance des clients non seulement en Pologne, mais aussi sur la sc\u00e8ne internationale. Notre entreprise r\u00e9alise avec fiert\u00e9 des projets pour des partenaires du monde entier, en fournissant des solutions r\u00e9pondant aux exigences esth\u00e9tiques et techniques les plus \u00e9lev\u00e9es. <\/p>    <\/div>\n<\/div>\n<!-- \/module text -->        <\/div>\n                        <\/div>\n        <\/div>\n                        <div  data-parallax-bg=\"desktop\" data-lazy=\"1\" class=\"module_row themify_builder_row tb_ccsd004 tf_w\">\n            <span class=\"builder_row_cover tf_abs\"><\/span>            <div class=\"row_inner col_align_top tb_col_count_1 tf_box tf_rel\">\n                        <div  data-lazy=\"1\" class=\"module_column tb-column col-full tb_n5uy962 first\">\n                            <\/div>\n                        <\/div>\n        <\/div>\n                        <div  data-lazy=\"1\" class=\"module_row themify_builder_row tb_fpky806 tf_w\">\n                        <div class=\"row_inner col_align_top gutter-none tb_col_count_2 tf_box tf_rel\">\n                        <div  data-lazy=\"1\" class=\"module_column tb-column col4-2 tb_fqs6690 first\">\n                    <!-- module text -->\n<div  class=\"module module-text tb_htmd969   \" data-lazy=\"1\">\n        <div  class=\"tb_text_wrap\">\n        <h2 style=\"text-align: right;\">R\u00e9alisations en Europe<\/h2>    <\/div>\n<\/div>\n<!-- \/module text -->        <\/div>\n                    <div  data-lazy=\"1\" class=\"module_column tb-column col4-2 tb_8mqw999 last\">\n                    <!-- module text -->\n<div  class=\"module module-text tb_iu5e230   \" data-lazy=\"1\">\n        <div  class=\"tb_text_wrap\">\n        <p><strong>Nos produits sont pr\u00e9sents dans des projets prestigieux \u00e0 travers toute l\u2019Europe.<\/strong><\/p>\n<p>Nous collaborons avec des clients en Allemagne, France, Royaume-Uni et Norv\u00e8ge, en r\u00e9alisant des projets aussi bien pour des r\u00e9sidences luxueuses que pour de grands b\u00e2timents commerciaux. Qu&rsquo;il s&rsquo;agisse d&rsquo;immeubles de bureaux modernes, de villas \u00e9l\u00e9gantes ou de b\u00e2timents historiques en r\u00e9novation, nos produits r\u00e9pondent toujours aux normes les plus strictes. <\/p>    <\/div>\n<\/div>\n<!-- \/module text -->        <\/div>\n                        <\/div>\n        <\/div>\n                        <div  data-lazy=\"1\" class=\"module_row themify_builder_row tb_ptfi200 tf_w\">\n                        <div class=\"row_inner col_align_top gutter-none tb_col_count_2 tf_box tf_rel\">\n                        <div  data-lazy=\"1\" class=\"module_column tb-column col4-2 tb_y193620 first\">\n                    <!-- module image -->\n<div  class=\"module module-image tb_e6c2116 image-top   tf_mw\" data-lazy=\"1\" data-lax-translate-x=\"(vh*0.8) 0,(vh*0) -180\" data-lax=\"true\">\n        <div class=\"image-wrap tf_rel tf_mw\">\n            <img loading=\"lazy\" decoding=\"async\" src=\"https:\/\/kowalscy.pl\/wp-content\/uploads\/2025\/01\/catalogs-kowalscy.pl_-500x500.webp\" width=\"500\" height=\"500\" class=\"wp-post-image wp-image-751\" title=\"catalogs-kowalscy.pl\" alt=\"catalogs-kowalscy.pl\" srcset=\"https:\/\/kowalscy.pl\/wp-content\/uploads\/2025\/01\/catalogs-kowalscy.pl_-500x500.webp 500w, https:\/\/kowalscy.pl\/wp-content\/uploads\/2025\/01\/catalogs-kowalscy.pl_-300x300.webp 300w, https:\/\/kowalscy.pl\/wp-content\/uploads\/2025\/01\/catalogs-kowalscy.pl_-150x150.webp 150w, https:\/\/kowalscy.pl\/wp-content\/uploads\/2025\/01\/catalogs-kowalscy.pl_-768x768.webp 768w, https:\/\/kowalscy.pl\/wp-content\/uploads\/2025\/01\/catalogs-kowalscy.pl_.webp 1024w\" sizes=\"auto, (max-width: 500px) 100vw, 500px\" \/>    \n        <\/div>\n    <!-- \/image-wrap -->\n    \n        <\/div>\n<!-- \/module image -->        <\/div>\n                    <div  data-lazy=\"1\" class=\"module_column tb-column col4-2 tb_tjle680 last\">\n                    <!-- module text -->\n<div  class=\"module module-text tb_b980502   \" data-lazy=\"1\">\n        <div  class=\"tb_text_wrap\">\n        <h2>Collaboration avec les Entreprises<\/h2>    <\/div>\n<\/div>\n<!-- \/module text --><!-- module text -->\n<div  class=\"module module-text tb_111s000   \" data-lazy=\"1\">\n        <div  class=\"tb_text_wrap\">\n        <p><strong>Les leaders de l\u2019industrie de la construction, architectes, promoteurs et fabricants nous font confiance pour fournir nos produits via un mod\u00e8le B2B. <\/strong><\/p>\n<p>Notre approche flexible nous permet d&rsquo;adapter notre offre aux besoins des grands projets d&rsquo;investissement, en garantissant respect des d\u00e9lais et fiabilit\u00e9.<br>Nous offrons un accompagnement d\u00e9di\u00e9, depuis la conception jusqu\u2019\u00e0 l\u2019installation, faisant de nous un partenaire de confiance \u00e0 chaque \u00e9tape d\u2019un projet.<\/p>    <\/div>\n<\/div>\n<!-- \/module text -->        <\/div>\n                        <\/div>\n        <\/div>\n                        <div  data-lazy=\"1\" class=\"module_row themify_builder_row tb_5an6265 tf_w\">\n                        <div class=\"row_inner col_align_top tb_col_count_2 tf_box tf_rel\">\n                        <div  data-lazy=\"1\" class=\"module_column tb-column col4-2 tb_21zt563 first\">\n                    <!-- module text -->\n<div  class=\"module module-text tb_wuut666   \" data-lazy=\"1\">\n        <div  class=\"tb_text_wrap\">\n        <h2 style=\"text-align: right;\">Port\u00e9e Globale, Approche Locale<\/h2>    <\/div>\n<\/div>\n<!-- \/module text --><!-- module text -->\n<div  class=\"module module-text tb_4wc5002   \" data-lazy=\"1\">\n        <div  class=\"tb_text_wrap\">\n        <p style=\"text-align: right;\"><strong>Bien que notre marque soit pr\u00e9sente \u00e0 l\u2019international, nous restons \u00e0 l\u2019\u00e9coute des besoins locaux de nos partenaires.<\/strong><\/p>\n<p style=\"text-align: right;\">Nous travaillons avec des distributeurs et repr\u00e9sentants sur de nombreux march\u00e9s, ce qui nous permet de mieux comprendre la sp\u00e9cificit\u00e9 de chaque r\u00e9gion et de fournir des solutions parfaitement adapt\u00e9es aux exigences locales.<\/p>    <\/div>\n<\/div>\n<!-- \/module text -->        <\/div>\n                    <div  data-lazy=\"1\" class=\"module_column tb-column col4-2 tb_qtep005 last\">\n                    <!-- module image -->\n<div  class=\"module module-image tb_zc1j225 image-top   tf_mw\" data-lazy=\"1\" data-lax-translate-x=\"(vh*0.8) 0,(vh*0) 180\" data-lax=\"true\">\n        <div class=\"image-wrap tf_rel tf_mw\">\n            <img loading=\"lazy\" decoding=\"async\" src=\"https:\/\/kowalscy.pl\/wp-content\/uploads\/2025\/01\/uscisk-dloni-kowalscy.pl_-500x500.webp\" width=\"500\" height=\"500\" class=\"wp-post-image wp-image-749\" title=\"uscisk-dloni-kowalscy.pl\" alt=\"uscisk-dloni-kowalscy.pl\" srcset=\"https:\/\/kowalscy.pl\/wp-content\/uploads\/2025\/01\/uscisk-dloni-kowalscy.pl_-500x500.webp 500w, https:\/\/kowalscy.pl\/wp-content\/uploads\/2025\/01\/uscisk-dloni-kowalscy.pl_-300x300.webp 300w, https:\/\/kowalscy.pl\/wp-content\/uploads\/2025\/01\/uscisk-dloni-kowalscy.pl_-150x150.webp 150w, https:\/\/kowalscy.pl\/wp-content\/uploads\/2025\/01\/uscisk-dloni-kowalscy.pl_-768x768.webp 768w, https:\/\/kowalscy.pl\/wp-content\/uploads\/2025\/01\/uscisk-dloni-kowalscy.pl_.webp 1024w\" sizes=\"auto, (max-width: 500px) 100vw, 500px\" \/>    \n        <\/div>\n    <!-- \/image-wrap -->\n    \n        <\/div>\n<!-- \/module image -->        <\/div>\n                        <\/div>\n        <\/div>\n                        <div  data-lazy=\"1\" class=\"module_row themify_builder_row tb_i2mo006 tf_w\">\n                        <div class=\"row_inner col_align_top gutter-none tb_col_count_2 tf_box tf_rel\">\n                        <div  data-lazy=\"1\" class=\"module_column tb-column col4-2 tb_tmwy062 first\">\n                    <!-- module image -->\n<div  class=\"module module-image tb_jw63580 image-top   tf_mw\" data-lazy=\"1\" data-lax-translate-x=\"(vh*0.8) 0,(vh*0) -180\" data-lax=\"true\">\n        <div class=\"image-wrap tf_rel tf_mw\">\n            <img loading=\"lazy\" decoding=\"async\" src=\"https:\/\/kowalscy.pl\/wp-content\/uploads\/2025\/01\/DALL\u00b7E-2025-01-14-13.52.04-Black-and-white-archival-style-photograph-from-the-1940s-focusing-on-close-up-details-of-traditional-woodworking.-The-image-highlights-the-hands-of-a--500x500.webp\" width=\"500\" height=\"500\" class=\"wp-post-image wp-image-702\" title=\"DALL\u00b7E 2025-01-14 13.52.04 - Black-and-white archival-style photograph from the 1940s focusing on close-up details of traditional woodworking. The image highlights the hands of a\" alt=\"DALL\u00b7E 2025-01-14 13.52.04 - Black-and-white archival-style photograph from the 1940s focusing on close-up details of traditional woodworking. The image highlights the hands of a\" srcset=\"https:\/\/kowalscy.pl\/wp-content\/uploads\/2025\/01\/DALL\u00b7E-2025-01-14-13.52.04-Black-and-white-archival-style-photograph-from-the-1940s-focusing-on-close-up-details-of-traditional-woodworking.-The-image-highlights-the-hands-of-a--500x500.webp 500w, https:\/\/kowalscy.pl\/wp-content\/uploads\/2025\/01\/DALL\u00b7E-2025-01-14-13.52.04-Black-and-white-archival-style-photograph-from-the-1940s-focusing-on-close-up-details-of-traditional-woodworking.-The-image-highlights-the-hands-of-a--300x300.webp 300w, https:\/\/kowalscy.pl\/wp-content\/uploads\/2025\/01\/DALL\u00b7E-2025-01-14-13.52.04-Black-and-white-archival-style-photograph-from-the-1940s-focusing-on-close-up-details-of-traditional-woodworking.-The-image-highlights-the-hands-of-a--150x150.webp 150w, https:\/\/kowalscy.pl\/wp-content\/uploads\/2025\/01\/DALL\u00b7E-2025-01-14-13.52.04-Black-and-white-archival-style-photograph-from-the-1940s-focusing-on-close-up-details-of-traditional-woodworking.-The-image-highlights-the-hands-of-a--768x768.webp 768w, https:\/\/kowalscy.pl\/wp-content\/uploads\/2025\/01\/DALL\u00b7E-2025-01-14-13.52.04-Black-and-white-archival-style-photograph-from-the-1940s-focusing-on-close-up-details-of-traditional-woodworking.-The-image-highlights-the-hands-of-a-.webp 1024w\" sizes=\"auto, (max-width: 500px) 100vw, 500px\" \/>    \n        <\/div>\n    <!-- \/image-wrap -->\n    \n        <\/div>\n<!-- \/module image -->        <\/div>\n                    <div  data-lazy=\"1\" class=\"module_column tb-column col4-2 tb_1eoz206 last\">\n                    <!-- module text -->\n<div  class=\"module module-text tb_4z9f666   \" data-lazy=\"1\">\n        <div  class=\"tb_text_wrap\">\n        <h2>Innovation au Service du Client<\/h2>    <\/div>\n<\/div>\n<!-- \/module text --><!-- module text -->\n<div  class=\"module module-text tb_2lyc929   \" data-lazy=\"1\">\n        <div  class=\"tb_text_wrap\">\n        <p><strong>Nous recherchons en permanence de nouvelles solutions pour r\u00e9pondre aux attentes croissantes de nos clients.<\/strong><\/p>\n<p>Nous mettons en \u0153uvre des technologies \u00e9cologiques, concevons des fen\u00eatres et portes \u00e9co\u00e9nerg\u00e9tiques, et am\u00e9liorons nos processus de production afin de minimiser notre impact environnemental. Cela nous permet d&rsquo;offrir des produits non seulement esth\u00e9tiques et fonctionnels, mais aussi respectueux de l&rsquo;environnement. <\/p>    <\/div>\n<\/div>\n<!-- \/module text -->        <\/div>\n                        <\/div>\n        <\/div>\n        <\/div>\n<!--\/themify_builder_content-->","protected":false},"excerpt":{"rendered":"<p>Nous dans le Monde<\/p>\n","protected":false},"author":1,"featured_media":0,"parent":0,"menu_order":0,"comment_status":"closed","ping_status":"closed","template":"","meta":{"_acf_changed":false,"footnotes":""},"class_list":["post-1355","page","type-page","status-publish","hentry","has-post-title","has-post-date","has-post-category","has-post-tag","has-post-comment","has-post-author",""],"acf":[],"builder_content":"<h1>Nous dans le Monde<\/h1>\n\n<p>Gr\u00e2ce \u00e0 des ann\u00e9es d'exp\u00e9rience et \u00e0 l\u2019excellente qualit\u00e9 de nos produits, Bracia Kowalscy a su gagner la confiance des clients non seulement en Pologne, mais aussi sur la sc\u00e8ne internationale. Notre entreprise r\u00e9alise avec fiert\u00e9 des projets pour des partenaires du monde entier, en fournissant des solutions r\u00e9pondant aux exigences esth\u00e9tiques et techniques les plus \u00e9lev\u00e9es. <\/p>\n<h2 style=\"text-align: right;\">R\u00e9alisations en Europe<\/h2>\n<p><strong>Nos produits sont pr\u00e9sents dans des projets prestigieux \u00e0 travers toute l\u2019Europe.<\/strong><\/p> <p>Nous collaborons avec des clients en Allemagne, France, Royaume-Uni et Norv\u00e8ge, en r\u00e9alisant des projets aussi bien pour des r\u00e9sidences luxueuses que pour de grands b\u00e2timents commerciaux. Qu'il s'agisse d'immeubles de bureaux modernes, de villas \u00e9l\u00e9gantes ou de b\u00e2timents historiques en r\u00e9novation, nos produits r\u00e9pondent toujours aux normes les plus strictes. <\/p>\n<img src=\"https:\/\/kowalscy.pl\/wp-content\/uploads\/2025\/01\/catalogs-kowalscy.pl_-500x500.webp\" width=\"500\" height=\"500\" title=\"catalogs-kowalscy.pl\" alt=\"catalogs-kowalscy.pl\" srcset=\"https:\/\/kowalscy.pl\/wp-content\/uploads\/2025\/01\/catalogs-kowalscy.pl_-500x500.webp 500w, https:\/\/kowalscy.pl\/wp-content\/uploads\/2025\/01\/catalogs-kowalscy.pl_-300x300.webp 300w, https:\/\/kowalscy.pl\/wp-content\/uploads\/2025\/01\/catalogs-kowalscy.pl_-150x150.webp 150w, https:\/\/kowalscy.pl\/wp-content\/uploads\/2025\/01\/catalogs-kowalscy.pl_-768x768.webp 768w, https:\/\/kowalscy.pl\/wp-content\/uploads\/2025\/01\/catalogs-kowalscy.pl_.webp 1024w\" sizes=\"(max-width: 500px) 100vw, 500px\" \/>\n<h2>Collaboration avec les Entreprises<\/h2>\n<p><strong>Les leaders de l\u2019industrie de la construction, architectes, promoteurs et fabricants nous font confiance pour fournir nos produits via un mod\u00e8le B2B. <\/strong><\/p> <p>Notre approche flexible nous permet d'adapter notre offre aux besoins des grands projets d'investissement, en garantissant respect des d\u00e9lais et fiabilit\u00e9.<br>Nous offrons un accompagnement d\u00e9di\u00e9, depuis la conception jusqu\u2019\u00e0 l\u2019installation, faisant de nous un partenaire de confiance \u00e0 chaque \u00e9tape d\u2019un projet.<\/p>\n<h2 style=\"text-align: right;\">Port\u00e9e Globale, Approche Locale<\/h2>\n<p style=\"text-align: right;\"><strong>Bien que notre marque soit pr\u00e9sente \u00e0 l\u2019international, nous restons \u00e0 l\u2019\u00e9coute des besoins locaux de nos partenaires.<\/strong><\/p> <p style=\"text-align: right;\">Nous travaillons avec des distributeurs et repr\u00e9sentants sur de nombreux march\u00e9s, ce qui nous permet de mieux comprendre la sp\u00e9cificit\u00e9 de chaque r\u00e9gion et de fournir des solutions parfaitement adapt\u00e9es aux exigences locales.<\/p>\n<img src=\"https:\/\/kowalscy.pl\/wp-content\/uploads\/2025\/01\/uscisk-dloni-kowalscy.pl_-500x500.webp\" width=\"500\" height=\"500\" title=\"uscisk-dloni-kowalscy.pl\" alt=\"uscisk-dloni-kowalscy.pl\" srcset=\"https:\/\/kowalscy.pl\/wp-content\/uploads\/2025\/01\/uscisk-dloni-kowalscy.pl_-500x500.webp 500w, https:\/\/kowalscy.pl\/wp-content\/uploads\/2025\/01\/uscisk-dloni-kowalscy.pl_-300x300.webp 300w, https:\/\/kowalscy.pl\/wp-content\/uploads\/2025\/01\/uscisk-dloni-kowalscy.pl_-150x150.webp 150w, https:\/\/kowalscy.pl\/wp-content\/uploads\/2025\/01\/uscisk-dloni-kowalscy.pl_-768x768.webp 768w, https:\/\/kowalscy.pl\/wp-content\/uploads\/2025\/01\/uscisk-dloni-kowalscy.pl_.webp 1024w\" sizes=\"(max-width: 500px) 100vw, 500px\" \/>\n<img src=\"https:\/\/kowalscy.pl\/wp-content\/uploads\/2025\/01\/DALL\u00b7E-2025-01-14-13.52.04-Black-and-white-archival-style-photograph-from-the-1940s-focusing-on-close-up-details-of-traditional-woodworking.-The-image-highlights-the-hands-of-a--500x500.webp\" width=\"500\" height=\"500\" title=\"DALL\u00b7E 2025-01-14 13.52.04 - Black-and-white archival-style photograph from the 1940s focusing on close-up details of traditional woodworking. The image highlights the hands of a\" alt=\"DALL\u00b7E 2025-01-14 13.52.04 - Black-and-white archival-style photograph from the 1940s focusing on close-up details of traditional woodworking. The image highlights the hands of a\" srcset=\"https:\/\/kowalscy.pl\/wp-content\/uploads\/2025\/01\/DALL\u00b7E-2025-01-14-13.52.04-Black-and-white-archival-style-photograph-from-the-1940s-focusing-on-close-up-details-of-traditional-woodworking.-The-image-highlights-the-hands-of-a--500x500.webp 500w, https:\/\/kowalscy.pl\/wp-content\/uploads\/2025\/01\/DALL\u00b7E-2025-01-14-13.52.04-Black-and-white-archival-style-photograph-from-the-1940s-focusing-on-close-up-details-of-traditional-woodworking.-The-image-highlights-the-hands-of-a--300x300.webp 300w, https:\/\/kowalscy.pl\/wp-content\/uploads\/2025\/01\/DALL\u00b7E-2025-01-14-13.52.04-Black-and-white-archival-style-photograph-from-the-1940s-focusing-on-close-up-details-of-traditional-woodworking.-The-image-highlights-the-hands-of-a--150x150.webp 150w, https:\/\/kowalscy.pl\/wp-content\/uploads\/2025\/01\/DALL\u00b7E-2025-01-14-13.52.04-Black-and-white-archival-style-photograph-from-the-1940s-focusing-on-close-up-details-of-traditional-woodworking.-The-image-highlights-the-hands-of-a--768x768.webp 768w, https:\/\/kowalscy.pl\/wp-content\/uploads\/2025\/01\/DALL\u00b7E-2025-01-14-13.52.04-Black-and-white-archival-style-photograph-from-the-1940s-focusing-on-close-up-details-of-traditional-woodworking.-The-image-highlights-the-hands-of-a-.webp 1024w\" sizes=\"(max-width: 500px) 100vw, 500px\" \/>\n<h2>Innovation au Service du Client<\/h2>\n<p><strong>Nous recherchons en permanence de nouvelles solutions pour r\u00e9pondre aux attentes croissantes de nos clients.<\/strong><\/p> <p>Nous mettons en \u0153uvre des technologies \u00e9cologiques, concevons des fen\u00eatres et portes \u00e9co\u00e9nerg\u00e9tiques, et am\u00e9liorons nos processus de production afin de minimiser notre impact environnemental. Cela nous permet d'offrir des produits non seulement esth\u00e9tiques et fonctionnels, mais aussi respectueux de l'environnement. <\/p>","_links":{"self":[{"href":"https:\/\/kowalscy.pl\/fr\/wp-json\/wp\/v2\/pages\/1355","targetHints":{"allow":["GET"]}}],"collection":[{"href":"https:\/\/kowalscy.pl\/fr\/wp-json\/wp\/v2\/pages"}],"about":[{"href":"https:\/\/kowalscy.pl\/fr\/wp-json\/wp\/v2\/types\/page"}],"author":[{"embeddable":true,"href":"https:\/\/kowalscy.pl\/fr\/wp-json\/wp\/v2\/users\/1"}],"replies":[{"embeddable":true,"href":"https:\/\/kowalscy.pl\/fr\/wp-json\/wp\/v2\/comments?post=1355"}],"version-history":[{"count":3,"href":"https:\/\/kowalscy.pl\/fr\/wp-json\/wp\/v2\/pages\/1355\/revisions"}],"predecessor-version":[{"id":1364,"href":"https:\/\/kowalscy.pl\/fr\/wp-json\/wp\/v2\/pages\/1355\/revisions\/1364"}],"wp:attachment":[{"href":"https:\/\/kowalscy.pl\/fr\/wp-json\/wp\/v2\/media?parent=1355"}],"curies":[{"name":"wp","href":"https:\/\/api.w.org\/{rel}","templated":true}]}}