{"id":1397,"date":"2025-01-10T13:09:10","date_gmt":"2025-01-10T12:09:10","guid":{"rendered":"https:\/\/kowalscy.pl\/produkty\/"},"modified":"2025-02-04T13:43:15","modified_gmt":"2025-02-04T12:43:15","slug":"produkty","status":"publish","type":"page","link":"https:\/\/kowalscy.pl\/fr\/produkty\/","title":{"rendered":"Produits"},"content":{"rendered":"<!--themify_builder_content-->\n<div id=\"themify_builder_content-1397\" data-postid=\"1397\" class=\"themify_builder_content themify_builder_content-1397 themify_builder tf_clear\">\n                    <div  data-lazy=\"1\" class=\"module_row themify_builder_row tb_89mx421 tb_first tf_w\">\n                        <div class=\"row_inner col_align_top tb_col_count_1 tf_box tf_rel\">\n                        <div  data-lazy=\"1\" class=\"module_column tb-column col-full tb_3ppb427 first\">\n                    <!-- Breadcrumbs module -->\n<div  class=\"module module-breadcrumbs tb_5f6m821 \" data-lazy=\"1\">\n\t<nav role=\"navigation\" aria-label=\"Breadcrumbs\" class=\"tbp_breadcrumb_trail\"><ul class=\"tbp_trail_items\" itemscope itemtype=\"http:\/\/schema.org\/BreadcrumbList\"><meta name=\"numberOfItems\" content=\"1\" \/><meta name=\"itemListOrder\" content=\"Ascending\" \/><li itemprop=\"itemListElement\" itemscope itemtype=\"https:\/\/schema.org\/ListItem\" class=\"tbp_trail_item tbp_trail_end\"><a itemprop=\"item\" href=\"https:\/\/kowalscy.pl\/fr\/\" rel=\"home\"><span itemprop=\"name\">Strona g\u0142\u00f3wna<\/span><\/a><meta itemprop=\"position\" content=\"1\" \/><\/li><\/ul><\/nav><\/div><!-- \/Breadcrumbs module -->\n<!-- module text -->\n<div  class=\"module module-text tb_k62b427   \" data-lazy=\"1\">\n        <div  class=\"tb_text_wrap\">\n        <h1>Produits<\/h1>    <\/div>\n<\/div>\n<!-- \/module text --><!-- module divider -->\n<div  class=\"module tf_mw module-divider tb_gi35336 solid  divider-custom divider-center\" style=\"border-width: 3px;border-color: #5c706e;max-width: 200px;\" data-lazy=\"1\">\n    <\/div>\n<!-- \/module divider -->\n<!-- module text -->\n<div  class=\"module module-text tb_1wbu867   \" data-lazy=\"1\">\n        <div  class=\"tb_text_wrap\">\n        <p>Nous proposons une large gamme de produits, comprenant fen\u00eatres, portes, vitrines, escaliers et accessoires, alliant esth\u00e9tique, fonctionnalit\u00e9 et durabilit\u00e9. Notre offre inclut \u00e0 la fois des solutions standard et des projets sur mesure, adapt\u00e9s \u00e0 diff\u00e9rents types de b\u00e2timents, y compris les b\u00e2timents historiques. Vous trouverez chez nous des produits de la plus haute qualit\u00e9, parfaits pour tout int\u00e9rieur et fa\u00e7ade.  <\/p>    <\/div>\n<\/div>\n<!-- \/module text -->        <div  data-lazy=\"1\" class=\"module_subrow themify_builder_sub_row tf_w col_align_top tb_col_count_3 tb_33n2428\">\n                <div  data-lazy=\"1\" class=\"module_column sub_column col3-1 tb_2nzs428 first\">\n                    <!-- module image -->\n<div  class=\"module module-image tb_04nm429 image-center   auto_fullwidth tf_mw\" data-lazy=\"1\">\n        <div class=\"image-wrap tf_rel tf_mw\">\n            <img loading=\"lazy\" decoding=\"async\" src=\"https:\/\/kowalscy.pl\/wp-content\/uploads\/2025\/01\/okna-intro-358x258.png\" width=\"358\" height=\"258\" class=\"wp-post-image wp-image-466\" title=\"okna-intro\" alt=\"okna-intro\">    \n        <\/div>\n    <!-- \/image-wrap -->\n    \n        <\/div>\n<!-- \/module image --><!-- module text -->\n<div  class=\"module module-text tb_7pfm429    tb_gs345da\" data-lazy=\"1\">\n        <div  class=\"tb_text_wrap\">\n        <h3>Des fen\u00eatres<\/h3>\n<p>Nos fen\u00eatres et portes-fen\u00eatres sont fabriqu\u00e9es conform\u00e9ment aux derni\u00e8res normes europ\u00e9ennes. Le bois lamell\u00e9-coll\u00e9 de haute qualit\u00e9 permet de cr\u00e9er de grandes surfaces et des formes originales et uniques. <br><br><\/p>\n<h4><a href=\"https:\/\/kowalscy.pl\/produkty\/okna\/\">D\u00e9couvrez les produits \u2192<\/a><\/h4>    <\/div>\n<\/div>\n<!-- \/module text -->        <\/div>\n                    <div  data-lazy=\"1\" class=\"module_column sub_column col3-1 tb_9shm429\">\n                    <!-- module image -->\n<div  class=\"module module-image tb_x8gr429 image-center   tf_mw\" data-lazy=\"1\">\n        <div class=\"image-wrap tf_rel tf_mw\">\n            <img loading=\"lazy\" decoding=\"async\" src=\"https:\/\/kowalscy.pl\/wp-content\/uploads\/2025\/01\/drzwi-we-intro-2-358x258.png\" width=\"358\" height=\"258\" class=\"wp-post-image wp-image-467\" title=\"drzwi-we-intro-2\" alt=\"drzwi-we-intro-2\">    \n        <\/div>\n    <!-- \/image-wrap -->\n    \n        <\/div>\n<!-- \/module image --><!-- module text -->\n<div  class=\"module module-text tb_zx71429    tb_gs345da\" data-lazy=\"1\">\n        <div  class=\"tb_text_wrap\">\n        <h3><strong>Portes Int\u00e9rieures<\/strong><\/h3>\n<p>Chaque porte, quelle que soit sa fonction, influe sur l&rsquo;apparence de l&rsquo;int\u00e9rieur. Il est donc essentiel qu\u2019elle s\u2019harmonise avec le style du d\u00e9cor. Nous nous effor\u00e7ons de faire de chaque produit un \u00e9l\u00e9ment unique qui met en valeur le style du b\u00e2timent.   <\/p>\n<h4><a href=\"https:\/\/kowalscy.pl\/produkty\/drzwi-wewnetrzne\/\">D\u00e9couvrez les produits \u2192<\/a><\/h4>    <\/div>\n<\/div>\n<!-- \/module text -->        <\/div>\n                    <div  data-lazy=\"1\" class=\"module_column sub_column col3-1 tb_8k6e430 last\">\n                    <!-- module image -->\n<div  class=\"module module-image tb_3wdk430 image-center   tf_mw\" data-lazy=\"1\">\n        <div class=\"image-wrap tf_rel tf_mw\">\n            <img loading=\"lazy\" decoding=\"async\" src=\"https:\/\/kowalscy.pl\/wp-content\/uploads\/2025\/01\/drzwi-zw-intro-358x258.png\" width=\"358\" height=\"258\" class=\"wp-post-image wp-image-468\" title=\"drzwi-zw-intro\" alt=\"drzwi-zw-intro\">    \n        <\/div>\n    <!-- \/image-wrap -->\n    \n        <\/div>\n<!-- \/module image --><!-- module text -->\n<div  class=\"module module-text tb_d1vh430    tb_gs345da\" data-lazy=\"1\">\n        <div  class=\"tb_text_wrap\">\n        <h3><strong>Portes Ext\u00e9rieures<\/strong><\/h3>\n<p><strong>Les portes d\u2019entr\u00e9e en bois<\/strong> sont la v\u00e9ritable carte de visite de chaque maison. Haute qualit\u00e9, finition soign\u00e9e, et la possibilit\u00e9 de r\u00e9aliser presque n&rsquo;importe quel design sont quelques-uns des nombreux avantages. La structure du vantail est compos\u00e9e d&rsquo;un cadre en bois lamell\u00e9-coll\u00e9 de meranti ou de ch\u00eane.  <\/p>\n<h4><a href=\"https:\/\/kowalscy.pl\/produkty\/drzwi-zewnetrzne\/\">D\u00e9couvrez les produits \u2192<\/a><\/h4>    <\/div>\n<\/div>\n<!-- \/module text -->        <\/div>\n                    <\/div>\n                <div  data-lazy=\"1\" class=\"module_subrow themify_builder_sub_row tf_w col_align_top tb_col_count_2 tb_txbu88\">\n                <div  data-lazy=\"1\" class=\"module_column sub_column col4-2 tb_hq2r88 first\">\n                    <!-- module image -->\n<div  class=\"module module-image tb_j21o88 image-center   tf_mw\" data-lazy=\"1\">\n        <div class=\"image-wrap tf_rel tf_mw\">\n            <img loading=\"lazy\" decoding=\"async\" src=\"https:\/\/kowalscy.pl\/wp-content\/uploads\/2025\/01\/pozostale-intro-358x258.png\" width=\"358\" height=\"258\" class=\"wp-post-image wp-image-470\" title=\"pozostale-intro\" alt=\"pozostale-intro\">    \n        <\/div>\n    <!-- \/image-wrap -->\n    \n        <\/div>\n<!-- \/module image --><!-- module text -->\n<div  class=\"module module-text tb_42lq88    tb_gs345da\" data-lazy=\"1\">\n        <div  class=\"tb_text_wrap\">\n        <h3>Autres Produits<\/h3>\n<p>Pour r\u00e9pondre aux attentes de nos clients, nous avons \u00e9largi notre offre en incluant des vitrines de magasins, des jardins d&rsquo;hiver et des escaliers en bois.<br><br><\/p>\n<h4><a href=\"https:\/\/kowalscy.pl\/produkty\/pozostale-produkty\/\">D\u00e9couvrez les produits \u2192<\/a><\/h4>    <\/div>\n<\/div>\n<!-- \/module text -->        <\/div>\n                    <div  data-lazy=\"1\" class=\"module_column sub_column col4-2 tb_sthp88 last\">\n                    <!-- module image -->\n<div  class=\"module module-image tb_g1hf88 image-center   tf_mw\" data-lazy=\"1\">\n        <div class=\"image-wrap tf_rel tf_mw\">\n            <img loading=\"lazy\" decoding=\"async\" src=\"https:\/\/kowalscy.pl\/wp-content\/uploads\/2025\/01\/klamki-358x258.jpg\" width=\"358\" height=\"258\" class=\"wp-post-image wp-image-469\" title=\"klamki\" alt=\"klamki\">    \n        <\/div>\n    <!-- \/image-wrap -->\n    \n        <\/div>\n<!-- \/module image --><!-- module text -->\n<div  class=\"module module-text tb_p22n88    tb_gs345da\" data-lazy=\"1\">\n        <div  class=\"tb_text_wrap\">\n        <h3>Accessoires<\/h3>\n<p>Pour nos produits fabriqu\u00e9s, nous recommandons un large assortiment d\u2019accessoires de haute qualit\u00e9. Poign\u00e9es, produits de nettoyage, ferrures et bien plus encore. <br><br><\/p>\n<h4><a href=\"https:\/\/kowalscy.pl\/produkty\/akcesoria\/\">D\u00e9couvrez les produits \u2192<\/a><\/h4>    <\/div>\n<\/div>\n<!-- \/module text -->        <\/div>\n                    <\/div>\n                <\/div>\n                        <\/div>\n        <\/div>\n        <\/div>\n<!--\/themify_builder_content-->","protected":false},"excerpt":{"rendered":"<p>Produits Nous proposons une large gamme de produits, comprenant fen\u00eatres, portes, vitrines, escaliers et accessoires, alliant esth\u00e9tique, fonctionnalit\u00e9 et durabilit\u00e9. Notre offre inclut \u00e0 la fois des solutions standard et des projets sur mesure, adapt\u00e9s \u00e0 diff\u00e9rents types de b\u00e2timents, y compris les b\u00e2timents historiques. Vous trouverez chez nous des produits de la plus haute [&hellip;]<\/p>\n","protected":false},"author":1,"featured_media":0,"parent":0,"menu_order":0,"comment_status":"closed","ping_status":"closed","template":"","meta":{"_acf_changed":false,"footnotes":""},"class_list":["post-1397","page","type-page","status-publish","hentry","has-post-title","has-post-date","has-post-category","has-post-tag","has-post-comment","has-post-author",""],"acf":[],"builder_content":"<h1>Produits<\/h1>\n\n<p>Nous proposons une large gamme de produits, comprenant fen\u00eatres, portes, vitrines, escaliers et accessoires, alliant esth\u00e9tique, fonctionnalit\u00e9 et durabilit\u00e9. Notre offre inclut \u00e0 la fois des solutions standard et des projets sur mesure, adapt\u00e9s \u00e0 diff\u00e9rents types de b\u00e2timents, y compris les b\u00e2timents historiques. Vous trouverez chez nous des produits de la plus haute qualit\u00e9, parfaits pour tout int\u00e9rieur et fa\u00e7ade. <\/p>\n<img src=\"https:\/\/kowalscy.pl\/wp-content\/uploads\/2025\/01\/okna-intro-358x258.png\" width=\"358\" height=\"258\" title=\"okna-intro\" alt=\"okna-intro\">\n<h3>Des fen\u00eatres<\/h3> <p>Nos fen\u00eatres et portes-fen\u00eatres sont fabriqu\u00e9es conform\u00e9ment aux derni\u00e8res normes europ\u00e9ennes. Le bois lamell\u00e9-coll\u00e9 de haute qualit\u00e9 permet de cr\u00e9er de grandes surfaces et des formes originales et uniques. <br><br><\/p> <h4><a href=\"https:\/\/kowalscy.pl\/produkty\/okna\/\">D\u00e9couvrez les produits \u2192<\/a><\/h4>\n<img src=\"https:\/\/kowalscy.pl\/wp-content\/uploads\/2025\/01\/drzwi-we-intro-2-358x258.png\" width=\"358\" height=\"258\" title=\"drzwi-we-intro-2\" alt=\"drzwi-we-intro-2\">\n<h3><strong>Portes Int\u00e9rieures<\/strong><\/h3> <p>Chaque porte, quelle que soit sa fonction, influe sur l'apparence de l'int\u00e9rieur. Il est donc essentiel qu\u2019elle s\u2019harmonise avec le style du d\u00e9cor. Nous nous effor\u00e7ons de faire de chaque produit un \u00e9l\u00e9ment unique qui met en valeur le style du b\u00e2timent. <\/p> <h4><a href=\"https:\/\/kowalscy.pl\/produkty\/drzwi-wewnetrzne\/\">D\u00e9couvrez les produits \u2192<\/a><\/h4>\n<img src=\"https:\/\/kowalscy.pl\/wp-content\/uploads\/2025\/01\/drzwi-zw-intro-358x258.png\" width=\"358\" height=\"258\" title=\"drzwi-zw-intro\" alt=\"drzwi-zw-intro\">\n<h3><strong>Portes Ext\u00e9rieures<\/strong><\/h3> <p><strong>Les portes d\u2019entr\u00e9e en bois<\/strong> sont la v\u00e9ritable carte de visite de chaque maison. Haute qualit\u00e9, finition soign\u00e9e, et la possibilit\u00e9 de r\u00e9aliser presque n'importe quel design sont quelques-uns des nombreux avantages. La structure du vantail est compos\u00e9e d'un cadre en bois lamell\u00e9-coll\u00e9 de meranti ou de ch\u00eane. <\/p> <h4><a href=\"https:\/\/kowalscy.pl\/produkty\/drzwi-zewnetrzne\/\">D\u00e9couvrez les produits \u2192<\/a><\/h4>\n<img src=\"https:\/\/kowalscy.pl\/wp-content\/uploads\/2025\/01\/pozostale-intro-358x258.png\" width=\"358\" height=\"258\" title=\"pozostale-intro\" alt=\"pozostale-intro\">\n<h3>Autres Produits<\/h3> <p>Pour r\u00e9pondre aux attentes de nos clients, nous avons \u00e9largi notre offre en incluant des vitrines de magasins, des jardins d'hiver et des escaliers en bois.<br><br><\/p> <h4><a href=\"https:\/\/kowalscy.pl\/produkty\/pozostale-produkty\/\">D\u00e9couvrez les produits \u2192<\/a><\/h4>\n<img src=\"https:\/\/kowalscy.pl\/wp-content\/uploads\/2025\/01\/klamki-358x258.jpg\" width=\"358\" height=\"258\" title=\"klamki\" alt=\"klamki\">\n<h3>Accessoires<\/h3> <p>Pour nos produits fabriqu\u00e9s, nous recommandons un large assortiment d\u2019accessoires de haute qualit\u00e9. Poign\u00e9es, produits de nettoyage, ferrures et bien plus encore. <br><br><\/p> <h4><a href=\"https:\/\/kowalscy.pl\/produkty\/akcesoria\/\">D\u00e9couvrez les produits \u2192<\/a><\/h4>","_links":{"self":[{"href":"https:\/\/kowalscy.pl\/fr\/wp-json\/wp\/v2\/pages\/1397","targetHints":{"allow":["GET"]}}],"collection":[{"href":"https:\/\/kowalscy.pl\/fr\/wp-json\/wp\/v2\/pages"}],"about":[{"href":"https:\/\/kowalscy.pl\/fr\/wp-json\/wp\/v2\/types\/page"}],"author":[{"embeddable":true,"href":"https:\/\/kowalscy.pl\/fr\/wp-json\/wp\/v2\/users\/1"}],"replies":[{"embeddable":true,"href":"https:\/\/kowalscy.pl\/fr\/wp-json\/wp\/v2\/comments?post=1397"}],"version-history":[{"count":3,"href":"https:\/\/kowalscy.pl\/fr\/wp-json\/wp\/v2\/pages\/1397\/revisions"}],"predecessor-version":[{"id":1404,"href":"https:\/\/kowalscy.pl\/fr\/wp-json\/wp\/v2\/pages\/1397\/revisions\/1404"}],"wp:attachment":[{"href":"https:\/\/kowalscy.pl\/fr\/wp-json\/wp\/v2\/media?parent=1397"}],"curies":[{"name":"wp","href":"https:\/\/api.w.org\/{rel}","templated":true}]}}