{"id":1409,"date":"2025-01-10T13:36:14","date_gmt":"2025-01-10T12:36:14","guid":{"rendered":"https:\/\/kowalscy.pl\/produkty\/okna\/"},"modified":"2025-02-04T14:54:18","modified_gmt":"2025-02-04T13:54:18","slug":"okna","status":"publish","type":"page","link":"https:\/\/kowalscy.pl\/fr\/produkty\/okna\/","title":{"rendered":"Des fen\u00eatres"},"content":{"rendered":"<!--themify_builder_content-->\n<div id=\"themify_builder_content-1409\" data-postid=\"1409\" class=\"themify_builder_content themify_builder_content-1409 themify_builder tf_clear\">\n                    <div  data-lazy=\"1\" class=\"module_row themify_builder_row tb_x5cb851 tb_first tf_w\">\n                        <div class=\"row_inner col_align_top tb_col_count_1 tf_box tf_rel\">\n                        <div  data-lazy=\"1\" class=\"module_column tb-column col-full tb_bvxd852 first\">\n                    <!-- Breadcrumbs module -->\n<div  class=\"module module-breadcrumbs tb_ndjn852 \" data-lazy=\"1\">\n\t<nav role=\"navigation\" aria-label=\"Breadcrumbs\" class=\"tbp_breadcrumb_trail\"><ul class=\"tbp_trail_items\" itemscope itemtype=\"http:\/\/schema.org\/BreadcrumbList\"><meta name=\"numberOfItems\" content=\"1\" \/><meta name=\"itemListOrder\" content=\"Ascending\" \/><li itemprop=\"itemListElement\" itemscope itemtype=\"https:\/\/schema.org\/ListItem\" class=\"tbp_trail_item tbp_trail_end\"><a itemprop=\"item\" href=\"https:\/\/kowalscy.pl\/fr\/\" rel=\"home\"><span itemprop=\"name\">Strona g\u0142\u00f3wna<\/span><\/a><meta itemprop=\"position\" content=\"1\" \/><\/li><\/ul><\/nav><\/div><!-- \/Breadcrumbs module -->\n<!-- module text -->\n<div  class=\"module module-text tb_ciov852   \" data-lazy=\"1\">\n        <div  class=\"tb_text_wrap\">\n        <h1>Des fen\u00eatres<\/h1>    <\/div>\n<\/div>\n<!-- \/module text --><!-- module divider -->\n<div  class=\"module tf_mw module-divider tb_4x51852 solid  divider-custom divider-center\" style=\"border-width: 3px;border-color: #5c706e;max-width: 200px;\" data-lazy=\"1\">\n    <\/div>\n<!-- \/module divider -->\n<!-- module text -->\n<div  class=\"module module-text tb_a7h9852   \" data-lazy=\"1\">\n        <div  class=\"tb_text_wrap\">\n        <p>Nos ann\u00e9es d&rsquo;exp\u00e9rience dans la technologie de fabrication des fen\u00eatres nous permettent d&rsquo;affirmer que m\u00eame les meilleures machines deviennent aussi impuissantes qu&rsquo;un rabot sans la connaissance et l\u2019intuition d\u2019un ma\u00eetre artisan.<\/p>\n<p><strong>Nos fen\u00eatres et portes-fen\u00eatres<\/strong> sont fabriqu\u00e9es pour les b\u00e2timents r\u00e9sidentiels et les \u00e9tablissements publics \u00e0 partir de bois lamell\u00e9-coll\u00e9. Elles peuvent \u00eatre produites dans des syst\u00e8mes de fen\u00eatres standard, passives ou \u00e0 guillotine (conformes aux derni\u00e8res normes europ\u00e9ennes) et dans toutes les dimensions techniquement r\u00e9alisables.<br>Les fen\u00eatres historiques se distinguent par leur caract\u00e8re authentique, comprenant des petits bois, meneaux, moulures d\u00e9coratives, \u00e9l\u00e9ments de base et traverses. Le travail manuel des \u00e9l\u00e9ments d\u00e9coratifs permet de reproduire fid\u00e8lement l\u2019apparence originale.<br>Le mat\u00e9riau principal utilis\u00e9 dans la fabrication est le bois Meranti 450+, qui, gr\u00e2ce \u00e0 ses propri\u00e9t\u00e9s (stabilit\u00e9 dimensionnelle, faible retrait), s&rsquo;est r\u00e9v\u00e9l\u00e9 \u00eatre un excellent choix et est aujourd\u2019hui consid\u00e9r\u00e9 comme l&rsquo;un des meilleurs mat\u00e9riaux pour la fabrication des fen\u00eatres.<br>Nous fabriquons \u00e9galement des fen\u00eatres en ch\u00eane, m\u00e9l\u00e8ze, pin et bois de sipo.      <\/p>\n<p>Notre offre comprend :<br>Fen\u00eatres en bois standard<br>Fen\u00eatres historiques<br>Fen\u00eatres passives<br>Fen\u00eatres \u00e0 guillotine<br>Fen\u00eatres bois-aluminium<br>Fen\u00eatres coulissantes HS<br>Fen\u00eatres sur mesure<br>Nous vous invitons \u00e0 d\u00e9couvrir notre offre. <\/p>    <\/div>\n<\/div>\n<!-- \/module text -->        <div  data-lazy=\"1\" class=\"module_subrow themify_builder_sub_row tf_w col_align_top tb_col_count_3 tb_q64a852\">\n                <div  data-lazy=\"1\" class=\"module_column sub_column col3-1 tb_pvpc852 first\">\n                    <!-- module image -->\n<div  class=\"module module-image tb_w7o6852 image-center   auto_fullwidth tf_mw\" data-lazy=\"1\">\n        <div class=\"image-wrap tf_rel tf_mw\">\n            <img loading=\"lazy\" decoding=\"async\" src=\"https:\/\/kowalscy.pl\/wp-content\/uploads\/2025\/01\/standardowe-intro1-358x258.png\" width=\"358\" height=\"258\" class=\"wp-post-image wp-image-498\" title=\"standardowe-intro1\" alt=\"standardowe-intro1\">    \n        <\/div>\n    <!-- \/image-wrap -->\n    \n        <\/div>\n<!-- \/module image --><!-- module text -->\n<div  class=\"module module-text tb_wweq852    tb_gs345da\" data-lazy=\"1\">\n        <div  class=\"tb_text_wrap\">\n        <h3>Fen\u00eatres Standard<\/h3>\n<p>Nos fen\u00eatres et portes-fen\u00eatres sont fabriqu\u00e9es conform\u00e9ment aux derni\u00e8res normes europ\u00e9ennes. Le bois lamell\u00e9-coll\u00e9 de haute qualit\u00e9 permet de cr\u00e9er de grandes surfaces et des formes originales et uniques. <br><br><\/p>\n<h4><a href=\"https:\/\/kowalscy.pl\/produkty\/okna\/okna-standardowe\/\">D\u00e9couvrez les produits \u2192<\/a><\/h4>    <\/div>\n<\/div>\n<!-- \/module text -->        <\/div>\n                    <div  data-lazy=\"1\" class=\"module_column sub_column col3-1 tb_ej3b852\">\n                    <!-- module image -->\n<div  class=\"module module-image tb_nbck852 image-center   tf_mw\" data-lazy=\"1\">\n        <div class=\"image-wrap tf_rel tf_mw\">\n            <img loading=\"lazy\" decoding=\"async\" src=\"https:\/\/kowalscy.pl\/wp-content\/uploads\/2025\/01\/zabytkowe-intro-358x258.png\" width=\"358\" height=\"258\" class=\"wp-post-image wp-image-501\" title=\"zabytkowe-intro\" alt=\"zabytkowe-intro\">    \n        <\/div>\n    <!-- \/image-wrap -->\n    \n        <\/div>\n<!-- \/module image --><!-- module text -->\n<div  class=\"module module-text tb_mbxb852    tb_gs345da\" data-lazy=\"1\">\n        <div  class=\"tb_text_wrap\">\n        <h3>Fen\u00eatres Historiques<\/h3>\n<p>Nos fen\u00eatres et portes-fen\u00eatres sont fabriqu\u00e9es conform\u00e9ment aux derni\u00e8res normes europ\u00e9ennes. Le bois lamell\u00e9-coll\u00e9 de haute qualit\u00e9 permet de cr\u00e9er de grandes surfaces et des formes originales et uniques. <br><br><\/p>\n<h4><a href=\"https:\/\/kowalscy.pl\/produkty\/okna\/okna-zabytkowe\/\">D\u00e9couvrez les produits \u2192<\/a><\/h4>    <\/div>\n<\/div>\n<!-- \/module text -->        <\/div>\n                    <div  data-lazy=\"1\" class=\"module_column sub_column col3-1 tb_hg3t852 last\">\n                    <!-- module image -->\n<div  class=\"module module-image tb_mgr9852 image-center   auto_fullwidth tf_mw\" data-lazy=\"1\">\n        <div class=\"image-wrap tf_rel tf_mw\">\n            <img loading=\"lazy\" decoding=\"async\" src=\"https:\/\/kowalscy.pl\/wp-content\/uploads\/2025\/01\/pasywne-358x258.png\" width=\"358\" height=\"258\" class=\"wp-post-image wp-image-502\" title=\"pasywne\" alt=\"pasywne\">    \n        <\/div>\n    <!-- \/image-wrap -->\n    \n        <\/div>\n<!-- \/module image --><!-- module text -->\n<div  class=\"module module-text tb_54w6852    tb_gs345da\" data-lazy=\"1\">\n        <div  class=\"tb_text_wrap\">\n        <h3>Fen\u00eatres Passives<\/h3>\n<p>Nos fen\u00eatres et portes-fen\u00eatres sont fabriqu\u00e9es conform\u00e9ment aux derni\u00e8res normes europ\u00e9ennes. Le bois lamell\u00e9-coll\u00e9 de haute qualit\u00e9 permet de cr\u00e9er de grandes surfaces et des formes originales et uniques. <br><br><\/p>\n<h4><a href=\"https:\/\/kowalscy.pl\/produkty\/okna\/okna-pasywne\/\">D\u00e9couvrez les produits \u2192<\/a><\/h4>    <\/div>\n<\/div>\n<!-- \/module text -->        <\/div>\n                    <\/div>\n                <div  data-lazy=\"1\" class=\"module_subrow themify_builder_sub_row tf_w col_align_top tb_col_count_3 tb_dxt6527\">\n                <div  data-lazy=\"1\" class=\"module_column sub_column col3-1 tb_hgz5527 first\">\n                    <!-- module image -->\n<div  class=\"module module-image tb_rklk527 image-center   auto_fullwidth tf_mw\" data-lazy=\"1\">\n        <div class=\"image-wrap tf_rel tf_mw\">\n            <img loading=\"lazy\" decoding=\"async\" src=\"https:\/\/kowalscy.pl\/wp-content\/uploads\/2025\/01\/okna-drew-alu-358x258.png\" width=\"358\" height=\"258\" class=\"wp-post-image wp-image-504\" title=\"okna-drew-alu\" alt=\"okna-drew-alu\">    \n        <\/div>\n    <!-- \/image-wrap -->\n    \n        <\/div>\n<!-- \/module image --><!-- module text -->\n<div  class=\"module module-text tb_ug9y527    tb_gs345da\" data-lazy=\"1\">\n        <div  class=\"tb_text_wrap\">\n        <h3>Fen\u00eatres Bois-Aluminium<\/h3>\n<p>Nos fen\u00eatres et portes-fen\u00eatres sont fabriqu\u00e9es conform\u00e9ment aux derni\u00e8res normes europ\u00e9ennes. Le bois lamell\u00e9-coll\u00e9 de haute qualit\u00e9 permet de cr\u00e9er de grandes surfaces et des formes originales et uniques. <\/p>\n<h4><a href=\"https:\/\/kowalscy.pl\/produkty\/okna\/drewniano-aluminiowe\/\">D\u00e9couvrez les produits \u2192<\/a><\/h4>    <\/div>\n<\/div>\n<!-- \/module text -->        <\/div>\n                    <div  data-lazy=\"1\" class=\"module_column sub_column col3-1 tb_1voj527\">\n                    <!-- module image -->\n<div  class=\"module module-image tb_t7fn527 image-center   tf_mw\" data-lazy=\"1\">\n        <div class=\"image-wrap tf_rel tf_mw\">\n            <img loading=\"lazy\" decoding=\"async\" src=\"https:\/\/kowalscy.pl\/wp-content\/uploads\/2025\/01\/hs-intro-358x258.png\" width=\"358\" height=\"258\" class=\"wp-post-image wp-image-505\" title=\"hs-intro\" alt=\"hs-intro\">    \n        <\/div>\n    <!-- \/image-wrap -->\n    \n        <\/div>\n<!-- \/module image --><!-- module text -->\n<div  class=\"module module-text tb_frux527    tb_gs345da\" data-lazy=\"1\">\n        <div  class=\"tb_text_wrap\">\n        <h3>Fen\u00eatres Coulissantes HS<\/h3>\n<p>Nos fen\u00eatres et portes-fen\u00eatres sont fabriqu\u00e9es conform\u00e9ment aux derni\u00e8res normes europ\u00e9ennes. Le bois lamell\u00e9-coll\u00e9 de haute qualit\u00e9 permet de cr\u00e9er de grandes surfaces et des formes originales et uniques. <\/p>\n<h4><a href=\"https:\/\/kowalscy.pl\/produkty\/okna\/przesuwne-hs\/\">D\u00e9couvrez les produits \u2192<\/a><\/h4>    <\/div>\n<\/div>\n<!-- \/module text -->        <\/div>\n                    <div  data-lazy=\"1\" class=\"module_column sub_column col3-1 tb_lhlh527 last\">\n                    <!-- module image -->\n<div  class=\"module module-image tb_lm74527 image-center   tf_mw\" data-lazy=\"1\">\n        <div class=\"image-wrap tf_rel tf_mw\">\n            <img loading=\"lazy\" decoding=\"async\" src=\"https:\/\/kowalscy.pl\/wp-content\/uploads\/2025\/01\/okna-skrzynkowe-intro-150x258.jpg\" width=\"150\" height=\"258\" class=\"wp-post-image wp-image-503\" title=\"okna-skrzynkowe-intro\" alt=\"okna-skrzynkowe-intro\">    \n        <\/div>\n    <!-- \/image-wrap -->\n    \n        <\/div>\n<!-- \/module image --><!-- module text -->\n<div  class=\"module module-text tb_e77r527    tb_gs345da\" data-lazy=\"1\">\n        <div  class=\"tb_text_wrap\">\n        <h3>Okna skrzynkowe<\/h3>\n<p>Nos fen\u00eatres et portes-fen\u00eatres sont fabriqu\u00e9es conform\u00e9ment aux derni\u00e8res normes europ\u00e9ennes. Le bois lamell\u00e9-coll\u00e9 de haute qualit\u00e9 permet de cr\u00e9er de grandes surfaces et des formes originales et uniques. <\/p>\n<h4>D\u00e9couvrez les produits \u2192<\/h4>    <\/div>\n<\/div>\n<!-- \/module text -->        <\/div>\n                    <\/div>\n                <div  data-lazy=\"1\" class=\"module_subrow themify_builder_sub_row tf_w col_align_top tb_col_count_3 tb_tmwr853\">\n                <div  data-lazy=\"1\" class=\"module_column sub_column col3-1 tb_ymdp853 first\">\n                            <\/div>\n                    <div  data-lazy=\"1\" class=\"module_column sub_column col3-1 tb_scnj853\">\n                    <!-- module image -->\n<div  class=\"module module-image tb_ftc4853 image-center   tf_mw\" data-lazy=\"1\">\n        <div class=\"image-wrap tf_rel tf_mw\">\n            <img loading=\"lazy\" decoding=\"async\" src=\"https:\/\/kowalscy.pl\/wp-content\/uploads\/2025\/01\/IMG_3718w-2-358x258.png\" width=\"358\" height=\"258\" class=\"wp-post-image wp-image-506\" title=\"IMG_3718w-2\" alt=\"IMG_3718w-2\">    \n        <\/div>\n    <!-- \/image-wrap -->\n    \n        <\/div>\n<!-- \/module image --><!-- module text -->\n<div  class=\"module module-text tb_mln8853    tb_gs345da\" data-lazy=\"1\">\n        <div  class=\"tb_text_wrap\">\n        <h3>okna nietypowe<\/h3>\n<p>Pour r\u00e9pondre aux attentes de nos clients, nous avons \u00e9largi notre offre en incluant des vitrines de magasins, des jardins d&rsquo;hiver et des escaliers en bois.<br><br><\/p>\n<h4><a href=\"https:\/\/kowalscy.pl\/produkty\/okna\/okna-nietypowe\/\">D\u00e9couvrez les produits \u2192<\/a><\/h4>    <\/div>\n<\/div>\n<!-- \/module text -->        <\/div>\n                    <div  data-lazy=\"1\" class=\"module_column sub_column col3-1 tb_j0er938 last\">\n                            <\/div>\n                    <\/div>\n                <\/div>\n                        <\/div>\n        <\/div>\n        <\/div>\n<!--\/themify_builder_content-->","protected":false},"excerpt":{"rendered":"<p>Des fen\u00eatres Nos ann\u00e9es d&rsquo;exp\u00e9rience dans la technologie de fabrication des fen\u00eatres nous permettent d&rsquo;affirmer que m\u00eame les meilleures machines deviennent aussi impuissantes qu&rsquo;un rabot sans la connaissance et l\u2019intuition d\u2019un ma\u00eetre artisan. Nos fen\u00eatres et portes-fen\u00eatres sont fabriqu\u00e9es pour les b\u00e2timents r\u00e9sidentiels et les \u00e9tablissements publics \u00e0 partir de bois lamell\u00e9-coll\u00e9. Elles peuvent \u00eatre [&hellip;]<\/p>\n","protected":false},"author":1,"featured_media":0,"parent":1397,"menu_order":0,"comment_status":"closed","ping_status":"closed","template":"","meta":{"_acf_changed":false,"footnotes":""},"class_list":["post-1409","page","type-page","status-publish","hentry","has-post-title","has-post-date","has-post-category","has-post-tag","has-post-comment","has-post-author",""],"acf":[],"builder_content":"<h1>Des fen\u00eatres<\/h1>\n\n<p>Nos ann\u00e9es d'exp\u00e9rience dans la technologie de fabrication des fen\u00eatres nous permettent d'affirmer que m\u00eame les meilleures machines deviennent aussi impuissantes qu'un rabot sans la connaissance et l\u2019intuition d\u2019un ma\u00eetre artisan.<\/p> <p><strong>Nos fen\u00eatres et portes-fen\u00eatres<\/strong> sont fabriqu\u00e9es pour les b\u00e2timents r\u00e9sidentiels et les \u00e9tablissements publics \u00e0 partir de bois lamell\u00e9-coll\u00e9. Elles peuvent \u00eatre produites dans des syst\u00e8mes de fen\u00eatres standard, passives ou \u00e0 guillotine (conformes aux derni\u00e8res normes europ\u00e9ennes) et dans toutes les dimensions techniquement r\u00e9alisables.<br>Les fen\u00eatres historiques se distinguent par leur caract\u00e8re authentique, comprenant des petits bois, meneaux, moulures d\u00e9coratives, \u00e9l\u00e9ments de base et traverses. Le travail manuel des \u00e9l\u00e9ments d\u00e9coratifs permet de reproduire fid\u00e8lement l\u2019apparence originale.<br>Le mat\u00e9riau principal utilis\u00e9 dans la fabrication est le bois Meranti 450+, qui, gr\u00e2ce \u00e0 ses propri\u00e9t\u00e9s (stabilit\u00e9 dimensionnelle, faible retrait), s'est r\u00e9v\u00e9l\u00e9 \u00eatre un excellent choix et est aujourd\u2019hui consid\u00e9r\u00e9 comme l'un des meilleurs mat\u00e9riaux pour la fabrication des fen\u00eatres.<br>Nous fabriquons \u00e9galement des fen\u00eatres en ch\u00eane, m\u00e9l\u00e8ze, pin et bois de sipo. <\/p> <p>Notre offre comprend :<br>Fen\u00eatres en bois standard<br>Fen\u00eatres historiques<br>Fen\u00eatres passives<br>Fen\u00eatres \u00e0 guillotine<br>Fen\u00eatres bois-aluminium<br>Fen\u00eatres coulissantes HS<br>Fen\u00eatres sur mesure<br>Nous vous invitons \u00e0 d\u00e9couvrir notre offre. <\/p>\n<img src=\"https:\/\/kowalscy.pl\/wp-content\/uploads\/2025\/01\/standardowe-intro1-358x258.png\" width=\"358\" height=\"258\" title=\"standardowe-intro1\" alt=\"standardowe-intro1\">\n<h3>Fen\u00eatres Standard<\/h3> <p>Nos fen\u00eatres et portes-fen\u00eatres sont fabriqu\u00e9es conform\u00e9ment aux derni\u00e8res normes europ\u00e9ennes. Le bois lamell\u00e9-coll\u00e9 de haute qualit\u00e9 permet de cr\u00e9er de grandes surfaces et des formes originales et uniques. <br><br><\/p> <h4><a href=\"https:\/\/kowalscy.pl\/produkty\/okna\/okna-standardowe\/\">D\u00e9couvrez les produits \u2192<\/a><\/h4>\n<img src=\"https:\/\/kowalscy.pl\/wp-content\/uploads\/2025\/01\/zabytkowe-intro-358x258.png\" width=\"358\" height=\"258\" title=\"zabytkowe-intro\" alt=\"zabytkowe-intro\">\n<h3>Fen\u00eatres Historiques<\/h3> <p>Nos fen\u00eatres et portes-fen\u00eatres sont fabriqu\u00e9es conform\u00e9ment aux derni\u00e8res normes europ\u00e9ennes. Le bois lamell\u00e9-coll\u00e9 de haute qualit\u00e9 permet de cr\u00e9er de grandes surfaces et des formes originales et uniques. <br><br><\/p> <h4><a href=\"https:\/\/kowalscy.pl\/produkty\/okna\/okna-zabytkowe\/\">D\u00e9couvrez les produits \u2192<\/a><\/h4>\n<img src=\"https:\/\/kowalscy.pl\/wp-content\/uploads\/2025\/01\/pasywne-358x258.png\" width=\"358\" height=\"258\" title=\"pasywne\" alt=\"pasywne\">\n<h3>Fen\u00eatres Passives<\/h3> <p>Nos fen\u00eatres et portes-fen\u00eatres sont fabriqu\u00e9es conform\u00e9ment aux derni\u00e8res normes europ\u00e9ennes. Le bois lamell\u00e9-coll\u00e9 de haute qualit\u00e9 permet de cr\u00e9er de grandes surfaces et des formes originales et uniques. <br><br><\/p> <h4><a href=\"https:\/\/kowalscy.pl\/produkty\/okna\/okna-pasywne\/\">D\u00e9couvrez les produits \u2192<\/a><\/h4>\n<img src=\"https:\/\/kowalscy.pl\/wp-content\/uploads\/2025\/01\/okna-drew-alu-358x258.png\" width=\"358\" height=\"258\" title=\"okna-drew-alu\" alt=\"okna-drew-alu\">\n<h3>Fen\u00eatres Bois-Aluminium<\/h3> <p>Nos fen\u00eatres et portes-fen\u00eatres sont fabriqu\u00e9es conform\u00e9ment aux derni\u00e8res normes europ\u00e9ennes. Le bois lamell\u00e9-coll\u00e9 de haute qualit\u00e9 permet de cr\u00e9er de grandes surfaces et des formes originales et uniques. <\/p> <h4><a href=\"https:\/\/kowalscy.pl\/produkty\/okna\/drewniano-aluminiowe\/\">D\u00e9couvrez les produits \u2192<\/a><\/h4>\n<img src=\"https:\/\/kowalscy.pl\/wp-content\/uploads\/2025\/01\/hs-intro-358x258.png\" width=\"358\" height=\"258\" title=\"hs-intro\" alt=\"hs-intro\">\n<h3>Fen\u00eatres Coulissantes HS<\/h3> <p>Nos fen\u00eatres et portes-fen\u00eatres sont fabriqu\u00e9es conform\u00e9ment aux derni\u00e8res normes europ\u00e9ennes. Le bois lamell\u00e9-coll\u00e9 de haute qualit\u00e9 permet de cr\u00e9er de grandes surfaces et des formes originales et uniques. <\/p> <h4><a href=\"https:\/\/kowalscy.pl\/produkty\/okna\/przesuwne-hs\/\">D\u00e9couvrez les produits \u2192<\/a><\/h4>\n<img src=\"https:\/\/kowalscy.pl\/wp-content\/uploads\/2025\/01\/okna-skrzynkowe-intro-150x258.jpg\" width=\"150\" height=\"258\" title=\"okna-skrzynkowe-intro\" alt=\"okna-skrzynkowe-intro\">\n<h3>Okna skrzynkowe<\/h3> <p>Nos fen\u00eatres et portes-fen\u00eatres sont fabriqu\u00e9es conform\u00e9ment aux derni\u00e8res normes europ\u00e9ennes. Le bois lamell\u00e9-coll\u00e9 de haute qualit\u00e9 permet de cr\u00e9er de grandes surfaces et des formes originales et uniques. <\/p> <h4>D\u00e9couvrez les produits \u2192<\/h4>\n<img src=\"https:\/\/kowalscy.pl\/wp-content\/uploads\/2025\/01\/IMG_3718w-2-358x258.png\" width=\"358\" height=\"258\" title=\"IMG_3718w-2\" alt=\"IMG_3718w-2\">\n<h3>okna nietypowe<\/h3> <p>Pour r\u00e9pondre aux attentes de nos clients, nous avons \u00e9largi notre offre en incluant des vitrines de magasins, des jardins d'hiver et des escaliers en bois.<br><br><\/p> <h4><a href=\"https:\/\/kowalscy.pl\/produkty\/okna\/okna-nietypowe\/\">D\u00e9couvrez les produits \u2192<\/a><\/h4>","_links":{"self":[{"href":"https:\/\/kowalscy.pl\/fr\/wp-json\/wp\/v2\/pages\/1409","targetHints":{"allow":["GET"]}}],"collection":[{"href":"https:\/\/kowalscy.pl\/fr\/wp-json\/wp\/v2\/pages"}],"about":[{"href":"https:\/\/kowalscy.pl\/fr\/wp-json\/wp\/v2\/types\/page"}],"author":[{"embeddable":true,"href":"https:\/\/kowalscy.pl\/fr\/wp-json\/wp\/v2\/users\/1"}],"replies":[{"embeddable":true,"href":"https:\/\/kowalscy.pl\/fr\/wp-json\/wp\/v2\/comments?post=1409"}],"version-history":[{"count":3,"href":"https:\/\/kowalscy.pl\/fr\/wp-json\/wp\/v2\/pages\/1409\/revisions"}],"predecessor-version":[{"id":1416,"href":"https:\/\/kowalscy.pl\/fr\/wp-json\/wp\/v2\/pages\/1409\/revisions\/1416"}],"up":[{"embeddable":true,"href":"https:\/\/kowalscy.pl\/fr\/wp-json\/wp\/v2\/pages\/1397"}],"wp:attachment":[{"href":"https:\/\/kowalscy.pl\/fr\/wp-json\/wp\/v2\/media?parent=1409"}],"curies":[{"name":"wp","href":"https:\/\/api.w.org\/{rel}","templated":true}]}}