{"id":1434,"date":"2025-01-10T14:53:30","date_gmt":"2025-01-10T13:53:30","guid":{"rendered":"https:\/\/kowalscy.pl\/produkty\/okna\/okna-pasywne\/"},"modified":"2025-02-04T15:06:26","modified_gmt":"2025-02-04T14:06:26","slug":"okna-pasywne","status":"publish","type":"page","link":"https:\/\/kowalscy.pl\/fr\/produkty\/okna\/okna-pasywne\/","title":{"rendered":"Fen\u00eatres Passives"},"content":{"rendered":"<!--themify_builder_content-->\n<div id=\"themify_builder_content-1434\" data-postid=\"1434\" class=\"themify_builder_content themify_builder_content-1434 themify_builder tf_clear\">\n                    <div  data-lazy=\"1\" class=\"module_row themify_builder_row tb_gxak908 tb_first tf_w\">\n                        <div class=\"row_inner col_align_top tb_col_count_1 tf_box tf_rel\">\n                        <div  data-lazy=\"1\" class=\"module_column tb-column col-full tb_0lvs909 first\">\n                    <!-- Breadcrumbs module -->\n<div  class=\"module module-breadcrumbs tb_8kon909 \" data-lazy=\"1\">\n\t<nav role=\"navigation\" aria-label=\"Breadcrumbs\" class=\"tbp_breadcrumb_trail\"><ul class=\"tbp_trail_items\" itemscope itemtype=\"http:\/\/schema.org\/BreadcrumbList\"><meta name=\"numberOfItems\" content=\"1\" \/><meta name=\"itemListOrder\" content=\"Ascending\" \/><li itemprop=\"itemListElement\" itemscope itemtype=\"https:\/\/schema.org\/ListItem\" class=\"tbp_trail_item tbp_trail_end\"><a itemprop=\"item\" href=\"https:\/\/kowalscy.pl\/fr\/\" rel=\"home\"><span itemprop=\"name\">Strona g\u0142\u00f3wna<\/span><\/a><meta itemprop=\"position\" content=\"1\" \/><\/li><\/ul><\/nav><\/div><!-- \/Breadcrumbs module -->\n<!-- module text -->\n<div  class=\"module module-text tb_b9gt910   \" data-lazy=\"1\">\n        <div  class=\"tb_text_wrap\">\n        <h1>Fen\u00eatres Passives<\/h1>    <\/div>\n<\/div>\n<!-- \/module text --><!-- module divider -->\n<div  class=\"module tf_mw module-divider tb_syjm910 solid  divider-custom divider-center\" style=\"border-width: 3px;border-color: #5c706e;max-width: 200px;\" data-lazy=\"1\">\n    <\/div>\n<!-- \/module divider -->\n<!-- module text -->\n<div  class=\"module module-text tb_5hna911   \" data-lazy=\"1\">\n        <div  class=\"tb_text_wrap\">\n        <section class=\"wrapper style4 container text-center\">\n<div class=\"content\">\n<section class=\"product-intro\">\n<section class=\"wrapper style4 container text-center\">\n<div class=\"content\">\n<section class=\"product-intro\"><img decoding=\"async\" src=\"https:\/\/kowalscy.pl\/wp-content\/uploads\/2014\/10\/pasywne.png\" alt=\"\">\n<div>\n<p>La prise de conscience \u00e9cologique croissante a conduit notre entreprise \u00e0 lancer la production de menuiseries <strong>\u00e9co\u00e9nerg\u00e9tiques et passives<\/strong>. L\u2019augmentation de l\u2019\u00e9paisseur des cadres et des ouvrants, l\u2019utilisation d\u2019un vitrage \u00e0 double chambre (trois vitres, dont deux en ThermoFloat avec du gaz argon), et l\u2019ajout de joints doubles ont consid\u00e9rablement am\u00e9lior\u00e9 l\u2019isolation thermique et acoustique. Cela permet l\u2019installation de grandes surfaces vitr\u00e9es, donnant \u00e0 l\u2019architecture une nouvelle dimension.  <\/p>\n<\/div>\n<\/section>\n<\/div>\n<\/section>\n<section class=\"wrapper style4 container text-center\">\n<div class=\"content\">\n<section><img decoding=\"async\" src=\"https:\/\/kowalscy.pl\/wp-content\/uploads\/2014\/10\/przekroje-okien-pasywne.png\" alt=\"\">\n<h2>Fen\u00eatres Passives &#8211; Coupes Transversales<br><\/h2>\n<p> <\/p>\n<p>A \u2013 IV 78 Softline R6, vitrage U=0.7<\/p>\n<p>B \u2013 IV 88 Softline R6, vitrage U=0.6<\/p>\n<p>C \u2013 IV 92 R3, vitrage U=0.5<\/p>\n<\/section>\n<\/div>\n<\/section>\n<\/section>\n<\/div>\n<\/section>    <\/div>\n<\/div>\n<!-- \/module text -->        <\/div>\n                        <\/div>\n        <\/div>\n        <\/div>\n<!--\/themify_builder_content-->","protected":false},"excerpt":{"rendered":"<p>Fen\u00eatres Passives La prise de conscience \u00e9cologique croissante a conduit notre entreprise \u00e0 lancer la production de menuiseries \u00e9co\u00e9nerg\u00e9tiques et passives. L\u2019augmentation de l\u2019\u00e9paisseur des cadres et des ouvrants, l\u2019utilisation d\u2019un vitrage \u00e0 double chambre (trois vitres, dont deux en ThermoFloat avec du gaz argon), et l\u2019ajout de joints doubles ont consid\u00e9rablement am\u00e9lior\u00e9 l\u2019isolation thermique [&hellip;]<\/p>\n","protected":false},"author":1,"featured_media":0,"parent":1409,"menu_order":0,"comment_status":"closed","ping_status":"closed","template":"","meta":{"_acf_changed":false,"footnotes":""},"class_list":["post-1434","page","type-page","status-publish","hentry","has-post-title","has-post-date","has-post-category","has-post-tag","has-post-comment","has-post-author",""],"acf":[],"builder_content":"<h1>Fen\u00eatres Passives<\/h1>\n\n<section>\n<section> <section>\n<section><img decoding=\"async\" src=\"https:\/\/kowalscy.pl\/wp-content\/uploads\/2014\/10\/pasywne.png\" alt=\"\">\n<p>La prise de conscience \u00e9cologique croissante a conduit notre entreprise \u00e0 lancer la production de menuiseries <strong>\u00e9co\u00e9nerg\u00e9tiques et passives<\/strong>. L\u2019augmentation de l\u2019\u00e9paisseur des cadres et des ouvrants, l\u2019utilisation d\u2019un vitrage \u00e0 double chambre (trois vitres, dont deux en ThermoFloat avec du gaz argon), et l\u2019ajout de joints doubles ont consid\u00e9rablement am\u00e9lior\u00e9 l\u2019isolation thermique et acoustique. Cela permet l\u2019installation de grandes surfaces vitr\u00e9es, donnant \u00e0 l\u2019architecture une nouvelle dimension. <\/p>\n<\/section>\n<\/section> <section>\n<section><img decoding=\"async\" src=\"https:\/\/kowalscy.pl\/wp-content\/uploads\/2014\/10\/przekroje-okien-pasywne.png\" alt=\"\"> <h2>Fen\u00eatres Passives - Coupes Transversales<br><\/h2> <p> <\/p> <p>A \u2013 IV 78 Softline R6, vitrage U=0.7<\/p> <p>B \u2013 IV 88 Softline R6, vitrage U=0.6<\/p> <p>C \u2013 IV 92 R3, vitrage U=0.5<\/p> <\/section>\n<\/section> <\/section>\n<\/section>","_links":{"self":[{"href":"https:\/\/kowalscy.pl\/fr\/wp-json\/wp\/v2\/pages\/1434","targetHints":{"allow":["GET"]}}],"collection":[{"href":"https:\/\/kowalscy.pl\/fr\/wp-json\/wp\/v2\/pages"}],"about":[{"href":"https:\/\/kowalscy.pl\/fr\/wp-json\/wp\/v2\/types\/page"}],"author":[{"embeddable":true,"href":"https:\/\/kowalscy.pl\/fr\/wp-json\/wp\/v2\/users\/1"}],"replies":[{"embeddable":true,"href":"https:\/\/kowalscy.pl\/fr\/wp-json\/wp\/v2\/comments?post=1434"}],"version-history":[{"count":4,"href":"https:\/\/kowalscy.pl\/fr\/wp-json\/wp\/v2\/pages\/1434\/revisions"}],"predecessor-version":[{"id":1451,"href":"https:\/\/kowalscy.pl\/fr\/wp-json\/wp\/v2\/pages\/1434\/revisions\/1451"}],"up":[{"embeddable":true,"href":"https:\/\/kowalscy.pl\/fr\/wp-json\/wp\/v2\/pages\/1409"}],"wp:attachment":[{"href":"https:\/\/kowalscy.pl\/fr\/wp-json\/wp\/v2\/media?parent=1434"}],"curies":[{"name":"wp","href":"https:\/\/api.w.org\/{rel}","templated":true}]}}