{"id":1462,"date":"2025-01-10T14:52:49","date_gmt":"2025-01-10T13:52:49","guid":{"rendered":"https:\/\/kowalscy.pl\/produkty\/okna\/okna-standardowe\/"},"modified":"2025-02-05T10:07:04","modified_gmt":"2025-02-05T09:07:04","slug":"okna-standardowe","status":"publish","type":"page","link":"https:\/\/kowalscy.pl\/fr\/produkty\/okna\/okna-standardowe\/","title":{"rendered":"Fen\u00eatres Standard"},"content":{"rendered":"<!--themify_builder_content-->\n<div id=\"themify_builder_content-1462\" data-postid=\"1462\" class=\"themify_builder_content themify_builder_content-1462 themify_builder tf_clear\">\n                    <div  data-lazy=\"1\" class=\"module_row themify_builder_row tb_fs5v766 tb_first tf_w\">\n                        <div class=\"row_inner col_align_top tb_col_count_1 tf_box tf_rel\">\n                        <div  data-lazy=\"1\" class=\"module_column tb-column col-full tb_25rp766 first\">\n                    <!-- Breadcrumbs module -->\n<div  class=\"module module-breadcrumbs tb_iiwb766 \" data-lazy=\"1\">\n\t<nav role=\"navigation\" aria-label=\"Breadcrumbs\" class=\"tbp_breadcrumb_trail\"><ul class=\"tbp_trail_items\" itemscope itemtype=\"http:\/\/schema.org\/BreadcrumbList\"><meta name=\"numberOfItems\" content=\"1\" \/><meta name=\"itemListOrder\" content=\"Ascending\" \/><li itemprop=\"itemListElement\" itemscope itemtype=\"https:\/\/schema.org\/ListItem\" class=\"tbp_trail_item tbp_trail_end\"><a itemprop=\"item\" href=\"https:\/\/kowalscy.pl\/fr\/\" rel=\"home\"><span itemprop=\"name\">Strona g\u0142\u00f3wna<\/span><\/a><meta itemprop=\"position\" content=\"1\" \/><\/li><\/ul><\/nav><\/div><!-- \/Breadcrumbs module -->\n<!-- module text -->\n<div  class=\"module module-text tb_2223766   \" data-lazy=\"1\">\n        <div  class=\"tb_text_wrap\">\n        <h1>Fen\u00eatres Standard<\/h1>    <\/div>\n<\/div>\n<!-- \/module text --><!-- module divider -->\n<div  class=\"module tf_mw module-divider tb_2hgn766 solid  divider-custom divider-center\" style=\"border-width: 3px;border-color: #5c706e;max-width: 200px;\" data-lazy=\"1\">\n    <\/div>\n<!-- \/module divider -->\n<!-- module text -->\n<div  class=\"module module-text tb_d7y7766   \" data-lazy=\"1\">\n        <div  class=\"tb_text_wrap\">\n        <section class=\"wrapper style4 container text-center\">\n<div class=\"content\">\n<section class=\"product-intro\"><img decoding=\"async\" src=\"https:\/\/kowalscy.pl\/wp-content\/uploads\/2014\/10\/standardowe-intro1.png\" alt=\"\">\n<div>\n<p><strong>Les fen\u00eatres et portes-fen\u00eatres<\/strong> sont fabriqu\u00e9es conform\u00e9ment aux derni\u00e8res normes europ\u00e9ennes. Le bois lamell\u00e9 de haute qualit\u00e9 permet d\u2019assembler de grandes surfaces et de cr\u00e9er des formes int\u00e9ressantes et originales.<br>Qu&rsquo;est-ce qui distingue nos fen\u00eatres ? Chaque d\u00e9tail est poli \u00e0 la main, et une couche de laque parfaitement appliqu\u00e9e dans une teinte chaude met en valeur la texture du bois, rendant nos fen\u00eatres exceptionnellement belles et \u00e9l\u00e9gantes. Le verre parfaitement lisse fait en sorte que la vue depuis la fen\u00eatre ressemble \u00e0 un tableau encadr\u00e9 avec \u00e9l\u00e9gance. Le verre appropri\u00e9, combin\u00e9 aux ferrures Roto, garantit que la maison est non seulement chaude et silencieuse, mais aussi s\u00e9curis\u00e9e.     <\/p>\n<\/div>\n<\/section>\n<\/div>\n<\/section>\n<section class=\"wrapper style4 container text-center\">\n<div class=\"content\">\n<section><img decoding=\"async\" src=\"https:\/\/kowalscy.pl\/wp-content\/uploads\/2014\/10\/standardowe-ksztalty.png\" alt=\"\">\n<h2>Grandes, petites, rondes, ovales, en arc&#8230;<\/h2>\n<p> <\/p>\n<p>Une forme de fen\u00eatre sophistiqu\u00e9e n\u2019est pas un probl\u00e8me pour nous !<\/p>\n<\/section>\n<\/div>\n<\/section>    <\/div>\n<\/div>\n<!-- \/module text -->        <\/div>\n                        <\/div>\n        <\/div>\n        <\/div>\n<!--\/themify_builder_content-->","protected":false},"excerpt":{"rendered":"<p>Fen\u00eatres Standard Les fen\u00eatres et portes-fen\u00eatres sont fabriqu\u00e9es conform\u00e9ment aux derni\u00e8res normes europ\u00e9ennes. Le bois lamell\u00e9 de haute qualit\u00e9 permet d\u2019assembler de grandes surfaces et de cr\u00e9er des formes int\u00e9ressantes et originales.Qu&rsquo;est-ce qui distingue nos fen\u00eatres ? Chaque d\u00e9tail est poli \u00e0 la main, et une couche de laque parfaitement appliqu\u00e9e dans une teinte chaude [&hellip;]<\/p>\n","protected":false},"author":1,"featured_media":0,"parent":1409,"menu_order":0,"comment_status":"closed","ping_status":"closed","template":"","meta":{"_acf_changed":false,"footnotes":""},"class_list":["post-1462","page","type-page","status-publish","hentry","has-post-title","has-post-date","has-post-category","has-post-tag","has-post-comment","has-post-author",""],"acf":[],"builder_content":"<h1>Fen\u00eatres Standard<\/h1>\n\n<section>\n<section><img decoding=\"async\" src=\"https:\/\/kowalscy.pl\/wp-content\/uploads\/2014\/10\/standardowe-intro1.png\" alt=\"\">\n<p><strong>Les fen\u00eatres et portes-fen\u00eatres<\/strong> sont fabriqu\u00e9es conform\u00e9ment aux derni\u00e8res normes europ\u00e9ennes. Le bois lamell\u00e9 de haute qualit\u00e9 permet d\u2019assembler de grandes surfaces et de cr\u00e9er des formes int\u00e9ressantes et originales.<br>Qu'est-ce qui distingue nos fen\u00eatres ? Chaque d\u00e9tail est poli \u00e0 la main, et une couche de laque parfaitement appliqu\u00e9e dans une teinte chaude met en valeur la texture du bois, rendant nos fen\u00eatres exceptionnellement belles et \u00e9l\u00e9gantes. Le verre parfaitement lisse fait en sorte que la vue depuis la fen\u00eatre ressemble \u00e0 un tableau encadr\u00e9 avec \u00e9l\u00e9gance. Le verre appropri\u00e9, combin\u00e9 aux ferrures Roto, garantit que la maison est non seulement chaude et silencieuse, mais aussi s\u00e9curis\u00e9e. <\/p>\n<\/section>\n<\/section> <section>\n<section><img decoding=\"async\" src=\"https:\/\/kowalscy.pl\/wp-content\/uploads\/2014\/10\/standardowe-ksztalty.png\" alt=\"\"> <h2>Grandes, petites, rondes, ovales, en arc...<\/h2> <p> <\/p> <p>Une forme de fen\u00eatre sophistiqu\u00e9e n\u2019est pas un probl\u00e8me pour nous !<\/p> <\/section>\n<\/section>","_links":{"self":[{"href":"https:\/\/kowalscy.pl\/fr\/wp-json\/wp\/v2\/pages\/1462","targetHints":{"allow":["GET"]}}],"collection":[{"href":"https:\/\/kowalscy.pl\/fr\/wp-json\/wp\/v2\/pages"}],"about":[{"href":"https:\/\/kowalscy.pl\/fr\/wp-json\/wp\/v2\/types\/page"}],"author":[{"embeddable":true,"href":"https:\/\/kowalscy.pl\/fr\/wp-json\/wp\/v2\/users\/1"}],"replies":[{"embeddable":true,"href":"https:\/\/kowalscy.pl\/fr\/wp-json\/wp\/v2\/comments?post=1462"}],"version-history":[{"count":3,"href":"https:\/\/kowalscy.pl\/fr\/wp-json\/wp\/v2\/pages\/1462\/revisions"}],"predecessor-version":[{"id":1475,"href":"https:\/\/kowalscy.pl\/fr\/wp-json\/wp\/v2\/pages\/1462\/revisions\/1475"}],"up":[{"embeddable":true,"href":"https:\/\/kowalscy.pl\/fr\/wp-json\/wp\/v2\/pages\/1409"}],"wp:attachment":[{"href":"https:\/\/kowalscy.pl\/fr\/wp-json\/wp\/v2\/media?parent=1462"}],"curies":[{"name":"wp","href":"https:\/\/api.w.org\/{rel}","templated":true}]}}