{"id":1508,"date":"2025-01-10T14:53:13","date_gmt":"2025-01-10T13:53:13","guid":{"rendered":"https:\/\/kowalscy.pl\/produkty\/okna\/okna-zabytkowe\/"},"modified":"2025-02-05T10:28:42","modified_gmt":"2025-02-05T09:28:42","slug":"okna-zabytkowe","status":"publish","type":"page","link":"https:\/\/kowalscy.pl\/fr\/produkty\/okna\/okna-zabytkowe\/","title":{"rendered":"Fen\u00eatres Historiques"},"content":{"rendered":"<!--themify_builder_content-->\n<div id=\"themify_builder_content-1508\" data-postid=\"1508\" class=\"themify_builder_content themify_builder_content-1508 themify_builder tf_clear\">\n                    <div  data-lazy=\"1\" class=\"module_row themify_builder_row tb_zmgt775 tb_first tf_w\">\n                        <div class=\"row_inner col_align_top tb_col_count_1 tf_box tf_rel\">\n                        <div  data-lazy=\"1\" class=\"module_column tb-column col-full tb_b160775 first\">\n                    <!-- Breadcrumbs module -->\n<div  class=\"module module-breadcrumbs tb_ddpx775 \" data-lazy=\"1\">\n\t<nav role=\"navigation\" aria-label=\"Breadcrumbs\" class=\"tbp_breadcrumb_trail\"><ul class=\"tbp_trail_items\" itemscope itemtype=\"http:\/\/schema.org\/BreadcrumbList\"><meta name=\"numberOfItems\" content=\"1\" \/><meta name=\"itemListOrder\" content=\"Ascending\" \/><li itemprop=\"itemListElement\" itemscope itemtype=\"https:\/\/schema.org\/ListItem\" class=\"tbp_trail_item tbp_trail_end\"><a itemprop=\"item\" href=\"https:\/\/kowalscy.pl\/fr\/\" rel=\"home\"><span itemprop=\"name\">Strona g\u0142\u00f3wna<\/span><\/a><meta itemprop=\"position\" content=\"1\" \/><\/li><\/ul><\/nav><\/div><!-- \/Breadcrumbs module -->\n<!-- module text -->\n<div  class=\"module module-text tb_p7wx775   \" data-lazy=\"1\">\n        <div  class=\"tb_text_wrap\">\n        <h1>Fen\u00eatres Historiques<\/h1>    <\/div>\n<\/div>\n<!-- \/module text --><!-- module divider -->\n<div  class=\"module tf_mw module-divider tb_xpje775 solid  divider-custom divider-center\" style=\"border-width: 3px;border-color: #5c706e;max-width: 200px;\" data-lazy=\"1\">\n    <\/div>\n<!-- \/module divider -->\n<!-- module text -->\n<div  class=\"module module-text tb_nt9l775   \" data-lazy=\"1\">\n        <div  class=\"tb_text_wrap\">\n        <section class=\"wrapper style4 container text-center\">\n<div class=\"content\">\n<section class=\"product-intro\"><img decoding=\"async\" src=\"https:\/\/kowalscy.pl\/wp-content\/uploads\/2014\/10\/zabytkowe-intro.png\" alt=\"\">\n<div>\n<p>Les fen\u00eatres historiques peuvent \u00eatre fabriqu\u00e9es sous forme de fen\u00eatres standards, passives ou \u00e0 guillotine. Ce qui distingue les fen\u00eatres historiques, c&rsquo;est leur caract\u00e8re authentique, comprenant des moulures d\u00e9coratives, des baguettes d&rsquo;imposte, des chapiteaux, des bases et des petits bois. La fabrication artisanale des \u00e9l\u00e9ments d\u00e9coratifs permet de conserver un aspect fid\u00e8le \u00e0 l&rsquo;original.  <\/p>\n<p> <\/p>\n<\/div>\n<\/section>\n<\/div>\n<\/section>\n<section class=\"wrapper style4 container text-center\">\n<div class=\"content\">\n<section><img decoding=\"async\" src=\"https:\/\/kowalscy.pl\/wp-content\/uploads\/2014\/10\/zabytkowe-detal1.png\" alt=\"\">\n<h2>Sp\u00e9cialisation : Les d\u00e9tails !<\/h2>\n<p> <\/p>\n<p>On peut dire que nous adorons les d\u00e9tails ! Lors du processus de fabrication, chaque \u00e9l\u00e9ment est soigneusement poli \u00e0 la main par nos artisans. Cela garantit un produit final parfaitement lisse et magnifiquement fini.  <\/p>\n<p> <\/p>\n<p> <\/p>\n<\/section>\n<\/div>\n<\/section>\n<section class=\"wrapper style4 container text-center\">\n<div class=\"content\">\n<section><img decoding=\"async\" src=\"https:\/\/kowalscy.pl\/wp-content\/uploads\/2014\/10\/zabytkowe-cecha.png\" alt=\"\">\n<h2> <\/h2>\n<p> <\/p>\n<p> <\/p>\n<p>Aucune forme ne nous pose probl\u00e8me ! Des \u00e9l\u00e9ments d\u00e9coratifs suppl\u00e9mentaires (moulures, vitraux) conf\u00e8rent \u00e0 nos cr\u00e9ations un caract\u00e8re unique. <\/p>\n<p> <\/p>\n<\/section>\n<\/div>\n<\/section>\n<section class=\"wrapper style5 container text-center\">\n<div class=\"content\">\n<h2>Exemples de r\u00e9alisations<\/h2>\n<section class=\"line-gallery\"><a href=\"https:\/\/kowalscy.pl\/wp-content\/uploads\/2014\/10\/P1180817w-761x1024.jpg\" data-lightbox=\"product-section-gallery-gallery\" data-title=\"1.\"><img decoding=\"async\" src=\"https:\/\/kowalscy.pl\/wp-content\/uploads\/2014\/10\/P1180817w-223x300.jpg\" alt=\"1.\"><\/a> <a href=\"https:\/\/kowalscy.pl\/wp-content\/uploads\/2014\/10\/DSC_8054w-1024x729.jpg\" data-lightbox=\"product-section-gallery-gallery\" data-title=\"2.\"><img decoding=\"async\" src=\"https:\/\/kowalscy.pl\/wp-content\/uploads\/2014\/10\/DSC_8054w-300x213.jpg\" alt=\"2.\"><\/a> <a href=\"https:\/\/kowalscy.pl\/wp-content\/uploads\/2014\/10\/IMG_5120-w-419x1024.jpg\" data-lightbox=\"product-section-gallery-gallery\" data-title=\"3.\"><img decoding=\"async\" src=\"https:\/\/kowalscy.pl\/wp-content\/uploads\/2014\/10\/IMG_5120-w-122x300.jpg\" alt=\"3.\"><\/a> <a href=\"https:\/\/kowalscy.pl\/wp-content\/uploads\/2014\/10\/ok_zb_-025-746x1024.jpg\" data-lightbox=\"product-section-gallery-gallery\" data-title=\"4.\"><img decoding=\"async\" src=\"https:\/\/kowalscy.pl\/wp-content\/uploads\/2014\/10\/ok_zb_-025-218x300.jpg\" alt=\"4.\"><\/a> <a href=\"https:\/\/kowalscy.pl\/wp-content\/uploads\/2014\/10\/ok_zb_005.jpg\" data-lightbox=\"product-section-gallery-gallery\" data-title=\"5.\"><img decoding=\"async\" src=\"https:\/\/kowalscy.pl\/wp-content\/uploads\/2014\/10\/ok_zb_005-224x300.jpg\" alt=\"5.\"><\/a> <a href=\"https:\/\/kowalscy.pl\/wp-content\/uploads\/2014\/10\/ok_zb_007.jpg\" data-lightbox=\"product-section-gallery-gallery\" data-title=\"6.\"><img decoding=\"async\" src=\"https:\/\/kowalscy.pl\/wp-content\/uploads\/2014\/10\/ok_zb_007-220x300.jpg\" alt=\"6.\"><\/a> <a href=\"https:\/\/kowalscy.pl\/wp-content\/uploads\/2014\/10\/ok_zb_2.jpg\" data-lightbox=\"product-section-gallery-gallery\" data-title=\"7.\"><img decoding=\"async\" src=\"https:\/\/kowalscy.pl\/wp-content\/uploads\/2014\/10\/ok_zb_2-115x300.jpg\" alt=\"7.\"><\/a> <a href=\"https:\/\/kowalscy.pl\/wp-content\/uploads\/2014\/10\/ok_zb_6-793x1024.jpg\" data-lightbox=\"product-section-gallery-gallery\" data-title=\"8.\"><img decoding=\"async\" src=\"https:\/\/kowalscy.pl\/wp-content\/uploads\/2014\/10\/ok_zb_6-232x300.jpg\" alt=\"8.\"><\/a> <a href=\"https:\/\/kowalscy.pl\/wp-content\/uploads\/2014\/10\/IMG_09141-718x1024.jpg\" data-lightbox=\"product-section-gallery-gallery\" data-title=\"9.\"><img decoding=\"async\" src=\"https:\/\/kowalscy.pl\/wp-content\/uploads\/2014\/10\/IMG_09141-210x300.jpg\" alt=\"9.\"><\/a> <a href=\"https:\/\/kowalscy.pl\/wp-content\/uploads\/2014\/10\/P1040719-w1-680x1024.jpg\" data-lightbox=\"product-section-gallery-gallery\" data-title=\"10.\"><img decoding=\"async\" src=\"https:\/\/kowalscy.pl\/wp-content\/uploads\/2014\/10\/P1040719-w1-199x300.jpg\" alt=\"10.\"><\/a> <a href=\"https:\/\/kowalscy.pl\/wp-content\/uploads\/2014\/10\/IMG_86781-794x1024.jpg\" data-lightbox=\"product-section-gallery-gallery\" data-title=\"11.\"><img decoding=\"async\" src=\"https:\/\/kowalscy.pl\/wp-content\/uploads\/2014\/10\/IMG_86781-232x300.jpg\" alt=\"11.\"><\/a> <a href=\"https:\/\/kowalscy.pl\/wp-content\/uploads\/2014\/10\/berlin_acerstrasse_okno-582x1024.jpg\" data-lightbox=\"product-section-gallery-gallery\" data-title=\"12.\"><img decoding=\"async\" src=\"https:\/\/kowalscy.pl\/wp-content\/uploads\/2014\/10\/berlin_acerstrasse_okno-170x300.jpg\" alt=\"12.\"><\/a> <a href=\"https:\/\/kowalscy.pl\/wp-content\/uploads\/2014\/10\/IMG_3744aa-503x1024.jpg\" data-lightbox=\"product-section-gallery-gallery\" data-title=\"15.\"><img decoding=\"async\" src=\"https:\/\/kowalscy.pl\/wp-content\/uploads\/2014\/10\/IMG_3744aa-147x300.jpg\" alt=\"15.\"><\/a> <a href=\"https:\/\/kowalscy.pl\/wp-content\/uploads\/2014\/10\/IMG_3835aa.jpg\" data-lightbox=\"product-section-gallery-gallery\" data-title=\"13.  \"><img decoding=\"async\" src=\"https:\/\/kowalscy.pl\/wp-content\/uploads\/2014\/10\/IMG_3835aa-300x228.jpg\" alt=\"13.  \"><\/a> <a href=\"https:\/\/kowalscy.pl\/wp-content\/uploads\/2014\/10\/IMG_3821aaa.jpg\" data-lightbox=\"product-section-gallery-gallery\" data-title=\"14.\"><img decoding=\"async\" src=\"https:\/\/kowalscy.pl\/wp-content\/uploads\/2014\/10\/IMG_3821aaa-300x300.jpg\" alt=\"14.\"><\/a><\/section>\n<\/div>\n<\/section>    <\/div>\n<\/div>\n<!-- \/module text -->        <\/div>\n                        <\/div>\n        <\/div>\n        <\/div>\n<!--\/themify_builder_content-->","protected":false},"excerpt":{"rendered":"<p>Fen\u00eatres Historiques Les fen\u00eatres historiques peuvent \u00eatre fabriqu\u00e9es sous forme de fen\u00eatres standards, passives ou \u00e0 guillotine. Ce qui distingue les fen\u00eatres historiques, c&rsquo;est leur caract\u00e8re authentique, comprenant des moulures d\u00e9coratives, des baguettes d&rsquo;imposte, des chapiteaux, des bases et des petits bois. La fabrication artisanale des \u00e9l\u00e9ments d\u00e9coratifs permet de conserver un aspect fid\u00e8le \u00e0 [&hellip;]<\/p>\n","protected":false},"author":1,"featured_media":0,"parent":1409,"menu_order":0,"comment_status":"closed","ping_status":"closed","template":"","meta":{"_acf_changed":false,"footnotes":""},"class_list":["post-1508","page","type-page","status-publish","hentry","has-post-title","has-post-date","has-post-category","has-post-tag","has-post-comment","has-post-author",""],"acf":[],"builder_content":"<h1>Fen\u00eatres Historiques<\/h1>\n\n<section>\n<section><img decoding=\"async\" src=\"https:\/\/kowalscy.pl\/wp-content\/uploads\/2014\/10\/zabytkowe-intro.png\" alt=\"\">\n<p>Les fen\u00eatres historiques peuvent \u00eatre fabriqu\u00e9es sous forme de fen\u00eatres standards, passives ou \u00e0 guillotine. Ce qui distingue les fen\u00eatres historiques, c'est leur caract\u00e8re authentique, comprenant des moulures d\u00e9coratives, des baguettes d'imposte, des chapiteaux, des bases et des petits bois. La fabrication artisanale des \u00e9l\u00e9ments d\u00e9coratifs permet de conserver un aspect fid\u00e8le \u00e0 l'original. <\/p> <p> <\/p>\n<\/section>\n<\/section> <section>\n<section><img decoding=\"async\" src=\"https:\/\/kowalscy.pl\/wp-content\/uploads\/2014\/10\/zabytkowe-detal1.png\" alt=\"\"> <h2>Sp\u00e9cialisation : Les d\u00e9tails !<\/h2> <p> <\/p> <p>On peut dire que nous adorons les d\u00e9tails ! Lors du processus de fabrication, chaque \u00e9l\u00e9ment est soigneusement poli \u00e0 la main par nos artisans. Cela garantit un produit final parfaitement lisse et magnifiquement fini. <\/p> <p> <\/p> <p> <\/p> <\/section>\n<\/section> <section>\n<section><img decoding=\"async\" src=\"https:\/\/kowalscy.pl\/wp-content\/uploads\/2014\/10\/zabytkowe-cecha.png\" alt=\"\"> <h2> <\/h2> <p> <\/p> <p> <\/p> <p>Aucune forme ne nous pose probl\u00e8me ! Des \u00e9l\u00e9ments d\u00e9coratifs suppl\u00e9mentaires (moulures, vitraux) conf\u00e8rent \u00e0 nos cr\u00e9ations un caract\u00e8re unique. <\/p> <p> <\/p> <\/section>\n<\/section> <section>\n<h2>Exemples de r\u00e9alisations<\/h2> <section><a href=\"https:\/\/kowalscy.pl\/wp-content\/uploads\/2014\/10\/P1180817w-761x1024.jpg\" data-lightbox=\"product-section-gallery-gallery\" data-title=\"1.\"><img decoding=\"async\" src=\"https:\/\/kowalscy.pl\/wp-content\/uploads\/2014\/10\/P1180817w-223x300.jpg\" alt=\"1.\"><\/a> <a href=\"https:\/\/kowalscy.pl\/wp-content\/uploads\/2014\/10\/DSC_8054w-1024x729.jpg\" data-lightbox=\"product-section-gallery-gallery\" data-title=\"2.\"><img decoding=\"async\" src=\"https:\/\/kowalscy.pl\/wp-content\/uploads\/2014\/10\/DSC_8054w-300x213.jpg\" alt=\"2.\"><\/a> <a href=\"https:\/\/kowalscy.pl\/wp-content\/uploads\/2014\/10\/IMG_5120-w-419x1024.jpg\" data-lightbox=\"product-section-gallery-gallery\" data-title=\"3.\"><img decoding=\"async\" src=\"https:\/\/kowalscy.pl\/wp-content\/uploads\/2014\/10\/IMG_5120-w-122x300.jpg\" alt=\"3.\"><\/a> <a href=\"https:\/\/kowalscy.pl\/wp-content\/uploads\/2014\/10\/ok_zb_-025-746x1024.jpg\" data-lightbox=\"product-section-gallery-gallery\" data-title=\"4.\"><img decoding=\"async\" src=\"https:\/\/kowalscy.pl\/wp-content\/uploads\/2014\/10\/ok_zb_-025-218x300.jpg\" alt=\"4.\"><\/a> <a href=\"https:\/\/kowalscy.pl\/wp-content\/uploads\/2014\/10\/ok_zb_005.jpg\" data-lightbox=\"product-section-gallery-gallery\" data-title=\"5.\"><img decoding=\"async\" src=\"https:\/\/kowalscy.pl\/wp-content\/uploads\/2014\/10\/ok_zb_005-224x300.jpg\" alt=\"5.\"><\/a> <a href=\"https:\/\/kowalscy.pl\/wp-content\/uploads\/2014\/10\/ok_zb_007.jpg\" data-lightbox=\"product-section-gallery-gallery\" data-title=\"6.\"><img decoding=\"async\" src=\"https:\/\/kowalscy.pl\/wp-content\/uploads\/2014\/10\/ok_zb_007-220x300.jpg\" alt=\"6.\"><\/a> <a href=\"https:\/\/kowalscy.pl\/wp-content\/uploads\/2014\/10\/ok_zb_2.jpg\" data-lightbox=\"product-section-gallery-gallery\" data-title=\"7.\"><img decoding=\"async\" src=\"https:\/\/kowalscy.pl\/wp-content\/uploads\/2014\/10\/ok_zb_2-115x300.jpg\" alt=\"7.\"><\/a> <a href=\"https:\/\/kowalscy.pl\/wp-content\/uploads\/2014\/10\/ok_zb_6-793x1024.jpg\" data-lightbox=\"product-section-gallery-gallery\" data-title=\"8.\"><img decoding=\"async\" src=\"https:\/\/kowalscy.pl\/wp-content\/uploads\/2014\/10\/ok_zb_6-232x300.jpg\" alt=\"8.\"><\/a> <a href=\"https:\/\/kowalscy.pl\/wp-content\/uploads\/2014\/10\/IMG_09141-718x1024.jpg\" data-lightbox=\"product-section-gallery-gallery\" data-title=\"9.\"><img decoding=\"async\" src=\"https:\/\/kowalscy.pl\/wp-content\/uploads\/2014\/10\/IMG_09141-210x300.jpg\" alt=\"9.\"><\/a> <a href=\"https:\/\/kowalscy.pl\/wp-content\/uploads\/2014\/10\/P1040719-w1-680x1024.jpg\" data-lightbox=\"product-section-gallery-gallery\" data-title=\"10.\"><img decoding=\"async\" src=\"https:\/\/kowalscy.pl\/wp-content\/uploads\/2014\/10\/P1040719-w1-199x300.jpg\" alt=\"10.\"><\/a> <a href=\"https:\/\/kowalscy.pl\/wp-content\/uploads\/2014\/10\/IMG_86781-794x1024.jpg\" data-lightbox=\"product-section-gallery-gallery\" data-title=\"11.\"><img decoding=\"async\" src=\"https:\/\/kowalscy.pl\/wp-content\/uploads\/2014\/10\/IMG_86781-232x300.jpg\" alt=\"11.\"><\/a> <a href=\"https:\/\/kowalscy.pl\/wp-content\/uploads\/2014\/10\/berlin_acerstrasse_okno-582x1024.jpg\" data-lightbox=\"product-section-gallery-gallery\" data-title=\"12.\"><img decoding=\"async\" src=\"https:\/\/kowalscy.pl\/wp-content\/uploads\/2014\/10\/berlin_acerstrasse_okno-170x300.jpg\" alt=\"12.\"><\/a> <a href=\"https:\/\/kowalscy.pl\/wp-content\/uploads\/2014\/10\/IMG_3744aa-503x1024.jpg\" data-lightbox=\"product-section-gallery-gallery\" data-title=\"15.\"><img decoding=\"async\" src=\"https:\/\/kowalscy.pl\/wp-content\/uploads\/2014\/10\/IMG_3744aa-147x300.jpg\" alt=\"15.\"><\/a> <a href=\"https:\/\/kowalscy.pl\/wp-content\/uploads\/2014\/10\/IMG_3835aa.jpg\" data-lightbox=\"product-section-gallery-gallery\" data-title=\"13. \"><img decoding=\"async\" src=\"https:\/\/kowalscy.pl\/wp-content\/uploads\/2014\/10\/IMG_3835aa-300x228.jpg\" alt=\"13. \"><\/a> <a href=\"https:\/\/kowalscy.pl\/wp-content\/uploads\/2014\/10\/IMG_3821aaa.jpg\" data-lightbox=\"product-section-gallery-gallery\" data-title=\"14.\"><img decoding=\"async\" src=\"https:\/\/kowalscy.pl\/wp-content\/uploads\/2014\/10\/IMG_3821aaa-300x300.jpg\" alt=\"14.\"><\/a><\/section>\n<\/section>","_links":{"self":[{"href":"https:\/\/kowalscy.pl\/fr\/wp-json\/wp\/v2\/pages\/1508","targetHints":{"allow":["GET"]}}],"collection":[{"href":"https:\/\/kowalscy.pl\/fr\/wp-json\/wp\/v2\/pages"}],"about":[{"href":"https:\/\/kowalscy.pl\/fr\/wp-json\/wp\/v2\/types\/page"}],"author":[{"embeddable":true,"href":"https:\/\/kowalscy.pl\/fr\/wp-json\/wp\/v2\/users\/1"}],"replies":[{"embeddable":true,"href":"https:\/\/kowalscy.pl\/fr\/wp-json\/wp\/v2\/comments?post=1508"}],"version-history":[{"count":3,"href":"https:\/\/kowalscy.pl\/fr\/wp-json\/wp\/v2\/pages\/1508\/revisions"}],"predecessor-version":[{"id":1521,"href":"https:\/\/kowalscy.pl\/fr\/wp-json\/wp\/v2\/pages\/1508\/revisions\/1521"}],"up":[{"embeddable":true,"href":"https:\/\/kowalscy.pl\/fr\/wp-json\/wp\/v2\/pages\/1409"}],"wp:attachment":[{"href":"https:\/\/kowalscy.pl\/fr\/wp-json\/wp\/v2\/media?parent=1508"}],"curies":[{"name":"wp","href":"https:\/\/api.w.org\/{rel}","templated":true}]}}