{"id":1529,"date":"2025-01-10T14:54:16","date_gmt":"2025-01-10T13:54:16","guid":{"rendered":"https:\/\/kowalscy.pl\/produkty\/okna\/przesuwne-hs\/"},"modified":"2025-02-05T10:43:03","modified_gmt":"2025-02-05T09:43:03","slug":"przesuwne-hs","status":"publish","type":"page","link":"https:\/\/kowalscy.pl\/fr\/produkty\/okna\/przesuwne-hs\/","title":{"rendered":"Coulissant HS"},"content":{"rendered":"<!--themify_builder_content-->\n<div id=\"themify_builder_content-1529\" data-postid=\"1529\" class=\"themify_builder_content themify_builder_content-1529 themify_builder tf_clear\">\n                    <div  data-lazy=\"1\" class=\"module_row themify_builder_row tb_7vmw986 tb_first tf_w\">\n                        <div class=\"row_inner col_align_top tb_col_count_1 tf_box tf_rel\">\n                        <div  data-lazy=\"1\" class=\"module_column tb-column col-full tb_ccuo986 first\">\n                    <!-- Breadcrumbs module -->\n<div  class=\"module module-breadcrumbs tb_3kkb987 \" data-lazy=\"1\">\n\t<nav role=\"navigation\" aria-label=\"Breadcrumbs\" class=\"tbp_breadcrumb_trail\"><ul class=\"tbp_trail_items\" itemscope itemtype=\"http:\/\/schema.org\/BreadcrumbList\"><meta name=\"numberOfItems\" content=\"1\" \/><meta name=\"itemListOrder\" content=\"Ascending\" \/><li itemprop=\"itemListElement\" itemscope itemtype=\"https:\/\/schema.org\/ListItem\" class=\"tbp_trail_item tbp_trail_end\"><a itemprop=\"item\" href=\"https:\/\/kowalscy.pl\/fr\/\" rel=\"home\"><span itemprop=\"name\">Strona g\u0142\u00f3wna<\/span><\/a><meta itemprop=\"position\" content=\"1\" \/><\/li><\/ul><\/nav><\/div><!-- \/Breadcrumbs module -->\n<!-- module text -->\n<div  class=\"module module-text tb_1m62987   \" data-lazy=\"1\">\n        <div  class=\"tb_text_wrap\">\n        <h1>Coulissant HS<\/h1>    <\/div>\n<\/div>\n<!-- \/module text --><!-- module divider -->\n<div  class=\"module tf_mw module-divider tb_ivk0987 solid  divider-custom divider-center\" style=\"border-width: 3px;border-color: #5c706e;max-width: 200px;\" data-lazy=\"1\">\n    <\/div>\n<!-- \/module divider -->\n<!-- module text -->\n<div  class=\"module module-text tb_sf1v987   \" data-lazy=\"1\">\n        <div  class=\"tb_text_wrap\">\n        <section class=\"wrapper style4 container text-center\">\n<div class=\"content\">\n<section class=\"product-intro\"><img decoding=\"async\" src=\"https:\/\/kowalscy.pl\/wp-content\/uploads\/2014\/10\/hs-intro.png\" alt=\"\">\n<div>\n<p>Le syst\u00e8me de portes-fen\u00eatres coulissantes offre une nouvelle approche de l&rsquo;am\u00e9nagement des espaces de vie. De grandes surfaces vitr\u00e9es, avec la possibilit\u00e9 de les ouvrir et un passage presque sans seuil vers l\u2019espace jardin, cr\u00e9ent une connexion harmonieuse avec la nature. L&rsquo;un des principaux avantages de ce syst\u00e8me est la facilit\u00e9 exceptionnelle de d\u00e9placement de l\u2019ouvrant, malgr\u00e9 ses grandes dimensions et son poids consid\u00e9rable. Notre entreprise fabrique des portes-fen\u00eatres coulissantes en trois syst\u00e8mes : HS68, HS78 et HS88, conformes aux derni\u00e8res normes europ\u00e9ennes.   <\/p>\n<\/div>\n<\/section>\n<\/div>\n<\/section>\n<section class=\"wrapper style5 container text-center\">\n<div class=\"content\">\n<h2>Exemples de r\u00e9alisations<\/h2>\n<section class=\"line-gallery\"><a href=\"https:\/\/kowalscy.pl\/wp-content\/uploads\/2014\/10\/dw_prz-987x1024.jpg\" data-lightbox=\"product-section-gallery-gallery\" data-title=\"1.\"><img decoding=\"async\" src=\"https:\/\/kowalscy.pl\/wp-content\/uploads\/2014\/10\/dw_prz-289x300.jpg\" alt=\"1.\"><\/a> <a href=\"https:\/\/kowalscy.pl\/wp-content\/uploads\/2014\/10\/dw_prz_002_1-1024x451.jpg\" data-lightbox=\"product-section-gallery-gallery\" data-title=\"2.\"><img decoding=\"async\" src=\"https:\/\/kowalscy.pl\/wp-content\/uploads\/2014\/10\/dw_prz_002_1-300x132.jpg\" alt=\"2.\"><\/a> <a href=\"https:\/\/kowalscy.pl\/wp-content\/uploads\/2014\/10\/puccini-hofgarten3.jpg\" data-lightbox=\"product-section-gallery-gallery\" data-title=\"3.\"><img decoding=\"async\" src=\"https:\/\/kowalscy.pl\/wp-content\/uploads\/2014\/10\/puccini-hofgarten3-300x225.jpg\" alt=\"3.\"><\/a> <a href=\"https:\/\/kowalscy.pl\/wp-content\/uploads\/2014\/10\/REALIZACJE-2011-044.jpg\" data-lightbox=\"product-section-gallery-gallery\" data-title=\"4.\"><img decoding=\"async\" src=\"https:\/\/kowalscy.pl\/wp-content\/uploads\/2014\/10\/REALIZACJE-2011-044-300x225.jpg\" alt=\"4.\"><\/a><\/section>\n<\/div>\n<\/section>    <\/div>\n<\/div>\n<!-- \/module text -->        <\/div>\n                        <\/div>\n        <\/div>\n        <\/div>\n<!--\/themify_builder_content-->","protected":false},"excerpt":{"rendered":"<p>Coulissant HS Le syst\u00e8me de portes-fen\u00eatres coulissantes offre une nouvelle approche de l&rsquo;am\u00e9nagement des espaces de vie. De grandes surfaces vitr\u00e9es, avec la possibilit\u00e9 de les ouvrir et un passage presque sans seuil vers l\u2019espace jardin, cr\u00e9ent une connexion harmonieuse avec la nature. L&rsquo;un des principaux avantages de ce syst\u00e8me est la facilit\u00e9 exceptionnelle de [&hellip;]<\/p>\n","protected":false},"author":1,"featured_media":0,"parent":1409,"menu_order":0,"comment_status":"closed","ping_status":"closed","template":"","meta":{"_acf_changed":false,"footnotes":""},"class_list":["post-1529","page","type-page","status-publish","hentry","has-post-title","has-post-date","has-post-category","has-post-tag","has-post-comment","has-post-author",""],"acf":[],"builder_content":"<h1>Coulissant HS<\/h1>\n\n<section>\n<section><img decoding=\"async\" src=\"https:\/\/kowalscy.pl\/wp-content\/uploads\/2014\/10\/hs-intro.png\" alt=\"\">\n<p>Le syst\u00e8me de portes-fen\u00eatres coulissantes offre une nouvelle approche de l'am\u00e9nagement des espaces de vie. De grandes surfaces vitr\u00e9es, avec la possibilit\u00e9 de les ouvrir et un passage presque sans seuil vers l\u2019espace jardin, cr\u00e9ent une connexion harmonieuse avec la nature. L'un des principaux avantages de ce syst\u00e8me est la facilit\u00e9 exceptionnelle de d\u00e9placement de l\u2019ouvrant, malgr\u00e9 ses grandes dimensions et son poids consid\u00e9rable. Notre entreprise fabrique des portes-fen\u00eatres coulissantes en trois syst\u00e8mes : HS68, HS78 et HS88, conformes aux derni\u00e8res normes europ\u00e9ennes. <\/p>\n<\/section>\n<\/section> <section>\n<h2>Exemples de r\u00e9alisations<\/h2> <section><a href=\"https:\/\/kowalscy.pl\/wp-content\/uploads\/2014\/10\/dw_prz-987x1024.jpg\" data-lightbox=\"product-section-gallery-gallery\" data-title=\"1.\"><img decoding=\"async\" src=\"https:\/\/kowalscy.pl\/wp-content\/uploads\/2014\/10\/dw_prz-289x300.jpg\" alt=\"1.\"><\/a> <a href=\"https:\/\/kowalscy.pl\/wp-content\/uploads\/2014\/10\/dw_prz_002_1-1024x451.jpg\" data-lightbox=\"product-section-gallery-gallery\" data-title=\"2.\"><img decoding=\"async\" src=\"https:\/\/kowalscy.pl\/wp-content\/uploads\/2014\/10\/dw_prz_002_1-300x132.jpg\" alt=\"2.\"><\/a> <a href=\"https:\/\/kowalscy.pl\/wp-content\/uploads\/2014\/10\/puccini-hofgarten3.jpg\" data-lightbox=\"product-section-gallery-gallery\" data-title=\"3.\"><img decoding=\"async\" src=\"https:\/\/kowalscy.pl\/wp-content\/uploads\/2014\/10\/puccini-hofgarten3-300x225.jpg\" alt=\"3.\"><\/a> <a href=\"https:\/\/kowalscy.pl\/wp-content\/uploads\/2014\/10\/REALIZACJE-2011-044.jpg\" data-lightbox=\"product-section-gallery-gallery\" data-title=\"4.\"><img decoding=\"async\" src=\"https:\/\/kowalscy.pl\/wp-content\/uploads\/2014\/10\/REALIZACJE-2011-044-300x225.jpg\" alt=\"4.\"><\/a><\/section>\n<\/section>","_links":{"self":[{"href":"https:\/\/kowalscy.pl\/fr\/wp-json\/wp\/v2\/pages\/1529","targetHints":{"allow":["GET"]}}],"collection":[{"href":"https:\/\/kowalscy.pl\/fr\/wp-json\/wp\/v2\/pages"}],"about":[{"href":"https:\/\/kowalscy.pl\/fr\/wp-json\/wp\/v2\/types\/page"}],"author":[{"embeddable":true,"href":"https:\/\/kowalscy.pl\/fr\/wp-json\/wp\/v2\/users\/1"}],"replies":[{"embeddable":true,"href":"https:\/\/kowalscy.pl\/fr\/wp-json\/wp\/v2\/comments?post=1529"}],"version-history":[{"count":3,"href":"https:\/\/kowalscy.pl\/fr\/wp-json\/wp\/v2\/pages\/1529\/revisions"}],"predecessor-version":[{"id":1542,"href":"https:\/\/kowalscy.pl\/fr\/wp-json\/wp\/v2\/pages\/1529\/revisions\/1542"}],"up":[{"embeddable":true,"href":"https:\/\/kowalscy.pl\/fr\/wp-json\/wp\/v2\/pages\/1409"}],"wp:attachment":[{"href":"https:\/\/kowalscy.pl\/fr\/wp-json\/wp\/v2\/media?parent=1529"}],"curies":[{"name":"wp","href":"https:\/\/api.w.org\/{rel}","templated":true}]}}