{"id":1893,"date":"2025-01-13T14:49:06","date_gmt":"2025-01-13T13:49:06","guid":{"rendered":"https:\/\/kowalscy.pl\/do-pobrania\/"},"modified":"2025-03-13T14:06:03","modified_gmt":"2025-03-13T13:06:03","slug":"do-pobrania","status":"publish","type":"page","link":"https:\/\/kowalscy.pl\/fr\/do-pobrania\/","title":{"rendered":"Download"},"content":{"rendered":"<!--themify_builder_content-->\n<div id=\"themify_builder_content-1893\" data-postid=\"1893\" class=\"themify_builder_content themify_builder_content-1893 themify_builder tf_clear\">\n                    <div  data-lazy=\"1\" class=\"module_row themify_builder_row tb_ldbz600 tb_first tf_w\">\n                        <div class=\"row_inner col_align_top tb_col_count_1 tf_box tf_rel\">\n                        <div  data-lazy=\"1\" class=\"module_column tb-column col-full tb_umlc600 first\">\n                    <!-- Breadcrumbs module -->\n<div  class=\"module module-breadcrumbs tb_3xi1601 \" data-lazy=\"1\">\n\t<nav role=\"navigation\" aria-label=\"Breadcrumbs\" class=\"tbp_breadcrumb_trail\"><ul class=\"tbp_trail_items\" itemscope itemtype=\"http:\/\/schema.org\/BreadcrumbList\"><meta name=\"numberOfItems\" content=\"1\" \/><meta name=\"itemListOrder\" content=\"Ascending\" \/><li itemprop=\"itemListElement\" itemscope itemtype=\"https:\/\/schema.org\/ListItem\" class=\"tbp_trail_item tbp_trail_end\"><a itemprop=\"item\" href=\"https:\/\/kowalscy.pl\/fr\/\" rel=\"home\"><span itemprop=\"name\">Strona g\u0142\u00f3wna<\/span><\/a><meta itemprop=\"position\" content=\"1\" \/><\/li><\/ul><\/nav><\/div><!-- \/Breadcrumbs module -->\n<!-- module text -->\n<div  class=\"module module-text tb_b65m601   \" data-lazy=\"1\">\n        <div  class=\"tb_text_wrap\">\n        <h1>Download<\/h1>    <\/div>\n<\/div>\n<!-- \/module text --><!-- module divider -->\n<div  class=\"module tf_mw module-divider tb_hkrs601 solid  divider-custom divider-center\" style=\"border-width: 3px;border-color: #5c706e;max-width: 200px;\" data-lazy=\"1\">\n    <\/div>\n<!-- \/module divider -->\n<!-- module text -->\n<div  class=\"module module-text tb_hmqz601   \" data-lazy=\"1\">\n        <div  class=\"tb_text_wrap\">\n        <p>Nous vous invitons \u00e0 d\u00e9couvrir nos documents \u00e0 t\u00e9l\u00e9charger. Vous y trouverez des catalogues d\u00e9taill\u00e9s de nos produits, des certificats attestant de leur qualit\u00e9 ainsi que des coupes de fen\u00eatres pour vous aider \u00e0 faire votre choix. Tout est r\u00e9uni en un seul endroit, toujours accessible pour vous.  <\/p>    <\/div>\n<\/div>\n<!-- \/module text -->        <div  data-lazy=\"1\" class=\"module_subrow themify_builder_sub_row tf_w col_align_top tb_col_count_1 tb_7r59601\">\n                <div  data-lazy=\"1\" class=\"module_column sub_column col-full tb_fdwh601 first\">\n                    <!-- module accordion -->\n<div  class=\"module module-accordion tb_b5ic317 \" data-behavior=\"toggle\" data-lazy=\"1\">\n    \n    <ul class=\"ui module-accordion   tb_default_color\">\n            <li>\n            <div class=\"accordion-title tf_rel\">\n                <a href=\"#acc-b5ic317-0\" class=\"tb_title_accordion\" aria-controls=\"acc-b5ic317-0-content\" aria-expanded=\"false\">\n                    <i class=\"accordion-icon\"><svg  class=\"tf_fa tf-ti-angle-up\" aria-hidden=\"true\"><use href=\"#tf-ti-angle-up\"><\/use><\/svg><\/i>                    <i class=\"accordion-active-icon tf_hide\"><svg  class=\"tf_fa tf-ti-angle-down\" aria-hidden=\"true\"><use href=\"#tf-ti-angle-down\"><\/use><\/svg><\/i>                    Mat\u00e9riel promotionnel                <\/a>\n            <\/div><!-- .accordion-title -->\n            <div id=\"acc-b5ic317-0-content\" data-id=\"acc-b5ic317-0\" aria-hidden=\"true\" class=\"accordion-content tf_hide tf_clearfix\">\n                        <div  data-lazy=\"1\" class=\"module_subrow themify_builder_sub_row tf_w col_align_top tb_col_count_1 tb_gkhf340\">\n                <div  data-lazy=\"1\" class=\"module_column sub_column tb_r487340 first\">\n                    <!-- module accordion -->\n<div  class=\"module module-accordion tb_ukb897 \" data-behavior=\"toggle\" data-lazy=\"1\">\n    \n    <ul class=\"ui module-accordion   tb_default_color\">\n            <li>\n            <div class=\"accordion-title tf_rel\">\n                <a href=\"#acc-ukb897-0\" class=\"tb_title_accordion\" aria-controls=\"acc-ukb897-0-content\" aria-expanded=\"false\">\n                    <i class=\"accordion-icon\"><svg  class=\"tf_fa tf-ti-angle-up\" aria-hidden=\"true\"><use href=\"#tf-ti-angle-up\"><\/use><\/svg><\/i>                    <i class=\"accordion-active-icon tf_hide\"><svg  class=\"tf_fa tf-ti-angle-down\" aria-hidden=\"true\"><use href=\"#tf-ti-angle-down\"><\/use><\/svg><\/i>                    Nos catalogues                <\/a>\n            <\/div><!-- .accordion-title -->\n            <div id=\"acc-ukb897-0-content\" data-id=\"acc-ukb897-0\" aria-hidden=\"true\" class=\"accordion-content tf_hide tf_clearfix\">\n                        <div  data-lazy=\"1\" class=\"module_subrow themify_builder_sub_row tf_w col_align_top tb_col_count_1 tb_x1ao97\">\n                <div  data-lazy=\"1\" class=\"module_column sub_column tb_h00297 first\">\n                    <!-- module text -->\n<div  class=\"module module-text tb_me7i97   \" data-lazy=\"1\">\n        <div  class=\"tb_text_wrap\">\n        <p><strong><a href=\"http:\/\/kowalscy.pl\/wp-content\/uploads\/2014\/11\/kowalscy-catalog-2017.pdf\">Catalogue des fen\u00eatres et des portes 2017 \u2192<\/a><\/strong><\/p>\n<p><strong><a href=\"https:\/\/kowalscy.pl\/wp-content\/uploads\/2025\/03\/Kowalscy-katalog-2018.pdf\">Catalogue des fen\u00eatres et des portes 2018 \u2192<\/a><\/strong><\/p>    <\/div>\n<\/div>\n<!-- \/module text -->        <\/div>\n                    <\/div>\n                    <\/div><!-- .accordion-content -->\n        <\/li>\n            <li>\n            <div class=\"accordion-title tf_rel\">\n                <a href=\"#acc-ukb897-1\" class=\"tb_title_accordion\" aria-controls=\"acc-ukb897-1-content\" aria-expanded=\"false\">\n                    <i class=\"accordion-icon\"><svg  class=\"tf_fa tf-ti-angle-up\" aria-hidden=\"true\"><use href=\"#tf-ti-angle-up\"><\/use><\/svg><\/i>                    <i class=\"accordion-active-icon tf_hide\"><svg  class=\"tf_fa tf-ti-angle-down\" aria-hidden=\"true\"><use href=\"#tf-ti-angle-down\"><\/use><\/svg><\/i>                    D\u00e9pliants                <\/a>\n            <\/div><!-- .accordion-title -->\n            <div id=\"acc-ukb897-1-content\" data-id=\"acc-ukb897-1\" aria-hidden=\"true\" class=\"accordion-content tf_hide tf_clearfix\">\n                        <div  data-lazy=\"1\" class=\"module_subrow themify_builder_sub_row tf_w col_align_top tb_col_count_1 tb_yy2g97\">\n                <div  data-lazy=\"1\" class=\"module_column sub_column tb_wkce97 first\">\n                    <!-- module text -->\n<div  class=\"module module-text tb_8y8w97   \" data-lazy=\"1\">\n        <div  class=\"tb_text_wrap\">\n            <\/div>\n<\/div>\n<!-- \/module text -->        <\/div>\n                    <\/div>\n                    <\/div><!-- .accordion-content -->\n        <\/li>\n            <li>\n            <div class=\"accordion-title tf_rel\">\n                <a href=\"#acc-ukb897-2\" class=\"tb_title_accordion\" aria-controls=\"acc-ukb897-2-content\" aria-expanded=\"false\">\n                    <i class=\"accordion-icon\"><svg  class=\"tf_fa tf-ti-angle-up\" aria-hidden=\"true\"><use href=\"#tf-ti-angle-up\"><\/use><\/svg><\/i>                    <i class=\"accordion-active-icon tf_hide\"><svg  class=\"tf_fa tf-ti-angle-down\" aria-hidden=\"true\"><use href=\"#tf-ti-angle-down\"><\/use><\/svg><\/i>                    Mat\u00e9riaux des fabricants                <\/a>\n            <\/div><!-- .accordion-title -->\n            <div id=\"acc-ukb897-2-content\" data-id=\"acc-ukb897-2\" aria-hidden=\"true\" class=\"accordion-content tf_hide tf_clearfix\">\n                        <div  data-lazy=\"1\" class=\"module_subrow themify_builder_sub_row tf_w col_align_top tb_col_count_1 tb_3u3197\">\n                <div  data-lazy=\"1\" class=\"module_column sub_column tb_5p4097 first\">\n                    <!-- module text -->\n<div  class=\"module module-text tb_h8y597   \" data-lazy=\"1\">\n        <div  class=\"tb_text_wrap\">\n            <\/div>\n<\/div>\n<!-- \/module text -->        <\/div>\n                    <\/div>\n                    <\/div><!-- .accordion-content -->\n        <\/li>\n            <li>\n            <div class=\"accordion-title tf_rel\">\n                <a href=\"#acc-ukb897-3\" class=\"tb_title_accordion\" aria-controls=\"acc-ukb897-3-content\" aria-expanded=\"false\">\n                    <i class=\"accordion-icon\"><svg  class=\"tf_fa tf-ti-angle-up\" aria-hidden=\"true\"><use href=\"#tf-ti-angle-up\"><\/use><\/svg><\/i>                    <i class=\"accordion-active-icon tf_hide\"><svg  class=\"tf_fa tf-ti-angle-down\" aria-hidden=\"true\"><use href=\"#tf-ti-angle-down\"><\/use><\/svg><\/i>                    Autre                <\/a>\n            <\/div><!-- .accordion-title -->\n            <div id=\"acc-ukb897-3-content\" data-id=\"acc-ukb897-3\" aria-hidden=\"true\" class=\"accordion-content tf_hide tf_clearfix\">\n                        <div  data-lazy=\"1\" class=\"module_subrow themify_builder_sub_row tf_w col_align_top tb_col_count_1 tb_o8p197\">\n                <div  data-lazy=\"1\" class=\"module_column sub_column tb_9fac97 first\">\n                    <!-- module text -->\n<div  class=\"module module-text tb_wn7c97   \" data-lazy=\"1\">\n        <div  class=\"tb_text_wrap\">\n        Contenu de l&rsquo;accord\u00e9on    <\/div>\n<\/div>\n<!-- \/module text -->        <\/div>\n                    <\/div>\n                    <\/div><!-- .accordion-content -->\n        <\/li>\n        <\/ul>\n\n<\/div><!-- \/module accordion --><!-- module text -->\n<div  class=\"module module-text tb_pd96340   \" data-lazy=\"1\">\n        <div  class=\"tb_text_wrap\">\n            <\/div>\n<\/div>\n<!-- \/module text -->        <\/div>\n                    <\/div>\n                    <\/div><!-- .accordion-content -->\n        <\/li>\n            <li>\n            <div class=\"accordion-title tf_rel\">\n                <a href=\"#acc-b5ic317-1\" class=\"tb_title_accordion\" aria-controls=\"acc-b5ic317-1-content\" aria-expanded=\"false\">\n                    <i class=\"accordion-icon\"><svg  class=\"tf_fa tf-ti-angle-up\" aria-hidden=\"true\"><use href=\"#tf-ti-angle-up\"><\/use><\/svg><\/i>                    <i class=\"accordion-active-icon tf_hide\"><svg  class=\"tf_fa tf-ti-angle-down\" aria-hidden=\"true\"><use href=\"#tf-ti-angle-down\"><\/use><\/svg><\/i>                    Certificats                <\/a>\n            <\/div><!-- .accordion-title -->\n            <div id=\"acc-b5ic317-1-content\" data-id=\"acc-b5ic317-1\" aria-hidden=\"true\" class=\"accordion-content tf_hide tf_clearfix\">\n                        <div  data-lazy=\"1\" class=\"module_subrow themify_builder_sub_row tf_w col_align_top tb_col_count_1 tb_hz7j886\">\n                <div  data-lazy=\"1\" class=\"module_column sub_column tb_xy2o886 first\">\n                    <!-- module text -->\n<div  class=\"module module-text tb_yo5a886   \" data-lazy=\"1\">\n        <div  class=\"tb_text_wrap\">\n        <p><span style=\"text-decoration: underline;\"><a href=\"https:\/\/kowalscy.pl\/wp-content\/uploads\/2025\/02\/Badanie-IV-92-1.pdf\">\u00c9tude IV 92-1<\/a><\/span><\/p>\n<p><span style=\"text-decoration: underline;\"><a href=\"https:\/\/kowalscy.pl\/wp-content\/uploads\/2025\/02\/badanie-okno-skrzynkowe-Uw.pdf\">test de la fen\u00eatre de la bo\u00eete Uw<\/a><\/span><\/p>\n<p><span style=\"text-decoration: underline;\"><a href=\"https:\/\/kowalscy.pl\/wp-content\/uploads\/2025\/02\/Certyfikat-FSC.pdf\">Certifi\u00e9 FSC<\/a><\/span><\/p>\n<p><span style=\"text-decoration: underline;\"><a href=\"https:\/\/kowalscy.pl\/wp-content\/uploads\/2025\/02\/Certyfikat-PEFC.pdf\">Certifi\u00e9 PEFC<\/a><\/span><\/p>\n<div class=\"filename new\"><span style=\"text-decoration: underline;\"><a href=\"https:\/\/kowalscy.pl\/wp-content\/uploads\/2025\/02\/IV68-okapnik-wbijany.pdf\"><span class=\"media-list-title\">IV68 capuchon d&rsquo;\u00e9gouttage entra\u00een\u00e9<\/span><\/a><\/span><\/div>\n<div> <\/div>\n<div><span style=\"text-decoration: underline;\"><a href=\"https:\/\/kowalscy.pl\/wp-content\/uploads\/2025\/02\/IV68-profil-francuski-szczelnosc-PL.pdf\">IV68 Profil fran\u00e7ais, \u00e9tanche \u00e0 l&rsquo;air EN<\/a><\/span><\/div>\n<div> <\/div>\n<div><span style=\"text-decoration: underline;\"><a href=\"https:\/\/kowalscy.pl\/wp-content\/uploads\/2025\/02\/IV68-profil-francuski-Uw-PL.pdf\">IV68 Profil fran\u00e7ais, Uw EN<\/a><\/span><\/div>\n<div> <\/div>\n<p><span style=\"text-decoration: underline;\"><a href=\"https:\/\/kowalscy.pl\/wp-content\/uploads\/2025\/02\/IV78-szyba-jednokomorowa-PL.pdf\">IV78, vitre simple FR<\/a><\/span><\/p>\n<p><span style=\"text-decoration: underline;\"><a href=\"https:\/\/kowalscy.pl\/wp-content\/uploads\/2025\/02\/IV88-Uw-PL.pdf\">IV88 Uw FR<\/a><\/span><\/p>\n<p><span style=\"text-decoration: underline;\"><a href=\"https:\/\/kowalscy.pl\/wp-content\/uploads\/2025\/02\/Siegenia-Certyfikat-RC2.pdf\">Siegenia, certificat RC2<\/a><\/span><\/p>\n<p><span style=\"text-decoration: underline;\"><a href=\"https:\/\/kowalscy.pl\/wp-content\/uploads\/2025\/02\/Siegenia-Certyfikat-RC3-polski.pdf\">Siegenia, certificat polonais RC3<\/a><\/span><\/p>\n<div><span style=\"text-decoration: underline;\"><a href=\"https:\/\/kowalscy.pl\/wp-content\/uploads\/2025\/02\/Skrzynkowe-40-78-Uw-PL.pdf\">Box 40-78 Uw FR<\/a><\/span><\/div>\n<div> <\/div>\n<div><span style=\"text-decoration: underline;\"><a href=\"https:\/\/kowalscy.pl\/wp-content\/uploads\/2025\/02\/Skrzynkowe-Uw-PL.pdf\">Uw box FR<\/a><\/span><\/div>\n<div> <\/div>\n<div><span style=\"text-decoration: underline;\"><a href=\"https:\/\/kowalscy.pl\/wp-content\/uploads\/2025\/02\/Skrzynkowe-szczelnosc-PL_C_1.pdf\">Bo\u00eete, \u00e9tanch\u00e9it\u00e9 PL_C_1<\/a><\/span><\/div>\n<div> <\/div>\n<div> <\/div>    <\/div>\n<\/div>\n<!-- \/module text -->        <\/div>\n                    <\/div>\n                    <\/div><!-- .accordion-content -->\n        <\/li>\n        <\/ul>\n\n<\/div><!-- \/module accordion -->        <\/div>\n                    <\/div>\n                <\/div>\n                        <\/div>\n        <\/div>\n        <\/div>\n<!--\/themify_builder_content-->","protected":false},"excerpt":{"rendered":"<p>Download<\/p>\n","protected":false},"author":1,"featured_media":0,"parent":0,"menu_order":0,"comment_status":"closed","ping_status":"closed","template":"","meta":{"_acf_changed":false,"footnotes":""},"class_list":["post-1893","page","type-page","status-publish","hentry","has-post-title","has-post-date","has-post-category","has-post-tag","has-post-comment","has-post-author",""],"acf":[],"builder_content":"<h1>Download<\/h1>\n\n<p>Nous vous invitons \u00e0 d\u00e9couvrir nos documents \u00e0 t\u00e9l\u00e9charger. Vous y trouverez des catalogues d\u00e9taill\u00e9s de nos produits, des certificats attestant de leur qualit\u00e9 ainsi que des coupes de fen\u00eatres pour vous aider \u00e0 faire votre choix. Tout est r\u00e9uni en un seul endroit, toujours accessible pour vous. <\/p>\n<ul><li><h4>Mat\u00e9riel promotionnel<\/h4><ul><li><h4>Nos catalogues<\/h4><p><strong><a href=\"http:\/\/kowalscy.pl\/wp-content\/uploads\/2014\/11\/kowalscy-catalog-2017.pdf\">Catalogue des fen\u00eatres et des portes 2017 \u2192<\/a><\/strong><\/p> <p><strong><a href=\"https:\/\/kowalscy.pl\/wp-content\/uploads\/2025\/03\/Kowalscy-katalog-2018.pdf\">Catalogue des fen\u00eatres et des portes 2018 \u2192<\/a><\/strong><\/p><\/li><li><h4>D\u00e9pliants<\/h4><\/li><li><h4>Mat\u00e9riaux des fabricants<\/h4><\/li><li><h4>Autre<\/h4>Contenu de l'accord\u00e9on<\/li><\/ul> <p><strong><a href=\"http:\/\/kowalscy.pl\/wp-content\/uploads\/2014\/11\/kowalscy-catalog-2017.pdf\">Catalogue des fen\u00eatres et des portes 2017 \u2192<\/a><\/strong><\/p> <p><strong><a href=\"https:\/\/kowalscy.pl\/wp-content\/uploads\/2025\/03\/Kowalscy-katalog-2018.pdf\">Catalogue des fen\u00eatres et des portes 2018 \u2192<\/a><\/strong><\/p>\nContenu de l'accord\u00e9on <\/li><li><h4>Certificats<\/h4><p><a href=\"https:\/\/kowalscy.pl\/wp-content\/uploads\/2025\/02\/Badanie-IV-92-1.pdf\">\u00c9tude IV 92-1<\/a><\/p> <p><a href=\"https:\/\/kowalscy.pl\/wp-content\/uploads\/2025\/02\/badanie-okno-skrzynkowe-Uw.pdf\">test de la fen\u00eatre de la bo\u00eete Uw<\/a><\/p> <p><a href=\"https:\/\/kowalscy.pl\/wp-content\/uploads\/2025\/02\/Certyfikat-FSC.pdf\">Certifi\u00e9 FSC<\/a><\/p> <p><a href=\"https:\/\/kowalscy.pl\/wp-content\/uploads\/2025\/02\/Certyfikat-PEFC.pdf\">Certifi\u00e9 PEFC<\/a><\/p> <a href=\"https:\/\/kowalscy.pl\/wp-content\/uploads\/2025\/02\/IV68-okapnik-wbijany.pdf\">IV68 capuchon d'\u00e9gouttage entra\u00een\u00e9<\/a> <a href=\"https:\/\/kowalscy.pl\/wp-content\/uploads\/2025\/02\/IV68-profil-francuski-szczelnosc-PL.pdf\">IV68 Profil fran\u00e7ais, \u00e9tanche \u00e0 l'air EN<\/a> <a href=\"https:\/\/kowalscy.pl\/wp-content\/uploads\/2025\/02\/IV68-profil-francuski-Uw-PL.pdf\">IV68 Profil fran\u00e7ais, Uw EN<\/a> <p><a href=\"https:\/\/kowalscy.pl\/wp-content\/uploads\/2025\/02\/IV78-szyba-jednokomorowa-PL.pdf\">IV78, vitre simple FR<\/a><\/p> <p><a href=\"https:\/\/kowalscy.pl\/wp-content\/uploads\/2025\/02\/IV88-Uw-PL.pdf\">IV88 Uw FR<\/a><\/p> <p><a href=\"https:\/\/kowalscy.pl\/wp-content\/uploads\/2025\/02\/Siegenia-Certyfikat-RC2.pdf\">Siegenia, certificat RC2<\/a><\/p> <p><a href=\"https:\/\/kowalscy.pl\/wp-content\/uploads\/2025\/02\/Siegenia-Certyfikat-RC3-polski.pdf\">Siegenia, certificat polonais RC3<\/a><\/p> <a href=\"https:\/\/kowalscy.pl\/wp-content\/uploads\/2025\/02\/Skrzynkowe-40-78-Uw-PL.pdf\">Box 40-78 Uw FR<\/a> <a href=\"https:\/\/kowalscy.pl\/wp-content\/uploads\/2025\/02\/Skrzynkowe-Uw-PL.pdf\">Uw box FR<\/a> <a href=\"https:\/\/kowalscy.pl\/wp-content\/uploads\/2025\/02\/Skrzynkowe-szczelnosc-PL_C_1.pdf\">Bo\u00eete, \u00e9tanch\u00e9it\u00e9 PL_C_1<\/a><\/li><\/ul>\n<ul><li><h4>Nos catalogues<\/h4><p><strong><a href=\"http:\/\/kowalscy.pl\/wp-content\/uploads\/2014\/11\/kowalscy-catalog-2017.pdf\">Catalogue des fen\u00eatres et des portes 2017 \u2192<\/a><\/strong><\/p> <p><strong><a href=\"https:\/\/kowalscy.pl\/wp-content\/uploads\/2025\/03\/Kowalscy-katalog-2018.pdf\">Catalogue des fen\u00eatres et des portes 2018 \u2192<\/a><\/strong><\/p><\/li><li><h4>D\u00e9pliants<\/h4><\/li><li><h4>Mat\u00e9riaux des fabricants<\/h4><\/li><li><h4>Autre<\/h4>Contenu de l'accord\u00e9on<\/li><\/ul>\n<p><strong><a href=\"http:\/\/kowalscy.pl\/wp-content\/uploads\/2014\/11\/kowalscy-catalog-2017.pdf\">Catalogue des fen\u00eatres et des portes 2017 \u2192<\/a><\/strong><\/p> <p><strong><a href=\"https:\/\/kowalscy.pl\/wp-content\/uploads\/2025\/03\/Kowalscy-katalog-2018.pdf\">Catalogue des fen\u00eatres et des portes 2018 \u2192<\/a><\/strong><\/p>\n\n\nContenu de l'accord\u00e9on\n\n<p><a href=\"https:\/\/kowalscy.pl\/wp-content\/uploads\/2025\/02\/Badanie-IV-92-1.pdf\">\u00c9tude IV 92-1<\/a><\/p> <p><a href=\"https:\/\/kowalscy.pl\/wp-content\/uploads\/2025\/02\/badanie-okno-skrzynkowe-Uw.pdf\">test de la fen\u00eatre de la bo\u00eete Uw<\/a><\/p> <p><a href=\"https:\/\/kowalscy.pl\/wp-content\/uploads\/2025\/02\/Certyfikat-FSC.pdf\">Certifi\u00e9 FSC<\/a><\/p> <p><a href=\"https:\/\/kowalscy.pl\/wp-content\/uploads\/2025\/02\/Certyfikat-PEFC.pdf\">Certifi\u00e9 PEFC<\/a><\/p> <a href=\"https:\/\/kowalscy.pl\/wp-content\/uploads\/2025\/02\/IV68-okapnik-wbijany.pdf\">IV68 capuchon d'\u00e9gouttage entra\u00een\u00e9<\/a> <a href=\"https:\/\/kowalscy.pl\/wp-content\/uploads\/2025\/02\/IV68-profil-francuski-szczelnosc-PL.pdf\">IV68 Profil fran\u00e7ais, \u00e9tanche \u00e0 l'air EN<\/a> <a href=\"https:\/\/kowalscy.pl\/wp-content\/uploads\/2025\/02\/IV68-profil-francuski-Uw-PL.pdf\">IV68 Profil fran\u00e7ais, Uw EN<\/a> <p><a href=\"https:\/\/kowalscy.pl\/wp-content\/uploads\/2025\/02\/IV78-szyba-jednokomorowa-PL.pdf\">IV78, vitre simple FR<\/a><\/p> <p><a href=\"https:\/\/kowalscy.pl\/wp-content\/uploads\/2025\/02\/IV88-Uw-PL.pdf\">IV88 Uw FR<\/a><\/p> <p><a href=\"https:\/\/kowalscy.pl\/wp-content\/uploads\/2025\/02\/Siegenia-Certyfikat-RC2.pdf\">Siegenia, certificat RC2<\/a><\/p> <p><a href=\"https:\/\/kowalscy.pl\/wp-content\/uploads\/2025\/02\/Siegenia-Certyfikat-RC3-polski.pdf\">Siegenia, certificat polonais RC3<\/a><\/p> <a href=\"https:\/\/kowalscy.pl\/wp-content\/uploads\/2025\/02\/Skrzynkowe-40-78-Uw-PL.pdf\">Box 40-78 Uw FR<\/a> <a href=\"https:\/\/kowalscy.pl\/wp-content\/uploads\/2025\/02\/Skrzynkowe-Uw-PL.pdf\">Uw box FR<\/a> <a href=\"https:\/\/kowalscy.pl\/wp-content\/uploads\/2025\/02\/Skrzynkowe-szczelnosc-PL_C_1.pdf\">Bo\u00eete, \u00e9tanch\u00e9it\u00e9 PL_C_1<\/a>","_links":{"self":[{"href":"https:\/\/kowalscy.pl\/fr\/wp-json\/wp\/v2\/pages\/1893","targetHints":{"allow":["GET"]}}],"collection":[{"href":"https:\/\/kowalscy.pl\/fr\/wp-json\/wp\/v2\/pages"}],"about":[{"href":"https:\/\/kowalscy.pl\/fr\/wp-json\/wp\/v2\/types\/page"}],"author":[{"embeddable":true,"href":"https:\/\/kowalscy.pl\/fr\/wp-json\/wp\/v2\/users\/1"}],"replies":[{"embeddable":true,"href":"https:\/\/kowalscy.pl\/fr\/wp-json\/wp\/v2\/comments?post=1893"}],"version-history":[{"count":11,"href":"https:\/\/kowalscy.pl\/fr\/wp-json\/wp\/v2\/pages\/1893\/revisions"}],"predecessor-version":[{"id":2583,"href":"https:\/\/kowalscy.pl\/fr\/wp-json\/wp\/v2\/pages\/1893\/revisions\/2583"}],"wp:attachment":[{"href":"https:\/\/kowalscy.pl\/fr\/wp-json\/wp\/v2\/media?parent=1893"}],"curies":[{"name":"wp","href":"https:\/\/api.w.org\/{rel}","templated":true}]}}