{"id":1321,"date":"2025-01-14T14:10:47","date_gmt":"2025-01-14T13:10:47","guid":{"rendered":"https:\/\/kowalscy.pl\/firma-obecnie\/"},"modified":"2025-02-04T13:21:31","modified_gmt":"2025-02-04T12:21:31","slug":"firma-obecnie","status":"publish","type":"page","link":"https:\/\/kowalscy.pl\/it\/firma-obecnie\/","title":{"rendered":"L&#8217;Azienda Oggi"},"content":{"rendered":"<!--themify_builder_content-->\n<div id=\"themify_builder_content-1321\" data-postid=\"1321\" class=\"themify_builder_content themify_builder_content-1321 themify_builder tf_clear\">\n                    <div  data-lazy=\"1\" class=\"module_row themify_builder_row tb_2vj7817 tb_first tf_w\">\n                        <div class=\"row_inner col_align_top tb_col_count_1 tf_box tf_rel\">\n                        <div  data-lazy=\"1\" class=\"module_column tb-column col-full tb_fbyh001 first\">\n                    <!-- Breadcrumbs module -->\n<div  class=\"module module-breadcrumbs tb_ajo8874 \" data-lazy=\"1\">\n\t<nav role=\"navigation\" aria-label=\"Breadcrumbs\" class=\"tbp_breadcrumb_trail\"><ul class=\"tbp_trail_items\" itemscope itemtype=\"http:\/\/schema.org\/BreadcrumbList\"><meta name=\"numberOfItems\" content=\"1\" \/><meta name=\"itemListOrder\" content=\"Ascending\" \/><li itemprop=\"itemListElement\" itemscope itemtype=\"https:\/\/schema.org\/ListItem\" class=\"tbp_trail_item tbp_trail_end\"><a itemprop=\"item\" href=\"https:\/\/kowalscy.pl\/it\/\" rel=\"home\"><span itemprop=\"name\">Strona g\u0142\u00f3wna<\/span><\/a><meta itemprop=\"position\" content=\"1\" \/><\/li><\/ul><\/nav><\/div><!-- \/Breadcrumbs module -->\n<!-- module text -->\n<div  class=\"module module-text tb_fuq8880   \" data-lazy=\"1\">\n        <div  class=\"tb_text_wrap\">\n        <h1>L&#8217;Azienda Oggi<\/h1>    <\/div>\n<\/div>\n<!-- \/module text --><!-- module divider -->\n<div  class=\"module tf_mw module-divider tb_3140180 solid  divider-custom divider-center\" style=\"border-width: 3px;border-color: #5c706e;max-width: 200px;\" data-lazy=\"1\">\n    <\/div>\n<!-- \/module divider -->\n<!-- module text -->\n<div  class=\"module module-text tb_9avh087   \" data-lazy=\"1\">\n        <div  class=\"tb_text_wrap\">\n        <p>A Szyman\u00f3w, vicino a Rawicz, disponiamo di un impianto di produzione moderno, dotato di tecnologie avanzate, dove pi\u00f9 di 100 dipendenti altamente qualificati lavorano con passione per realizzare ogni ordine. Grazie ai nostri continui investimenti nello sviluppo e nella qualit\u00e0, i nostri prodotti soddisfano i pi\u00f9 alti standard di mercato. <\/p>    <\/div>\n<\/div>\n<!-- \/module text -->        <\/div>\n                        <\/div>\n        <\/div>\n                        <div  data-parallax-bg=\"desktop\" data-lazy=\"1\" class=\"module_row themify_builder_row tb_2adx108 tf_w\">\n            <span class=\"builder_row_cover tf_abs\"><\/span>            <div class=\"row_inner col_align_top tb_col_count_1 tf_box tf_rel\">\n                        <div  data-lazy=\"1\" class=\"module_column tb-column col-full tb_525s011 first\">\n                            <\/div>\n                        <\/div>\n        <\/div>\n                        <div  data-lazy=\"1\" class=\"module_row themify_builder_row tb_g2a1100 tf_w\">\n                        <div class=\"row_inner col_align_top gutter-none tb_col_count_2 tf_box tf_rel\">\n                        <div  data-lazy=\"1\" class=\"module_column tb-column col4-2 tb_tndp738 first\">\n                    <!-- module text -->\n<div  class=\"module module-text tb_ivys000   \" data-lazy=\"1\">\n        <div  class=\"tb_text_wrap\">\n        <h2 style=\"text-align: right;\">Dove la Tradizione Incontra la Modernit\u00e0<\/h2>    <\/div>\n<\/div>\n<!-- \/module text -->        <\/div>\n                    <div  data-lazy=\"1\" class=\"module_column tb-column col4-2 tb_8ila810 last\">\n                    <!-- module text -->\n<div  class=\"module module-text tb_7phm047   \" data-lazy=\"1\">\n        <div  class=\"tb_text_wrap\">\n        <p>Sebbene le nostre radici risalgano a quasi cento anni fa, investiamo costantemente in tecnologie moderne e soluzioni innovative. Il nostro impianto di produzione a Szyman\u00f3w \u00e8 dotato delle macchine pi\u00f9 avanzate, che ci permettono di realizzare anche i progetti pi\u00f9 complessi. Grazie alle tecnologie avanzate e all\u2019automazione dei processi produttivi, garantiamo non solo la massima qualit\u00e0, ma anche puntualit\u00e0 e flessibilit\u00e0 nella realizzazione degli ordini.  <\/p>    <\/div>\n<\/div>\n<!-- \/module text -->        <\/div>\n                        <\/div>\n        <\/div>\n                        <div  data-lazy=\"1\" class=\"module_row themify_builder_row tb_eids101 tf_w\">\n                        <div class=\"row_inner col_align_top gutter-none tb_col_count_2 tf_box tf_rel\">\n                        <div  data-lazy=\"1\" class=\"module_column tb-column col4-2 tb_sdhp011 first\">\n                    <!-- module image -->\n<div  class=\"module module-image tb_xgm5871 image-top   tf_mw\" data-lazy=\"1\" data-lax-translate-x=\"(vh*0.8) 0,(vh*0) -180\" data-lax=\"true\">\n        <div class=\"image-wrap tf_rel tf_mw\">\n            <img loading=\"lazy\" decoding=\"async\" src=\"https:\/\/kowalscy.pl\/wp-content\/uploads\/2025\/01\/catalogs-kowalscy.pl_-500x500.webp\" width=\"500\" height=\"500\" class=\"wp-post-image wp-image-751\" title=\"catalogs-kowalscy.pl\" alt=\"catalogs-kowalscy.pl\" srcset=\"https:\/\/kowalscy.pl\/wp-content\/uploads\/2025\/01\/catalogs-kowalscy.pl_-500x500.webp 500w, https:\/\/kowalscy.pl\/wp-content\/uploads\/2025\/01\/catalogs-kowalscy.pl_-300x300.webp 300w, https:\/\/kowalscy.pl\/wp-content\/uploads\/2025\/01\/catalogs-kowalscy.pl_-150x150.webp 150w, https:\/\/kowalscy.pl\/wp-content\/uploads\/2025\/01\/catalogs-kowalscy.pl_-768x768.webp 768w, https:\/\/kowalscy.pl\/wp-content\/uploads\/2025\/01\/catalogs-kowalscy.pl_.webp 1024w\" sizes=\"auto, (max-width: 500px) 100vw, 500px\" \/>    \n        <\/div>\n    <!-- \/image-wrap -->\n    \n        <\/div>\n<!-- \/module image -->        <\/div>\n                    <div  data-lazy=\"1\" class=\"module_column tb-column col4-2 tb_zcyu171 last\">\n                    <!-- module text -->\n<div  class=\"module module-text tb_1028949   \" data-lazy=\"1\">\n        <div  class=\"tb_text_wrap\">\n        <h2>Un Ampio Portafoglio di Prodotti per Ogni Cliente<br><\/h2>    <\/div>\n<\/div>\n<!-- \/module text --><!-- module text -->\n<div  class=\"module module-text tb_kxx9800   \" data-lazy=\"1\">\n        <div  class=\"tb_text_wrap\">\n        <p>Comprendiamo che ogni casa e ogni spazio hanno esigenze uniche. Per questo offriamo una vasta gamma di prodotti che combinano estetica e funzionalit\u00e0: <\/p>\n<ul>\n<li><strong>Finestre e porte in diversi stili <\/strong>\u2013 dal classico al moderno, adattate alle esigenze individuali.<\/li>\n<li><strong>Soluzioni ecologiche <\/strong>\u2013 prodotti realizzati in legno certificato, per supportare lo sviluppo sostenibile.<\/li>\n<li><strong>Progetti personalizzati<\/strong> \u2013 soluzioni su misura che valorizzano il carattere unico di ogni interno.<\/li>\n<\/ul>    <\/div>\n<\/div>\n<!-- \/module text -->        <\/div>\n                        <\/div>\n        <\/div>\n                        <div  data-lazy=\"1\" class=\"module_row themify_builder_row tb_h06j002 tf_w\">\n                        <div class=\"row_inner col_align_top tb_col_count_2 tf_box tf_rel\">\n                        <div  data-lazy=\"1\" class=\"module_column tb-column col4-2 tb_6vf6280 first\">\n                    <!-- module text -->\n<div  class=\"module module-text tb_tbhp178   \" data-lazy=\"1\">\n        <div  class=\"tb_text_wrap\">\n        <h2 style=\"text-align: right;\">Una Rete di Partner e Distributori Affidabili<\/h2>    <\/div>\n<\/div>\n<!-- \/module text --><!-- module text -->\n<div  class=\"module module-text tb_wqmg012   \" data-lazy=\"1\">\n        <div  class=\"tb_text_wrap\">\n        <p style=\"text-align: right;\"><strong>Il successo della nostra azienda \u00e8 anche merito della collaborazione con i migliori fornitori e distributori. Lavoriamo esclusivamente con partner affidabili, che forniscono materie prime e componenti di altissima qualit\u00e0. <\/strong><\/p>\n<p style=\"text-align: right;\">Grazie a ci\u00f2, i nostri prodotti soddisfano i pi\u00f9 rigorosi standard di qualit\u00e0. Inoltre, le nostre soluzioni sono disponibili tramite distributori di fiducia in Polonia e all&#8217;estero, rendendo la nostra offerta accessibile ai clienti in tutta Europa e oltre. <\/p>    <\/div>\n<\/div>\n<!-- \/module text -->        <\/div>\n                    <div  data-lazy=\"1\" class=\"module_column tb-column col4-2 tb_lezk078 last\">\n                    <!-- module image -->\n<div  class=\"module module-image tb_i18n625 image-top   tf_mw\" data-lazy=\"1\" data-lax-translate-x=\"(vh*0.8) 0,(vh*0) 180\" data-lax=\"true\">\n        <div class=\"image-wrap tf_rel tf_mw\">\n            <img loading=\"lazy\" decoding=\"async\" src=\"https:\/\/kowalscy.pl\/wp-content\/uploads\/2025\/01\/uscisk-dloni-kowalscy.pl_-500x500.webp\" width=\"500\" height=\"500\" class=\"wp-post-image wp-image-749\" title=\"uscisk-dloni-kowalscy.pl\" alt=\"uscisk-dloni-kowalscy.pl\" srcset=\"https:\/\/kowalscy.pl\/wp-content\/uploads\/2025\/01\/uscisk-dloni-kowalscy.pl_-500x500.webp 500w, https:\/\/kowalscy.pl\/wp-content\/uploads\/2025\/01\/uscisk-dloni-kowalscy.pl_-300x300.webp 300w, https:\/\/kowalscy.pl\/wp-content\/uploads\/2025\/01\/uscisk-dloni-kowalscy.pl_-150x150.webp 150w, https:\/\/kowalscy.pl\/wp-content\/uploads\/2025\/01\/uscisk-dloni-kowalscy.pl_-768x768.webp 768w, https:\/\/kowalscy.pl\/wp-content\/uploads\/2025\/01\/uscisk-dloni-kowalscy.pl_.webp 1024w\" sizes=\"auto, (max-width: 500px) 100vw, 500px\" \/>    \n        <\/div>\n    <!-- \/image-wrap -->\n    \n        <\/div>\n<!-- \/module image -->        <\/div>\n                        <\/div>\n        <\/div>\n                        <div  data-lazy=\"1\" class=\"module_row themify_builder_row tb_0qvf640 tf_w\">\n                        <div class=\"row_inner col_align_top gutter-none tb_col_count_2 tf_box tf_rel\">\n                        <div  data-lazy=\"1\" class=\"module_column tb-column col4-2 tb_qyli640 first\">\n                    <!-- module image -->\n<div  class=\"module module-image tb_vcvx640 image-top   tf_mw\" data-lazy=\"1\" data-lax-translate-x=\"(vh*0.8) 0,(vh*0) -180\" data-lax=\"true\">\n        <div class=\"image-wrap tf_rel tf_mw\">\n            <img loading=\"lazy\" decoding=\"async\" src=\"https:\/\/kowalscy.pl\/wp-content\/uploads\/2025\/01\/DALL\u00b7E-2025-01-14-13.52.04-Black-and-white-archival-style-photograph-from-the-1940s-focusing-on-close-up-details-of-traditional-woodworking.-The-image-highlights-the-hands-of-a--500x500.webp\" width=\"500\" height=\"500\" class=\"wp-post-image wp-image-702\" title=\"DALL\u00b7E 2025-01-14 13.52.04 - Black-and-white archival-style photograph from the 1940s focusing on close-up details of traditional woodworking. The image highlights the hands of a\" alt=\"DALL\u00b7E 2025-01-14 13.52.04 - Black-and-white archival-style photograph from the 1940s focusing on close-up details of traditional woodworking. The image highlights the hands of a\" srcset=\"https:\/\/kowalscy.pl\/wp-content\/uploads\/2025\/01\/DALL\u00b7E-2025-01-14-13.52.04-Black-and-white-archival-style-photograph-from-the-1940s-focusing-on-close-up-details-of-traditional-woodworking.-The-image-highlights-the-hands-of-a--500x500.webp 500w, https:\/\/kowalscy.pl\/wp-content\/uploads\/2025\/01\/DALL\u00b7E-2025-01-14-13.52.04-Black-and-white-archival-style-photograph-from-the-1940s-focusing-on-close-up-details-of-traditional-woodworking.-The-image-highlights-the-hands-of-a--300x300.webp 300w, https:\/\/kowalscy.pl\/wp-content\/uploads\/2025\/01\/DALL\u00b7E-2025-01-14-13.52.04-Black-and-white-archival-style-photograph-from-the-1940s-focusing-on-close-up-details-of-traditional-woodworking.-The-image-highlights-the-hands-of-a--150x150.webp 150w, https:\/\/kowalscy.pl\/wp-content\/uploads\/2025\/01\/DALL\u00b7E-2025-01-14-13.52.04-Black-and-white-archival-style-photograph-from-the-1940s-focusing-on-close-up-details-of-traditional-woodworking.-The-image-highlights-the-hands-of-a--768x768.webp 768w, https:\/\/kowalscy.pl\/wp-content\/uploads\/2025\/01\/DALL\u00b7E-2025-01-14-13.52.04-Black-and-white-archival-style-photograph-from-the-1940s-focusing-on-close-up-details-of-traditional-woodworking.-The-image-highlights-the-hands-of-a-.webp 1024w\" sizes=\"auto, (max-width: 500px) 100vw, 500px\" \/>    \n        <\/div>\n    <!-- \/image-wrap -->\n    \n        <\/div>\n<!-- \/module image -->        <\/div>\n                    <div  data-lazy=\"1\" class=\"module_column tb-column col4-2 tb_n7pk640 last\">\n                    <!-- module text -->\n<div  class=\"module module-text tb_cm5a640   \" data-lazy=\"1\">\n        <div  class=\"tb_text_wrap\">\n        <h2>Innovazione al Servizio del Cliente<\/h2>    <\/div>\n<\/div>\n<!-- \/module text --><!-- module text -->\n<div  class=\"module module-text tb_lw77640   \" data-lazy=\"1\">\n        <div  class=\"tb_text_wrap\">\n        <p><strong>Cerchiamo costantemente nuove soluzioni per soddisfare le crescenti aspettative dei nostri clienti.<\/strong><\/p>\n<p>Implementiamo tecnologie ecologiche, progettiamo finestre e porte ad alta efficienza energetica, e miglioriamo i nostri processi produttivi per ridurre l&#8217;impatto ambientale. Questo ci consente di offrire prodotti non solo belli e funzionali, ma anche rispettosi dell&#8217;ambiente. <\/p>    <\/div>\n<\/div>\n<!-- \/module text -->        <\/div>\n                        <\/div>\n        <\/div>\n        <\/div>\n<!--\/themify_builder_content-->","protected":false},"excerpt":{"rendered":"<p>L&#8217;Azienda Oggi<\/p>\n","protected":false},"author":1,"featured_media":0,"parent":0,"menu_order":0,"comment_status":"closed","ping_status":"closed","template":"","meta":{"_acf_changed":false,"footnotes":""},"class_list":["post-1321","page","type-page","status-publish","hentry","has-post-title","has-post-date","has-post-category","has-post-tag","has-post-comment","has-post-author",""],"acf":[],"builder_content":"<h1>L'Azienda Oggi<\/h1>\n\n<p>A Szyman\u00f3w, vicino a Rawicz, disponiamo di un impianto di produzione moderno, dotato di tecnologie avanzate, dove pi\u00f9 di 100 dipendenti altamente qualificati lavorano con passione per realizzare ogni ordine. Grazie ai nostri continui investimenti nello sviluppo e nella qualit\u00e0, i nostri prodotti soddisfano i pi\u00f9 alti standard di mercato. <\/p>\n<h2 style=\"text-align: right;\">Dove la Tradizione Incontra la Modernit\u00e0<\/h2>\n<p>Sebbene le nostre radici risalgano a quasi cento anni fa, investiamo costantemente in tecnologie moderne e soluzioni innovative. Il nostro impianto di produzione a Szyman\u00f3w \u00e8 dotato delle macchine pi\u00f9 avanzate, che ci permettono di realizzare anche i progetti pi\u00f9 complessi. Grazie alle tecnologie avanzate e all\u2019automazione dei processi produttivi, garantiamo non solo la massima qualit\u00e0, ma anche puntualit\u00e0 e flessibilit\u00e0 nella realizzazione degli ordini. <\/p>\n<img src=\"https:\/\/kowalscy.pl\/wp-content\/uploads\/2025\/01\/catalogs-kowalscy.pl_-500x500.webp\" width=\"500\" height=\"500\" title=\"catalogs-kowalscy.pl\" alt=\"catalogs-kowalscy.pl\" srcset=\"https:\/\/kowalscy.pl\/wp-content\/uploads\/2025\/01\/catalogs-kowalscy.pl_-500x500.webp 500w, https:\/\/kowalscy.pl\/wp-content\/uploads\/2025\/01\/catalogs-kowalscy.pl_-300x300.webp 300w, https:\/\/kowalscy.pl\/wp-content\/uploads\/2025\/01\/catalogs-kowalscy.pl_-150x150.webp 150w, https:\/\/kowalscy.pl\/wp-content\/uploads\/2025\/01\/catalogs-kowalscy.pl_-768x768.webp 768w, https:\/\/kowalscy.pl\/wp-content\/uploads\/2025\/01\/catalogs-kowalscy.pl_.webp 1024w\" sizes=\"(max-width: 500px) 100vw, 500px\" \/>\n<h2>Un Ampio Portafoglio di Prodotti per Ogni Cliente<br><\/h2>\n<p>Comprendiamo che ogni casa e ogni spazio hanno esigenze uniche. Per questo offriamo una vasta gamma di prodotti che combinano estetica e funzionalit\u00e0: <\/p> <ul> <li><strong>Finestre e porte in diversi stili <\/strong>\u2013 dal classico al moderno, adattate alle esigenze individuali.<\/li> <li><strong>Soluzioni ecologiche <\/strong>\u2013 prodotti realizzati in legno certificato, per supportare lo sviluppo sostenibile.<\/li> <li><strong>Progetti personalizzati<\/strong> \u2013 soluzioni su misura che valorizzano il carattere unico di ogni interno.<\/li> <\/ul>\n<h2 style=\"text-align: right;\">Una Rete di Partner e Distributori Affidabili<\/h2>\n<p style=\"text-align: right;\"><strong>Il successo della nostra azienda \u00e8 anche merito della collaborazione con i migliori fornitori e distributori. Lavoriamo esclusivamente con partner affidabili, che forniscono materie prime e componenti di altissima qualit\u00e0. <\/strong><\/p> <p style=\"text-align: right;\">Grazie a ci\u00f2, i nostri prodotti soddisfano i pi\u00f9 rigorosi standard di qualit\u00e0. Inoltre, le nostre soluzioni sono disponibili tramite distributori di fiducia in Polonia e all'estero, rendendo la nostra offerta accessibile ai clienti in tutta Europa e oltre. <\/p>\n<img src=\"https:\/\/kowalscy.pl\/wp-content\/uploads\/2025\/01\/uscisk-dloni-kowalscy.pl_-500x500.webp\" width=\"500\" height=\"500\" title=\"uscisk-dloni-kowalscy.pl\" alt=\"uscisk-dloni-kowalscy.pl\" srcset=\"https:\/\/kowalscy.pl\/wp-content\/uploads\/2025\/01\/uscisk-dloni-kowalscy.pl_-500x500.webp 500w, https:\/\/kowalscy.pl\/wp-content\/uploads\/2025\/01\/uscisk-dloni-kowalscy.pl_-300x300.webp 300w, https:\/\/kowalscy.pl\/wp-content\/uploads\/2025\/01\/uscisk-dloni-kowalscy.pl_-150x150.webp 150w, https:\/\/kowalscy.pl\/wp-content\/uploads\/2025\/01\/uscisk-dloni-kowalscy.pl_-768x768.webp 768w, https:\/\/kowalscy.pl\/wp-content\/uploads\/2025\/01\/uscisk-dloni-kowalscy.pl_.webp 1024w\" sizes=\"(max-width: 500px) 100vw, 500px\" \/>\n<img src=\"https:\/\/kowalscy.pl\/wp-content\/uploads\/2025\/01\/DALL\u00b7E-2025-01-14-13.52.04-Black-and-white-archival-style-photograph-from-the-1940s-focusing-on-close-up-details-of-traditional-woodworking.-The-image-highlights-the-hands-of-a--500x500.webp\" width=\"500\" height=\"500\" title=\"DALL\u00b7E 2025-01-14 13.52.04 - Black-and-white archival-style photograph from the 1940s focusing on close-up details of traditional woodworking. The image highlights the hands of a\" alt=\"DALL\u00b7E 2025-01-14 13.52.04 - Black-and-white archival-style photograph from the 1940s focusing on close-up details of traditional woodworking. The image highlights the hands of a\" srcset=\"https:\/\/kowalscy.pl\/wp-content\/uploads\/2025\/01\/DALL\u00b7E-2025-01-14-13.52.04-Black-and-white-archival-style-photograph-from-the-1940s-focusing-on-close-up-details-of-traditional-woodworking.-The-image-highlights-the-hands-of-a--500x500.webp 500w, https:\/\/kowalscy.pl\/wp-content\/uploads\/2025\/01\/DALL\u00b7E-2025-01-14-13.52.04-Black-and-white-archival-style-photograph-from-the-1940s-focusing-on-close-up-details-of-traditional-woodworking.-The-image-highlights-the-hands-of-a--300x300.webp 300w, https:\/\/kowalscy.pl\/wp-content\/uploads\/2025\/01\/DALL\u00b7E-2025-01-14-13.52.04-Black-and-white-archival-style-photograph-from-the-1940s-focusing-on-close-up-details-of-traditional-woodworking.-The-image-highlights-the-hands-of-a--150x150.webp 150w, https:\/\/kowalscy.pl\/wp-content\/uploads\/2025\/01\/DALL\u00b7E-2025-01-14-13.52.04-Black-and-white-archival-style-photograph-from-the-1940s-focusing-on-close-up-details-of-traditional-woodworking.-The-image-highlights-the-hands-of-a--768x768.webp 768w, https:\/\/kowalscy.pl\/wp-content\/uploads\/2025\/01\/DALL\u00b7E-2025-01-14-13.52.04-Black-and-white-archival-style-photograph-from-the-1940s-focusing-on-close-up-details-of-traditional-woodworking.-The-image-highlights-the-hands-of-a-.webp 1024w\" sizes=\"(max-width: 500px) 100vw, 500px\" \/>\n<h2>Innovazione al Servizio del Cliente<\/h2>\n<p><strong>Cerchiamo costantemente nuove soluzioni per soddisfare le crescenti aspettative dei nostri clienti.<\/strong><\/p> <p>Implementiamo tecnologie ecologiche, progettiamo finestre e porte ad alta efficienza energetica, e miglioriamo i nostri processi produttivi per ridurre l'impatto ambientale. Questo ci consente di offrire prodotti non solo belli e funzionali, ma anche rispettosi dell'ambiente. <\/p>","_links":{"self":[{"href":"https:\/\/kowalscy.pl\/it\/wp-json\/wp\/v2\/pages\/1321","targetHints":{"allow":["GET"]}}],"collection":[{"href":"https:\/\/kowalscy.pl\/it\/wp-json\/wp\/v2\/pages"}],"about":[{"href":"https:\/\/kowalscy.pl\/it\/wp-json\/wp\/v2\/types\/page"}],"author":[{"embeddable":true,"href":"https:\/\/kowalscy.pl\/it\/wp-json\/wp\/v2\/users\/1"}],"replies":[{"embeddable":true,"href":"https:\/\/kowalscy.pl\/it\/wp-json\/wp\/v2\/comments?post=1321"}],"version-history":[{"count":7,"href":"https:\/\/kowalscy.pl\/it\/wp-json\/wp\/v2\/pages\/1321\/revisions"}],"predecessor-version":[{"id":1353,"href":"https:\/\/kowalscy.pl\/it\/wp-json\/wp\/v2\/pages\/1321\/revisions\/1353"}],"wp:attachment":[{"href":"https:\/\/kowalscy.pl\/it\/wp-json\/wp\/v2\/media?parent=1321"}],"curies":[{"name":"wp","href":"https:\/\/api.w.org\/{rel}","templated":true}]}}