{"id":1398,"date":"2025-01-10T13:09:10","date_gmt":"2025-01-10T12:09:10","guid":{"rendered":"https:\/\/kowalscy.pl\/produkty\/"},"modified":"2025-02-04T13:45:16","modified_gmt":"2025-02-04T12:45:16","slug":"produkty","status":"publish","type":"page","link":"https:\/\/kowalscy.pl\/it\/produkty\/","title":{"rendered":"Prodotti"},"content":{"rendered":"<!--themify_builder_content-->\n<div id=\"themify_builder_content-1398\" data-postid=\"1398\" class=\"themify_builder_content themify_builder_content-1398 themify_builder tf_clear\">\n                    <div  data-lazy=\"1\" class=\"module_row themify_builder_row tb_89mx421 tb_first tf_w\">\n                        <div class=\"row_inner col_align_top tb_col_count_1 tf_box tf_rel\">\n                        <div  data-lazy=\"1\" class=\"module_column tb-column col-full tb_3ppb427 first\">\n                    <!-- Breadcrumbs module -->\n<div  class=\"module module-breadcrumbs tb_5f6m821 \" data-lazy=\"1\">\n\t<nav role=\"navigation\" aria-label=\"Breadcrumbs\" class=\"tbp_breadcrumb_trail\"><ul class=\"tbp_trail_items\" itemscope itemtype=\"http:\/\/schema.org\/BreadcrumbList\"><meta name=\"numberOfItems\" content=\"1\" \/><meta name=\"itemListOrder\" content=\"Ascending\" \/><li itemprop=\"itemListElement\" itemscope itemtype=\"https:\/\/schema.org\/ListItem\" class=\"tbp_trail_item tbp_trail_end\"><a itemprop=\"item\" href=\"https:\/\/kowalscy.pl\/it\/\" rel=\"home\"><span itemprop=\"name\">Strona g\u0142\u00f3wna<\/span><\/a><meta itemprop=\"position\" content=\"1\" \/><\/li><\/ul><\/nav><\/div><!-- \/Breadcrumbs module -->\n<!-- module text -->\n<div  class=\"module module-text tb_k62b427   \" data-lazy=\"1\">\n        <div  class=\"tb_text_wrap\">\n        <h1>Prodotti<\/h1>    <\/div>\n<\/div>\n<!-- \/module text --><!-- module divider -->\n<div  class=\"module tf_mw module-divider tb_gi35336 solid  divider-custom divider-center\" style=\"border-width: 3px;border-color: #5c706e;max-width: 200px;\" data-lazy=\"1\">\n    <\/div>\n<!-- \/module divider -->\n<!-- module text -->\n<div  class=\"module module-text tb_1wbu867   \" data-lazy=\"1\">\n        <div  class=\"tb_text_wrap\">\n        <p>Offriamo una vasta gamma di prodotti, tra cui finestre, porte, vetrine, scale e accessori, che combinano estetica, funzionalit\u00e0 e durata. La nostra offerta include sia soluzioni standard che progetti personalizzati, adatti a diversi tipi di edifici, compresi quelli storici. Qui troverai prodotti di altissima qualit\u00e0, perfetti per qualsiasi interno e facciata.  <\/p>    <\/div>\n<\/div>\n<!-- \/module text -->        <div  data-lazy=\"1\" class=\"module_subrow themify_builder_sub_row tf_w col_align_top tb_col_count_3 tb_33n2428\">\n                <div  data-lazy=\"1\" class=\"module_column sub_column col3-1 tb_2nzs428 first\">\n                    <!-- module image -->\n<div  class=\"module module-image tb_04nm429 image-center   auto_fullwidth tf_mw\" data-lazy=\"1\">\n        <div class=\"image-wrap tf_rel tf_mw\">\n            <img loading=\"lazy\" decoding=\"async\" src=\"https:\/\/kowalscy.pl\/wp-content\/uploads\/2025\/01\/okna-intro-358x258.png\" width=\"358\" height=\"258\" class=\"wp-post-image wp-image-466\" title=\"okna-intro\" alt=\"okna-intro\">    \n        <\/div>\n    <!-- \/image-wrap -->\n    \n        <\/div>\n<!-- \/module image --><!-- module text -->\n<div  class=\"module module-text tb_7pfm429    tb_gs345da\" data-lazy=\"1\">\n        <div  class=\"tb_text_wrap\">\n        <h3>Finestre<\/h3>\n<p>Le nostre finestre e porte-finestre sono realizzate in conformit\u00e0 con le pi\u00f9 recenti normative europee. Il legno lamellare di alta qualit\u00e0 consente di creare ampie superfici e forme originali e creative. <br><br><\/p>\n<h4><a href=\"https:\/\/kowalscy.pl\/produkty\/okna\/\">Scopri i prodotti \u2192<\/a><\/h4>    <\/div>\n<\/div>\n<!-- \/module text -->        <\/div>\n                    <div  data-lazy=\"1\" class=\"module_column sub_column col3-1 tb_9shm429\">\n                    <!-- module image -->\n<div  class=\"module module-image tb_x8gr429 image-center   tf_mw\" data-lazy=\"1\">\n        <div class=\"image-wrap tf_rel tf_mw\">\n            <img loading=\"lazy\" decoding=\"async\" src=\"https:\/\/kowalscy.pl\/wp-content\/uploads\/2025\/01\/drzwi-we-intro-2-358x258.png\" width=\"358\" height=\"258\" class=\"wp-post-image wp-image-467\" title=\"drzwi-we-intro-2\" alt=\"drzwi-we-intro-2\">    \n        <\/div>\n    <!-- \/image-wrap -->\n    \n        <\/div>\n<!-- \/module image --><!-- module text -->\n<div  class=\"module module-text tb_zx71429    tb_gs345da\" data-lazy=\"1\">\n        <div  class=\"tb_text_wrap\">\n        <h3><strong>Porte Interne<\/strong><\/h3>\n<p>Ogni porta, indipendentemente dalla sua funzione, influisce sull&#8217;aspetto degli interni. \u00c8 fondamentale che sia in armonia con lo stile dell\u2019arredamento. Ci impegniamo affinch\u00e9 ogni nostro prodotto sia un elemento unico che valorizza lo stile dell\u2019intero edificio.   <\/p>\n<h4><a href=\"https:\/\/kowalscy.pl\/produkty\/drzwi-wewnetrzne\/\">Scopri i prodotti \u2192<\/a><\/h4>    <\/div>\n<\/div>\n<!-- \/module text -->        <\/div>\n                    <div  data-lazy=\"1\" class=\"module_column sub_column col3-1 tb_8k6e430 last\">\n                    <!-- module image -->\n<div  class=\"module module-image tb_3wdk430 image-center   tf_mw\" data-lazy=\"1\">\n        <div class=\"image-wrap tf_rel tf_mw\">\n            <img loading=\"lazy\" decoding=\"async\" src=\"https:\/\/kowalscy.pl\/wp-content\/uploads\/2025\/01\/drzwi-zw-intro-358x258.png\" width=\"358\" height=\"258\" class=\"wp-post-image wp-image-468\" title=\"drzwi-zw-intro\" alt=\"drzwi-zw-intro\">    \n        <\/div>\n    <!-- \/image-wrap -->\n    \n        <\/div>\n<!-- \/module image --><!-- module text -->\n<div  class=\"module module-text tb_d1vh430    tb_gs345da\" data-lazy=\"1\">\n        <div  class=\"tb_text_wrap\">\n        <h3><strong>Porte Esterne<\/strong><\/h3>\n<p><strong>Le porte d\u2019ingresso in legno<\/strong> sono il vero biglietto da visita di ogni casa. Alta qualit\u00e0, attenzione ai dettagli, e la possibilit\u00e0 di produrre quasi qualsiasi design sono solo alcuni dei vantaggi. La struttura dell&#8217;anta \u00e8 composta da un telaio in legno lamellare di meranti o rovere.  <\/p>\n<h4><a href=\"https:\/\/kowalscy.pl\/produkty\/drzwi-zewnetrzne\/\">Scopri i prodotti \u2192<\/a><\/h4>    <\/div>\n<\/div>\n<!-- \/module text -->        <\/div>\n                    <\/div>\n                <div  data-lazy=\"1\" class=\"module_subrow themify_builder_sub_row tf_w col_align_top tb_col_count_2 tb_txbu88\">\n                <div  data-lazy=\"1\" class=\"module_column sub_column col4-2 tb_hq2r88 first\">\n                    <!-- module image -->\n<div  class=\"module module-image tb_j21o88 image-center   tf_mw\" data-lazy=\"1\">\n        <div class=\"image-wrap tf_rel tf_mw\">\n            <img loading=\"lazy\" decoding=\"async\" src=\"https:\/\/kowalscy.pl\/wp-content\/uploads\/2025\/01\/pozostale-intro-358x258.png\" width=\"358\" height=\"258\" class=\"wp-post-image wp-image-470\" title=\"pozostale-intro\" alt=\"pozostale-intro\">    \n        <\/div>\n    <!-- \/image-wrap -->\n    \n        <\/div>\n<!-- \/module image --><!-- module text -->\n<div  class=\"module module-text tb_42lq88    tb_gs345da\" data-lazy=\"1\">\n        <div  class=\"tb_text_wrap\">\n        <h3>Altri Prodotti<\/h3>\n<p>Per soddisfare le esigenze dei nostri clienti, abbiamo ampliato la nostra offerta includendo vetrine per negozi, giardini d\u2019inverno e scale in legno.<br><br><\/p>\n<h4><a href=\"https:\/\/kowalscy.pl\/produkty\/pozostale-produkty\/\">Scopri i prodotti \u2192<\/a><\/h4>    <\/div>\n<\/div>\n<!-- \/module text -->        <\/div>\n                    <div  data-lazy=\"1\" class=\"module_column sub_column col4-2 tb_sthp88 last\">\n                    <!-- module image -->\n<div  class=\"module module-image tb_g1hf88 image-center   tf_mw\" data-lazy=\"1\">\n        <div class=\"image-wrap tf_rel tf_mw\">\n            <img loading=\"lazy\" decoding=\"async\" src=\"https:\/\/kowalscy.pl\/wp-content\/uploads\/2025\/01\/klamki-358x258.jpg\" width=\"358\" height=\"258\" class=\"wp-post-image wp-image-469\" title=\"klamki\" alt=\"klamki\">    \n        <\/div>\n    <!-- \/image-wrap -->\n    \n        <\/div>\n<!-- \/module image --><!-- module text -->\n<div  class=\"module module-text tb_p22n88    tb_gs345da\" data-lazy=\"1\">\n        <div  class=\"tb_text_wrap\">\n        <h3>Accessori<\/h3>\n<p>Per i nostri prodotti, consigliamo un ampio assortimento di accessori di alta qualit\u00e0. Maniglie, prodotti per la pulizia, ferramenta e molto altro. <br><br><\/p>\n<h4><a href=\"https:\/\/kowalscy.pl\/produkty\/akcesoria\/\">Scopri i prodotti \u2192<\/a><\/h4>    <\/div>\n<\/div>\n<!-- \/module text -->        <\/div>\n                    <\/div>\n                <\/div>\n                        <\/div>\n        <\/div>\n        <\/div>\n<!--\/themify_builder_content-->","protected":false},"excerpt":{"rendered":"<p>Prodotti Offriamo una vasta gamma di prodotti, tra cui finestre, porte, vetrine, scale e accessori, che combinano estetica, funzionalit\u00e0 e durata. La nostra offerta include sia soluzioni standard che progetti personalizzati, adatti a diversi tipi di edifici, compresi quelli storici. Qui troverai prodotti di altissima qualit\u00e0, perfetti per qualsiasi interno e facciata. Finestre Le nostre [&hellip;]<\/p>\n","protected":false},"author":1,"featured_media":0,"parent":0,"menu_order":0,"comment_status":"closed","ping_status":"closed","template":"","meta":{"_acf_changed":false,"footnotes":""},"class_list":["post-1398","page","type-page","status-publish","hentry","has-post-title","has-post-date","has-post-category","has-post-tag","has-post-comment","has-post-author",""],"acf":[],"builder_content":"<h1>Prodotti<\/h1>\n\n<p>Offriamo una vasta gamma di prodotti, tra cui finestre, porte, vetrine, scale e accessori, che combinano estetica, funzionalit\u00e0 e durata. La nostra offerta include sia soluzioni standard che progetti personalizzati, adatti a diversi tipi di edifici, compresi quelli storici. Qui troverai prodotti di altissima qualit\u00e0, perfetti per qualsiasi interno e facciata. <\/p>\n<img src=\"https:\/\/kowalscy.pl\/wp-content\/uploads\/2025\/01\/okna-intro-358x258.png\" width=\"358\" height=\"258\" title=\"okna-intro\" alt=\"okna-intro\">\n<h3>Finestre<\/h3> <p>Le nostre finestre e porte-finestre sono realizzate in conformit\u00e0 con le pi\u00f9 recenti normative europee. Il legno lamellare di alta qualit\u00e0 consente di creare ampie superfici e forme originali e creative. <br><br><\/p> <h4><a href=\"https:\/\/kowalscy.pl\/produkty\/okna\/\">Scopri i prodotti \u2192<\/a><\/h4>\n<img src=\"https:\/\/kowalscy.pl\/wp-content\/uploads\/2025\/01\/drzwi-we-intro-2-358x258.png\" width=\"358\" height=\"258\" title=\"drzwi-we-intro-2\" alt=\"drzwi-we-intro-2\">\n<h3><strong>Porte Interne<\/strong><\/h3> <p>Ogni porta, indipendentemente dalla sua funzione, influisce sull'aspetto degli interni. \u00c8 fondamentale che sia in armonia con lo stile dell\u2019arredamento. Ci impegniamo affinch\u00e9 ogni nostro prodotto sia un elemento unico che valorizza lo stile dell\u2019intero edificio. <\/p> <h4><a href=\"https:\/\/kowalscy.pl\/produkty\/drzwi-wewnetrzne\/\">Scopri i prodotti \u2192<\/a><\/h4>\n<img src=\"https:\/\/kowalscy.pl\/wp-content\/uploads\/2025\/01\/drzwi-zw-intro-358x258.png\" width=\"358\" height=\"258\" title=\"drzwi-zw-intro\" alt=\"drzwi-zw-intro\">\n<h3><strong>Porte Esterne<\/strong><\/h3> <p><strong>Le porte d\u2019ingresso in legno<\/strong> sono il vero biglietto da visita di ogni casa. Alta qualit\u00e0, attenzione ai dettagli, e la possibilit\u00e0 di produrre quasi qualsiasi design sono solo alcuni dei vantaggi. La struttura dell'anta \u00e8 composta da un telaio in legno lamellare di meranti o rovere. <\/p> <h4><a href=\"https:\/\/kowalscy.pl\/produkty\/drzwi-zewnetrzne\/\">Scopri i prodotti \u2192<\/a><\/h4>\n<img src=\"https:\/\/kowalscy.pl\/wp-content\/uploads\/2025\/01\/pozostale-intro-358x258.png\" width=\"358\" height=\"258\" title=\"pozostale-intro\" alt=\"pozostale-intro\">\n<h3>Altri Prodotti<\/h3> <p>Per soddisfare le esigenze dei nostri clienti, abbiamo ampliato la nostra offerta includendo vetrine per negozi, giardini d\u2019inverno e scale in legno.<br><br><\/p> <h4><a href=\"https:\/\/kowalscy.pl\/produkty\/pozostale-produkty\/\">Scopri i prodotti \u2192<\/a><\/h4>\n<img src=\"https:\/\/kowalscy.pl\/wp-content\/uploads\/2025\/01\/klamki-358x258.jpg\" width=\"358\" height=\"258\" title=\"klamki\" alt=\"klamki\">\n<h3>Accessori<\/h3> <p>Per i nostri prodotti, consigliamo un ampio assortimento di accessori di alta qualit\u00e0. Maniglie, prodotti per la pulizia, ferramenta e molto altro. <br><br><\/p> <h4><a href=\"https:\/\/kowalscy.pl\/produkty\/akcesoria\/\">Scopri i prodotti \u2192<\/a><\/h4>","_links":{"self":[{"href":"https:\/\/kowalscy.pl\/it\/wp-json\/wp\/v2\/pages\/1398","targetHints":{"allow":["GET"]}}],"collection":[{"href":"https:\/\/kowalscy.pl\/it\/wp-json\/wp\/v2\/pages"}],"about":[{"href":"https:\/\/kowalscy.pl\/it\/wp-json\/wp\/v2\/types\/page"}],"author":[{"embeddable":true,"href":"https:\/\/kowalscy.pl\/it\/wp-json\/wp\/v2\/users\/1"}],"replies":[{"embeddable":true,"href":"https:\/\/kowalscy.pl\/it\/wp-json\/wp\/v2\/comments?post=1398"}],"version-history":[{"count":3,"href":"https:\/\/kowalscy.pl\/it\/wp-json\/wp\/v2\/pages\/1398\/revisions"}],"predecessor-version":[{"id":1407,"href":"https:\/\/kowalscy.pl\/it\/wp-json\/wp\/v2\/pages\/1398\/revisions\/1407"}],"wp:attachment":[{"href":"https:\/\/kowalscy.pl\/it\/wp-json\/wp\/v2\/media?parent=1398"}],"curies":[{"name":"wp","href":"https:\/\/api.w.org\/{rel}","templated":true}]}}