{"id":1463,"date":"2025-01-10T14:52:49","date_gmt":"2025-01-10T13:52:49","guid":{"rendered":"https:\/\/kowalscy.pl\/produkty\/okna\/okna-standardowe\/"},"modified":"2025-02-05T10:07:05","modified_gmt":"2025-02-05T09:07:05","slug":"okna-standardowe","status":"publish","type":"page","link":"https:\/\/kowalscy.pl\/it\/produkty\/okna\/okna-standardowe\/","title":{"rendered":"Finestre Standard"},"content":{"rendered":"<!--themify_builder_content-->\n<div id=\"themify_builder_content-1463\" data-postid=\"1463\" class=\"themify_builder_content themify_builder_content-1463 themify_builder tf_clear\">\n                    <div  data-lazy=\"1\" class=\"module_row themify_builder_row tb_fs5v766 tb_first tf_w\">\n                        <div class=\"row_inner col_align_top tb_col_count_1 tf_box tf_rel\">\n                        <div  data-lazy=\"1\" class=\"module_column tb-column col-full tb_25rp766 first\">\n                    <!-- Breadcrumbs module -->\n<div  class=\"module module-breadcrumbs tb_iiwb766 \" data-lazy=\"1\">\n\t<nav role=\"navigation\" aria-label=\"Breadcrumbs\" class=\"tbp_breadcrumb_trail\"><ul class=\"tbp_trail_items\" itemscope itemtype=\"http:\/\/schema.org\/BreadcrumbList\"><meta name=\"numberOfItems\" content=\"1\" \/><meta name=\"itemListOrder\" content=\"Ascending\" \/><li itemprop=\"itemListElement\" itemscope itemtype=\"https:\/\/schema.org\/ListItem\" class=\"tbp_trail_item tbp_trail_end\"><a itemprop=\"item\" href=\"https:\/\/kowalscy.pl\/it\/\" rel=\"home\"><span itemprop=\"name\">Strona g\u0142\u00f3wna<\/span><\/a><meta itemprop=\"position\" content=\"1\" \/><\/li><\/ul><\/nav><\/div><!-- \/Breadcrumbs module -->\n<!-- module text -->\n<div  class=\"module module-text tb_2223766   \" data-lazy=\"1\">\n        <div  class=\"tb_text_wrap\">\n        <h1>Finestre Standard<\/h1>    <\/div>\n<\/div>\n<!-- \/module text --><!-- module divider -->\n<div  class=\"module tf_mw module-divider tb_2hgn766 solid  divider-custom divider-center\" style=\"border-width: 3px;border-color: #5c706e;max-width: 200px;\" data-lazy=\"1\">\n    <\/div>\n<!-- \/module divider -->\n<!-- module text -->\n<div  class=\"module module-text tb_d7y7766   \" data-lazy=\"1\">\n        <div  class=\"tb_text_wrap\">\n        <section class=\"wrapper style4 container text-center\">\n<div class=\"content\">\n<section class=\"product-intro\"><img decoding=\"async\" src=\"https:\/\/kowalscy.pl\/wp-content\/uploads\/2014\/10\/standardowe-intro1.png\" alt=\"\">\n<div>\n<p><strong>Finestre e porte-finestre<\/strong> sono realizzate in conformit\u00e0 con le pi\u00f9 recenti norme europee. Il legno lamellare di alta qualit\u00e0 permette di unire ampie superfici e creare forme interessanti e originali.<br>Cosa distingue le nostre finestre? Ogni dettaglio \u00e8 levigato a mano e uno strato di vernice perfettamente applicato, con una tonalit\u00e0 calda, esalta la struttura del legno, rendendo le nostre finestre straordinariamente belle e raffinate. Il vetro perfettamente liscio fa sembrare la vista dalla finestra un quadro incorniciato con eleganza. Il vetro adeguato, combinato con le ferramenta Roto, garantisce che la casa sia non solo calda e silenziosa, ma anche sicura.     <\/p>\n<\/div>\n<\/section>\n<\/div>\n<\/section>\n<section class=\"wrapper style4 container text-center\">\n<div class=\"content\">\n<section><img decoding=\"async\" src=\"https:\/\/kowalscy.pl\/wp-content\/uploads\/2014\/10\/standardowe-ksztalty.png\" alt=\"\">\n<h2>Grandi, piccole, rotonde, ovali, ad arco&#8230;<\/h2>\n<p> <\/p>\n<p>Una forma di finestra ricercata non \u00e8 un problema per noi!<\/p>\n<\/section>\n<\/div>\n<\/section>    <\/div>\n<\/div>\n<!-- \/module text -->        <\/div>\n                        <\/div>\n        <\/div>\n        <\/div>\n<!--\/themify_builder_content-->","protected":false},"excerpt":{"rendered":"<p>Finestre Standard Finestre e porte-finestre sono realizzate in conformit\u00e0 con le pi\u00f9 recenti norme europee. Il legno lamellare di alta qualit\u00e0 permette di unire ampie superfici e creare forme interessanti e originali.Cosa distingue le nostre finestre? Ogni dettaglio \u00e8 levigato a mano e uno strato di vernice perfettamente applicato, con una tonalit\u00e0 calda, esalta la [&hellip;]<\/p>\n","protected":false},"author":1,"featured_media":0,"parent":1410,"menu_order":0,"comment_status":"closed","ping_status":"closed","template":"","meta":{"_acf_changed":false,"footnotes":""},"class_list":["post-1463","page","type-page","status-publish","hentry","has-post-title","has-post-date","has-post-category","has-post-tag","has-post-comment","has-post-author",""],"acf":[],"builder_content":"<h1>Finestre Standard<\/h1>\n\n<section>\n<section><img decoding=\"async\" src=\"https:\/\/kowalscy.pl\/wp-content\/uploads\/2014\/10\/standardowe-intro1.png\" alt=\"\">\n<p><strong>Finestre e porte-finestre<\/strong> sono realizzate in conformit\u00e0 con le pi\u00f9 recenti norme europee. Il legno lamellare di alta qualit\u00e0 permette di unire ampie superfici e creare forme interessanti e originali.<br>Cosa distingue le nostre finestre? Ogni dettaglio \u00e8 levigato a mano e uno strato di vernice perfettamente applicato, con una tonalit\u00e0 calda, esalta la struttura del legno, rendendo le nostre finestre straordinariamente belle e raffinate. Il vetro perfettamente liscio fa sembrare la vista dalla finestra un quadro incorniciato con eleganza. Il vetro adeguato, combinato con le ferramenta Roto, garantisce che la casa sia non solo calda e silenziosa, ma anche sicura. <\/p>\n<\/section>\n<\/section> <section>\n<section><img decoding=\"async\" src=\"https:\/\/kowalscy.pl\/wp-content\/uploads\/2014\/10\/standardowe-ksztalty.png\" alt=\"\"> <h2>Grandi, piccole, rotonde, ovali, ad arco...<\/h2> <p> <\/p> <p>Una forma di finestra ricercata non \u00e8 un problema per noi!<\/p> <\/section>\n<\/section>","_links":{"self":[{"href":"https:\/\/kowalscy.pl\/it\/wp-json\/wp\/v2\/pages\/1463","targetHints":{"allow":["GET"]}}],"collection":[{"href":"https:\/\/kowalscy.pl\/it\/wp-json\/wp\/v2\/pages"}],"about":[{"href":"https:\/\/kowalscy.pl\/it\/wp-json\/wp\/v2\/types\/page"}],"author":[{"embeddable":true,"href":"https:\/\/kowalscy.pl\/it\/wp-json\/wp\/v2\/users\/1"}],"replies":[{"embeddable":true,"href":"https:\/\/kowalscy.pl\/it\/wp-json\/wp\/v2\/comments?post=1463"}],"version-history":[{"count":3,"href":"https:\/\/kowalscy.pl\/it\/wp-json\/wp\/v2\/pages\/1463\/revisions"}],"predecessor-version":[{"id":1476,"href":"https:\/\/kowalscy.pl\/it\/wp-json\/wp\/v2\/pages\/1463\/revisions\/1476"}],"up":[{"embeddable":true,"href":"https:\/\/kowalscy.pl\/it\/wp-json\/wp\/v2\/pages\/1410"}],"wp:attachment":[{"href":"https:\/\/kowalscy.pl\/it\/wp-json\/wp\/v2\/media?parent=1463"}],"curies":[{"name":"wp","href":"https:\/\/api.w.org\/{rel}","templated":true}]}}